{"id":998,"date":"2026-02-23T14:49:04","date_gmt":"2026-02-23T13:49:04","guid":{"rendered":"https:\/\/gisselfeld-kloster.dk.web06.webtohosting.dk\/park-slot\/"},"modified":"2026-03-25T16:37:01","modified_gmt":"2026-03-25T15:37:01","slug":"park-slot","status":"publish","type":"page","link":"https:\/\/gisselfeld-kloster.dk.web06.webtohosting.dk\/en\/park-slot\/","title":{"rendered":"Park &#038; Slot"},"content":{"rendered":"<style>.kb-row-layout-id998_bd235b-34 > .kt-row-column-wrap{align-content:start;}:where(.kb-row-layout-id998_bd235b-34 > .kt-row-column-wrap) > .wp-block-kadence-column{justify-content:start;}.kb-row-layout-id998_bd235b-34 > .kt-row-column-wrap{column-gap:var(--global-kb-gap-lg, 4rem);row-gap:var(--global-kb-gap-lg, 4rem);max-width:var( --global-content-width, 1550px );padding-left:var(--global-content-edge-padding);padding-right:var(--global-content-edge-padding);padding-top:var(--global-kb-spacing-3xl, 6.5rem);padding-bottom:var(--global-kb-spacing-3xl, 6.5rem);grid-template-columns:minmax(0, calc(50% - ((var(--global-kb-gap-lg, 4rem) * 1 )\/2)))minmax(0, calc(50% - ((var(--global-kb-gap-lg, 4rem) * 1 )\/2)));}.kb-row-layout-id998_bd235b-34 > .kt-row-layout-overlay{opacity:0.30;}@media all and (max-width: 1024px){.kb-row-layout-id998_bd235b-34 > .kt-row-column-wrap{column-gap:var(--global-kb-gap-md, 2rem);row-gap:var(--global-kb-gap-md, 2rem);padding-top:var(--global-kb-spacing-xl, 4rem);padding-bottom:var(--global-kb-spacing-xl, 4rem);grid-template-columns:repeat(2, minmax(0, 1fr));}}@media all and (max-width: 767px){.kb-row-layout-id998_bd235b-34 > .kt-row-column-wrap{column-gap:var(--global-kb-gap-md, 2rem);row-gap:var(--global-kb-gap-md, 2rem);padding-top:var(--global-kb-spacing-lg, 3rem);padding-bottom:var(--global-kb-spacing-lg, 3rem);grid-template-columns:minmax(0, 1fr);}}<\/style><div class=\"kb-row-layout-wrap kb-row-layout-id998_bd235b-34 alignnone wp-block-kadence-rowlayout\"><div class=\"kt-row-column-wrap kt-has-2-columns kt-row-layout-equal kt-tab-layout-inherit kt-mobile-layout-row kt-row-valign-top kt-inner-column-height-full kb-theme-content-width\">\n<style>.kadence-column998_1424f1-21 > .kt-inside-inner-col,.kadence-column998_1424f1-21 > .kt-inside-inner-col:before{border-top-left-radius:0px;border-top-right-radius:0px;border-bottom-right-radius:0px;border-bottom-left-radius:0px;}.kadence-column998_1424f1-21 > .kt-inside-inner-col{column-gap:var(--global-kb-gap-sm, 1rem);}.kadence-column998_1424f1-21 > .kt-inside-inner-col{flex-direction:column;}.kadence-column998_1424f1-21 > .kt-inside-inner-col > .aligncenter{width:100%;}.kadence-column998_1424f1-21 > .kt-inside-inner-col:before{opacity:0.3;}.kadence-column998_1424f1-21{position:relative;}@media all and (max-width: 1024px){.kadence-column998_1424f1-21 > .kt-inside-inner-col{flex-direction:column;justify-content:center;}}@media all and (max-width: 767px){.kadence-column998_1424f1-21 > .kt-inside-inner-col{flex-direction:column;justify-content:center;}}<\/style>\n<div class=\"wp-block-kadence-column kadence-column998_1424f1-21\"><div class=\"kt-inside-inner-col\"><style>.wp-block-kadence-advancedheading.kt-adv-heading998_22b1e5-ee, .wp-block-kadence-advancedheading.kt-adv-heading998_22b1e5-ee[data-kb-block=\"kb-adv-heading998_22b1e5-ee\"]{max-width:460px;font-size:var(--global-kb-font-size-xl, 3rem);font-style:normal;}.wp-block-kadence-advancedheading.kt-adv-heading998_22b1e5-ee mark.kt-highlight, .wp-block-kadence-advancedheading.kt-adv-heading998_22b1e5-ee[data-kb-block=\"kb-adv-heading998_22b1e5-ee\"] mark.kt-highlight{font-style:normal;color:#f76a0c;-webkit-box-decoration-break:clone;box-decoration-break:clone;padding-top:0px;padding-right:0px;padding-bottom:0px;padding-left:0px;}.wp-block-kadence-advancedheading.kt-adv-heading998_22b1e5-ee img.kb-inline-image, .wp-block-kadence-advancedheading.kt-adv-heading998_22b1e5-ee[data-kb-block=\"kb-adv-heading998_22b1e5-ee\"] img.kb-inline-image{width:150px;vertical-align:baseline;}<\/style>\n<h2 class=\"kt-adv-heading998_22b1e5-ee wp-block-kadence-advancedheading\" data-kb-block=\"kb-adv-heading998_22b1e5-ee\">40.000 g\u00e6ster bes\u00f8ger \u00e5rligt Parken<\/h2>\n\n\n\n<p>Hvert \u00e5r har Gisselfeld bes\u00f8g af mere end 40.000 g\u00e6ster, der alle kommer for at nyde den gamle ren\u00e6ssanceborg, den sk\u00f8nne slotspark og de omkringliggende naturperler.<\/p>\n\n\n\n<p>Navnet Gisselfeld kan f\u00f8res helt tilbage til \u00e5r 1370, men den r\u00f8de borg, som du ser i dag, blev bygget i perioden 1547 til 1575 af Peder Oxe, Danmarks m\u00e6gtige rigshofmester. Der har v\u00e6ret haveanl\u00e6g omkring Slottet siden da.<\/p>\n\n\n\n<p>Den nuv\u00e6rende slotspark er p\u00e5 ca. 40 ha og blev anlagt i slutningen af det 19. \u00e5rhundrede af den ber\u00f8mte engelske havearkitekt H. E. Millner. En engelsk landskabshave beriget med sk\u00f8nne oaser og botaniske sj\u00e6ldenheder, der er helt eventyrlig at g\u00e5 en tur i.<\/p>\n\n\n<style>.wp-block-kadence-advancedbtn.kb-btns998_83632d-7e{gap:var(--global-kb-gap-xs, 0.5rem );justify-content:flex-start;align-items:center;}.kt-btns998_83632d-7e .kt-button{font-weight:normal;font-style:normal;}.kt-btns998_83632d-7e .kt-btn-wrap-0{margin-right:5px;}.wp-block-kadence-advancedbtn.kt-btns998_83632d-7e .kt-btn-wrap-0 .kt-button{color:#555555;border-color:#555555;}.wp-block-kadence-advancedbtn.kt-btns998_83632d-7e .kt-btn-wrap-0 .kt-button:hover, .wp-block-kadence-advancedbtn.kt-btns998_83632d-7e .kt-btn-wrap-0 .kt-button:focus{color:#ffffff;border-color:#444444;}.wp-block-kadence-advancedbtn.kt-btns998_83632d-7e .kt-btn-wrap-0 .kt-button::before{display:none;}.wp-block-kadence-advancedbtn.kt-btns998_83632d-7e .kt-btn-wrap-0 .kt-button:hover, .wp-block-kadence-advancedbtn.kt-btns998_83632d-7e .kt-btn-wrap-0 .kt-button:focus{background:#444444;}<\/style>\n<div class=\"wp-block-kadence-advancedbtn kb-buttons-wrap kb-btns998_83632d-7e\"><style>ul.menu .wp-block-kadence-advancedbtn .kb-btn998_5e313b-3c.kb-button{width:initial;}<\/style><a class=\"kb-button kt-button button kb-btn998_5e313b-3c kt-btn-size-standard kt-btn-width-type-auto kb-btn-global-inherit  kt-btn-has-text-true kt-btn-has-svg-false  wp-block-button__link wp-block-kadence-singlebtn\" href=\"\/wp-content\/uploads\/Parkfolder-midlertidig-4.pdf\"><span class=\"kt-btn-inner-text\">Download parkbrochure<\/span><\/a>\n\n<style>ul.menu .wp-block-kadence-advancedbtn .kb-btn998_4f9d49-12.kb-button{width:initial;}<\/style><a class=\"kb-button kt-button button kb-btn998_4f9d49-12 kt-btn-size-standard kt-btn-width-type-auto kb-btn-global-inherit  kt-btn-has-text-true kt-btn-has-svg-false  wp-block-button__link wp-block-kadence-singlebtn\" href=\"https:\/\/gisselfeld-kloster.dk.web06.webtohosting.dk\/se-aabningstider\/\"><span class=\"kt-btn-inner-text\">\u00c5bningstider<\/span><\/a>\n\n<style>ul.menu .wp-block-kadence-advancedbtn .kb-btn998_c37b86-e1.kb-button{width:initial;}<\/style><a class=\"kb-button kt-button button kb-btn998_c37b86-e1 kt-btn-size-standard kt-btn-width-type-auto kb-btn-global-inherit  kt-btn-has-text-true kt-btn-has-svg-false  wp-block-button__link wp-block-kadence-singlebtn\" href=\"https:\/\/gisselfeld-kloster.dk.web06.webtohosting.dk\/priser-praktisk-info\/\"><span class=\"kt-btn-inner-text\">Praktisk info<\/span><\/a><\/div>\n<\/div><\/div>\n\n\n<style>.kadence-column998_402b36-8a > .kt-inside-inner-col,.kadence-column998_402b36-8a > .kt-inside-inner-col:before{border-top-left-radius:0px;border-top-right-radius:0px;border-bottom-right-radius:0px;border-bottom-left-radius:0px;}.kadence-column998_402b36-8a > .kt-inside-inner-col{column-gap:var(--global-kb-gap-sm, 1rem);}.kadence-column998_402b36-8a > .kt-inside-inner-col{flex-direction:column;}.kadence-column998_402b36-8a > .kt-inside-inner-col > .aligncenter{width:100%;}.kadence-column998_402b36-8a > .kt-inside-inner-col{background-image:url('https:\/\/gisselfeld-kloster.dk.web06.webtohosting.dk\/wp-content\/uploads\/524.jpg');background-size:cover;background-position:center center;background-attachment:scroll;background-repeat:no-repeat;}.kadence-column998_402b36-8a > .kt-inside-inner-col:before{opacity:0.3;}.kadence-column998_402b36-8a{position:relative;}@media all and (max-width: 1024px){.kadence-column998_402b36-8a > .kt-inside-inner-col{flex-direction:column;justify-content:center;}}@media all and (max-width: 767px){.kadence-column998_402b36-8a > .kt-inside-inner-col{flex-direction:column;justify-content:center;}}<\/style>\n<div class=\"wp-block-kadence-column kadence-column998_402b36-8a\"><div class=\"kt-inside-inner-col\"><\/div><\/div>\n\n<\/div><\/div>\n\n<style>.kb-row-layout-id998_5c5492-60 > .kt-row-column-wrap{align-content:start;}:where(.kb-row-layout-id998_5c5492-60 > .kt-row-column-wrap) > .wp-block-kadence-column{justify-content:start;}.kb-row-layout-id998_5c5492-60 > .kt-row-column-wrap{column-gap:var(--global-kb-gap-lg, 4rem);row-gap:var(--global-kb-gap-lg, 4rem);max-width:var( --global-content-width, 1550px );padding-left:var(--global-content-edge-padding);padding-right:var(--global-content-edge-padding);padding-top:var(--global-kb-spacing-3xl, 6.5rem);padding-bottom:var(--global-kb-spacing-3xl, 6.5rem);grid-template-columns:minmax(0, 1fr);}.kb-row-layout-id998_5c5492-60 > .kt-row-layout-overlay{opacity:0.30;}@media all and (max-width: 1024px){.kb-row-layout-id998_5c5492-60 > .kt-row-column-wrap{column-gap:var(--global-kb-gap-md, 2rem);row-gap:var(--global-kb-gap-md, 2rem);padding-top:var(--global-kb-spacing-xl, 4rem);padding-bottom:var(--global-kb-spacing-xl, 4rem);grid-template-columns:minmax(0, 1fr);}}@media all and (max-width: 767px){.kb-row-layout-id998_5c5492-60 > .kt-row-column-wrap{column-gap:var(--global-kb-gap-md, 2rem);row-gap:var(--global-kb-gap-md, 2rem);padding-top:var(--global-kb-spacing-lg, 3rem);padding-bottom:var(--global-kb-spacing-lg, 3rem);grid-template-columns:minmax(0, 1fr);}}<\/style><div class=\"kb-row-layout-wrap kb-row-layout-id998_5c5492-60 alignnone has-theme-palette7-background-color kt-row-has-bg wp-block-kadence-rowlayout\"><div class=\"kt-row-column-wrap kt-has-1-columns kt-row-layout-equal kt-tab-layout-inherit kt-mobile-layout-row kt-row-valign-top kb-theme-content-width\">\n<style>.kadence-column998_0aa13f-62 > .kt-inside-inner-col,.kadence-column998_0aa13f-62 > .kt-inside-inner-col:before{border-top-left-radius:0px;border-top-right-radius:0px;border-bottom-right-radius:0px;border-bottom-left-radius:0px;}.kadence-column998_0aa13f-62 > .kt-inside-inner-col{column-gap:var(--global-kb-gap-sm, 1rem);}.kadence-column998_0aa13f-62 > .kt-inside-inner-col{flex-direction:column;}.kadence-column998_0aa13f-62 > .kt-inside-inner-col > .aligncenter{width:100%;}.kadence-column998_0aa13f-62 > .kt-inside-inner-col:before{opacity:0.3;}.kadence-column998_0aa13f-62{position:relative;}@media all and (max-width: 1024px){.kadence-column998_0aa13f-62 > .kt-inside-inner-col{flex-direction:column;justify-content:center;}}@media all and (max-width: 767px){.kadence-column998_0aa13f-62 > .kt-inside-inner-col{flex-direction:column;justify-content:center;}}<\/style>\n<div class=\"wp-block-kadence-column kadence-column998_0aa13f-62\"><div class=\"kt-inside-inner-col\"><style>.wp-block-kadence-advancedheading.kt-adv-heading998_3e668f-cb, .wp-block-kadence-advancedheading.kt-adv-heading998_3e668f-cb[data-kb-block=\"kb-adv-heading998_3e668f-cb\"]{max-width:800px;margin-right:auto;margin-left:auto;text-align:center;font-size:var(--global-kb-font-size-lg, 2rem);font-style:normal;}.wp-block-kadence-advancedheading.kt-adv-heading998_3e668f-cb mark.kt-highlight, .wp-block-kadence-advancedheading.kt-adv-heading998_3e668f-cb[data-kb-block=\"kb-adv-heading998_3e668f-cb\"] mark.kt-highlight{font-style:normal;color:#f76a0c;-webkit-box-decoration-break:clone;box-decoration-break:clone;padding-top:0px;padding-right:0px;padding-bottom:0px;padding-left:0px;}.wp-block-kadence-advancedheading.kt-adv-heading998_3e668f-cb img.kb-inline-image, .wp-block-kadence-advancedheading.kt-adv-heading998_3e668f-cb[data-kb-block=\"kb-adv-heading998_3e668f-cb\"] img.kb-inline-image{width:150px;vertical-align:baseline;}<\/style>\n<h2 class=\"kt-adv-heading998_3e668f-cb wp-block-kadence-advancedheading\" data-kb-block=\"kb-adv-heading998_3e668f-cb\">&#8220;Skal du holde en af livets fester, kan Fiskemesterhuset i Slotsparken lejes til mindre selskaber eller en jagtfrokost&#8221;<\/h2>\n<\/div><\/div>\n\n<\/div><\/div>\n\n<style>.kb-row-layout-id998_6be82a-cd > .kt-row-column-wrap{align-content:start;}:where(.kb-row-layout-id998_6be82a-cd > .kt-row-column-wrap) > .wp-block-kadence-column{justify-content:start;}.kb-row-layout-id998_6be82a-cd > .kt-row-column-wrap{column-gap:var(--global-kb-gap-lg, 4rem);row-gap:var(--global-kb-gap-lg, 4rem);max-width:var( --global-content-width, 1550px );padding-left:var(--global-content-edge-padding);padding-right:var(--global-content-edge-padding);padding-top:var(--global-kb-spacing-3xl, 6.5rem);padding-bottom:var(--global-kb-spacing-3xl, 6.5rem);grid-template-columns:repeat(2, minmax(0, 1fr));}.kb-row-layout-id998_6be82a-cd > .kt-row-layout-overlay{opacity:0.30;}@media all and (max-width: 1024px){.kb-row-layout-id998_6be82a-cd > .kt-row-column-wrap{column-gap:var(--global-kb-gap-md, 2rem);row-gap:var(--global-kb-gap-md, 2rem);padding-top:var(--global-kb-spacing-xl, 4rem);padding-bottom:var(--global-kb-spacing-xl, 4rem);grid-template-columns:repeat(2, minmax(0, 1fr));}}@media all and (max-width: 767px){.kb-row-layout-id998_6be82a-cd > .kt-row-column-wrap{column-gap:var(--global-kb-gap-md, 2rem);row-gap:var(--global-kb-gap-md, 2rem);padding-top:var(--global-kb-spacing-lg, 3rem);padding-bottom:var(--global-kb-spacing-lg, 3rem);grid-template-columns:minmax(0, 1fr);}}<\/style><div class=\"kb-row-layout-wrap kb-row-layout-id998_6be82a-cd alignnone has-theme-palette8-background-color kt-row-has-bg wp-block-kadence-rowlayout\"><div class=\"kt-row-column-wrap kt-has-2-columns kt-row-layout-equal kt-tab-layout-inherit kt-mobile-layout-row kt-row-valign-top kb-theme-content-width\">\n<style>.kadence-column998_edb6c7-24 > .kt-inside-inner-col,.kadence-column998_edb6c7-24 > .kt-inside-inner-col:before{border-top-left-radius:0px;border-top-right-radius:0px;border-bottom-right-radius:0px;border-bottom-left-radius:0px;}.kadence-column998_edb6c7-24 > .kt-inside-inner-col{column-gap:var(--global-kb-gap-sm, 1rem);}.kadence-column998_edb6c7-24 > .kt-inside-inner-col{flex-direction:column;}.kadence-column998_edb6c7-24 > .kt-inside-inner-col > .aligncenter{width:100%;}.kadence-column998_edb6c7-24 > .kt-inside-inner-col:before{opacity:0.3;}.kadence-column998_edb6c7-24{position:relative;}@media all and (max-width: 1024px){.kadence-column998_edb6c7-24 > .kt-inside-inner-col{flex-direction:column;justify-content:center;}}@media all and (max-width: 767px){.kadence-column998_edb6c7-24 > .kt-inside-inner-col{flex-direction:column;justify-content:center;}}<\/style>\n<div class=\"wp-block-kadence-column kadence-column998_edb6c7-24\"><div class=\"kt-inside-inner-col\"><style>.wp-block-kadence-advancedheading.kt-adv-heading998_d268cf-4c, .wp-block-kadence-advancedheading.kt-adv-heading998_d268cf-4c[data-kb-block=\"kb-adv-heading998_d268cf-4c\"]{font-size:var(--global-kb-font-size-xl, 3rem);font-style:normal;}.wp-block-kadence-advancedheading.kt-adv-heading998_d268cf-4c mark.kt-highlight, .wp-block-kadence-advancedheading.kt-adv-heading998_d268cf-4c[data-kb-block=\"kb-adv-heading998_d268cf-4c\"] mark.kt-highlight{font-style:normal;color:#f76a0c;-webkit-box-decoration-break:clone;box-decoration-break:clone;padding-top:0px;padding-right:0px;padding-bottom:0px;padding-left:0px;}.wp-block-kadence-advancedheading.kt-adv-heading998_d268cf-4c img.kb-inline-image, .wp-block-kadence-advancedheading.kt-adv-heading998_d268cf-4c[data-kb-block=\"kb-adv-heading998_d268cf-4c\"] img.kb-inline-image{width:150px;vertical-align:baseline;}<\/style>\n<h2 class=\"kt-adv-heading998_d268cf-4c wp-block-kadence-advancedheading\" data-kb-block=\"kb-adv-heading998_d268cf-4c\">Nordeuropas smukkeste park med botaniske sj\u00e6ldenheder<\/h2>\n\n\n\n<p>Helt fra Peder Oxe byggede sin herreborg, har Gisselfeld Kloster v\u00e6ret omgivet af parkanl\u00e6g. Disse anl\u00e6g har skiftet udseende flere gange i takt med nye tendenser inden for havearkitektur. Den nuv\u00e6rende park fremst\u00e5r som en engelsk landskabshave, og blev anlagt op gennem 1800-tallet. Parken g\u00e5r for at v\u00e6re en af Nordeuropas smukkeste og indeholder mange botaniske sj\u00e6ldenheder. Arealet er p\u00e5 ca. 40 ha., hvoraf halvdelen er karpedamme. De f\u00f8rste blev anlagt af Peder Oxe og regnes for Danmarks f\u00f8rste dambrug. <\/p>\n\n\n\n<p>En tur i parken er en romantisk rejse helt t\u00e6t p\u00e5 naturen. Havens inddeling med vand og plateauer giver en omskiftelig landskabsoplevelse, der p\u00e5virkes af det rige fugleliv og \u00e5rstidernes skiften. Denne helt specielle stemning kan nydes i s\u00e6sonen, hvor parken &#8211; mod betaling af entr\u00e9 &#8211; er \u00e5ben for offentligheden. Det er ogs\u00e5 muligt at benytte parken til diverse arrangementer og\/eller bryllupsfotografering.<\/p>\n\n\n\n<p>Bem\u00e6rk: Udenfor h\u00f8js\u00e6sonen lukker Fiskemesterhuset i den sydlige del af Parken 2 timer f\u00f8r hovedindgangen Petanque og m\u00e5ske en picnic\u2026 G\u00e6ster i Slotsparken kan leje et (eller flere) Petanque-spil i Billethuset ved hovedindgangen. Spillet, som er meget udbredt i Frankrig og det sydlige Europa, g\u00e5r ogs\u00e5 under navnet &#8220;boule&#8221; (det franske ord for kugle). Det fine ved spillet er, at alle aldre kan v\u00e6re med. Der er \u00f8rem\u00e6rket en sti \/ et omr\u00e5de ved &#8220;Frokostlunden&#8221; til form\u00e5let, hvor man kan sl\u00e5 sine folder, evt. efter en picnic samme sted (der er opsat b\u00e6nke). Den fineste ramme\u2026<\/p>\n\n\n\n<p>Hvert \u00e5r danner Slotsparken ramme om en bred vifte af arrangementer, bl.a. Gisselfeld Juletorv, som er vores eget, Opera Galla i det fri sammen med Faxe Kommune, samt Livstilsmesse i Slotsparken, som arrangeres af CHPevent.<\/p>\n<\/div><\/div>\n\n\n<style>.kadence-column998_8527e3-5e > .kt-inside-inner-col,.kadence-column998_8527e3-5e > .kt-inside-inner-col:before{border-top-left-radius:0px;border-top-right-radius:0px;border-bottom-right-radius:0px;border-bottom-left-radius:0px;}.kadence-column998_8527e3-5e > .kt-inside-inner-col{column-gap:var(--global-kb-gap-sm, 1rem);}.kadence-column998_8527e3-5e > .kt-inside-inner-col{flex-direction:column;}.kadence-column998_8527e3-5e > .kt-inside-inner-col > .aligncenter{width:100%;}.kadence-column998_8527e3-5e > .kt-inside-inner-col:before{opacity:0.3;}.kadence-column998_8527e3-5e{position:relative;}@media all and (max-width: 1024px){.kadence-column998_8527e3-5e > .kt-inside-inner-col{flex-direction:column;justify-content:center;}}@media all and (max-width: 767px){.kadence-column998_8527e3-5e > .kt-inside-inner-col{flex-direction:column;justify-content:center;}}<\/style>\n<div class=\"wp-block-kadence-column kadence-column998_8527e3-5e\"><div class=\"kt-inside-inner-col\">\n<p>Opera-streaming fra Slotsparken og Paradehuset: Parken og Orangeriet kan ogs\u00e5 udg\u00f8re den fineste kulisse, n\u00e5r f.eks. Opera Hedeland som her sl\u00e5r sine folder i en film, der blev optaget i december 2021:<\/p>\n\n\n\n<figure class=\"wp-block-embed is-type-video is-provider-youtube wp-block-embed-youtube wp-embed-aspect-16-9 wp-has-aspect-ratio\" style=\"margin-top:0;margin-bottom:0\"><div class=\"wp-block-embed__wrapper\">\n<iframe loading=\"lazy\" title=\"The Fairy Queen - trailer\" width=\"720\" height=\"405\" src=\"https:\/\/www.youtube.com\/embed\/Suv19Z91aqM?feature=oembed\" frameborder=\"0\" allow=\"accelerometer; autoplay; clipboard-write; encrypted-media; gyroscope; picture-in-picture; web-share\" referrerpolicy=\"strict-origin-when-cross-origin\" allowfullscreen><\/iframe>\n<\/div><\/figure>\n\n\n<style>.wp-block-kadence-spacer.kt-block-spacer-998_10155c-40 .kt-block-spacer{height:60px;}.wp-block-kadence-spacer.kt-block-spacer-998_10155c-40 .kt-divider{border-top-width:1px;height:1px;border-top-color:var(--global-palette3, #1A202C);width:80%;border-top-style:solid;}<\/style>\n<div class=\"wp-block-kadence-spacer aligncenter kt-block-spacer-998_10155c-40\"><div class=\"kt-block-spacer kt-block-spacer-halign-center\"><\/div><\/div>\n\n\n\n<figure class=\"wp-block-embed is-type-video is-provider-youtube wp-block-embed-youtube wp-embed-aspect-16-9 wp-has-aspect-ratio\"><div class=\"wp-block-embed__wrapper\">\n<iframe loading=\"lazy\" title=\"The Fairy Queen\" width=\"720\" height=\"405\" src=\"https:\/\/www.youtube.com\/embed\/bStyMqfNRls?feature=oembed\" frameborder=\"0\" allow=\"accelerometer; autoplay; clipboard-write; encrypted-media; gyroscope; picture-in-picture; web-share\" referrerpolicy=\"strict-origin-when-cross-origin\" allowfullscreen><\/iframe>\n<\/div><\/figure>\n<\/div><\/div>\n\n<\/div><\/div>","protected":false},"excerpt":{"rendered":"<p>40.000 g\u00e6ster bes\u00f8ger \u00e5rligt Parken Hvert \u00e5r har Gisselfeld bes\u00f8g af mere end 40.000 g\u00e6ster, der alle kommer for at nyde den gamle ren\u00e6ssanceborg, den sk\u00f8nne slotspark og de omkringliggende naturperler. Navnet Gisselfeld kan f\u00f8res helt tilbage til \u00e5r 1370, men den r\u00f8de borg, som du ser i dag, blev bygget i perioden 1547 til&#8230;<\/p>","protected":false},"author":1,"featured_media":0,"parent":0,"menu_order":11,"comment_status":"closed","ping_status":"closed","template":"","meta":{"_acf_changed":false,"inline_featured_image":false,"_kad_blocks_custom_css":"","_kad_blocks_head_custom_js":"","_kad_blocks_body_custom_js":"","_kad_blocks_footer_custom_js":"","_kad_post_transparent":"","_kad_post_title":"","_kad_post_layout":"","_kad_post_sidebar_id":"","_kad_post_content_style":"","_kad_post_vertical_padding":"","_kad_post_feature":"","_kad_post_feature_position":"","_kad_post_header":false,"_kad_post_footer":false,"_kad_post_classname":"","footnotes":""},"class_list":["post-998","page","type-page","status-publish","hentry"],"acf":[],"taxonomy_info":[],"featured_image_src_large":false,"author_info":{"display_name":"webto","author_link":"https:\/\/gisselfeld-kloster.dk.web06.webtohosting.dk\/en\/author\/webto\/"},"comment_info":0,"_links":{"self":[{"href":"https:\/\/gisselfeld-kloster.dk.web06.webtohosting.dk\/en\/wp-json\/wp\/v2\/pages\/998","targetHints":{"allow":["GET"]}}],"collection":[{"href":"https:\/\/gisselfeld-kloster.dk.web06.webtohosting.dk\/en\/wp-json\/wp\/v2\/pages"}],"about":[{"href":"https:\/\/gisselfeld-kloster.dk.web06.webtohosting.dk\/en\/wp-json\/wp\/v2\/types\/page"}],"author":[{"embeddable":true,"href":"https:\/\/gisselfeld-kloster.dk.web06.webtohosting.dk\/en\/wp-json\/wp\/v2\/users\/1"}],"replies":[{"embeddable":true,"href":"https:\/\/gisselfeld-kloster.dk.web06.webtohosting.dk\/en\/wp-json\/wp\/v2\/comments?post=998"}],"version-history":[{"count":4,"href":"https:\/\/gisselfeld-kloster.dk.web06.webtohosting.dk\/en\/wp-json\/wp\/v2\/pages\/998\/revisions"}],"predecessor-version":[{"id":2285,"href":"https:\/\/gisselfeld-kloster.dk.web06.webtohosting.dk\/en\/wp-json\/wp\/v2\/pages\/998\/revisions\/2285"}],"wp:attachment":[{"href":"https:\/\/gisselfeld-kloster.dk.web06.webtohosting.dk\/en\/wp-json\/wp\/v2\/media?parent=998"}],"curies":[{"name":"wp","href":"https:\/\/api.w.org\/{rel}","templated":true}]}}