{"id":997,"date":"2026-02-23T14:49:03","date_gmt":"2026-02-23T13:49:03","guid":{"rendered":"https:\/\/gisselfeld-kloster.dk.web06.webtohosting.dk\/event-fest\/lokaler\/selskabslokale-i-fiskemesterhuset-i-parken\/"},"modified":"2026-03-25T15:31:20","modified_gmt":"2026-03-25T14:31:20","slug":"selskabslokale-i-fiskemesterhuset-i-parken","status":"publish","type":"page","link":"https:\/\/gisselfeld-kloster.dk.web06.webtohosting.dk\/en\/event-fest\/lokaler\/selskabslokale-i-fiskemesterhuset-i-parken\/","title":{"rendered":"Selskabslokale i Fiskemesterhuset i Parken"},"content":{"rendered":"<style>.kb-row-layout-id997_bc9f3f-3e > .kt-row-column-wrap{align-content:start;}:where(.kb-row-layout-id997_bc9f3f-3e > .kt-row-column-wrap) > .wp-block-kadence-column{justify-content:start;}.kb-row-layout-id997_bc9f3f-3e > .kt-row-column-wrap{column-gap:var(--global-kb-gap-lg, 4rem);row-gap:var(--global-kb-gap-lg, 4rem);max-width:var( --global-content-width, 1550px );padding-left:var(--global-content-edge-padding);padding-right:var(--global-content-edge-padding);padding-top:var(--global-kb-spacing-3xl, 6.5rem);padding-bottom:var(--global-kb-spacing-3xl, 6.5rem);grid-template-columns:repeat(2, minmax(0, 1fr));}.kb-row-layout-id997_bc9f3f-3e > .kt-row-layout-overlay{opacity:0.30;}@media all and (max-width: 1024px){.kb-row-layout-id997_bc9f3f-3e > .kt-row-column-wrap{column-gap:var(--global-kb-gap-md, 2rem);row-gap:var(--global-kb-gap-md, 2rem);padding-top:var(--global-kb-spacing-xl, 4rem);padding-bottom:var(--global-kb-spacing-xl, 4rem);grid-template-columns:minmax(0, 1fr);}}@media all and (max-width: 767px){.kb-row-layout-id997_bc9f3f-3e > .kt-row-column-wrap{column-gap:var(--global-kb-gap-md, 2rem);row-gap:var(--global-kb-gap-md, 2rem);padding-top:var(--global-kb-spacing-lg, 3rem);padding-bottom:var(--global-kb-spacing-lg, 3rem);grid-template-columns:minmax(0, 1fr);}}<\/style><div class=\"kb-row-layout-wrap kb-row-layout-id997_bc9f3f-3e alignnone wp-block-kadence-rowlayout\"><div class=\"kt-row-column-wrap kt-has-2-columns kt-row-layout-equal kt-tab-layout-row kt-mobile-layout-row kt-row-valign-top kb-theme-content-width\">\n<style>.kadence-column997_ca8c31-a3 > .kt-inside-inner-col,.kadence-column997_ca8c31-a3 > .kt-inside-inner-col:before{border-top-left-radius:0px;border-top-right-radius:0px;border-bottom-right-radius:0px;border-bottom-left-radius:0px;}.kadence-column997_ca8c31-a3 > .kt-inside-inner-col{column-gap:var(--global-kb-gap-sm, 1rem);}.kadence-column997_ca8c31-a3 > .kt-inside-inner-col{flex-direction:column;}.kadence-column997_ca8c31-a3 > .kt-inside-inner-col > .aligncenter{width:100%;}.kadence-column997_ca8c31-a3 > .kt-inside-inner-col:before{opacity:0.3;}.kadence-column997_ca8c31-a3{position:relative;}@media all and (max-width: 1024px){.kadence-column997_ca8c31-a3 > .kt-inside-inner-col{flex-direction:column;justify-content:center;}}@media all and (max-width: 767px){.kadence-column997_ca8c31-a3 > .kt-inside-inner-col{flex-direction:column;justify-content:center;}}<\/style>\n<div class=\"wp-block-kadence-column kadence-column997_ca8c31-a3\"><div class=\"kt-inside-inner-col\"><style>.wp-block-kadence-advancedheading.kt-adv-heading997_ffc8e6-c7, .wp-block-kadence-advancedheading.kt-adv-heading997_ffc8e6-c7[data-kb-block=\"kb-adv-heading997_ffc8e6-c7\"]{font-size:var(--global-kb-font-size-xl, 3rem);font-style:normal;}.wp-block-kadence-advancedheading.kt-adv-heading997_ffc8e6-c7 mark.kt-highlight, .wp-block-kadence-advancedheading.kt-adv-heading997_ffc8e6-c7[data-kb-block=\"kb-adv-heading997_ffc8e6-c7\"] mark.kt-highlight{font-style:normal;color:#f76a0c;-webkit-box-decoration-break:clone;box-decoration-break:clone;padding-top:0px;padding-right:0px;padding-bottom:0px;padding-left:0px;}.wp-block-kadence-advancedheading.kt-adv-heading997_ffc8e6-c7 img.kb-inline-image, .wp-block-kadence-advancedheading.kt-adv-heading997_ffc8e6-c7[data-kb-block=\"kb-adv-heading997_ffc8e6-c7\"] img.kb-inline-image{width:150px;vertical-align:baseline;}<\/style>\n<h2 class=\"kt-adv-heading997_ffc8e6-c7 wp-block-kadence-advancedheading\" data-kb-block=\"kb-adv-heading997_ffc8e6-c7\">Karperne p\u00e5 Gisselfeld har f\u00e5et&nbsp;eget museum &#8211;&nbsp;navnet er &#8220;Fiskemesterhuset&#8221;<\/h2>\n\n\n\n<p>Det fine nyligt istandsatte Fiskemesterhus kan lejes til et privat arrangement p\u00e5 op til 35 personer.<\/p>\n\n\n<style>.kadence-column997_f0a6c7-a4 > .kt-inside-inner-col,.kadence-column997_f0a6c7-a4 > .kt-inside-inner-col:before{border-top-left-radius:0px;border-top-right-radius:0px;border-bottom-right-radius:0px;border-bottom-left-radius:0px;}.kadence-column997_f0a6c7-a4 > .kt-inside-inner-col{column-gap:var(--global-kb-gap-sm, 1rem);}.kadence-column997_f0a6c7-a4 > .kt-inside-inner-col{flex-direction:column;}.kadence-column997_f0a6c7-a4 > .kt-inside-inner-col > .aligncenter{width:100%;}.kadence-column997_f0a6c7-a4 > .kt-inside-inner-col:before{opacity:0.3;}.kadence-column997_f0a6c7-a4{position:relative;}@media all and (max-width: 1024px){.kadence-column997_f0a6c7-a4 > .kt-inside-inner-col{flex-direction:column;justify-content:center;}}@media all and (max-width: 767px){.kadence-column997_f0a6c7-a4 > .kt-inside-inner-col{flex-direction:column;justify-content:center;}}<\/style>\n<div class=\"wp-block-kadence-column kadence-column997_f0a6c7-a4 kvs-md-false kvs-sm-false\"><div class=\"kt-inside-inner-col\"><style>.wp-block-kadence-advancedbtn.kb-btns997_c0c7a7-9c{gap:var(--global-kb-gap-xs, 0.5rem );justify-content:flex-start;align-items:center;}.kt-btns997_c0c7a7-9c .kt-button{font-weight:normal;font-style:normal;}.kt-btns997_c0c7a7-9c .kt-btn-wrap-0{margin-right:5px;}.wp-block-kadence-advancedbtn.kt-btns997_c0c7a7-9c .kt-btn-wrap-0 .kt-button{color:#555555;border-color:#555555;}.wp-block-kadence-advancedbtn.kt-btns997_c0c7a7-9c .kt-btn-wrap-0 .kt-button:hover, .wp-block-kadence-advancedbtn.kt-btns997_c0c7a7-9c .kt-btn-wrap-0 .kt-button:focus{color:#ffffff;border-color:#444444;}.wp-block-kadence-advancedbtn.kt-btns997_c0c7a7-9c .kt-btn-wrap-0 .kt-button::before{display:none;}.wp-block-kadence-advancedbtn.kt-btns997_c0c7a7-9c .kt-btn-wrap-0 .kt-button:hover, .wp-block-kadence-advancedbtn.kt-btns997_c0c7a7-9c .kt-btn-wrap-0 .kt-button:focus{background:#444444;}<\/style>\n<div class=\"wp-block-kadence-advancedbtn kb-buttons-wrap kb-btns997_c0c7a7-9c\"><style>ul.menu .wp-block-kadence-advancedbtn .kb-btn997_32eeaf-5f.kb-button{width:initial;}<\/style><a class=\"kb-button kt-button button kb-btn997_32eeaf-5f kt-btn-size-standard kt-btn-width-type-auto kb-btn-global-inherit  kt-btn-has-text-true kt-btn-has-svg-false  wp-block-button__link wp-block-kadence-singlebtn\" href=\"https:\/\/gisselfeld-kloster.dk.web06.webtohosting.dk\/kontakt\/\"><span class=\"kt-btn-inner-text\">Kontakt os<\/span><\/a>\n\n<style>ul.menu .wp-block-kadence-advancedbtn .kb-btn997_471acf-75.kb-button{width:initial;}<\/style><a class=\"kb-button kt-button button kb-btn997_471acf-75 kt-btn-size-standard kt-btn-width-type-auto kb-btn-global-inherit  kt-btn-has-text-true kt-btn-has-svg-false  wp-block-button__link wp-block-kadence-singlebtn\" href=\"http:\/\/www.gisselfeld-karpe.dk\/\" target=\"_blank\" rel=\"noreferrer noopener\"><span class=\"kt-btn-inner-text\">L\u00e6s mere om karpeprojektet<\/span><\/a><\/div>\n<\/div><\/div>\n<\/div><\/div>\n\n\n<style>.kadence-column997_0a023c-81 > .kt-inside-inner-col,.kadence-column997_0a023c-81 > .kt-inside-inner-col:before{border-top-left-radius:0px;border-top-right-radius:0px;border-bottom-right-radius:0px;border-bottom-left-radius:0px;}.kadence-column997_0a023c-81 > .kt-inside-inner-col{column-gap:var(--global-kb-gap-sm, 1rem);}.kadence-column997_0a023c-81 > .kt-inside-inner-col{flex-direction:column;}.kadence-column997_0a023c-81 > .kt-inside-inner-col > .aligncenter{width:100%;}.kadence-column997_0a023c-81 > .kt-inside-inner-col:before{opacity:0.3;}.kadence-column997_0a023c-81{position:relative;}@media all and (max-width: 1024px){.kadence-column997_0a023c-81 > .kt-inside-inner-col{flex-direction:column;justify-content:center;}}@media all and (max-width: 767px){.kadence-column997_0a023c-81 > .kt-inside-inner-col{flex-direction:column;justify-content:center;}}<\/style>\n<div class=\"wp-block-kadence-column kadence-column997_0a023c-81\"><div class=\"kt-inside-inner-col\"><style>.wp-block-kadence-advancedheading.kt-adv-heading997_d5567f-ff, .wp-block-kadence-advancedheading.kt-adv-heading997_d5567f-ff[data-kb-block=\"kb-adv-heading997_d5567f-ff\"]{font-style:normal;}.wp-block-kadence-advancedheading.kt-adv-heading997_d5567f-ff mark.kt-highlight, .wp-block-kadence-advancedheading.kt-adv-heading997_d5567f-ff[data-kb-block=\"kb-adv-heading997_d5567f-ff\"] mark.kt-highlight{font-style:normal;color:#f76a0c;-webkit-box-decoration-break:clone;box-decoration-break:clone;padding-top:0px;padding-right:0px;padding-bottom:0px;padding-left:0px;}.wp-block-kadence-advancedheading.kt-adv-heading997_d5567f-ff img.kb-inline-image, .wp-block-kadence-advancedheading.kt-adv-heading997_d5567f-ff[data-kb-block=\"kb-adv-heading997_d5567f-ff\"] img.kb-inline-image{width:150px;vertical-align:baseline;}<\/style>\n<p class=\"kt-adv-heading997_d5567f-ff wp-block-kadence-advancedheading\" data-kb-block=\"kb-adv-heading997_d5567f-ff\">Bem\u00e6rk: Udenfor h\u00f8js\u00e6sonen lukker Fiskemesterhuset&nbsp;2 timer f\u00f8r hovedindgangen<br><strong>NB: Ved s\u00e6rarrangementer i Parken kan huset v\u00e6ret lukket for Parkens g\u00e6ster&nbsp;<\/strong><br>&nbsp;<br>G\u00e6ster i Parken kan i \u00e5bningstiden komme indenfor og se det fine, informationshus og samtidig blive meget klogere p\u00e5 karper og historien bag. Det koster ikke ekstra.<br><br><strong>Der er ogs\u00e5 mulighed for at leje huset til en privat fest \/ sammenkomst p\u00e5 op til 35 personer. For yderligere information, herunder om pris m.v., kontakt Godskontoret p\u00e5 tlf. 56 32 60 32, se eksempel p\u00e5 opd\u00e6kning nedenfor.<\/strong><br><br>I Gisselfelds s\u00f8er og damme har der helt tilbage til Peder Oxes tid i 1500-tallet eksisteret et karpedambrug. I 1960\u00b4erne stoppede dambruget dog i sin traditionelle forstand, men dammene har siden v\u00e6ret anvendt til andre ferskvandsfisk.<\/p>\n\n\n\n<p>I de seneste \u00e5r har karpen atter vundet indpas i Gisselfelds s\u00f8er, da det er en interessant fisk for lystfiskere.<\/p>\n\n\n\n<p>Med sin traditionsbundne tilknytning til stedet er hele karpedambruget genoptaget p\u00e5 et historisk niveau i 2014, henvendt til parkens g\u00e6ster. Projektet er st\u00f8ttet af A.P. M\u00f8ller og Hustru Chastine Mc-Kinney M\u00f8llers Fond til almene Formaal, som har gjort det muligt at renovere det gamle \u201dFiskemesterhus\u201d i parken, som danner ramme om en plancheudstilling om karperne p\u00e5 Gisselfeld. Ud over dette kan man opleve dambruget p\u00e5 n\u00e6rt hold p\u00e5 en tur rundt i parken og se de mange d\u00e6mninger og vandreguleringer, der er istandsat.<\/p>\n\n\n\n<p>I forbindelse med projektet har en v\u00e6sentlig faktor v\u00e6ret at formidle karpernes gang og cirkulation i s\u00f8erne.<\/p>\n<\/div><\/div>\n\n<\/div><\/div>\n\n<style>.kb-row-layout-id997_d10a64-1e > .kt-row-column-wrap{align-content:start;}:where(.kb-row-layout-id997_d10a64-1e > .kt-row-column-wrap) > .wp-block-kadence-column{justify-content:start;}.kb-row-layout-id997_d10a64-1e > .kt-row-column-wrap{column-gap:var(--global-kb-gap-lg, 4rem);row-gap:var(--global-kb-gap-lg, 4rem);max-width:var( --global-content-width, 1550px );padding-left:var(--global-content-edge-padding);padding-right:var(--global-content-edge-padding);padding-top:var(--global-kb-spacing-3xl, 6.5rem);padding-bottom:var(--global-kb-spacing-3xl, 6.5rem);grid-template-columns:minmax(0, 1fr);}.kb-row-layout-id997_d10a64-1e > .kt-row-layout-overlay{opacity:0.30;}@media all and (max-width: 1024px){.kb-row-layout-id997_d10a64-1e > .kt-row-column-wrap{column-gap:var(--global-kb-gap-md, 2rem);row-gap:var(--global-kb-gap-md, 2rem);padding-top:var(--global-kb-spacing-xl, 4rem);padding-bottom:var(--global-kb-spacing-xl, 4rem);grid-template-columns:minmax(0, 1fr);}}@media all and (max-width: 767px){.kb-row-layout-id997_d10a64-1e > .kt-row-column-wrap{column-gap:var(--global-kb-gap-md, 2rem);row-gap:var(--global-kb-gap-md, 2rem);padding-top:var(--global-kb-spacing-lg, 3rem);padding-bottom:var(--global-kb-spacing-lg, 3rem);grid-template-columns:minmax(0, 1fr);}}<\/style><div class=\"kb-row-layout-wrap kb-row-layout-id997_d10a64-1e alignnone has-theme-palette7-background-color kt-row-has-bg wp-block-kadence-rowlayout\"><div class=\"kt-row-column-wrap kt-has-1-columns kt-row-layout-equal kt-tab-layout-inherit kt-mobile-layout-row kt-row-valign-top kb-theme-content-width\">\n<style>.kadence-column997_9328ee-56 > .kt-inside-inner-col,.kadence-column997_9328ee-56 > .kt-inside-inner-col:before{border-top-left-radius:0px;border-top-right-radius:0px;border-bottom-right-radius:0px;border-bottom-left-radius:0px;}.kadence-column997_9328ee-56 > .kt-inside-inner-col{column-gap:var(--global-kb-gap-sm, 1rem);}.kadence-column997_9328ee-56 > .kt-inside-inner-col{flex-direction:column;}.kadence-column997_9328ee-56 > .kt-inside-inner-col > .aligncenter{width:100%;}.kadence-column997_9328ee-56 > .kt-inside-inner-col:before{opacity:0.3;}.kadence-column997_9328ee-56{position:relative;}@media all and (max-width: 1024px){.kadence-column997_9328ee-56 > .kt-inside-inner-col{flex-direction:column;justify-content:center;}}@media all and (max-width: 767px){.kadence-column997_9328ee-56 > .kt-inside-inner-col{flex-direction:column;justify-content:center;}}<\/style>\n<div class=\"wp-block-kadence-column kadence-column997_9328ee-56\"><div class=\"kt-inside-inner-col\"><style>.kb-gallery-id-997_8af0e1-71 .kadence-blocks-gallery-item .kb-gal-image-radius, .kb-gallery-id-997_8af0e1-71 .kb-slide-item .kb-gal-image-radius img{border-radius:0px 0px 0px 0px;;}.kb-gallery-wrap-id-997_8af0e1-71 .kb-gallery-ul.kb-gallery-type-mosaic .grid-pattern-container{grid-auto-rows:175px;grid-gap:15px;gap:15px;}<\/style><div class=\"kb-gallery-wrap-id-997_8af0e1-71 alignnone wp-block-kadence-advancedgallery\"><div class=\"kb-gallery-ul kb-gallery-non-static kb-gallery-type-mosaic kb-gallery-id-997_8af0e1-71 kb-gallery-caption-style-bottom-hover kb-gallery-filter-none kb-gallery-magnific-init\" data-image-filter=\"none\" data-lightbox-caption=\"false\"kb-mosaic-gallery grid-pattern-gallery\"><div class=\"grid-pattern-container\"><div class=\"kadence-blocks-gallery-item grid-item-wide\"><div class=\"kadence-blocks-gallery-item\"><div class=\"kadence-blocks-gallery-item-inner\"><figure class=\"kb-gallery-figure kb-gallery-item-has-link kadence-blocks-gallery-item-hide-caption\"><a href=\"https:\/\/gisselfeld-kloster.dk.web06.webtohosting.dk\/wp-content\/uploads\/DSC_0047.jpg\" class=\"kb-gallery-item-link\"   role=\"button\" aria-haspopup=\"dialog\"><div class=\"kb-gal-image-radius\"><div class=\"kb-gallery-image-contain kadence-blocks-gallery-intrinsic\" ><img loading=\"lazy\" decoding=\"async\" src=\"https:\/\/gisselfeld-kloster.dk.web06.webtohosting.dk\/wp-content\/uploads\/DSC_0047-1024x487.jpg\" width=\"1024\" height=\"487\" alt=\"\" data-full-image=\"https:\/\/gisselfeld-kloster.dk.web06.webtohosting.dk\/wp-content\/uploads\/DSC_0047.jpg\" data-light-image=\"https:\/\/gisselfeld-kloster.dk.web06.webtohosting.dk\/wp-content\/uploads\/DSC_0047.jpg\" data-id=\"2240\" class=\"wp-image-2240\" srcset=\"https:\/\/gisselfeld-kloster.dk.web06.webtohosting.dk\/wp-content\/uploads\/DSC_0047-1024x487.jpg 1024w, https:\/\/gisselfeld-kloster.dk.web06.webtohosting.dk\/wp-content\/uploads\/DSC_0047-300x143.jpg 300w, https:\/\/gisselfeld-kloster.dk.web06.webtohosting.dk\/wp-content\/uploads\/DSC_0047-768x365.jpg 768w, https:\/\/gisselfeld-kloster.dk.web06.webtohosting.dk\/wp-content\/uploads\/DSC_0047-18x9.jpg 18w, https:\/\/gisselfeld-kloster.dk.web06.webtohosting.dk\/wp-content\/uploads\/DSC_0047.jpg 1207w\" sizes=\"auto, (max-width: 1024px) 100vw, 1024px\" \/><\/div><\/div><\/a><\/figure><\/div><\/div><\/div><div class=\"kadence-blocks-gallery-item grid-item-large\"><div class=\"kadence-blocks-gallery-item\"><div class=\"kadence-blocks-gallery-item-inner\"><figure class=\"kb-gallery-figure kb-gallery-item-has-link kadence-blocks-gallery-item-hide-caption\"><a href=\"https:\/\/gisselfeld-kloster.dk.web06.webtohosting.dk\/wp-content\/uploads\/DSC_0214.jpg\" class=\"kb-gallery-item-link\"   role=\"button\" aria-haspopup=\"dialog\"><div class=\"kb-gal-image-radius\"><div class=\"kb-gallery-image-contain kadence-blocks-gallery-intrinsic\" ><img loading=\"lazy\" decoding=\"async\" src=\"https:\/\/gisselfeld-kloster.dk.web06.webtohosting.dk\/wp-content\/uploads\/DSC_0214-1024x487.jpg\" width=\"1024\" height=\"487\" alt=\"\" data-full-image=\"https:\/\/gisselfeld-kloster.dk.web06.webtohosting.dk\/wp-content\/uploads\/DSC_0214.jpg\" data-light-image=\"https:\/\/gisselfeld-kloster.dk.web06.webtohosting.dk\/wp-content\/uploads\/DSC_0214.jpg\" data-id=\"2238\" class=\"wp-image-2238\" srcset=\"https:\/\/gisselfeld-kloster.dk.web06.webtohosting.dk\/wp-content\/uploads\/DSC_0214-1024x487.jpg 1024w, https:\/\/gisselfeld-kloster.dk.web06.webtohosting.dk\/wp-content\/uploads\/DSC_0214-300x143.jpg 300w, https:\/\/gisselfeld-kloster.dk.web06.webtohosting.dk\/wp-content\/uploads\/DSC_0214-768x365.jpg 768w, https:\/\/gisselfeld-kloster.dk.web06.webtohosting.dk\/wp-content\/uploads\/DSC_0214-18x9.jpg 18w, https:\/\/gisselfeld-kloster.dk.web06.webtohosting.dk\/wp-content\/uploads\/DSC_0214.jpg 1207w\" sizes=\"auto, (max-width: 1024px) 100vw, 1024px\" \/><\/div><\/div><\/a><\/figure><\/div><\/div><\/div><div class=\"kadence-blocks-gallery-item grid-item-tall\"><div class=\"kadence-blocks-gallery-item\"><div class=\"kadence-blocks-gallery-item-inner\"><figure class=\"kb-gallery-figure kb-gallery-item-has-link kadence-blocks-gallery-item-hide-caption\"><a href=\"https:\/\/gisselfeld-kloster.dk.web06.webtohosting.dk\/wp-content\/uploads\/Natur5.jpg\" class=\"kb-gallery-item-link\"   role=\"button\" aria-haspopup=\"dialog\"><div class=\"kb-gal-image-radius\"><div class=\"kb-gallery-image-contain kadence-blocks-gallery-intrinsic\" ><img loading=\"lazy\" decoding=\"async\" src=\"https:\/\/gisselfeld-kloster.dk.web06.webtohosting.dk\/wp-content\/uploads\/Natur5-1024x487.jpg\" width=\"1024\" height=\"487\" alt=\"\" data-full-image=\"https:\/\/gisselfeld-kloster.dk.web06.webtohosting.dk\/wp-content\/uploads\/Natur5.jpg\" data-light-image=\"https:\/\/gisselfeld-kloster.dk.web06.webtohosting.dk\/wp-content\/uploads\/Natur5.jpg\" data-id=\"2244\" class=\"wp-image-2244\" srcset=\"https:\/\/gisselfeld-kloster.dk.web06.webtohosting.dk\/wp-content\/uploads\/Natur5-1024x487.jpg 1024w, https:\/\/gisselfeld-kloster.dk.web06.webtohosting.dk\/wp-content\/uploads\/Natur5-300x143.jpg 300w, https:\/\/gisselfeld-kloster.dk.web06.webtohosting.dk\/wp-content\/uploads\/Natur5-768x365.jpg 768w, https:\/\/gisselfeld-kloster.dk.web06.webtohosting.dk\/wp-content\/uploads\/Natur5-18x9.jpg 18w, https:\/\/gisselfeld-kloster.dk.web06.webtohosting.dk\/wp-content\/uploads\/Natur5.jpg 1207w\" sizes=\"auto, (max-width: 1024px) 100vw, 1024px\" \/><\/div><\/div><\/a><\/figure><\/div><\/div><\/div><div class=\"kadence-blocks-gallery-item grid-item-small\"><div class=\"kadence-blocks-gallery-item\"><div class=\"kadence-blocks-gallery-item-inner\"><figure class=\"kb-gallery-figure kb-gallery-item-has-link kadence-blocks-gallery-item-hide-caption\"><a href=\"https:\/\/gisselfeld-kloster.dk.web06.webtohosting.dk\/wp-content\/uploads\/DSC_0157.jpg\" class=\"kb-gallery-item-link\"   role=\"button\" aria-haspopup=\"dialog\"><div class=\"kb-gal-image-radius\"><div class=\"kb-gallery-image-contain kadence-blocks-gallery-intrinsic\" ><img loading=\"lazy\" decoding=\"async\" src=\"https:\/\/gisselfeld-kloster.dk.web06.webtohosting.dk\/wp-content\/uploads\/DSC_0157-1024x464.jpg\" width=\"1024\" height=\"464\" alt=\"\" data-full-image=\"https:\/\/gisselfeld-kloster.dk.web06.webtohosting.dk\/wp-content\/uploads\/DSC_0157.jpg\" data-light-image=\"https:\/\/gisselfeld-kloster.dk.web06.webtohosting.dk\/wp-content\/uploads\/DSC_0157.jpg\" data-id=\"2239\" class=\"wp-image-2239\" srcset=\"https:\/\/gisselfeld-kloster.dk.web06.webtohosting.dk\/wp-content\/uploads\/DSC_0157-1024x464.jpg 1024w, https:\/\/gisselfeld-kloster.dk.web06.webtohosting.dk\/wp-content\/uploads\/DSC_0157-300x136.jpg 300w, https:\/\/gisselfeld-kloster.dk.web06.webtohosting.dk\/wp-content\/uploads\/DSC_0157-768x348.jpg 768w, https:\/\/gisselfeld-kloster.dk.web06.webtohosting.dk\/wp-content\/uploads\/DSC_0157-18x8.jpg 18w, https:\/\/gisselfeld-kloster.dk.web06.webtohosting.dk\/wp-content\/uploads\/DSC_0157.jpg 1207w\" sizes=\"auto, (max-width: 1024px) 100vw, 1024px\" \/><\/div><\/div><\/a><\/figure><\/div><\/div><\/div><div class=\"kadence-blocks-gallery-item grid-item-large\"><div class=\"kadence-blocks-gallery-item\"><div class=\"kadence-blocks-gallery-item-inner\"><figure class=\"kb-gallery-figure kb-gallery-item-has-link kadence-blocks-gallery-item-hide-caption\"><a href=\"https:\/\/gisselfeld-kloster.dk.web06.webtohosting.dk\/wp-content\/uploads\/DSC_0135.jpg\" class=\"kb-gallery-item-link\"   role=\"button\" aria-haspopup=\"dialog\"><div class=\"kb-gal-image-radius\"><div class=\"kb-gallery-image-contain kadence-blocks-gallery-intrinsic\" ><img loading=\"lazy\" decoding=\"async\" src=\"https:\/\/gisselfeld-kloster.dk.web06.webtohosting.dk\/wp-content\/uploads\/DSC_0135-1024x487.jpg\" width=\"1024\" height=\"487\" alt=\"\" data-full-image=\"https:\/\/gisselfeld-kloster.dk.web06.webtohosting.dk\/wp-content\/uploads\/DSC_0135.jpg\" data-light-image=\"https:\/\/gisselfeld-kloster.dk.web06.webtohosting.dk\/wp-content\/uploads\/DSC_0135.jpg\" data-id=\"2242\" class=\"wp-image-2242\" srcset=\"https:\/\/gisselfeld-kloster.dk.web06.webtohosting.dk\/wp-content\/uploads\/DSC_0135-1024x487.jpg 1024w, https:\/\/gisselfeld-kloster.dk.web06.webtohosting.dk\/wp-content\/uploads\/DSC_0135-300x143.jpg 300w, https:\/\/gisselfeld-kloster.dk.web06.webtohosting.dk\/wp-content\/uploads\/DSC_0135-768x365.jpg 768w, https:\/\/gisselfeld-kloster.dk.web06.webtohosting.dk\/wp-content\/uploads\/DSC_0135-18x9.jpg 18w, https:\/\/gisselfeld-kloster.dk.web06.webtohosting.dk\/wp-content\/uploads\/DSC_0135.jpg 1207w\" sizes=\"auto, (max-width: 1024px) 100vw, 1024px\" \/><\/div><\/div><\/a><\/figure><\/div><\/div><\/div><div class=\"kadence-blocks-gallery-item grid-item-small only-seven\"><div class=\"kadence-blocks-gallery-item\"><div class=\"kadence-blocks-gallery-item-inner\"><figure class=\"kb-gallery-figure kb-gallery-item-has-link kadence-blocks-gallery-item-hide-caption\"><a href=\"https:\/\/gisselfeld-kloster.dk.web06.webtohosting.dk\/wp-content\/uploads\/Fiskermesterhuset.jpg\" class=\"kb-gallery-item-link\"   role=\"button\" aria-haspopup=\"dialog\"><div class=\"kb-gal-image-radius\"><div class=\"kb-gallery-image-contain kadence-blocks-gallery-intrinsic\" ><img loading=\"lazy\" decoding=\"async\" src=\"https:\/\/gisselfeld-kloster.dk.web06.webtohosting.dk\/wp-content\/uploads\/Fiskermesterhuset-1024x487.jpg\" width=\"1024\" height=\"487\" alt=\"\" data-full-image=\"https:\/\/gisselfeld-kloster.dk.web06.webtohosting.dk\/wp-content\/uploads\/Fiskermesterhuset.jpg\" data-light-image=\"https:\/\/gisselfeld-kloster.dk.web06.webtohosting.dk\/wp-content\/uploads\/Fiskermesterhuset.jpg\" data-id=\"2243\" class=\"wp-image-2243\" srcset=\"https:\/\/gisselfeld-kloster.dk.web06.webtohosting.dk\/wp-content\/uploads\/Fiskermesterhuset-1024x487.jpg 1024w, https:\/\/gisselfeld-kloster.dk.web06.webtohosting.dk\/wp-content\/uploads\/Fiskermesterhuset-300x143.jpg 300w, https:\/\/gisselfeld-kloster.dk.web06.webtohosting.dk\/wp-content\/uploads\/Fiskermesterhuset-768x365.jpg 768w, https:\/\/gisselfeld-kloster.dk.web06.webtohosting.dk\/wp-content\/uploads\/Fiskermesterhuset-18x9.jpg 18w, https:\/\/gisselfeld-kloster.dk.web06.webtohosting.dk\/wp-content\/uploads\/Fiskermesterhuset.jpg 1207w\" sizes=\"auto, (max-width: 1024px) 100vw, 1024px\" \/><\/div><\/div><\/a><\/figure><\/div><\/div><\/div><div class=\"kadence-blocks-gallery-item grid-item-small\"><div class=\"kadence-blocks-gallery-item\"><div class=\"kadence-blocks-gallery-item-inner\"><figure class=\"kb-gallery-figure kb-gallery-item-has-link kadence-blocks-gallery-item-hide-caption\"><a href=\"https:\/\/gisselfeld-kloster.dk.web06.webtohosting.dk\/wp-content\/uploads\/DSC_0052.jpg\" class=\"kb-gallery-item-link\"   role=\"button\" aria-haspopup=\"dialog\"><div class=\"kb-gal-image-radius\"><div class=\"kb-gallery-image-contain kadence-blocks-gallery-intrinsic\" ><img loading=\"lazy\" decoding=\"async\" src=\"https:\/\/gisselfeld-kloster.dk.web06.webtohosting.dk\/wp-content\/uploads\/DSC_0052-1024x487.jpg\" width=\"1024\" height=\"487\" alt=\"\" data-full-image=\"https:\/\/gisselfeld-kloster.dk.web06.webtohosting.dk\/wp-content\/uploads\/DSC_0052.jpg\" data-light-image=\"https:\/\/gisselfeld-kloster.dk.web06.webtohosting.dk\/wp-content\/uploads\/DSC_0052.jpg\" data-id=\"2245\" class=\"wp-image-2245\" srcset=\"https:\/\/gisselfeld-kloster.dk.web06.webtohosting.dk\/wp-content\/uploads\/DSC_0052-1024x487.jpg 1024w, https:\/\/gisselfeld-kloster.dk.web06.webtohosting.dk\/wp-content\/uploads\/DSC_0052-300x143.jpg 300w, https:\/\/gisselfeld-kloster.dk.web06.webtohosting.dk\/wp-content\/uploads\/DSC_0052-768x365.jpg 768w, https:\/\/gisselfeld-kloster.dk.web06.webtohosting.dk\/wp-content\/uploads\/DSC_0052-18x9.jpg 18w, https:\/\/gisselfeld-kloster.dk.web06.webtohosting.dk\/wp-content\/uploads\/DSC_0052.jpg 1207w\" sizes=\"auto, (max-width: 1024px) 100vw, 1024px\" \/><\/div><\/div><\/a><\/figure><\/div><\/div><\/div><\/div><\/div><\/div><\/div><\/div>\n\n<\/div><\/div>","protected":false},"excerpt":{"rendered":"","protected":false},"author":1,"featured_media":0,"parent":992,"menu_order":10,"comment_status":"closed","ping_status":"closed","template":"","meta":{"_acf_changed":false,"inline_featured_image":false,"_kad_blocks_custom_css":"","_kad_blocks_head_custom_js":"","_kad_blocks_body_custom_js":"","_kad_blocks_footer_custom_js":"","_kad_post_transparent":"","_kad_post_title":"","_kad_post_layout":"","_kad_post_sidebar_id":"","_kad_post_content_style":"","_kad_post_vertical_padding":"","_kad_post_feature":"","_kad_post_feature_position":"","_kad_post_header":false,"_kad_post_footer":false,"_kad_post_classname":"","footnotes":""},"class_list":["post-997","page","type-page","status-publish","hentry"],"acf":[],"taxonomy_info":[],"featured_image_src_large":false,"author_info":{"display_name":"webto","author_link":"https:\/\/gisselfeld-kloster.dk.web06.webtohosting.dk\/en\/author\/webto\/"},"comment_info":0,"_links":{"self":[{"href":"https:\/\/gisselfeld-kloster.dk.web06.webtohosting.dk\/en\/wp-json\/wp\/v2\/pages\/997","targetHints":{"allow":["GET"]}}],"collection":[{"href":"https:\/\/gisselfeld-kloster.dk.web06.webtohosting.dk\/en\/wp-json\/wp\/v2\/pages"}],"about":[{"href":"https:\/\/gisselfeld-kloster.dk.web06.webtohosting.dk\/en\/wp-json\/wp\/v2\/types\/page"}],"author":[{"embeddable":true,"href":"https:\/\/gisselfeld-kloster.dk.web06.webtohosting.dk\/en\/wp-json\/wp\/v2\/users\/1"}],"replies":[{"embeddable":true,"href":"https:\/\/gisselfeld-kloster.dk.web06.webtohosting.dk\/en\/wp-json\/wp\/v2\/comments?post=997"}],"version-history":[{"count":3,"href":"https:\/\/gisselfeld-kloster.dk.web06.webtohosting.dk\/en\/wp-json\/wp\/v2\/pages\/997\/revisions"}],"predecessor-version":[{"id":2270,"href":"https:\/\/gisselfeld-kloster.dk.web06.webtohosting.dk\/en\/wp-json\/wp\/v2\/pages\/997\/revisions\/2270"}],"up":[{"embeddable":true,"href":"https:\/\/gisselfeld-kloster.dk.web06.webtohosting.dk\/en\/wp-json\/wp\/v2\/pages\/992"}],"wp:attachment":[{"href":"https:\/\/gisselfeld-kloster.dk.web06.webtohosting.dk\/en\/wp-json\/wp\/v2\/media?parent=997"}],"curies":[{"name":"wp","href":"https:\/\/api.w.org\/{rel}","templated":true}]}}