{"id":990,"date":"2026-02-23T14:49:00","date_gmt":"2026-02-23T13:49:00","guid":{"rendered":"https:\/\/gisselfeld-kloster.dk.web06.webtohosting.dk\/event-fest\/i-kollegers-lag\/"},"modified":"2026-03-25T15:17:23","modified_gmt":"2026-03-25T14:17:23","slug":"i-kollegers-lag","status":"publish","type":"page","link":"https:\/\/gisselfeld-kloster.dk.web06.webtohosting.dk\/en\/event-fest\/i-kollegers-lag\/","title":{"rendered":"I kollegers lag"},"content":{"rendered":"<style>.kb-row-layout-id990_2985da-58 > .kt-row-column-wrap{align-content:start;}:where(.kb-row-layout-id990_2985da-58 > .kt-row-column-wrap) > .wp-block-kadence-column{justify-content:start;}.kb-row-layout-id990_2985da-58 > .kt-row-column-wrap{column-gap:var(--global-kb-gap-lg, 4rem);row-gap:var(--global-kb-gap-lg, 4rem);max-width:var( --global-content-width, 1550px );padding-left:var(--global-content-edge-padding);padding-right:var(--global-content-edge-padding);padding-top:var(--global-kb-spacing-3xl, 6.5rem);padding-bottom:var(--global-kb-spacing-3xl, 6.5rem);grid-template-columns:repeat(2, minmax(0, 1fr));}.kb-row-layout-id990_2985da-58 > .kt-row-layout-overlay{opacity:0.30;}@media all and (max-width: 1024px){.kb-row-layout-id990_2985da-58 > .kt-row-column-wrap{column-gap:var(--global-kb-gap-md, 2rem);row-gap:var(--global-kb-gap-md, 2rem);padding-top:var(--global-kb-spacing-xl, 4rem);padding-bottom:var(--global-kb-spacing-xl, 4rem);grid-template-columns:repeat(2, minmax(0, 1fr));}}@media all and (max-width: 767px){.kb-row-layout-id990_2985da-58 > .kt-row-column-wrap{column-gap:var(--global-kb-gap-md, 2rem);row-gap:var(--global-kb-gap-md, 2rem);padding-top:var(--global-kb-spacing-lg, 3rem);padding-bottom:var(--global-kb-spacing-lg, 3rem);grid-template-columns:minmax(0, 1fr);}}<\/style><div class=\"kb-row-layout-wrap kb-row-layout-id990_2985da-58 alignnone wp-block-kadence-rowlayout\"><div class=\"kt-row-column-wrap kt-has-2-columns kt-row-layout-equal kt-tab-layout-inherit kt-mobile-layout-row kt-row-valign-top kt-inner-column-height-full kb-theme-content-width\">\n<style>.kadence-column990_459ca9-3e > .kt-inside-inner-col,.kadence-column990_459ca9-3e > .kt-inside-inner-col:before{border-top-left-radius:0px;border-top-right-radius:0px;border-bottom-right-radius:0px;border-bottom-left-radius:0px;}.kadence-column990_459ca9-3e > .kt-inside-inner-col{column-gap:var(--global-kb-gap-sm, 1rem);}.kadence-column990_459ca9-3e > .kt-inside-inner-col{flex-direction:column;}.kadence-column990_459ca9-3e > .kt-inside-inner-col > .aligncenter{width:100%;}.kadence-column990_459ca9-3e > .kt-inside-inner-col:before{opacity:0.3;}.kadence-column990_459ca9-3e{position:relative;}@media all and (max-width: 1024px){.kadence-column990_459ca9-3e > .kt-inside-inner-col{flex-direction:column;justify-content:center;}}@media all and (max-width: 767px){.kadence-column990_459ca9-3e > .kt-inside-inner-col{flex-direction:column;justify-content:center;}}<\/style>\n<div class=\"wp-block-kadence-column kadence-column990_459ca9-3e\"><div class=\"kt-inside-inner-col\"><style>.wp-block-kadence-advancedheading.kt-adv-heading990_b62ed2-26, .wp-block-kadence-advancedheading.kt-adv-heading990_b62ed2-26[data-kb-block=\"kb-adv-heading990_b62ed2-26\"]{font-size:var(--global-kb-font-size-xl, 3rem);font-style:normal;}.wp-block-kadence-advancedheading.kt-adv-heading990_b62ed2-26 mark.kt-highlight, .wp-block-kadence-advancedheading.kt-adv-heading990_b62ed2-26[data-kb-block=\"kb-adv-heading990_b62ed2-26\"] mark.kt-highlight{font-style:normal;color:#f76a0c;-webkit-box-decoration-break:clone;box-decoration-break:clone;padding-top:0px;padding-right:0px;padding-bottom:0px;padding-left:0px;}.wp-block-kadence-advancedheading.kt-adv-heading990_b62ed2-26 img.kb-inline-image, .wp-block-kadence-advancedheading.kt-adv-heading990_b62ed2-26[data-kb-block=\"kb-adv-heading990_b62ed2-26\"] img.kb-inline-image{width:150px;vertical-align:baseline;}<\/style>\n<h2 class=\"kt-adv-heading990_b62ed2-26 wp-block-kadence-advancedheading\" data-kb-block=\"kb-adv-heading990_b62ed2-26\">Det perfekte m\u00f8dested<\/h2>\n\n\n\n<p>Lad jer inspirere til en dag med fuld fart p\u00e5 oplevelserne eller stille fordybelse.<\/p>\n\n\n\n<p>Gisselfeld Klosters fantastiske inden- og udend\u00f8rs rammer, integreret med erfaring og stor know how, garanterer jer et vellykket arrangement. Uanset om I planl\u00e6gger den store messe, en firmafest, m\u00f8der, teambuilding eller eventyrlige aktiviteter, er Gisselfeld Kloster en professionel samarbejdspartner.<\/p>\n\n\n\n<p>I f\u00e5r mulighed for selv at st\u00e5 for arrangementet eller lade Gisselfeld Kloster varetage hele opgaven. P\u00e5 Gisselfeld Kloster er I garanteret en oplevelse ud over det s\u00e6dvanlige.<\/p>\n<\/div><\/div>\n\n\n<style>.kadence-column990_7357fc-34 > .kt-inside-inner-col,.kadence-column990_7357fc-34 > .kt-inside-inner-col:before{border-top-left-radius:0px;border-top-right-radius:0px;border-bottom-right-radius:0px;border-bottom-left-radius:0px;}.kadence-column990_7357fc-34 > .kt-inside-inner-col{column-gap:var(--global-kb-gap-sm, 1rem);}.kadence-column990_7357fc-34 > .kt-inside-inner-col{flex-direction:column;}.kadence-column990_7357fc-34 > .kt-inside-inner-col > .aligncenter{width:100%;}.kadence-column990_7357fc-34 > .kt-inside-inner-col{background-image:url('https:\/\/gisselfeld-kloster.dk.web06.webtohosting.dk\/wp-content\/uploads\/Roning.jpg');background-size:cover;background-position:center center;background-attachment:scroll;background-repeat:no-repeat;}.kadence-column990_7357fc-34 > .kt-inside-inner-col:before{opacity:0.3;}.kadence-column990_7357fc-34{position:relative;}@media all and (max-width: 1024px){.kadence-column990_7357fc-34 > .kt-inside-inner-col{flex-direction:column;justify-content:center;}}@media all and (max-width: 767px){.kadence-column990_7357fc-34 > .kt-inside-inner-col{flex-direction:column;justify-content:center;}}<\/style>\n<div class=\"wp-block-kadence-column kadence-column990_7357fc-34\"><div class=\"kt-inside-inner-col\"><\/div><\/div>\n\n<\/div><\/div>\n\n<style>.kb-row-layout-id990_4e80fe-0f > .kt-row-column-wrap{align-content:start;}:where(.kb-row-layout-id990_4e80fe-0f > .kt-row-column-wrap) > .wp-block-kadence-column{justify-content:start;}.kb-row-layout-id990_4e80fe-0f > .kt-row-column-wrap{column-gap:var(--global-kb-gap-lg, 4rem);row-gap:var(--global-kb-gap-lg, 4rem);max-width:var( --global-content-width, 1550px );padding-left:var(--global-content-edge-padding);padding-right:var(--global-content-edge-padding);padding-bottom:var(--global-kb-spacing-3xl, 6.5rem);grid-template-columns:minmax(0, 1fr);}.kb-row-layout-id990_4e80fe-0f > .kt-row-layout-overlay{opacity:0.30;}@media all and (max-width: 1024px){.kb-row-layout-id990_4e80fe-0f > .kt-row-column-wrap{column-gap:var(--global-kb-gap-md, 2rem);row-gap:var(--global-kb-gap-md, 2rem);padding-bottom:var(--global-kb-spacing-xl, 4rem);grid-template-columns:minmax(0, 1fr);}}@media all and (max-width: 767px){.kb-row-layout-id990_4e80fe-0f > .kt-row-column-wrap{column-gap:var(--global-kb-gap-md, 2rem);row-gap:var(--global-kb-gap-md, 2rem);padding-bottom:var(--global-kb-spacing-lg, 3rem);grid-template-columns:minmax(0, 1fr);}}<\/style><div class=\"kb-row-layout-wrap kb-row-layout-id990_4e80fe-0f alignnone has-theme-palette9-background-color kt-row-has-bg wp-block-kadence-rowlayout\"><div class=\"kt-row-column-wrap kt-has-1-columns kt-row-layout-equal kt-tab-layout-inherit kt-mobile-layout-row kt-row-valign-top kb-theme-content-width\">\n<style>.kadence-column990_5b7c60-11 > .kt-inside-inner-col,.kadence-column990_5b7c60-11 > .kt-inside-inner-col:before{border-top-left-radius:0px;border-top-right-radius:0px;border-bottom-right-radius:0px;border-bottom-left-radius:0px;}.kadence-column990_5b7c60-11 > .kt-inside-inner-col{column-gap:var(--global-kb-gap-sm, 1rem);}.kadence-column990_5b7c60-11 > .kt-inside-inner-col{flex-direction:column;}.kadence-column990_5b7c60-11 > .kt-inside-inner-col > .aligncenter{width:100%;}.kadence-column990_5b7c60-11 > .kt-inside-inner-col:before{opacity:0.3;}.kadence-column990_5b7c60-11{position:relative;}@media all and (max-width: 1024px){.kadence-column990_5b7c60-11 > .kt-inside-inner-col{flex-direction:column;justify-content:center;}}@media all and (max-width: 767px){.kadence-column990_5b7c60-11 > .kt-inside-inner-col{flex-direction:column;justify-content:center;}}<\/style>\n<div class=\"wp-block-kadence-column kadence-column990_5b7c60-11\"><div class=\"kt-inside-inner-col\"><style>.wp-block-kadence-advancedgallery.kb-gallery-wrap-id-990_8eddc8-39{overflow:hidden;}.kb-gallery-id-990_8eddc8-39 .kadence-blocks-gallery-item .kb-gal-image-radius, .kb-gallery-id-990_8eddc8-39 .kb-slide-item .kb-gal-image-radius img{border-radius:0px 0px 0px 0px;;}.kb-gallery-wrap-id-990_8eddc8-39.wp-block-kadence-advancedgallery{overflow:visible;}.kb-gallery-wrap-id-990_8eddc8-39.wp-block-kadence-advancedgallery .kt-blocks-carousel{overflow:visible;}<\/style><div class=\"kb-gallery-wrap-id-990_8eddc8-39 alignnone wp-block-kadence-advancedgallery\"><div class=\"kb-gallery-ul kb-gallery-non-static kb-gallery-type-carousel kb-gallery-id-990_8eddc8-39 kb-gallery-caption-style-bottom-hover kb-gallery-filter-none\" data-image-filter=\"none\" data-lightbox-caption=\"false\"><div class=\"kt-blocks-carousel splide kt-carousel-container-dotstyle-none kt-carousel-arrowstyle-none kt-carousel-dotstyle-none kb-slider-group-arrow kb-slider-arrow-position-center\" data-columns-xxl=\"5\" data-columns-xl=\"5\" data-columns-md=\"5\" data-columns-sm=\"4\" data-columns-xs=\"4\" data-columns-ss=\"3\" data-slider-anim-speed=\"400\" data-slider-scroll=\"1\" data-slider-arrows=\"false\" data-slider-dots=\"false\" data-slider-hover-pause=\"false\" data-slider-auto=\"\" data-slider-speed=\"7000\" data-slider-gap=\"15px\" data-slider-gap-tablet=\"15px\" data-slider-gap-mobile=\"15px\" data-show-pause-button=\"false\" data-slider-label=\"Photo Gallery Carousel\"><div class=\"splide__track\"><ul class=\"kt-blocks-carousel-init kb-gallery-carousel splide__list\"><li class=\"kb-slide-item kb-gallery-carousel-item splide__slide\"><div class=\"kadence-blocks-gallery-item\"><div class=\"kadence-blocks-gallery-item-inner\"><figure class=\"kb-gallery-figure kadence-blocks-gallery-item-hide-caption\"><div class=\"kb-gal-image-radius\"><div class=\"kb-gallery-image-contain kadence-blocks-gallery-intrinsic kb-gallery-image-ratio-land32 kb-has-image-ratio-land32\" ><img loading=\"lazy\" decoding=\"async\" src=\"https:\/\/gisselfeld-kloster.dk.web06.webtohosting.dk\/wp-content\/uploads\/team1.jpg\" width=\"305\" height=\"196\" alt=\"\" data-full-image=\"https:\/\/gisselfeld-kloster.dk.web06.webtohosting.dk\/wp-content\/uploads\/team1.jpg\" data-light-image=\"https:\/\/gisselfeld-kloster.dk.web06.webtohosting.dk\/wp-content\/uploads\/team1.jpg\" data-id=\"2254\" class=\"wp-image-2254 skip-lazy\" srcset=\"https:\/\/gisselfeld-kloster.dk.web06.webtohosting.dk\/wp-content\/uploads\/team1.jpg 305w, https:\/\/gisselfeld-kloster.dk.web06.webtohosting.dk\/wp-content\/uploads\/team1-300x193.jpg 300w, https:\/\/gisselfeld-kloster.dk.web06.webtohosting.dk\/wp-content\/uploads\/team1-18x12.jpg 18w\" sizes=\"auto, (max-width: 305px) 100vw, 305px\" \/><\/div><\/div><\/figure><\/div><\/div><\/li><li class=\"kb-slide-item kb-gallery-carousel-item splide__slide\"><div class=\"kadence-blocks-gallery-item\"><div class=\"kadence-blocks-gallery-item-inner\"><figure class=\"kb-gallery-figure kadence-blocks-gallery-item-hide-caption\"><div class=\"kb-gal-image-radius\"><div class=\"kb-gallery-image-contain kadence-blocks-gallery-intrinsic kb-gallery-image-ratio-land32 kb-has-image-ratio-land32\" ><img loading=\"lazy\" decoding=\"async\" src=\"https:\/\/gisselfeld-kloster.dk.web06.webtohosting.dk\/wp-content\/uploads\/team5.jpg\" width=\"305\" height=\"196\" alt=\"\" data-full-image=\"https:\/\/gisselfeld-kloster.dk.web06.webtohosting.dk\/wp-content\/uploads\/team5.jpg\" data-light-image=\"https:\/\/gisselfeld-kloster.dk.web06.webtohosting.dk\/wp-content\/uploads\/team5.jpg\" data-id=\"2253\" class=\"wp-image-2253 skip-lazy\" srcset=\"https:\/\/gisselfeld-kloster.dk.web06.webtohosting.dk\/wp-content\/uploads\/team5.jpg 305w, https:\/\/gisselfeld-kloster.dk.web06.webtohosting.dk\/wp-content\/uploads\/team5-300x193.jpg 300w, https:\/\/gisselfeld-kloster.dk.web06.webtohosting.dk\/wp-content\/uploads\/team5-18x12.jpg 18w\" sizes=\"auto, (max-width: 305px) 100vw, 305px\" \/><\/div><\/div><\/figure><\/div><\/div><\/li><li class=\"kb-slide-item kb-gallery-carousel-item splide__slide\"><div class=\"kadence-blocks-gallery-item\"><div class=\"kadence-blocks-gallery-item-inner\"><figure class=\"kb-gallery-figure kadence-blocks-gallery-item-hide-caption\"><div class=\"kb-gal-image-radius\"><div class=\"kb-gallery-image-contain kadence-blocks-gallery-intrinsic kb-gallery-image-ratio-land32 kb-has-image-ratio-land32\" ><img loading=\"lazy\" decoding=\"async\" src=\"https:\/\/gisselfeld-kloster.dk.web06.webtohosting.dk\/wp-content\/uploads\/team4.jpg\" width=\"305\" height=\"196\" alt=\"\" data-full-image=\"https:\/\/gisselfeld-kloster.dk.web06.webtohosting.dk\/wp-content\/uploads\/team4.jpg\" data-light-image=\"https:\/\/gisselfeld-kloster.dk.web06.webtohosting.dk\/wp-content\/uploads\/team4.jpg\" data-id=\"2251\" class=\"wp-image-2251 skip-lazy\" srcset=\"https:\/\/gisselfeld-kloster.dk.web06.webtohosting.dk\/wp-content\/uploads\/team4.jpg 305w, https:\/\/gisselfeld-kloster.dk.web06.webtohosting.dk\/wp-content\/uploads\/team4-300x193.jpg 300w, https:\/\/gisselfeld-kloster.dk.web06.webtohosting.dk\/wp-content\/uploads\/team4-18x12.jpg 18w\" sizes=\"auto, (max-width: 305px) 100vw, 305px\" \/><\/div><\/div><\/figure><\/div><\/div><\/li><li class=\"kb-slide-item kb-gallery-carousel-item splide__slide\"><div class=\"kadence-blocks-gallery-item\"><div class=\"kadence-blocks-gallery-item-inner\"><figure class=\"kb-gallery-figure kadence-blocks-gallery-item-hide-caption\"><div class=\"kb-gal-image-radius\"><div class=\"kb-gallery-image-contain kadence-blocks-gallery-intrinsic kb-gallery-image-ratio-land32 kb-has-image-ratio-land32\" ><img loading=\"lazy\" decoding=\"async\" src=\"https:\/\/gisselfeld-kloster.dk.web06.webtohosting.dk\/wp-content\/uploads\/team2.jpg\" width=\"305\" height=\"196\" alt=\"\" data-full-image=\"https:\/\/gisselfeld-kloster.dk.web06.webtohosting.dk\/wp-content\/uploads\/team2.jpg\" data-light-image=\"https:\/\/gisselfeld-kloster.dk.web06.webtohosting.dk\/wp-content\/uploads\/team2.jpg\" data-id=\"2250\" class=\"wp-image-2250 skip-lazy\" srcset=\"https:\/\/gisselfeld-kloster.dk.web06.webtohosting.dk\/wp-content\/uploads\/team2.jpg 305w, https:\/\/gisselfeld-kloster.dk.web06.webtohosting.dk\/wp-content\/uploads\/team2-300x193.jpg 300w, https:\/\/gisselfeld-kloster.dk.web06.webtohosting.dk\/wp-content\/uploads\/team2-18x12.jpg 18w\" sizes=\"auto, (max-width: 305px) 100vw, 305px\" \/><\/div><\/div><\/figure><\/div><\/div><\/li><li class=\"kb-slide-item kb-gallery-carousel-item splide__slide\"><div class=\"kadence-blocks-gallery-item\"><div class=\"kadence-blocks-gallery-item-inner\"><figure class=\"kb-gallery-figure kadence-blocks-gallery-item-hide-caption\"><div class=\"kb-gal-image-radius\"><div class=\"kb-gallery-image-contain kadence-blocks-gallery-intrinsic kb-gallery-image-ratio-land32 kb-has-image-ratio-land32\" ><img loading=\"lazy\" decoding=\"async\" src=\"https:\/\/gisselfeld-kloster.dk.web06.webtohosting.dk\/wp-content\/uploads\/team3.jpg\" width=\"305\" height=\"196\" alt=\"\" data-full-image=\"https:\/\/gisselfeld-kloster.dk.web06.webtohosting.dk\/wp-content\/uploads\/team3.jpg\" data-light-image=\"https:\/\/gisselfeld-kloster.dk.web06.webtohosting.dk\/wp-content\/uploads\/team3.jpg\" data-id=\"2252\" class=\"wp-image-2252 skip-lazy\" srcset=\"https:\/\/gisselfeld-kloster.dk.web06.webtohosting.dk\/wp-content\/uploads\/team3.jpg 305w, https:\/\/gisselfeld-kloster.dk.web06.webtohosting.dk\/wp-content\/uploads\/team3-300x193.jpg 300w, https:\/\/gisselfeld-kloster.dk.web06.webtohosting.dk\/wp-content\/uploads\/team3-18x12.jpg 18w\" sizes=\"auto, (max-width: 305px) 100vw, 305px\" \/><\/div><\/div><\/figure><\/div><\/div><\/li><\/ul><\/div><\/div><\/div><\/div><\/div><\/div>\n\n<\/div><\/div>\n\n<style>.kb-row-layout-id990_5b512a-67 > .kt-row-column-wrap{align-content:start;}:where(.kb-row-layout-id990_5b512a-67 > .kt-row-column-wrap) > .wp-block-kadence-column{justify-content:start;}.kb-row-layout-id990_5b512a-67 > .kt-row-column-wrap{column-gap:var(--global-kb-gap-lg, 4rem);row-gap:var(--global-kb-gap-lg, 4rem);max-width:var( --global-content-width, 1550px );padding-left:var(--global-content-edge-padding);padding-right:var(--global-content-edge-padding);padding-top:var(--global-kb-spacing-3xl, 6.5rem);padding-bottom:var(--global-kb-spacing-3xl, 6.5rem);grid-template-columns:minmax(0, calc(50% - ((var(--global-kb-gap-lg, 4rem) * 1 )\/2)))minmax(0, calc(50% - ((var(--global-kb-gap-lg, 4rem) * 1 )\/2)));}.kb-row-layout-id990_5b512a-67 > .kt-row-layout-overlay{opacity:0.30;}@media all and (max-width: 1024px){.kb-row-layout-id990_5b512a-67 > .kt-row-column-wrap{column-gap:var(--global-kb-gap-md, 2rem);row-gap:var(--global-kb-gap-md, 2rem);padding-top:var(--global-kb-spacing-xl, 4rem);padding-bottom:var(--global-kb-spacing-xl, 4rem);grid-template-columns:repeat(2, minmax(0, 1fr));}}@media all and (max-width: 767px){.kb-row-layout-id990_5b512a-67 > .kt-row-column-wrap{column-gap:var(--global-kb-gap-md, 2rem);row-gap:var(--global-kb-gap-md, 2rem);padding-top:var(--global-kb-spacing-lg, 3rem);padding-bottom:var(--global-kb-spacing-lg, 3rem);grid-template-columns:minmax(0, 1fr);}}<\/style><div class=\"kb-row-layout-wrap kb-row-layout-id990_5b512a-67 alignnone has-theme-palette7-background-color kt-row-has-bg wp-block-kadence-rowlayout\"><div class=\"kt-row-column-wrap kt-has-2-columns kt-row-layout-equal kt-tab-layout-inherit kt-mobile-layout-row kt-row-valign-top kb-theme-content-width\">\n<style>.kadence-column990_e4ddc8-b9 > .kt-inside-inner-col{display:flex;}.kadence-column990_e4ddc8-b9 > .kt-inside-inner-col,.kadence-column990_e4ddc8-b9 > .kt-inside-inner-col:before{border-top-left-radius:0px;border-top-right-radius:0px;border-bottom-right-radius:0px;border-bottom-left-radius:0px;}.kadence-column990_e4ddc8-b9 > .kt-inside-inner-col{row-gap:var(--global-kb-gap-md, 2rem);column-gap:var(--global-kb-gap-sm, 1rem);}.kadence-column990_e4ddc8-b9 > .kt-inside-inner-col{flex-direction:column;justify-content:flex-start;align-items:flex-start;}.kadence-column990_e4ddc8-b9 > .kt-inside-inner-col > .kb-image-is-ratio-size{align-self:stretch;}.kadence-column990_e4ddc8-b9 > .kt-inside-inner-col > .wp-block-kadence-advancedgallery{align-self:stretch;}.kadence-column990_e4ddc8-b9 > .kt-inside-inner-col > .aligncenter{width:100%;}.kt-row-column-wrap > .kadence-column990_e4ddc8-b9{align-self:flex-start;}.kt-inner-column-height-full:not(.kt-has-1-columns) > .wp-block-kadence-column.kadence-column990_e4ddc8-b9{align-self:auto;}.kt-inner-column-height-full:not(.kt-has-1-columns) > .wp-block-kadence-column.kadence-column990_e4ddc8-b9 > .kt-inside-inner-col{flex-direction:column;justify-content:flex-start;}.kadence-column990_e4ddc8-b9 > .kt-inside-inner-col:before{opacity:0.3;}.kadence-column990_e4ddc8-b9{position:relative;}@media all and (max-width: 1024px){.kt-row-column-wrap > .kadence-column990_e4ddc8-b9{align-self:flex-start;}}@media all and (max-width: 1024px){.kt-inner-column-height-full:not(.kt-has-1-columns) > .wp-block-kadence-column.kadence-column990_e4ddc8-b9{align-self:auto;}}@media all and (max-width: 1024px){.kt-inner-column-height-full:not(.kt-has-1-columns) > .wp-block-kadence-column.kadence-column990_e4ddc8-b9 > .kt-inside-inner-col{flex-direction:column;justify-content:flex-start;}}@media all and (max-width: 1024px){.kadence-column990_e4ddc8-b9 > .kt-inside-inner-col{flex-direction:column;justify-content:flex-start;align-items:flex-start;}}@media all and (max-width: 767px){.kt-row-column-wrap > .kadence-column990_e4ddc8-b9{align-self:flex-start;}.kt-inner-column-height-full:not(.kt-has-1-columns) > .wp-block-kadence-column.kadence-column990_e4ddc8-b9{align-self:auto;}.kt-inner-column-height-full:not(.kt-has-1-columns) > .wp-block-kadence-column.kadence-column990_e4ddc8-b9 > .kt-inside-inner-col{flex-direction:column;justify-content:flex-start;}.kadence-column990_e4ddc8-b9 > .kt-inside-inner-col{flex-direction:column;justify-content:flex-start;align-items:flex-start;}}<\/style>\n<div class=\"wp-block-kadence-column kadence-column990_e4ddc8-b9 kb-section-dir-vertical\"><div class=\"kt-inside-inner-col\"><style>.wp-block-kadence-advancedheading.kt-adv-heading990_3d33f7-54, .wp-block-kadence-advancedheading.kt-adv-heading990_3d33f7-54[data-kb-block=\"kb-adv-heading990_3d33f7-54\"]{font-size:var(--global-kb-font-size-xl, 3rem);font-style:normal;}.wp-block-kadence-advancedheading.kt-adv-heading990_3d33f7-54 mark.kt-highlight, .wp-block-kadence-advancedheading.kt-adv-heading990_3d33f7-54[data-kb-block=\"kb-adv-heading990_3d33f7-54\"] mark.kt-highlight{font-style:normal;color:#f76a0c;-webkit-box-decoration-break:clone;box-decoration-break:clone;padding-top:0px;padding-right:0px;padding-bottom:0px;padding-left:0px;}.wp-block-kadence-advancedheading.kt-adv-heading990_3d33f7-54 img.kb-inline-image, .wp-block-kadence-advancedheading.kt-adv-heading990_3d33f7-54[data-kb-block=\"kb-adv-heading990_3d33f7-54\"] img.kb-inline-image{width:150px;vertical-align:baseline;}<\/style>\n<h2 class=\"kt-adv-heading990_3d33f7-54 wp-block-kadence-advancedheading\" data-kb-block=\"kb-adv-heading990_3d33f7-54\">Helt t\u00e6t p\u00e5 kulturhistorien<\/h2>\n\n\n<style>.wp-block-kadence-advancedbtn.kb-btns990_c4fcc9-7d{gap:var(--global-kb-gap-xs, 0.5rem );justify-content:flex-start;align-items:center;}.kt-btns990_c4fcc9-7d .kt-button{font-weight:normal;font-style:normal;}.kt-btns990_c4fcc9-7d .kt-btn-wrap-0{margin-right:5px;}.wp-block-kadence-advancedbtn.kt-btns990_c4fcc9-7d .kt-btn-wrap-0 .kt-button{color:#555555;border-color:#555555;}.wp-block-kadence-advancedbtn.kt-btns990_c4fcc9-7d .kt-btn-wrap-0 .kt-button:hover, .wp-block-kadence-advancedbtn.kt-btns990_c4fcc9-7d .kt-btn-wrap-0 .kt-button:focus{color:#ffffff;border-color:#444444;}.wp-block-kadence-advancedbtn.kt-btns990_c4fcc9-7d .kt-btn-wrap-0 .kt-button::before{display:none;}.wp-block-kadence-advancedbtn.kt-btns990_c4fcc9-7d .kt-btn-wrap-0 .kt-button:hover, .wp-block-kadence-advancedbtn.kt-btns990_c4fcc9-7d .kt-btn-wrap-0 .kt-button:focus{background:#444444;}<\/style>\n<div class=\"wp-block-kadence-advancedbtn kb-buttons-wrap kb-btns990_c4fcc9-7d\"><style>ul.menu .wp-block-kadence-advancedbtn .kb-btn990_d9980b-71.kb-button{width:initial;}<\/style><a class=\"kb-button kt-button button kb-btn990_d9980b-71 kt-btn-size-standard kt-btn-width-type-auto kb-btn-global-inherit  kt-btn-has-text-true kt-btn-has-svg-false  wp-block-button__link wp-block-kadence-singlebtn\" href=\"https:\/\/gisselfeld-kloster.dk.web06.webtohosting.dk\/event-fest\/konferencer\/\"><span class=\"kt-btn-inner-text\">Vores konferencer<\/span><\/a><\/div>\n<\/div><\/div>\n\n\n<style>.kadence-column990_8747c9-92 > .kt-inside-inner-col,.kadence-column990_8747c9-92 > .kt-inside-inner-col:before{border-top-left-radius:0px;border-top-right-radius:0px;border-bottom-right-radius:0px;border-bottom-left-radius:0px;}.kadence-column990_8747c9-92 > .kt-inside-inner-col{column-gap:var(--global-kb-gap-sm, 1rem);}.kadence-column990_8747c9-92 > .kt-inside-inner-col{flex-direction:column;}.kadence-column990_8747c9-92 > .kt-inside-inner-col > .aligncenter{width:100%;}.kadence-column990_8747c9-92 > .kt-inside-inner-col:before{opacity:0.3;}.kadence-column990_8747c9-92{position:relative;}@media all and (max-width: 1024px){.kadence-column990_8747c9-92 > .kt-inside-inner-col{flex-direction:column;justify-content:center;}}@media all and (max-width: 767px){.kadence-column990_8747c9-92 > .kt-inside-inner-col{flex-direction:column;justify-content:center;}}<\/style>\n<div class=\"wp-block-kadence-column kadence-column990_8747c9-92\"><div class=\"kt-inside-inner-col\">\n<p>Gisselfeld Kloster adskiller sig ved de varierede natursk\u00f8nne omgivelser i skov og land, den unikke historiske atmosf\u00e6re og ikke mindst den eventyrlige slotspark. I vil opleve stor fleksibilitet i forhold til jeres \u00f8nsker, og stedet kan rumme alt fra mindre m\u00f8der til de helt store arrangementer med op til 10.000 deltagere &#8211; herunder firmafester, m\u00f8der, kurser, konferencer, messer og udstillinger.<\/p>\n\n\n\n<p>Gisselfeld Kloster tilbyder i samarbejde med eksterne udbydere at arrangere kurser, teambuilding, rollespil og andre aktiviteter. De unikke omgivelser g\u00f8r det ligeledes muligt at indl\u00e6gge fisketure eller andre naturoplevelser i programmet for jeres arrangement. De smukke bygninger giver rig mulighed for at nyde kulturhistorien &#8211; og samtidig n\u00e5 de m\u00e5l, I har for jeres event.<\/p>\n<\/div><\/div>\n\n<\/div><\/div>","protected":false},"excerpt":{"rendered":"<p>Det perfekte m\u00f8dested Lad jer inspirere til en dag med fuld fart p\u00e5 oplevelserne eller stille fordybelse. Gisselfeld Klosters fantastiske inden- og udend\u00f8rs rammer, integreret med erfaring og stor know how, garanterer jer et vellykket arrangement. Uanset om I planl\u00e6gger den store messe, en firmafest, m\u00f8der, teambuilding eller eventyrlige aktiviteter, er Gisselfeld Kloster en professionel&#8230;<\/p>","protected":false},"author":1,"featured_media":0,"parent":988,"menu_order":3,"comment_status":"closed","ping_status":"closed","template":"","meta":{"_acf_changed":false,"inline_featured_image":false,"_kad_blocks_custom_css":"","_kad_blocks_head_custom_js":"","_kad_blocks_body_custom_js":"","_kad_blocks_footer_custom_js":"","_kad_post_transparent":"","_kad_post_title":"","_kad_post_layout":"","_kad_post_sidebar_id":"","_kad_post_content_style":"","_kad_post_vertical_padding":"","_kad_post_feature":"","_kad_post_feature_position":"","_kad_post_header":false,"_kad_post_footer":false,"_kad_post_classname":"","footnotes":""},"class_list":["post-990","page","type-page","status-publish","hentry"],"acf":[],"taxonomy_info":[],"featured_image_src_large":false,"author_info":{"display_name":"webto","author_link":"https:\/\/gisselfeld-kloster.dk.web06.webtohosting.dk\/en\/author\/webto\/"},"comment_info":0,"_links":{"self":[{"href":"https:\/\/gisselfeld-kloster.dk.web06.webtohosting.dk\/en\/wp-json\/wp\/v2\/pages\/990","targetHints":{"allow":["GET"]}}],"collection":[{"href":"https:\/\/gisselfeld-kloster.dk.web06.webtohosting.dk\/en\/wp-json\/wp\/v2\/pages"}],"about":[{"href":"https:\/\/gisselfeld-kloster.dk.web06.webtohosting.dk\/en\/wp-json\/wp\/v2\/types\/page"}],"author":[{"embeddable":true,"href":"https:\/\/gisselfeld-kloster.dk.web06.webtohosting.dk\/en\/wp-json\/wp\/v2\/users\/1"}],"replies":[{"embeddable":true,"href":"https:\/\/gisselfeld-kloster.dk.web06.webtohosting.dk\/en\/wp-json\/wp\/v2\/comments?post=990"}],"version-history":[{"count":4,"href":"https:\/\/gisselfeld-kloster.dk.web06.webtohosting.dk\/en\/wp-json\/wp\/v2\/pages\/990\/revisions"}],"predecessor-version":[{"id":2257,"href":"https:\/\/gisselfeld-kloster.dk.web06.webtohosting.dk\/en\/wp-json\/wp\/v2\/pages\/990\/revisions\/2257"}],"up":[{"embeddable":true,"href":"https:\/\/gisselfeld-kloster.dk.web06.webtohosting.dk\/en\/wp-json\/wp\/v2\/pages\/988"}],"wp:attachment":[{"href":"https:\/\/gisselfeld-kloster.dk.web06.webtohosting.dk\/en\/wp-json\/wp\/v2\/media?parent=990"}],"curies":[{"name":"wp","href":"https:\/\/api.w.org\/{rel}","templated":true}]}}