{"id":1025,"date":"2026-02-23T14:49:17","date_gmt":"2026-02-23T13:49:17","guid":{"rendered":"https:\/\/gisselfeld-kloster.dk.web06.webtohosting.dk\/se-aabningstider\/"},"modified":"2026-03-25T17:32:03","modified_gmt":"2026-03-25T16:32:03","slug":"se-aabningstider","status":"publish","type":"page","link":"https:\/\/gisselfeld-kloster.dk.web06.webtohosting.dk\/en\/se-aabningstider\/","title":{"rendered":"Se \u00e5bningstider"},"content":{"rendered":"<style>.kb-row-layout-id1025_8aa833-f6 > .kt-row-column-wrap{align-content:start;}:where(.kb-row-layout-id1025_8aa833-f6 > .kt-row-column-wrap) > .wp-block-kadence-column{justify-content:start;}.kb-row-layout-id1025_8aa833-f6 > .kt-row-column-wrap{column-gap:var(--global-kb-gap-lg, 4rem);row-gap:var(--global-kb-gap-lg, 4rem);max-width:var( --global-content-width, 1550px );padding-left:var(--global-content-edge-padding);padding-right:var(--global-content-edge-padding);padding-top:var(--global-kb-spacing-3xl, 6.5rem);padding-bottom:var(--global-kb-spacing-3xl, 6.5rem);grid-template-columns:repeat(2, minmax(0, 1fr));}.kb-row-layout-id1025_8aa833-f6 > .kt-row-layout-overlay{opacity:0.30;}@media all and (max-width: 1024px){.kb-row-layout-id1025_8aa833-f6 > .kt-row-column-wrap{column-gap:var(--global-kb-gap-md, 2rem);row-gap:var(--global-kb-gap-md, 2rem);padding-top:var(--global-kb-spacing-xl, 4rem);padding-bottom:var(--global-kb-spacing-xl, 4rem);grid-template-columns:repeat(2, minmax(0, 1fr));}}@media all and (max-width: 767px){.kb-row-layout-id1025_8aa833-f6 > .kt-row-column-wrap{column-gap:var(--global-kb-gap-md, 2rem);row-gap:var(--global-kb-gap-md, 2rem);padding-top:var(--global-kb-spacing-lg, 3rem);padding-bottom:var(--global-kb-spacing-lg, 3rem);grid-template-columns:minmax(0, 1fr);}}<\/style><div class=\"kb-row-layout-wrap kb-row-layout-id1025_8aa833-f6 alignnone wp-block-kadence-rowlayout\"><div class=\"kt-row-column-wrap kt-has-2-columns kt-row-layout-equal kt-tab-layout-inherit kt-mobile-layout-row kt-row-valign-top kt-inner-column-height-full kb-theme-content-width\">\n<style>.kadence-column1025_67e39a-b7 > .kt-inside-inner-col,.kadence-column1025_67e39a-b7 > .kt-inside-inner-col:before{border-top-left-radius:0px;border-top-right-radius:0px;border-bottom-right-radius:0px;border-bottom-left-radius:0px;}.kadence-column1025_67e39a-b7 > .kt-inside-inner-col{column-gap:var(--global-kb-gap-sm, 1rem);}.kadence-column1025_67e39a-b7 > .kt-inside-inner-col{flex-direction:column;}.kadence-column1025_67e39a-b7 > .kt-inside-inner-col > .aligncenter{width:100%;}.kadence-column1025_67e39a-b7 > .kt-inside-inner-col:before{opacity:0.3;}.kadence-column1025_67e39a-b7{position:relative;}@media all and (max-width: 1024px){.kadence-column1025_67e39a-b7 > .kt-inside-inner-col{flex-direction:column;justify-content:center;}}@media all and (max-width: 767px){.kadence-column1025_67e39a-b7 > .kt-inside-inner-col{flex-direction:column;justify-content:center;}}<\/style>\n<div class=\"wp-block-kadence-column kadence-column1025_67e39a-b7\"><div class=\"kt-inside-inner-col\"><style>.wp-block-kadence-advancedheading.kt-adv-heading1025_e4f882-0d, .wp-block-kadence-advancedheading.kt-adv-heading1025_e4f882-0d[data-kb-block=\"kb-adv-heading1025_e4f882-0d\"]{font-size:var(--global-kb-font-size-xl, 3rem);font-style:normal;}.wp-block-kadence-advancedheading.kt-adv-heading1025_e4f882-0d mark.kt-highlight, .wp-block-kadence-advancedheading.kt-adv-heading1025_e4f882-0d[data-kb-block=\"kb-adv-heading1025_e4f882-0d\"] mark.kt-highlight{font-style:normal;color:#f76a0c;-webkit-box-decoration-break:clone;box-decoration-break:clone;padding-top:0px;padding-right:0px;padding-bottom:0px;padding-left:0px;}.wp-block-kadence-advancedheading.kt-adv-heading1025_e4f882-0d img.kb-inline-image, .wp-block-kadence-advancedheading.kt-adv-heading1025_e4f882-0d[data-kb-block=\"kb-adv-heading1025_e4f882-0d\"] img.kb-inline-image{width:150px;vertical-align:baseline;}<\/style>\n<h2 class=\"kt-adv-heading1025_e4f882-0d wp-block-kadence-advancedheading\" data-kb-block=\"kb-adv-heading1025_e4f882-0d\">\u00c5bningstider 2026<\/h2>\n\n\n\n<p>Gisselfeld Slotspark \u00e5bner igen den 2. april<\/p>\n\n\n\n<p>APRIL:<br>Den 2.-6. april: \u00c5ben kl. 10-17 inkl. 2. P\u00e5skedag<br>Resten af april: \u00c5ben fredage til s\u00f8ndage kl. 10-17<\/p>\n\n\n\n<p>MAJ:<br>Den 1.-3. maj: \u00c5ben kl. 10-17<br>Den 8.-10. maj: Livsstilsmesse i Parken \/ s\u00e6rarrangement<br>Resten af maj: \u00c5ben torsdage til s\u00f8ndage kl. 10-17<\/p>\n\n\n\n<p>JUNI:<br>1.-14. juni: \u00c5ben torsdage til s\u00f8ndage kl. 10-17<br>15.-28. juni: \u00c5ben alle dage undt. mandage kl. 10-17<\/p>\n\n\n\n<p>Alle \u00f8vrige dage = Lukket<\/p>\n\n\n\n<p>G\u00e5 til Begivenheder <a href=\"\/begivenheder\/\">HER<\/a><\/p>\n<\/div><\/div>\n\n\n<style>.kadence-column1025_45ee5b-75 > .kt-inside-inner-col,.kadence-column1025_45ee5b-75 > .kt-inside-inner-col:before{border-top-left-radius:0px;border-top-right-radius:0px;border-bottom-right-radius:0px;border-bottom-left-radius:0px;}.kadence-column1025_45ee5b-75 > .kt-inside-inner-col{column-gap:var(--global-kb-gap-sm, 1rem);}.kadence-column1025_45ee5b-75 > .kt-inside-inner-col{flex-direction:column;}.kadence-column1025_45ee5b-75 > .kt-inside-inner-col > .aligncenter{width:100%;}.kadence-column1025_45ee5b-75 > .kt-inside-inner-col{background-image:url('https:\/\/gisselfeld-kloster.dk.web06.webtohosting.dk\/wp-content\/uploads\/Forar174.jpg');background-size:cover;background-position:8% 72%;background-attachment:scroll;background-repeat:no-repeat;}.kadence-column1025_45ee5b-75 > .kt-inside-inner-col:before{opacity:0.3;}.kadence-column1025_45ee5b-75{position:relative;}@media all and (max-width: 1024px){.kadence-column1025_45ee5b-75 > .kt-inside-inner-col{flex-direction:column;justify-content:center;}}@media all and (max-width: 767px){.kadence-column1025_45ee5b-75 > .kt-inside-inner-col{flex-direction:column;justify-content:center;}}<\/style>\n<div class=\"wp-block-kadence-column kadence-column1025_45ee5b-75\"><div class=\"kt-inside-inner-col\"><\/div><\/div>\n\n<\/div><\/div>","protected":false},"excerpt":{"rendered":"<p>\u00c5bningstider 2026 Gisselfeld Slotspark \u00e5bner igen den 2. april APRIL:Den 2.-6. april: \u00c5ben kl. 10-17 inkl. 2. P\u00e5skedagResten af april: \u00c5ben fredage til s\u00f8ndage kl. 10-17 MAJ:Den 1.-3. maj: \u00c5ben kl. 10-17Den 8.-10. maj: Livsstilsmesse i Parken \/ s\u00e6rarrangementResten af maj: \u00c5ben torsdage til s\u00f8ndage kl. 10-17 JUNI:1.-14. juni: \u00c5ben torsdage til s\u00f8ndage kl. 10-1715.-28&#8230;.<\/p>","protected":false},"author":1,"featured_media":0,"parent":0,"menu_order":38,"comment_status":"closed","ping_status":"closed","template":"","meta":{"_acf_changed":false,"inline_featured_image":false,"_kad_blocks_custom_css":"","_kad_blocks_head_custom_js":"","_kad_blocks_body_custom_js":"","_kad_blocks_footer_custom_js":"","_kad_post_transparent":"","_kad_post_title":"","_kad_post_layout":"","_kad_post_sidebar_id":"","_kad_post_content_style":"","_kad_post_vertical_padding":"","_kad_post_feature":"","_kad_post_feature_position":"","_kad_post_header":false,"_kad_post_footer":false,"_kad_post_classname":"","footnotes":""},"class_list":["post-1025","page","type-page","status-publish","hentry"],"acf":[],"taxonomy_info":[],"featured_image_src_large":false,"author_info":{"display_name":"webto","author_link":"https:\/\/gisselfeld-kloster.dk.web06.webtohosting.dk\/en\/author\/webto\/"},"comment_info":0,"_links":{"self":[{"href":"https:\/\/gisselfeld-kloster.dk.web06.webtohosting.dk\/en\/wp-json\/wp\/v2\/pages\/1025","targetHints":{"allow":["GET"]}}],"collection":[{"href":"https:\/\/gisselfeld-kloster.dk.web06.webtohosting.dk\/en\/wp-json\/wp\/v2\/pages"}],"about":[{"href":"https:\/\/gisselfeld-kloster.dk.web06.webtohosting.dk\/en\/wp-json\/wp\/v2\/types\/page"}],"author":[{"embeddable":true,"href":"https:\/\/gisselfeld-kloster.dk.web06.webtohosting.dk\/en\/wp-json\/wp\/v2\/users\/1"}],"replies":[{"embeddable":true,"href":"https:\/\/gisselfeld-kloster.dk.web06.webtohosting.dk\/en\/wp-json\/wp\/v2\/comments?post=1025"}],"version-history":[{"count":2,"href":"https:\/\/gisselfeld-kloster.dk.web06.webtohosting.dk\/en\/wp-json\/wp\/v2\/pages\/1025\/revisions"}],"predecessor-version":[{"id":2323,"href":"https:\/\/gisselfeld-kloster.dk.web06.webtohosting.dk\/en\/wp-json\/wp\/v2\/pages\/1025\/revisions\/2323"}],"wp:attachment":[{"href":"https:\/\/gisselfeld-kloster.dk.web06.webtohosting.dk\/en\/wp-json\/wp\/v2\/media?parent=1025"}],"curies":[{"name":"wp","href":"https:\/\/api.w.org\/{rel}","templated":true}]}}