{"id":1023,"date":"2026-02-23T14:49:16","date_gmt":"2026-02-23T13:49:16","guid":{"rendered":"https:\/\/gisselfeld-kloster.dk.web06.webtohosting.dk\/destination-gisselfeld\/"},"modified":"2026-03-25T17:47:18","modified_gmt":"2026-03-25T16:47:18","slug":"destination-gisselfeld","status":"publish","type":"page","link":"https:\/\/gisselfeld-kloster.dk.web06.webtohosting.dk\/en\/destination-gisselfeld\/","title":{"rendered":"Destination Gisselfeld"},"content":{"rendered":"<style>.kb-row-layout-id1023_06ded5-0f > .kt-row-column-wrap{align-content:start;}:where(.kb-row-layout-id1023_06ded5-0f > .kt-row-column-wrap) > .wp-block-kadence-column{justify-content:start;}.kb-row-layout-id1023_06ded5-0f > .kt-row-column-wrap{column-gap:var(--global-kb-gap-lg, 4rem);row-gap:var(--global-kb-gap-lg, 4rem);max-width:var( --global-content-width, 1550px );padding-left:var(--global-content-edge-padding);padding-right:var(--global-content-edge-padding);padding-top:var(--global-kb-spacing-3xl, 6.5rem);padding-bottom:var(--global-kb-spacing-3xl, 6.5rem);grid-template-columns:repeat(2, minmax(0, 1fr));}.kb-row-layout-id1023_06ded5-0f > .kt-row-layout-overlay{opacity:0.30;}@media all and (max-width: 1024px){.kb-row-layout-id1023_06ded5-0f > .kt-row-column-wrap{column-gap:var(--global-kb-gap-md, 2rem);row-gap:var(--global-kb-gap-md, 2rem);padding-top:var(--global-kb-spacing-xl, 4rem);padding-bottom:var(--global-kb-spacing-xl, 4rem);grid-template-columns:repeat(2, minmax(0, 1fr));}}@media all and (max-width: 767px){.kb-row-layout-id1023_06ded5-0f > .kt-row-column-wrap{column-gap:var(--global-kb-gap-md, 2rem);row-gap:var(--global-kb-gap-md, 2rem);padding-top:var(--global-kb-spacing-lg, 3rem);padding-bottom:var(--global-kb-spacing-lg, 3rem);grid-template-columns:minmax(0, 1fr);}}<\/style><div class=\"kb-row-layout-wrap kb-row-layout-id1023_06ded5-0f alignnone wp-block-kadence-rowlayout\"><div class=\"kt-row-column-wrap kt-has-2-columns kt-row-layout-equal kt-tab-layout-inherit kt-mobile-layout-row kt-row-valign-top kb-theme-content-width\">\n<style>.kadence-column1023_8b0ae4-8a > .kt-inside-inner-col,.kadence-column1023_8b0ae4-8a > .kt-inside-inner-col:before{border-top-left-radius:0px;border-top-right-radius:0px;border-bottom-right-radius:0px;border-bottom-left-radius:0px;}.kadence-column1023_8b0ae4-8a > .kt-inside-inner-col{column-gap:var(--global-kb-gap-sm, 1rem);}.kadence-column1023_8b0ae4-8a > .kt-inside-inner-col{flex-direction:column;}.kadence-column1023_8b0ae4-8a > .kt-inside-inner-col > .aligncenter{width:100%;}.kadence-column1023_8b0ae4-8a > .kt-inside-inner-col:before{opacity:0.3;}.kadence-column1023_8b0ae4-8a{position:relative;}@media all and (max-width: 1024px){.kadence-column1023_8b0ae4-8a > .kt-inside-inner-col{flex-direction:column;justify-content:center;}}@media all and (max-width: 767px){.kadence-column1023_8b0ae4-8a > .kt-inside-inner-col{flex-direction:column;justify-content:center;}}<\/style>\n<div class=\"wp-block-kadence-column kadence-column1023_8b0ae4-8a\"><div class=\"kt-inside-inner-col\"><style>.wp-block-kadence-advancedheading.kt-adv-heading1023_662a7b-3c, .wp-block-kadence-advancedheading.kt-adv-heading1023_662a7b-3c[data-kb-block=\"kb-adv-heading1023_662a7b-3c\"]{font-size:var(--global-kb-font-size-xl, 3rem);font-style:normal;}.wp-block-kadence-advancedheading.kt-adv-heading1023_662a7b-3c mark.kt-highlight, .wp-block-kadence-advancedheading.kt-adv-heading1023_662a7b-3c[data-kb-block=\"kb-adv-heading1023_662a7b-3c\"] mark.kt-highlight{font-style:normal;color:#f76a0c;-webkit-box-decoration-break:clone;box-decoration-break:clone;padding-top:0px;padding-right:0px;padding-bottom:0px;padding-left:0px;}.wp-block-kadence-advancedheading.kt-adv-heading1023_662a7b-3c img.kb-inline-image, .wp-block-kadence-advancedheading.kt-adv-heading1023_662a7b-3c[data-kb-block=\"kb-adv-heading1023_662a7b-3c\"] img.kb-inline-image{width:150px;vertical-align:baseline;}<\/style>\n<h2 class=\"kt-adv-heading1023_662a7b-3c wp-block-kadence-advancedheading\" data-kb-block=\"kb-adv-heading1023_662a7b-3c\">Destination Gisselfeld &#8211; en bred vifte af oplevelser\u2026<\/h2>\n\n\n\n<p>Omr\u00e5det ved Gisselfeld Kloster er et helt unikt omr\u00e5de for natur- og kulturhistorie, gastronomi, \u00e6stetik og arkitektur. En unik fort\u00e6lling om det der var engang, og det der stadig er. Alle akt\u00f8rer i Destination Gisselfeld har en tilknytning til Gisselfeld, og vi er anbefaler hver og een, n\u00e5r I alligevel er p\u00e5 disse kanter.<\/p>\n\n\n\n<p>Kombiner jeres bes\u00f8g hos os med en tur i Skovt\u00e5rnet p\u00e5 Skovt\u00e5rnsvej 1 hos <a href=\"https:\/\/www.facebook.com\/campadventuredk\/?__cft__[0]=AZUiOBHmrtcxaM6iTjfro8t-xUT1FQif8BezhR-FkyoU3H65mfPvuQHLwjYm1ObGMXZkj3p4aczb2Ih149t3zB3hKZZhGSme2gNdybQY0_dXopRSCFOVeLYzCwT0-_VQVtpYFitzXuSzQTW-JxGIePDzuEccwsbJCijxx_tQJwNoFAHPE2aQbcJmgtfjSa9J2jo&amp;__tn__=kK-R\" target=\"_blank\" rel=\"noreferrer noopener\">Camp Adventure<\/a>, et bes\u00f8g i Livsstilsbutikken <a href=\"https:\/\/www.facebook.com\/verasverdendk\/?__cft__[0]=AZUiOBHmrtcxaM6iTjfro8t-xUT1FQif8BezhR-FkyoU3H65mfPvuQHLwjYm1ObGMXZkj3p4aczb2Ih149t3zB3hKZZhGSme2gNdybQY0_dXopRSCFOVeLYzCwT0-_VQVtpYFitzXuSzQTW-JxGIePDzuEccwsbJCijxx_tQJwNoFAHPE2aQbcJmgtfjSa9J2jo&amp;__tn__=kK-R\" target=\"_blank\" rel=\"noreferrer noopener\">Veras Verden<\/a>, og samt Outdoor-butikken <a href=\"https:\/\/www.facebook.com\/verasverdendk\/?__cft__[0]=AZUiOBHmrtcxaM6iTjfro8t-xUT1FQif8BezhR-FkyoU3H65mfPvuQHLwjYm1ObGMXZkj3p4aczb2Ih149t3zB3hKZZhGSme2gNdybQY0_dXopRSCFOVeLYzCwT0-_VQVtpYFitzXuSzQTW-JxGIePDzuEccwsbJCijxx_tQJwNoFAHPE2aQbcJmgtfjSa9J2jo&amp;__tn__=kK-R\" target=\"_blank\" rel=\"noreferrer noopener\">Akeleje<\/a> p\u00e5 Hesede Hovedg\u00e5rd og nyd en frokost p\u00e5 <a href=\"https:\/\/www.facebook.com\/verasverdendk\/?__cft__[0]=AZUiOBHmrtcxaM6iTjfro8t-xUT1FQif8BezhR-FkyoU3H65mfPvuQHLwjYm1ObGMXZkj3p4aczb2Ih149t3zB3hKZZhGSme2gNdybQY0_dXopRSCFOVeLYzCwT0-_VQVtpYFitzXuSzQTW-JxGIePDzuEccwsbJCijxx_tQJwNoFAHPE2aQbcJmgtfjSa9J2jo&amp;__tn__=kK-R\" target=\"_blank\" rel=\"noreferrer noopener\">R\u00f8nnede Kro<\/a> eller <a href=\"https:\/\/www.facebook.com\/VillaGallina?__cft__[0]=AZUiOBHmrtcxaM6iTjfro8t-xUT1FQif8BezhR-FkyoU3H65mfPvuQHLwjYm1ObGMXZkj3p4aczb2Ih149t3zB3hKZZhGSme2gNdybQY0_dXopRSCFOVeLYzCwT0-_VQVtpYFitzXuSzQTW-JxGIePDzuEccwsbJCijxx_tQJwNoFAHPE2aQbcJmgtfjSa9J2jo&amp;__tn__=-]K-R\" target=\"_blank\" rel=\"noreferrer noopener\">Restaurant Villa-Gallina<\/a> (bordbestilling forud er et must). Alle steder ligger i behagelig k\u00f8reafstand fra Gisselfeld og <a href=\"https:\/\/www.facebook.com\/VillaGallina?__cft__[0]=AZUiOBHmrtcxaM6iTjfro8t-xUT1FQif8BezhR-FkyoU3H65mfPvuQHLwjYm1ObGMXZkj3p4aczb2Ih149t3zB3hKZZhGSme2gNdybQY0_dXopRSCFOVeLYzCwT0-_VQVtpYFitzXuSzQTW-JxGIePDzuEccwsbJCijxx_tQJwNoFAHPE2aQbcJmgtfjSa9J2jo&amp;__tn__=-]K-R\" target=\"_blank\" rel=\"noreferrer noopener\">Paradehuset &#8211; Orangeriet p\u00e5 Gisselfeld<\/a>.<\/p>\n\n\n\n<p>Vores omr\u00e5de har s\u00e5 meget at byde p\u00e5, s\u00e5 fordel evt. oplevelserne over 2 dage og nap en overnatning, mens du er her.<\/p>\n\n\n\n<p>Se fineste omtale af vores omr\u00e5de og steder, du kan bes\u00f8ge <a href=\"https:\/\/www.sydsjaellandmoen.dk\/destination-gisselfeld\" target=\"_blank\" rel=\"noreferrer noopener\">HER<\/a>.<\/p>\n\n\n\n<p>L\u00e6s meget mere om ARKITEKTUR, OPLEVELSER, OVERNATNING og SPISESTEDER P\u00c5 DG&#8217;s egen website <a href=\"http:\/\/destinationgisselfeld.dk\/\" target=\"_blank\" rel=\"noreferrer noopener\">HER<\/a><\/p>\n<\/div><\/div>\n\n\n<style>.kadence-column1023_896bbc-81 > .kt-inside-inner-col{display:flex;}.kadence-column1023_896bbc-81 > .kt-inside-inner-col,.kadence-column1023_896bbc-81 > .kt-inside-inner-col:before{border-top-left-radius:0px;border-top-right-radius:0px;border-bottom-right-radius:0px;border-bottom-left-radius:0px;}.kadence-column1023_896bbc-81 > .kt-inside-inner-col{column-gap:var(--global-kb-gap-sm, 1rem);}.kadence-column1023_896bbc-81 > .kt-inside-inner-col{flex-direction:column;align-items:center;}.kadence-column1023_896bbc-81 > .kt-inside-inner-col > .kb-image-is-ratio-size{align-self:stretch;}.kadence-column1023_896bbc-81 > .kt-inside-inner-col > .wp-block-kadence-advancedgallery{align-self:stretch;}.kadence-column1023_896bbc-81 > .kt-inside-inner-col > .aligncenter{width:100%;}.kadence-column1023_896bbc-81 > .kt-inside-inner-col:before{opacity:0.3;}.kadence-column1023_896bbc-81{position:relative;}@media all and (max-width: 1024px){.kadence-column1023_896bbc-81 > .kt-inside-inner-col{flex-direction:column;justify-content:center;align-items:center;}}@media all and (max-width: 767px){.kadence-column1023_896bbc-81 > .kt-inside-inner-col{flex-direction:column;justify-content:center;align-items:center;}}<\/style>\n<div class=\"wp-block-kadence-column kadence-column1023_896bbc-81 kb-section-dir-vertical\"><div class=\"kt-inside-inner-col\"><style>.kb-image1023_01ad62-56 .kb-image-has-overlay:after{opacity:0.3;}<\/style>\n<figure class=\"wp-block-kadence-image kb-image1023_01ad62-56 size-full\"><img loading=\"lazy\" decoding=\"async\" width=\"1003\" height=\"387\" src=\"https:\/\/gisselfeld-kloster.dk.web06.webtohosting.dk\/wp-content\/uploads\/24523.jpg\" alt=\"\" class=\"kb-img wp-image-2327\" srcset=\"https:\/\/gisselfeld-kloster.dk.web06.webtohosting.dk\/wp-content\/uploads\/24523.jpg 1003w, https:\/\/gisselfeld-kloster.dk.web06.webtohosting.dk\/wp-content\/uploads\/24523-300x116.jpg 300w, https:\/\/gisselfeld-kloster.dk.web06.webtohosting.dk\/wp-content\/uploads\/24523-768x296.jpg 768w, https:\/\/gisselfeld-kloster.dk.web06.webtohosting.dk\/wp-content\/uploads\/24523-18x7.jpg 18w\" sizes=\"auto, (max-width: 1003px) 100vw, 1003px\" \/><\/figure>\n\n\n<style>.kb-image1023_2d0ea0-fe .kb-image-has-overlay:after{opacity:0.3;}<\/style>\n<figure class=\"wp-block-kadence-image kb-image1023_2d0ea0-fe size-full\"><img loading=\"lazy\" decoding=\"async\" width=\"100\" height=\"100\" src=\"https:\/\/gisselfeld-kloster.dk.web06.webtohosting.dk\/wp-content\/uploads\/DG-gennemsigtigt-logo.jpg\" alt=\"\" class=\"kb-img wp-image-2162\" srcset=\"https:\/\/gisselfeld-kloster.dk.web06.webtohosting.dk\/wp-content\/uploads\/DG-gennemsigtigt-logo.jpg 100w, https:\/\/gisselfeld-kloster.dk.web06.webtohosting.dk\/wp-content\/uploads\/DG-gennemsigtigt-logo-12x12.jpg 12w\" sizes=\"auto, (max-width: 100px) 100vw, 100px\" \/><\/figure>\n<\/div><\/div>\n\n<\/div><\/div>","protected":false},"excerpt":{"rendered":"<p>Destination Gisselfeld &#8211; en bred vifte af oplevelser\u2026 Omr\u00e5det ved Gisselfeld Kloster er et helt unikt omr\u00e5de for natur- og kulturhistorie, gastronomi, \u00e6stetik og arkitektur. En unik fort\u00e6lling om det der var engang, og det der stadig er. Alle akt\u00f8rer i Destination Gisselfeld har en tilknytning til Gisselfeld, og vi er anbefaler hver og een,&#8230;<\/p>","protected":false},"author":1,"featured_media":0,"parent":0,"menu_order":36,"comment_status":"closed","ping_status":"closed","template":"","meta":{"_acf_changed":false,"inline_featured_image":false,"_kad_blocks_custom_css":"","_kad_blocks_head_custom_js":"","_kad_blocks_body_custom_js":"","_kad_blocks_footer_custom_js":"","_kad_post_transparent":"","_kad_post_title":"","_kad_post_layout":"","_kad_post_sidebar_id":"","_kad_post_content_style":"","_kad_post_vertical_padding":"","_kad_post_feature":"","_kad_post_feature_position":"","_kad_post_header":false,"_kad_post_footer":false,"_kad_post_classname":"","footnotes":""},"class_list":["post-1023","page","type-page","status-publish","hentry"],"acf":[],"taxonomy_info":[],"featured_image_src_large":false,"author_info":{"display_name":"webto","author_link":"https:\/\/gisselfeld-kloster.dk.web06.webtohosting.dk\/en\/author\/webto\/"},"comment_info":0,"_links":{"self":[{"href":"https:\/\/gisselfeld-kloster.dk.web06.webtohosting.dk\/en\/wp-json\/wp\/v2\/pages\/1023","targetHints":{"allow":["GET"]}}],"collection":[{"href":"https:\/\/gisselfeld-kloster.dk.web06.webtohosting.dk\/en\/wp-json\/wp\/v2\/pages"}],"about":[{"href":"https:\/\/gisselfeld-kloster.dk.web06.webtohosting.dk\/en\/wp-json\/wp\/v2\/types\/page"}],"author":[{"embeddable":true,"href":"https:\/\/gisselfeld-kloster.dk.web06.webtohosting.dk\/en\/wp-json\/wp\/v2\/users\/1"}],"replies":[{"embeddable":true,"href":"https:\/\/gisselfeld-kloster.dk.web06.webtohosting.dk\/en\/wp-json\/wp\/v2\/comments?post=1023"}],"version-history":[{"count":2,"href":"https:\/\/gisselfeld-kloster.dk.web06.webtohosting.dk\/en\/wp-json\/wp\/v2\/pages\/1023\/revisions"}],"predecessor-version":[{"id":2328,"href":"https:\/\/gisselfeld-kloster.dk.web06.webtohosting.dk\/en\/wp-json\/wp\/v2\/pages\/1023\/revisions\/2328"}],"wp:attachment":[{"href":"https:\/\/gisselfeld-kloster.dk.web06.webtohosting.dk\/en\/wp-json\/wp\/v2\/media?parent=1023"}],"curies":[{"name":"wp","href":"https:\/\/api.w.org\/{rel}","templated":true}]}}