{"id":1022,"date":"2026-02-23T14:49:16","date_gmt":"2026-02-23T13:49:16","guid":{"rendered":"https:\/\/gisselfeld-kloster.dk.web06.webtohosting.dk\/historie\/"},"modified":"2026-03-25T17:34:43","modified_gmt":"2026-03-25T16:34:43","slug":"historie","status":"publish","type":"page","link":"https:\/\/gisselfeld-kloster.dk.web06.webtohosting.dk\/en\/historie\/","title":{"rendered":"Historie"},"content":{"rendered":"<style>.kb-row-layout-id1022_f90093-92 > .kt-row-column-wrap{align-content:start;}:where(.kb-row-layout-id1022_f90093-92 > .kt-row-column-wrap) > .wp-block-kadence-column{justify-content:start;}.kb-row-layout-id1022_f90093-92 > .kt-row-column-wrap{column-gap:var(--global-kb-gap-lg, 4rem);row-gap:var(--global-kb-gap-lg, 4rem);max-width:var( --global-content-width, 1550px );padding-left:var(--global-content-edge-padding);padding-right:var(--global-content-edge-padding);padding-top:var(--global-kb-spacing-3xl, 6.5rem);padding-bottom:var(--global-kb-spacing-3xl, 6.5rem);grid-template-columns:repeat(2, minmax(0, 1fr));}.kb-row-layout-id1022_f90093-92 > .kt-row-layout-overlay{opacity:0.30;}@media all and (max-width: 1024px){.kb-row-layout-id1022_f90093-92 > .kt-row-column-wrap{column-gap:var(--global-kb-gap-md, 2rem);row-gap:var(--global-kb-gap-md, 2rem);padding-top:var(--global-kb-spacing-xl, 4rem);padding-bottom:var(--global-kb-spacing-xl, 4rem);grid-template-columns:repeat(2, minmax(0, 1fr));}}@media all and (max-width: 767px){.kb-row-layout-id1022_f90093-92 > .kt-row-column-wrap{column-gap:var(--global-kb-gap-md, 2rem);row-gap:var(--global-kb-gap-md, 2rem);padding-top:var(--global-kb-spacing-lg, 3rem);padding-bottom:var(--global-kb-spacing-lg, 3rem);grid-template-columns:minmax(0, 1fr);}}<\/style><div class=\"kb-row-layout-wrap kb-row-layout-id1022_f90093-92 alignnone wp-block-kadence-rowlayout\"><div class=\"kt-row-column-wrap kt-has-2-columns kt-row-layout-equal kt-tab-layout-inherit kt-mobile-layout-row kt-row-valign-top kt-inner-column-height-full kb-theme-content-width\">\n<style>.kadence-column1022_01c9d9-ae > .kt-inside-inner-col,.kadence-column1022_01c9d9-ae > .kt-inside-inner-col:before{border-top-left-radius:0px;border-top-right-radius:0px;border-bottom-right-radius:0px;border-bottom-left-radius:0px;}.kadence-column1022_01c9d9-ae > .kt-inside-inner-col{column-gap:var(--global-kb-gap-sm, 1rem);}.kadence-column1022_01c9d9-ae > .kt-inside-inner-col{flex-direction:column;}.kadence-column1022_01c9d9-ae > .kt-inside-inner-col > .aligncenter{width:100%;}.kadence-column1022_01c9d9-ae > .kt-inside-inner-col:before{opacity:0.3;}.kadence-column1022_01c9d9-ae{position:relative;}@media all and (max-width: 1024px){.kadence-column1022_01c9d9-ae > .kt-inside-inner-col{flex-direction:column;justify-content:center;}}@media all and (max-width: 767px){.kadence-column1022_01c9d9-ae > .kt-inside-inner-col{flex-direction:column;justify-content:center;}}<\/style>\n<div class=\"wp-block-kadence-column kadence-column1022_01c9d9-ae\"><div class=\"kt-inside-inner-col\"><style>.wp-block-kadence-advancedheading.kt-adv-heading1022_253eb3-01, .wp-block-kadence-advancedheading.kt-adv-heading1022_253eb3-01[data-kb-block=\"kb-adv-heading1022_253eb3-01\"]{font-size:var(--global-kb-font-size-xl, 3rem);font-style:normal;}.wp-block-kadence-advancedheading.kt-adv-heading1022_253eb3-01 mark.kt-highlight, .wp-block-kadence-advancedheading.kt-adv-heading1022_253eb3-01[data-kb-block=\"kb-adv-heading1022_253eb3-01\"] mark.kt-highlight{font-style:normal;color:#f76a0c;-webkit-box-decoration-break:clone;box-decoration-break:clone;padding-top:0px;padding-right:0px;padding-bottom:0px;padding-left:0px;}.wp-block-kadence-advancedheading.kt-adv-heading1022_253eb3-01 img.kb-inline-image, .wp-block-kadence-advancedheading.kt-adv-heading1022_253eb3-01[data-kb-block=\"kb-adv-heading1022_253eb3-01\"] img.kb-inline-image{width:150px;vertical-align:baseline;}<\/style>\n<h2 class=\"kt-adv-heading1022_253eb3-01 wp-block-kadence-advancedheading\" data-kb-block=\"kb-adv-heading1022_253eb3-01\">Store dramaer og stille hverdagsliv<\/h2>\n\n\n\n<p>M\u00e6rk det st\u00e6rke vingesus fra Gisselfelds fantastiske kulturhistorie. Her har der udspillet sig store dramaer og stille hverdagsliv siden opf\u00f8relsen i 1575. Og har man f\u00f8rst \u00e9n gang st\u00e5et p\u00e5 broen, der f\u00f8rer over til den m\u00e6gtige ridderborg, forst\u00e5r man, hvorfor skiftende kunstnere gennem \u00e5rhundreder igen og igen har bes\u00f8gt og skrevet om Gisselfeld.<\/p>\n\n\n<style>.wp-block-kadence-advancedheading.kt-adv-heading1022_6892f3-9a, .wp-block-kadence-advancedheading.kt-adv-heading1022_6892f3-9a[data-kb-block=\"kb-adv-heading1022_6892f3-9a\"]{font-size:var(--global-kb-font-size-lg, 2rem);font-style:normal;}.wp-block-kadence-advancedheading.kt-adv-heading1022_6892f3-9a mark.kt-highlight, .wp-block-kadence-advancedheading.kt-adv-heading1022_6892f3-9a[data-kb-block=\"kb-adv-heading1022_6892f3-9a\"] mark.kt-highlight{font-style:normal;color:#f76a0c;-webkit-box-decoration-break:clone;box-decoration-break:clone;padding-top:0px;padding-right:0px;padding-bottom:0px;padding-left:0px;}.wp-block-kadence-advancedheading.kt-adv-heading1022_6892f3-9a img.kb-inline-image, .wp-block-kadence-advancedheading.kt-adv-heading1022_6892f3-9a[data-kb-block=\"kb-adv-heading1022_6892f3-9a\"] img.kb-inline-image{width:150px;vertical-align:baseline;}<\/style>\n<h3 class=\"kt-adv-heading1022_6892f3-9a wp-block-kadence-advancedheading\" data-kb-block=\"kb-adv-heading1022_6892f3-9a\">Kunstnernes muse<\/h3>\n\n\n\n<p>Gennem tiderne har Gisselfeld Kloster haft en fremtr\u00e6dende position, og mange ber\u00f8mtheder har g\u00e6stet stedet. Det smukke herreg\u00e5rdslandskab har inspireret og tiltrukket kunstnere som f.eks. Bache, Thorvaldsen, Christian Winther og H.C. Andersen. D\u00e9t var her, at H.C. Andersen fik i\u00e9en til &#8220;Historien om en and&#8221;, som senere blev til &#8220;Den Grimme \u00c6lling&#8221;.<\/p>\n<\/div><\/div>\n\n\n<style>.kadence-column1022_548ed9-88 > .kt-inside-inner-col,.kadence-column1022_548ed9-88 > .kt-inside-inner-col:before{border-top-left-radius:0px;border-top-right-radius:0px;border-bottom-right-radius:0px;border-bottom-left-radius:0px;}.kadence-column1022_548ed9-88 > .kt-inside-inner-col{column-gap:var(--global-kb-gap-sm, 1rem);}.kadence-column1022_548ed9-88 > .kt-inside-inner-col{flex-direction:column;}.kadence-column1022_548ed9-88 > .kt-inside-inner-col > .aligncenter{width:100%;}.kadence-column1022_548ed9-88 > .kt-inside-inner-col{background-image:url('https:\/\/gisselfeld-kloster.dk.web06.webtohosting.dk\/wp-content\/uploads\/DS.jpg');background-size:cover;background-position:center center;background-attachment:scroll;background-repeat:no-repeat;}.kadence-column1022_548ed9-88 > .kt-inside-inner-col:before{opacity:0.3;}.kadence-column1022_548ed9-88{position:relative;}@media all and (max-width: 1024px){.kadence-column1022_548ed9-88 > .kt-inside-inner-col{flex-direction:column;justify-content:center;}}@media all and (max-width: 767px){.kadence-column1022_548ed9-88 > .kt-inside-inner-col{flex-direction:column;justify-content:center;}}<\/style>\n<div class=\"wp-block-kadence-column kadence-column1022_548ed9-88\"><div class=\"kt-inside-inner-col\"><\/div><\/div>\n\n<\/div><\/div>\n\n<style>.kb-row-layout-id1022_203e26-3e > .kt-row-column-wrap{align-content:start;}:where(.kb-row-layout-id1022_203e26-3e > .kt-row-column-wrap) > .wp-block-kadence-column{justify-content:start;}.kb-row-layout-id1022_203e26-3e > .kt-row-column-wrap{column-gap:var(--global-kb-gap-lg, 4rem);row-gap:var(--global-kb-gap-lg, 4rem);max-width:var( --global-content-width, 1550px );padding-left:var(--global-content-edge-padding);padding-right:var(--global-content-edge-padding);padding-top:var(--global-kb-spacing-3xl, 6.5rem);padding-bottom:var(--global-kb-spacing-3xl, 6.5rem);grid-template-columns:repeat(2, minmax(0, 1fr));}.kb-row-layout-id1022_203e26-3e > .kt-row-layout-overlay{opacity:0.30;}@media all and (max-width: 1024px){.kb-row-layout-id1022_203e26-3e > .kt-row-column-wrap{column-gap:var(--global-kb-gap-md, 2rem);row-gap:var(--global-kb-gap-md, 2rem);padding-top:var(--global-kb-spacing-xl, 4rem);padding-bottom:var(--global-kb-spacing-xl, 4rem);grid-template-columns:repeat(2, minmax(0, 1fr));}}@media all and (max-width: 767px){.kb-row-layout-id1022_203e26-3e > .kt-row-column-wrap{column-gap:var(--global-kb-gap-md, 2rem);row-gap:var(--global-kb-gap-md, 2rem);padding-top:var(--global-kb-spacing-lg, 3rem);padding-bottom:var(--global-kb-spacing-lg, 3rem);grid-template-columns:minmax(0, 1fr);}}<\/style><div class=\"kb-row-layout-wrap kb-row-layout-id1022_203e26-3e alignnone has-theme-palette8-background-color kt-row-has-bg wp-block-kadence-rowlayout\"><div class=\"kt-row-column-wrap kt-has-2-columns kt-row-layout-equal kt-tab-layout-inherit kt-mobile-layout-row kt-row-valign-top kb-theme-content-width\">\n<style>.kadence-column1022_c460ab-c8 > .kt-inside-inner-col,.kadence-column1022_c460ab-c8 > .kt-inside-inner-col:before{border-top-left-radius:0px;border-top-right-radius:0px;border-bottom-right-radius:0px;border-bottom-left-radius:0px;}.kadence-column1022_c460ab-c8 > .kt-inside-inner-col{column-gap:var(--global-kb-gap-sm, 1rem);}.kadence-column1022_c460ab-c8 > .kt-inside-inner-col{flex-direction:column;}.kadence-column1022_c460ab-c8 > .kt-inside-inner-col > .aligncenter{width:100%;}.kadence-column1022_c460ab-c8 > .kt-inside-inner-col:before{opacity:0.3;}.kadence-column1022_c460ab-c8{position:relative;}@media all and (max-width: 1024px){.kadence-column1022_c460ab-c8 > .kt-inside-inner-col{flex-direction:column;justify-content:center;}}@media all and (max-width: 767px){.kadence-column1022_c460ab-c8 > .kt-inside-inner-col{flex-direction:column;justify-content:center;}}<\/style>\n<div class=\"wp-block-kadence-column kadence-column1022_c460ab-c8\"><div class=\"kt-inside-inner-col\"><style>.wp-block-kadence-advancedheading.kt-adv-heading1022_12fd93-66, .wp-block-kadence-advancedheading.kt-adv-heading1022_12fd93-66[data-kb-block=\"kb-adv-heading1022_12fd93-66\"]{font-size:var(--global-kb-font-size-xl, 3rem);font-style:normal;}.wp-block-kadence-advancedheading.kt-adv-heading1022_12fd93-66 mark.kt-highlight, .wp-block-kadence-advancedheading.kt-adv-heading1022_12fd93-66[data-kb-block=\"kb-adv-heading1022_12fd93-66\"] mark.kt-highlight{font-style:normal;color:#f76a0c;-webkit-box-decoration-break:clone;box-decoration-break:clone;padding-top:0px;padding-right:0px;padding-bottom:0px;padding-left:0px;}.wp-block-kadence-advancedheading.kt-adv-heading1022_12fd93-66 img.kb-inline-image, .wp-block-kadence-advancedheading.kt-adv-heading1022_12fd93-66[data-kb-block=\"kb-adv-heading1022_12fd93-66\"] img.kb-inline-image{width:150px;vertical-align:baseline;}<\/style>\n<h2 class=\"kt-adv-heading1022_12fd93-66 wp-block-kadence-advancedheading\" data-kb-block=\"kb-adv-heading1022_12fd93-66\">En st\u00e6rk historie<\/h2>\n\n\n\n<p>Det nuv\u00e6rende Gisselfeld blev grundlagt af Peder Oxe, der var Rigshofmester (statsminister) og byggede borgen\/slottet fra 1547-1575. <\/p>\n\n\n\n<p>Efter Peder Oxes d\u00f8d overtog hans kone, Mette Rosenkrantz til Vall\u00f8, driften. Da hun d\u00f8de i 1588 overtog Peder Oxes s\u00f8sterdatter, Karen Banner, slottet. Hun giftede sig med Henrik Lykke til Overgaard, og Lykke-familien besad herefter Gisselfeld, indtil Kai Lykke i 1661 blev d\u00f8mt p\u00e5 liv, \u00e6re og gods p\u00e5 grund af majest\u00e6tsforn\u00e6rmelse. <\/p>\n\n\n\n<p>Det bet\u00f8d, at Gisselfeld fra 1661-1670 var under Kronen, indtil det blev givet til Greve Hans Schack for hans bedrifter under Svenskekrigene. Hans Schacks efterkommere solgte Gisselfeld til Adam Levin Knuth i 1688. Familien besad Gisselfeld til 1699, hvorefter Christian Gyldenl\u00f8ve (s\u00f8n af Kong Christian den 5. og Sophie Amalie Moth) overtog godset. <\/p>\n<\/div><\/div>\n\n\n<style>.kadence-column1022_f1079c-2b > .kt-inside-inner-col,.kadence-column1022_f1079c-2b > .kt-inside-inner-col:before{border-top-left-radius:0px;border-top-right-radius:0px;border-bottom-right-radius:0px;border-bottom-left-radius:0px;}.kadence-column1022_f1079c-2b > .kt-inside-inner-col{column-gap:var(--global-kb-gap-sm, 1rem);}.kadence-column1022_f1079c-2b > .kt-inside-inner-col{flex-direction:column;}.kadence-column1022_f1079c-2b > .kt-inside-inner-col > .aligncenter{width:100%;}.kadence-column1022_f1079c-2b > .kt-inside-inner-col:before{opacity:0.3;}.kadence-column1022_f1079c-2b{position:relative;}@media all and (max-width: 1024px){.kadence-column1022_f1079c-2b > .kt-inside-inner-col{flex-direction:column;justify-content:center;}}@media all and (max-width: 767px){.kadence-column1022_f1079c-2b > .kt-inside-inner-col{flex-direction:column;justify-content:center;}}<\/style>\n<div class=\"wp-block-kadence-column kadence-column1022_f1079c-2b\"><div class=\"kt-inside-inner-col\">\n<p>Gyldenl\u00f8ve d\u00f8de i 1703, men han n\u00e5ede dog at oprette en fundats, if\u00f8lge hvilken godset skulle overg\u00e5 fra at v\u00e6re privatejet til at v\u00e6re et adeligt jomfrukloster.<\/p>\n\n\n\n<p>Christian Gyldenl\u00f8ves efterkommere, som fik navnet Danneskiold-Sams\u00f8e, har drevet Slottet frem til i dag iht. testamente af 1701. Der har til dato v\u00e6ret 11 grever \/ overdirekt\u00f8rer af sl\u00e6gten Danneskiold-Sams\u00f8e. <\/p>\n\n\n\n<p>Den nuv\u00e6rende Overdirekt\u00f8r og den 12. i r\u00e6kken hedder Helene Danneskiold-Sams\u00f8e og er den f\u00f8rste kvinde p\u00e5 posten nogensinde. Helene Danneskiold-Sams\u00f8e blev udn\u00e6vnt til Overdirekt\u00f8r den 1. marts 2010.<\/p>\n<\/div><\/div>\n\n<\/div><\/div>","protected":false},"excerpt":{"rendered":"<p>Store dramaer og stille hverdagsliv M\u00e6rk det st\u00e6rke vingesus fra Gisselfelds fantastiske kulturhistorie. Her har der udspillet sig store dramaer og stille hverdagsliv siden opf\u00f8relsen i 1575. Og har man f\u00f8rst \u00e9n gang st\u00e5et p\u00e5 broen, der f\u00f8rer over til den m\u00e6gtige ridderborg, forst\u00e5r man, hvorfor skiftende kunstnere gennem \u00e5rhundreder igen og igen har bes\u00f8gt&#8230;<\/p>","protected":false},"author":1,"featured_media":0,"parent":0,"menu_order":35,"comment_status":"closed","ping_status":"closed","template":"","meta":{"_acf_changed":false,"inline_featured_image":false,"_kad_blocks_custom_css":"","_kad_blocks_head_custom_js":"","_kad_blocks_body_custom_js":"","_kad_blocks_footer_custom_js":"","_kad_post_transparent":"","_kad_post_title":"","_kad_post_layout":"","_kad_post_sidebar_id":"","_kad_post_content_style":"","_kad_post_vertical_padding":"","_kad_post_feature":"","_kad_post_feature_position":"","_kad_post_header":false,"_kad_post_footer":false,"_kad_post_classname":"","footnotes":""},"class_list":["post-1022","page","type-page","status-publish","hentry"],"acf":[],"taxonomy_info":[],"featured_image_src_large":false,"author_info":{"display_name":"webto","author_link":"https:\/\/gisselfeld-kloster.dk.web06.webtohosting.dk\/en\/author\/webto\/"},"comment_info":0,"_links":{"self":[{"href":"https:\/\/gisselfeld-kloster.dk.web06.webtohosting.dk\/en\/wp-json\/wp\/v2\/pages\/1022","targetHints":{"allow":["GET"]}}],"collection":[{"href":"https:\/\/gisselfeld-kloster.dk.web06.webtohosting.dk\/en\/wp-json\/wp\/v2\/pages"}],"about":[{"href":"https:\/\/gisselfeld-kloster.dk.web06.webtohosting.dk\/en\/wp-json\/wp\/v2\/types\/page"}],"author":[{"embeddable":true,"href":"https:\/\/gisselfeld-kloster.dk.web06.webtohosting.dk\/en\/wp-json\/wp\/v2\/users\/1"}],"replies":[{"embeddable":true,"href":"https:\/\/gisselfeld-kloster.dk.web06.webtohosting.dk\/en\/wp-json\/wp\/v2\/comments?post=1022"}],"version-history":[{"count":2,"href":"https:\/\/gisselfeld-kloster.dk.web06.webtohosting.dk\/en\/wp-json\/wp\/v2\/pages\/1022\/revisions"}],"predecessor-version":[{"id":2325,"href":"https:\/\/gisselfeld-kloster.dk.web06.webtohosting.dk\/en\/wp-json\/wp\/v2\/pages\/1022\/revisions\/2325"}],"wp:attachment":[{"href":"https:\/\/gisselfeld-kloster.dk.web06.webtohosting.dk\/en\/wp-json\/wp\/v2\/media?parent=1022"}],"curies":[{"name":"wp","href":"https:\/\/api.w.org\/{rel}","templated":true}]}}