{"id":1019,"date":"2026-02-23T14:49:14","date_gmt":"2026-02-23T13:49:14","guid":{"rendered":"https:\/\/gisselfeld-kloster.dk.web06.webtohosting.dk\/kontakt\/organisation\/"},"modified":"2026-03-25T17:58:00","modified_gmt":"2026-03-25T16:58:00","slug":"organisation","status":"publish","type":"page","link":"https:\/\/gisselfeld-kloster.dk.web06.webtohosting.dk\/en\/kontakt\/organisation\/","title":{"rendered":"Organisation"},"content":{"rendered":"<style>.kb-row-layout-id1019_3e94e0-95 > .kt-row-column-wrap{align-content:start;}:where(.kb-row-layout-id1019_3e94e0-95 > .kt-row-column-wrap) > .wp-block-kadence-column{justify-content:start;}.kb-row-layout-id1019_3e94e0-95 > .kt-row-column-wrap{column-gap:var(--global-kb-gap-lg, 4rem);row-gap:var(--global-kb-gap-lg, 4rem);max-width:var( --global-content-width, 1550px );padding-left:var(--global-content-edge-padding);padding-right:var(--global-content-edge-padding);padding-top:var(--global-kb-spacing-3xl, 6.5rem);padding-bottom:var(--global-kb-spacing-3xl, 6.5rem);grid-template-columns:repeat(2, minmax(0, 1fr));}.kb-row-layout-id1019_3e94e0-95 > .kt-row-layout-overlay{opacity:0.30;}@media all and (max-width: 1024px){.kb-row-layout-id1019_3e94e0-95 > .kt-row-column-wrap{column-gap:var(--global-kb-gap-md, 2rem);row-gap:var(--global-kb-gap-md, 2rem);padding-top:var(--global-kb-spacing-xl, 4rem);padding-bottom:var(--global-kb-spacing-xl, 4rem);grid-template-columns:repeat(2, minmax(0, 1fr));}}@media all and (max-width: 767px){.kb-row-layout-id1019_3e94e0-95 > .kt-row-column-wrap{column-gap:var(--global-kb-gap-md, 2rem);row-gap:var(--global-kb-gap-md, 2rem);padding-top:var(--global-kb-spacing-lg, 3rem);padding-bottom:var(--global-kb-spacing-lg, 3rem);grid-template-columns:minmax(0, 1fr);}}<\/style><div class=\"kb-row-layout-wrap kb-row-layout-id1019_3e94e0-95 alignnone wp-block-kadence-rowlayout\"><div class=\"kt-row-column-wrap kt-has-2-columns kt-row-layout-equal kt-tab-layout-inherit kt-mobile-layout-row kt-row-valign-top kt-inner-column-height-full kb-theme-content-width\">\n<style>.kadence-column1019_93d563-fe > .kt-inside-inner-col,.kadence-column1019_93d563-fe > .kt-inside-inner-col:before{border-top-left-radius:0px;border-top-right-radius:0px;border-bottom-right-radius:0px;border-bottom-left-radius:0px;}.kadence-column1019_93d563-fe > .kt-inside-inner-col{column-gap:var(--global-kb-gap-sm, 1rem);}.kadence-column1019_93d563-fe > .kt-inside-inner-col{flex-direction:column;}.kadence-column1019_93d563-fe > .kt-inside-inner-col > .aligncenter{width:100%;}.kadence-column1019_93d563-fe > .kt-inside-inner-col:before{opacity:0.3;}.kadence-column1019_93d563-fe{position:relative;}@media all and (max-width: 1024px){.kadence-column1019_93d563-fe > .kt-inside-inner-col{flex-direction:column;justify-content:center;}}@media all and (max-width: 767px){.kadence-column1019_93d563-fe > .kt-inside-inner-col{flex-direction:column;justify-content:center;}}<\/style>\n<div class=\"wp-block-kadence-column kadence-column1019_93d563-fe\"><div class=\"kt-inside-inner-col\"><style>.wp-block-kadence-advancedheading.kt-adv-heading1019_c0ed62-a7, .wp-block-kadence-advancedheading.kt-adv-heading1019_c0ed62-a7[data-kb-block=\"kb-adv-heading1019_c0ed62-a7\"]{font-size:var(--global-kb-font-size-xl, 3rem);font-style:normal;}.wp-block-kadence-advancedheading.kt-adv-heading1019_c0ed62-a7 mark.kt-highlight, .wp-block-kadence-advancedheading.kt-adv-heading1019_c0ed62-a7[data-kb-block=\"kb-adv-heading1019_c0ed62-a7\"] mark.kt-highlight{font-style:normal;color:#f76a0c;-webkit-box-decoration-break:clone;box-decoration-break:clone;padding-top:0px;padding-right:0px;padding-bottom:0px;padding-left:0px;}.wp-block-kadence-advancedheading.kt-adv-heading1019_c0ed62-a7 img.kb-inline-image, .wp-block-kadence-advancedheading.kt-adv-heading1019_c0ed62-a7[data-kb-block=\"kb-adv-heading1019_c0ed62-a7\"] img.kb-inline-image{width:150px;vertical-align:baseline;}<\/style>\n<h2 class=\"kt-adv-heading1019_c0ed62-a7 wp-block-kadence-advancedheading\" data-kb-block=\"kb-adv-heading1019_c0ed62-a7\">Organisation<\/h2>\n\n\n\n<p>I mods\u00e6tning til mange andre danske slotte og herreg\u00e5rde er Gisselfeld Kloster ikke i privateje. Gisselfeld Kloster er en Erhvervsdrivende Fond.<\/p>\n\n\n<style>.wp-block-kadence-advancedheading.kt-adv-heading1019_b8271d-ae, .wp-block-kadence-advancedheading.kt-adv-heading1019_b8271d-ae[data-kb-block=\"kb-adv-heading1019_b8271d-ae\"]{font-style:normal;}.wp-block-kadence-advancedheading.kt-adv-heading1019_b8271d-ae mark.kt-highlight, .wp-block-kadence-advancedheading.kt-adv-heading1019_b8271d-ae[data-kb-block=\"kb-adv-heading1019_b8271d-ae\"] mark.kt-highlight{font-style:normal;color:#f76a0c;-webkit-box-decoration-break:clone;box-decoration-break:clone;padding-top:0px;padding-right:0px;padding-bottom:0px;padding-left:0px;}.wp-block-kadence-advancedheading.kt-adv-heading1019_b8271d-ae img.kb-inline-image, .wp-block-kadence-advancedheading.kt-adv-heading1019_b8271d-ae[data-kb-block=\"kb-adv-heading1019_b8271d-ae\"] img.kb-inline-image{width:150px;vertical-align:baseline;}<\/style>\n<h3 class=\"kt-adv-heading1019_b8271d-ae wp-block-kadence-advancedheading\" data-kb-block=\"kb-adv-heading1019_b8271d-ae\">Fondens form\u00e5l<\/h3>\n\n\n<style>.wp-block-kadence-iconlist.kt-svg-icon-list-items1019_162e5c-69:not(.this-stops-third-party-issues){margin-top:0px;margin-bottom:0px;}.wp-block-kadence-iconlist.kt-svg-icon-list-items1019_162e5c-69 ul.kt-svg-icon-list:not(.this-prevents-issues):not(.this-stops-third-party-issues):not(.tijsloc){margin-top:0px;margin-right:0px;margin-bottom:var(--global-kb-spacing-sm, 1.5rem);margin-left:0px;}.wp-block-kadence-iconlist.kt-svg-icon-list-items1019_162e5c-69 ul.kt-svg-icon-list{grid-row-gap:5px;}.wp-block-kadence-iconlist.kt-svg-icon-list-items1019_162e5c-69 ul.kt-svg-icon-list .kt-svg-icon-list-item-wrap .kt-svg-icon-list-single{margin-right:10px;}.kt-svg-icon-list-items1019_162e5c-69 ul.kt-svg-icon-list .kt-svg-icon-list-level-0 .kt-svg-icon-list-single svg{font-size:20px;}<\/style>\n<div class=\"wp-block-kadence-iconlist kt-svg-icon-list-items kt-svg-icon-list-items1019_162e5c-69 kt-svg-icon-list-columns-1 alignnone kt-list-icon-aligntop\"><ul class=\"kt-svg-icon-list\"><style>.kt-svg-icon-list-item-1019_a14282-1f .kt-svg-icon-list-text mark.kt-highlight{background-color:unset;font-style:normal;color:#f76a0c;-webkit-box-decoration-break:clone;box-decoration-break:clone;padding-top:0px;padding-right:0px;padding-bottom:0px;padding-left:0px;}<\/style>\n<li class=\"wp-block-kadence-listitem kt-svg-icon-list-item-wrap kt-svg-icon-list-item-1019_a14282-1f\"><span class=\"kb-svg-icon-wrap kb-svg-icon-fe_chevronRight kt-svg-icon-list-single\"><svg viewBox=\"0 0 24 24\"  fill=\"none\" stroke=\"currentColor\" stroke-width=\"2\" stroke-linecap=\"round\" stroke-linejoin=\"round\" xmlns=\"http:\/\/www.w3.org\/2000\/svg\"  aria-hidden=\"true\"><polyline points=\"9 18 15 12 9 6\"\/><\/svg><\/span><span class=\"kt-svg-icon-list-text\">At eje, besidde, drive og bevare de til Gisselfeld Kloster h\u00f8rende ejendomme, derunder hovedbygningen med omliggende park og de i hovedbygningen beroende samlinger af bl.a. porcel\u00e6n, fajance, malerier og andet indbo.<\/span><\/li>\n\n\n<style>.kt-svg-icon-list-item-1019_a409ed-43 .kt-svg-icon-list-text mark.kt-highlight{background-color:unset;font-style:normal;color:#f76a0c;-webkit-box-decoration-break:clone;box-decoration-break:clone;padding-top:0px;padding-right:0px;padding-bottom:0px;padding-left:0px;}<\/style>\n<li class=\"wp-block-kadence-listitem kt-svg-icon-list-item-wrap kt-svg-icon-list-item-1019_a409ed-43\"><span class=\"kb-svg-icon-wrap kb-svg-icon-fe_chevronRight kt-svg-icon-list-single\"><svg viewBox=\"0 0 24 24\"  fill=\"none\" stroke=\"currentColor\" stroke-width=\"2\" stroke-linecap=\"round\" stroke-linejoin=\"round\" xmlns=\"http:\/\/www.w3.org\/2000\/svg\"  aria-hidden=\"true\"><polyline points=\"9 18 15 12 9 6\"\/><\/svg><\/span><span class=\"kt-svg-icon-list-text\">At yde \u00f8konomisk st\u00f8tte til socialt d\u00e5rligt stillede personer bosat i Haslev kommune.<\/span><\/li>\n\n\n<style>.kt-svg-icon-list-item-1019_11213b-58 .kt-svg-icon-list-text mark.kt-highlight{background-color:unset;font-style:normal;color:#f76a0c;-webkit-box-decoration-break:clone;box-decoration-break:clone;padding-top:0px;padding-right:0px;padding-bottom:0px;padding-left:0px;}<\/style>\n<li class=\"wp-block-kadence-listitem kt-svg-icon-list-item-wrap kt-svg-icon-list-item-1019_11213b-58\"><span class=\"kb-svg-icon-wrap kb-svg-icon-fe_chevronRight kt-svg-icon-list-single\"><svg viewBox=\"0 0 24 24\"  fill=\"none\" stroke=\"currentColor\" stroke-width=\"2\" stroke-linecap=\"round\" stroke-linejoin=\"round\" xmlns=\"http:\/\/www.w3.org\/2000\/svg\"  aria-hidden=\"true\"><polyline points=\"9 18 15 12 9 6\"\/><\/svg><\/span><span class=\"kt-svg-icon-list-text\">At yde \u00f8konomisk st\u00f8tte til brudeudstyr for piger bosat i Faxe kommune.<\/span><\/li>\n\n\n<style>.kt-svg-icon-list-item-1019_9510bf-e8 .kt-svg-icon-list-text mark.kt-highlight{background-color:unset;font-style:normal;color:#f76a0c;-webkit-box-decoration-break:clone;box-decoration-break:clone;padding-top:0px;padding-right:0px;padding-bottom:0px;padding-left:0px;}<\/style>\n<li class=\"wp-block-kadence-listitem kt-svg-icon-list-item-wrap kt-svg-icon-list-item-1019_9510bf-e8\"><span class=\"kb-svg-icon-wrap kb-svg-icon-fe_chevronRight kt-svg-icon-list-single\"><svg viewBox=\"0 0 24 24\"  fill=\"none\" stroke=\"currentColor\" stroke-width=\"2\" stroke-linecap=\"round\" stroke-linejoin=\"round\" xmlns=\"http:\/\/www.w3.org\/2000\/svg\"  aria-hidden=\"true\"><polyline points=\"9 18 15 12 9 6\"\/><\/svg><\/span><span class=\"kt-svg-icon-list-text\">At yde \u00f8konomisk st\u00f8tte til ugifte d\u00f8tre af danske adelsfamilier eller d\u00f8tre af adelspersoner i de tre \u00f8verste rangklasser.<\/span><\/li>\n\n\n<style>.kt-svg-icon-list-item-1019_75342c-5f .kt-svg-icon-list-text mark.kt-highlight{background-color:unset;font-style:normal;color:#f76a0c;-webkit-box-decoration-break:clone;box-decoration-break:clone;padding-top:0px;padding-right:0px;padding-bottom:0px;padding-left:0px;}<\/style>\n<li class=\"wp-block-kadence-listitem kt-svg-icon-list-item-wrap kt-svg-icon-list-item-1019_75342c-5f\"><span class=\"kb-svg-icon-wrap kb-svg-icon-fe_chevronRight kt-svg-icon-list-single\"><svg viewBox=\"0 0 24 24\"  fill=\"none\" stroke=\"currentColor\" stroke-width=\"2\" stroke-linecap=\"round\" stroke-linejoin=\"round\" xmlns=\"http:\/\/www.w3.org\/2000\/svg\"  aria-hidden=\"true\"><polyline points=\"9 18 15 12 9 6\"\/><\/svg><\/span><span class=\"kt-svg-icon-list-text\">At yde \u00f8konomisk st\u00f8tte til almenvelg\u00f8rende og almennyttige form\u00e5l. Herunder kulturelle, videnskabelige, sociale og uddannelsesm\u00e6ssige form\u00e5l.<\/span><\/li>\n<\/ul><\/div>\n\n\n\n<p>Oplysninger om bestyrelsesmedlemmernes anden besk\u00e6ftigelse iht. den nye Fondslov, se nedenfor:<\/p>\n\n\n<style>.wp-block-kadence-advancedbtn.kb-btns1019_d82e54-41{gap:var(--global-kb-gap-xs, 0.5rem );justify-content:flex-start;align-items:center;}.kt-btns1019_d82e54-41 .kt-button{font-weight:normal;font-style:normal;}.kt-btns1019_d82e54-41 .kt-btn-wrap-0{margin-right:5px;}.wp-block-kadence-advancedbtn.kt-btns1019_d82e54-41 .kt-btn-wrap-0 .kt-button{color:#555555;border-color:#555555;}.wp-block-kadence-advancedbtn.kt-btns1019_d82e54-41 .kt-btn-wrap-0 .kt-button:hover, .wp-block-kadence-advancedbtn.kt-btns1019_d82e54-41 .kt-btn-wrap-0 .kt-button:focus{color:#ffffff;border-color:#444444;}.wp-block-kadence-advancedbtn.kt-btns1019_d82e54-41 .kt-btn-wrap-0 .kt-button::before{display:none;}.wp-block-kadence-advancedbtn.kt-btns1019_d82e54-41 .kt-btn-wrap-0 .kt-button:hover, .wp-block-kadence-advancedbtn.kt-btns1019_d82e54-41 .kt-btn-wrap-0 .kt-button:focus{background:#444444;}<\/style>\n<div class=\"wp-block-kadence-advancedbtn kb-buttons-wrap kb-btns1019_d82e54-41\"><style>ul.menu .wp-block-kadence-advancedbtn .kb-btn1019_2d2310-43.kb-button{width:initial;}<\/style><a class=\"kb-button kt-button button kb-btn1019_2d2310-43 kt-btn-size-standard kt-btn-width-type-auto kb-btn-global-inherit  kt-btn-has-text-true kt-btn-has-svg-false  wp-block-button__link wp-block-kadence-singlebtn\" href=\"https:\/\/gisselfeld-kloster.dk.web06.webtohosting.dk\/kontakt\/bestyrelse-ledelse\/\"><span class=\"kt-btn-inner-text\">Bestyrelse og ledelse<\/span><\/a><\/div>\n\n\n\n<p><a href=\"\/wp-content\/uploads\/GOD-FONDSLEDELSE-for-2025.pdf\">Se dokument om god fondsledelse her ><\/a><\/p>\n<\/div><\/div>\n\n\n<style>.kadence-column1019_8b1db3-d9 > .kt-inside-inner-col,.kadence-column1019_8b1db3-d9 > .kt-inside-inner-col:before{border-top-left-radius:0px;border-top-right-radius:0px;border-bottom-right-radius:0px;border-bottom-left-radius:0px;}.kadence-column1019_8b1db3-d9 > .kt-inside-inner-col{column-gap:var(--global-kb-gap-sm, 1rem);}.kadence-column1019_8b1db3-d9 > .kt-inside-inner-col{flex-direction:column;}.kadence-column1019_8b1db3-d9 > .kt-inside-inner-col > .aligncenter{width:100%;}.kadence-column1019_8b1db3-d9 > .kt-inside-inner-col{background-image:url('https:\/\/gisselfeld-kloster.dk.web06.webtohosting.dk\/wp-content\/uploads\/954.jpg');background-size:cover;background-position:center center;background-attachment:scroll;background-repeat:no-repeat;}.kadence-column1019_8b1db3-d9 > .kt-inside-inner-col:before{opacity:0.3;}.kadence-column1019_8b1db3-d9{position:relative;}@media all and (max-width: 1024px){.kadence-column1019_8b1db3-d9 > .kt-inside-inner-col{flex-direction:column;justify-content:center;}}@media all and (max-width: 767px){.kadence-column1019_8b1db3-d9 > .kt-inside-inner-col{flex-direction:column;justify-content:center;}}<\/style>\n<div class=\"wp-block-kadence-column kadence-column1019_8b1db3-d9\"><div class=\"kt-inside-inner-col\"><\/div><\/div>\n\n<\/div><\/div>","protected":false},"excerpt":{"rendered":"<p>Organisation I mods\u00e6tning til mange andre danske slotte og herreg\u00e5rde er Gisselfeld Kloster ikke i privateje. Gisselfeld Kloster er en Erhvervsdrivende Fond. Fondens form\u00e5l Oplysninger om bestyrelsesmedlemmernes anden besk\u00e6ftigelse iht. den nye Fondslov, se nedenfor: Se dokument om god fondsledelse her ><\/p>","protected":false},"author":1,"featured_media":0,"parent":1017,"menu_order":32,"comment_status":"closed","ping_status":"closed","template":"","meta":{"_acf_changed":false,"inline_featured_image":false,"_kad_blocks_custom_css":"","_kad_blocks_head_custom_js":"","_kad_blocks_body_custom_js":"","_kad_blocks_footer_custom_js":"","_kad_post_transparent":"","_kad_post_title":"","_kad_post_layout":"","_kad_post_sidebar_id":"","_kad_post_content_style":"","_kad_post_vertical_padding":"","_kad_post_feature":"","_kad_post_feature_position":"","_kad_post_header":false,"_kad_post_footer":false,"_kad_post_classname":"","footnotes":""},"class_list":["post-1019","page","type-page","status-publish","hentry"],"acf":[],"taxonomy_info":[],"featured_image_src_large":false,"author_info":{"display_name":"webto","author_link":"https:\/\/gisselfeld-kloster.dk.web06.webtohosting.dk\/en\/author\/webto\/"},"comment_info":0,"_links":{"self":[{"href":"https:\/\/gisselfeld-kloster.dk.web06.webtohosting.dk\/en\/wp-json\/wp\/v2\/pages\/1019","targetHints":{"allow":["GET"]}}],"collection":[{"href":"https:\/\/gisselfeld-kloster.dk.web06.webtohosting.dk\/en\/wp-json\/wp\/v2\/pages"}],"about":[{"href":"https:\/\/gisselfeld-kloster.dk.web06.webtohosting.dk\/en\/wp-json\/wp\/v2\/types\/page"}],"author":[{"embeddable":true,"href":"https:\/\/gisselfeld-kloster.dk.web06.webtohosting.dk\/en\/wp-json\/wp\/v2\/users\/1"}],"replies":[{"embeddable":true,"href":"https:\/\/gisselfeld-kloster.dk.web06.webtohosting.dk\/en\/wp-json\/wp\/v2\/comments?post=1019"}],"version-history":[{"count":2,"href":"https:\/\/gisselfeld-kloster.dk.web06.webtohosting.dk\/en\/wp-json\/wp\/v2\/pages\/1019\/revisions"}],"predecessor-version":[{"id":2339,"href":"https:\/\/gisselfeld-kloster.dk.web06.webtohosting.dk\/en\/wp-json\/wp\/v2\/pages\/1019\/revisions\/2339"}],"up":[{"embeddable":true,"href":"https:\/\/gisselfeld-kloster.dk.web06.webtohosting.dk\/en\/wp-json\/wp\/v2\/pages\/1017"}],"wp:attachment":[{"href":"https:\/\/gisselfeld-kloster.dk.web06.webtohosting.dk\/en\/wp-json\/wp\/v2\/media?parent=1019"}],"curies":[{"name":"wp","href":"https:\/\/api.w.org\/{rel}","templated":true}]}}