{"id":1018,"date":"2026-02-23T14:49:14","date_gmt":"2026-02-23T13:49:14","guid":{"rendered":"https:\/\/gisselfeld-kloster.dk.web06.webtohosting.dk\/kontakt\/legater-livrente\/"},"modified":"2026-03-25T18:00:08","modified_gmt":"2026-03-25T17:00:08","slug":"legater-livrente","status":"publish","type":"page","link":"https:\/\/gisselfeld-kloster.dk.web06.webtohosting.dk\/en\/kontakt\/legater-livrente\/","title":{"rendered":"Legater &#038; livrente"},"content":{"rendered":"<style>.kb-row-layout-id1018_3969d2-e5 > .kt-row-column-wrap{align-content:start;}:where(.kb-row-layout-id1018_3969d2-e5 > .kt-row-column-wrap) > .wp-block-kadence-column{justify-content:start;}.kb-row-layout-id1018_3969d2-e5 > .kt-row-column-wrap{column-gap:var(--global-kb-gap-lg, 4rem);row-gap:var(--global-kb-gap-lg, 4rem);max-width:800px;margin-left:auto;margin-right:auto;padding-top:var(--global-kb-spacing-3xl, 6.5rem);padding-bottom:var(--global-kb-spacing-3xl, 6.5rem);grid-template-columns:minmax(0, 1fr);}.kb-row-layout-id1018_3969d2-e5 > .kt-row-layout-overlay{opacity:0.30;}@media all and (max-width: 1024px){.kb-row-layout-id1018_3969d2-e5 > .kt-row-column-wrap{column-gap:var(--global-kb-gap-md, 2rem);row-gap:var(--global-kb-gap-md, 2rem);padding-top:var(--global-kb-spacing-xl, 4rem);padding-bottom:var(--global-kb-spacing-xl, 4rem);grid-template-columns:minmax(0, 1fr);}}@media all and (max-width: 767px){.kb-row-layout-id1018_3969d2-e5 > .kt-row-column-wrap{column-gap:var(--global-kb-gap-md, 2rem);row-gap:var(--global-kb-gap-md, 2rem);padding-top:var(--global-kb-spacing-lg, 3rem);padding-bottom:var(--global-kb-spacing-lg, 3rem);grid-template-columns:minmax(0, 1fr);}}<\/style><div class=\"kb-row-layout-wrap kb-row-layout-id1018_3969d2-e5 alignnone wp-block-kadence-rowlayout\"><div class=\"kt-row-column-wrap kt-has-1-columns kt-row-layout-equal kt-tab-layout-inherit kt-mobile-layout-row kt-row-valign-top\">\n<style>.kadence-column1018_09b9a8-a3 > .kt-inside-inner-col,.kadence-column1018_09b9a8-a3 > .kt-inside-inner-col:before{border-top-left-radius:0px;border-top-right-radius:0px;border-bottom-right-radius:0px;border-bottom-left-radius:0px;}.kadence-column1018_09b9a8-a3 > .kt-inside-inner-col{column-gap:var(--global-kb-gap-sm, 1rem);}.kadence-column1018_09b9a8-a3 > .kt-inside-inner-col{flex-direction:column;}.kadence-column1018_09b9a8-a3 > .kt-inside-inner-col > .aligncenter{width:100%;}.kadence-column1018_09b9a8-a3 > .kt-inside-inner-col:before{opacity:0.3;}.kadence-column1018_09b9a8-a3{position:relative;}@media all and (max-width: 1024px){.kadence-column1018_09b9a8-a3 > .kt-inside-inner-col{flex-direction:column;justify-content:center;}}@media all and (max-width: 767px){.kadence-column1018_09b9a8-a3 > .kt-inside-inner-col{flex-direction:column;justify-content:center;}}<\/style>\n<div class=\"wp-block-kadence-column kadence-column1018_09b9a8-a3\"><div class=\"kt-inside-inner-col\"><style>.wp-block-kadence-advancedheading.kt-adv-heading1018_008426-93, .wp-block-kadence-advancedheading.kt-adv-heading1018_008426-93[data-kb-block=\"kb-adv-heading1018_008426-93\"]{font-size:var(--global-kb-font-size-xl, 3rem);font-style:normal;}.wp-block-kadence-advancedheading.kt-adv-heading1018_008426-93 mark.kt-highlight, .wp-block-kadence-advancedheading.kt-adv-heading1018_008426-93[data-kb-block=\"kb-adv-heading1018_008426-93\"] mark.kt-highlight{font-style:normal;color:#f76a0c;-webkit-box-decoration-break:clone;box-decoration-break:clone;padding-top:0px;padding-right:0px;padding-bottom:0px;padding-left:0px;}.wp-block-kadence-advancedheading.kt-adv-heading1018_008426-93 img.kb-inline-image, .wp-block-kadence-advancedheading.kt-adv-heading1018_008426-93[data-kb-block=\"kb-adv-heading1018_008426-93\"] img.kb-inline-image{width:150px;vertical-align:baseline;}<\/style>\n<h2 class=\"kt-adv-heading1018_008426-93 wp-block-kadence-advancedheading\" data-kb-block=\"kb-adv-heading1018_008426-93\">Legater &amp; Livrente<\/h2>\n\n\n\n<p>Gisselfeld Kloster uddeler \u00e5rligt et Rejselegat og et Studielegat for studerende.<\/p>\n\n\n<style>.wp-block-kadence-advancedheading.kt-adv-heading1018_182b9e-d8, .wp-block-kadence-advancedheading.kt-adv-heading1018_182b9e-d8[data-kb-block=\"kb-adv-heading1018_182b9e-d8\"]{font-size:var(--global-kb-font-size-lg, 2rem);font-style:normal;}.wp-block-kadence-advancedheading.kt-adv-heading1018_182b9e-d8 mark.kt-highlight, .wp-block-kadence-advancedheading.kt-adv-heading1018_182b9e-d8[data-kb-block=\"kb-adv-heading1018_182b9e-d8\"] mark.kt-highlight{font-style:normal;color:#f76a0c;-webkit-box-decoration-break:clone;box-decoration-break:clone;padding-top:0px;padding-right:0px;padding-bottom:0px;padding-left:0px;}.wp-block-kadence-advancedheading.kt-adv-heading1018_182b9e-d8 img.kb-inline-image, .wp-block-kadence-advancedheading.kt-adv-heading1018_182b9e-d8[data-kb-block=\"kb-adv-heading1018_182b9e-d8\"] img.kb-inline-image{width:150px;vertical-align:baseline;}<\/style>\n<h3 class=\"kt-adv-heading1018_182b9e-d8 wp-block-kadence-advancedheading\" data-kb-block=\"kb-adv-heading1018_182b9e-d8\">Rejselegat<\/h3>\n\n\n\n<p>Lensgreve C.C.S. Danneskiold-Sams\u00f8e og Gisselfeld Klosters Rejselegat for studerende kan s\u00f8ges af alle under uddannelse, som \u00f8nsker st\u00f8tte til en studierejse. NB: Ans\u00f8gningsskema med bilag sendes til <a href=\"mailto:rejselegat@gisselfeld-kloster.dk\">rejselegat@gisselfeld-kloster.dk<\/a> (meget gerne komprimeret, hvis mange bilag)<\/p>\n\n\n<style>.wp-block-kadence-advancedbtn.kb-btns1018_ffa2a0-8d{gap:var(--global-kb-gap-xs, 0.5rem );justify-content:flex-start;align-items:center;}.kt-btns1018_ffa2a0-8d .kt-button{font-weight:normal;font-style:normal;}.kt-btns1018_ffa2a0-8d .kt-btn-wrap-0{margin-right:5px;}.wp-block-kadence-advancedbtn.kt-btns1018_ffa2a0-8d .kt-btn-wrap-0 .kt-button{color:#555555;border-color:#555555;}.wp-block-kadence-advancedbtn.kt-btns1018_ffa2a0-8d .kt-btn-wrap-0 .kt-button:hover, .wp-block-kadence-advancedbtn.kt-btns1018_ffa2a0-8d .kt-btn-wrap-0 .kt-button:focus{color:#ffffff;border-color:#444444;}.wp-block-kadence-advancedbtn.kt-btns1018_ffa2a0-8d .kt-btn-wrap-0 .kt-button::before{display:none;}.wp-block-kadence-advancedbtn.kt-btns1018_ffa2a0-8d .kt-btn-wrap-0 .kt-button:hover, .wp-block-kadence-advancedbtn.kt-btns1018_ffa2a0-8d .kt-btn-wrap-0 .kt-button:focus{background:#444444;}<\/style>\n<div class=\"wp-block-kadence-advancedbtn kb-buttons-wrap kb-btns1018_ffa2a0-8d\"><style>ul.menu .wp-block-kadence-advancedbtn .kb-btn1018_c77bea-8f.kb-button{width:initial;}<\/style><a class=\"kb-button kt-button button kb-btn1018_c77bea-8f kt-btn-size-standard kt-btn-width-type-auto kb-btn-global-inherit  kt-btn-has-text-true kt-btn-has-svg-false  wp-block-button__link wp-block-kadence-singlebtn\" href=\"https:\/\/gisselfeld-kloster.dk.web06.webtohosting.dk\/wp-content\/uploads\/rejselegat_master.pdf\" target=\"_blank\" rel=\"noreferrer noopener\"><span class=\"kt-btn-inner-text\">Hent ans\u00f8gningsskema<\/span><\/a><\/div>\n\n\n<style>.wp-block-kadence-advancedheading.kt-adv-heading1018_6bdd7f-a0, .wp-block-kadence-advancedheading.kt-adv-heading1018_6bdd7f-a0[data-kb-block=\"kb-adv-heading1018_6bdd7f-a0\"]{font-size:var(--global-kb-font-size-lg, 2rem);font-style:normal;}.wp-block-kadence-advancedheading.kt-adv-heading1018_6bdd7f-a0 mark.kt-highlight, .wp-block-kadence-advancedheading.kt-adv-heading1018_6bdd7f-a0[data-kb-block=\"kb-adv-heading1018_6bdd7f-a0\"] mark.kt-highlight{font-style:normal;color:#f76a0c;-webkit-box-decoration-break:clone;box-decoration-break:clone;padding-top:0px;padding-right:0px;padding-bottom:0px;padding-left:0px;}.wp-block-kadence-advancedheading.kt-adv-heading1018_6bdd7f-a0 img.kb-inline-image, .wp-block-kadence-advancedheading.kt-adv-heading1018_6bdd7f-a0[data-kb-block=\"kb-adv-heading1018_6bdd7f-a0\"] img.kb-inline-image{width:150px;vertical-align:baseline;}<\/style>\n<h3 class=\"kt-adv-heading1018_6bdd7f-a0 wp-block-kadence-advancedheading\" data-kb-block=\"kb-adv-heading1018_6bdd7f-a0\">Studielegat<\/h3>\n\n\n\n<p>Lensgreve C.C.S. Danneskiold-Sams\u00f8e og Gisselfelds Klosters Studielegat for studerende kan s\u00f8ges af studerende ved K\u00f8benhavns Universitet (4. semester), som studerer jura, medicin, teologi eller filologi. Andre studieretninger \/ andre universiteter kan dog ogs\u00e5 komme i betragtning. NB: Ans\u00f8gningsskema med bilag sendes til studielegat@gisselfeld-kloster.dk (meget gerne komprimeret, hvis mange bilag)<\/p>\n\n\n<style>.wp-block-kadence-advancedbtn.kb-btns1018_f2b89a-ba{gap:var(--global-kb-gap-xs, 0.5rem );justify-content:flex-start;align-items:center;}.kt-btns1018_f2b89a-ba .kt-button{font-weight:normal;font-style:normal;}.kt-btns1018_f2b89a-ba .kt-btn-wrap-0{margin-right:5px;}.wp-block-kadence-advancedbtn.kt-btns1018_f2b89a-ba .kt-btn-wrap-0 .kt-button{color:#555555;border-color:#555555;}.wp-block-kadence-advancedbtn.kt-btns1018_f2b89a-ba .kt-btn-wrap-0 .kt-button:hover, .wp-block-kadence-advancedbtn.kt-btns1018_f2b89a-ba .kt-btn-wrap-0 .kt-button:focus{color:#ffffff;border-color:#444444;}.wp-block-kadence-advancedbtn.kt-btns1018_f2b89a-ba .kt-btn-wrap-0 .kt-button::before{display:none;}.wp-block-kadence-advancedbtn.kt-btns1018_f2b89a-ba .kt-btn-wrap-0 .kt-button:hover, .wp-block-kadence-advancedbtn.kt-btns1018_f2b89a-ba .kt-btn-wrap-0 .kt-button:focus{background:#444444;}<\/style>\n<div class=\"wp-block-kadence-advancedbtn kb-buttons-wrap kb-btns1018_f2b89a-ba\"><style>ul.menu .wp-block-kadence-advancedbtn .kb-btn1018_1c54ab-cb.kb-button{width:initial;}<\/style><a class=\"kb-button kt-button button kb-btn1018_1c54ab-cb kt-btn-size-standard kt-btn-width-type-auto kb-btn-global-inherit  kt-btn-has-text-true kt-btn-has-svg-false  wp-block-button__link wp-block-kadence-singlebtn\" href=\"https:\/\/gisselfeld-kloster.dk.web06.webtohosting.dk\/wp-content\/uploads\/Master-studielegat.pdf\" target=\"_blank\" rel=\"noreferrer noopener\"><span class=\"kt-btn-inner-text\">Hent ans\u00f8gningsskema<\/span><\/a><\/div>\n\n\n<style>.wp-block-kadence-advancedheading.kt-adv-heading1018_5c7c9d-40, .wp-block-kadence-advancedheading.kt-adv-heading1018_5c7c9d-40[data-kb-block=\"kb-adv-heading1018_5c7c9d-40\"]{font-size:var(--global-kb-font-size-lg, 2rem);font-style:normal;}.wp-block-kadence-advancedheading.kt-adv-heading1018_5c7c9d-40 mark.kt-highlight, .wp-block-kadence-advancedheading.kt-adv-heading1018_5c7c9d-40[data-kb-block=\"kb-adv-heading1018_5c7c9d-40\"] mark.kt-highlight{font-style:normal;color:#f76a0c;-webkit-box-decoration-break:clone;box-decoration-break:clone;padding-top:0px;padding-right:0px;padding-bottom:0px;padding-left:0px;}.wp-block-kadence-advancedheading.kt-adv-heading1018_5c7c9d-40 img.kb-inline-image, .wp-block-kadence-advancedheading.kt-adv-heading1018_5c7c9d-40[data-kb-block=\"kb-adv-heading1018_5c7c9d-40\"] img.kb-inline-image{width:150px;vertical-align:baseline;}<\/style>\n<h3 class=\"kt-adv-heading1018_5c7c9d-40 wp-block-kadence-advancedheading\" data-kb-block=\"kb-adv-heading1018_5c7c9d-40\">Livrente<\/h3>\n\n\n\n<p>Mod betaling af et indskud p\u00e5 kr. 1.000, kan ans\u00f8ges af alle. L\u00f8bende ans\u00f8gning. Sendes til Godskontoret p\u00e5 <a href=\"mailto:mail@gisselfeld-kloster.dk\">mail@gisselfeld-kloster.dk<\/a>. S\u00f8skenderabat. NB: P.t. 18-20 \u00e5rs ventetid f\u00f8r udbetaling.<\/p>\n\n\n<style>.wp-block-kadence-advancedbtn.kb-btns1018_0ae76b-d6{gap:var(--global-kb-gap-xs, 0.5rem );justify-content:flex-start;align-items:center;}.kt-btns1018_0ae76b-d6 .kt-button{font-weight:normal;font-style:normal;}.kt-btns1018_0ae76b-d6 .kt-btn-wrap-0{margin-right:5px;}.wp-block-kadence-advancedbtn.kt-btns1018_0ae76b-d6 .kt-btn-wrap-0 .kt-button{color:#555555;border-color:#555555;}.wp-block-kadence-advancedbtn.kt-btns1018_0ae76b-d6 .kt-btn-wrap-0 .kt-button:hover, .wp-block-kadence-advancedbtn.kt-btns1018_0ae76b-d6 .kt-btn-wrap-0 .kt-button:focus{color:#ffffff;border-color:#444444;}.wp-block-kadence-advancedbtn.kt-btns1018_0ae76b-d6 .kt-btn-wrap-0 .kt-button::before{display:none;}.wp-block-kadence-advancedbtn.kt-btns1018_0ae76b-d6 .kt-btn-wrap-0 .kt-button:hover, .wp-block-kadence-advancedbtn.kt-btns1018_0ae76b-d6 .kt-btn-wrap-0 .kt-button:focus{background:#444444;}<\/style>\n<div class=\"wp-block-kadence-advancedbtn kb-buttons-wrap kb-btns1018_0ae76b-d6\"><style>ul.menu .wp-block-kadence-advancedbtn .kb-btn1018_4aab61-ab.kb-button{width:initial;}<\/style><a class=\"kb-button kt-button button kb-btn1018_4aab61-ab kt-btn-size-standard kt-btn-width-type-auto kb-btn-global-inherit  kt-btn-has-text-true kt-btn-has-svg-false  wp-block-button__link wp-block-kadence-singlebtn\" href=\"https:\/\/gisselfeld-kloster.dk.web06.webtohosting.dk\/wp-content\/uploads\/Ansoegning-Livrente_1.pdf\" target=\"_blank\" rel=\"noreferrer noopener\"><span class=\"kt-btn-inner-text\">Hent ans\u00f8gningsskema<\/span><\/a><\/div>\n<\/div><\/div>\n\n<\/div><\/div>","protected":false},"excerpt":{"rendered":"<p>Legater &amp; Livrente Gisselfeld Kloster uddeler \u00e5rligt et Rejselegat og et Studielegat for studerende. Rejselegat Lensgreve C.C.S. Danneskiold-Sams\u00f8e og Gisselfeld Klosters Rejselegat for studerende kan s\u00f8ges af alle under uddannelse, som \u00f8nsker st\u00f8tte til en studierejse. NB: Ans\u00f8gningsskema med bilag sendes til rejselegat@gisselfeld-kloster.dk (meget gerne komprimeret, hvis mange bilag) Studielegat Lensgreve C.C.S. Danneskiold-Sams\u00f8e og Gisselfelds&#8230;<\/p>","protected":false},"author":1,"featured_media":0,"parent":1017,"menu_order":31,"comment_status":"closed","ping_status":"closed","template":"","meta":{"_acf_changed":false,"inline_featured_image":false,"_kad_blocks_custom_css":"","_kad_blocks_head_custom_js":"","_kad_blocks_body_custom_js":"","_kad_blocks_footer_custom_js":"","_kad_post_transparent":"","_kad_post_title":"","_kad_post_layout":"","_kad_post_sidebar_id":"","_kad_post_content_style":"","_kad_post_vertical_padding":"","_kad_post_feature":"","_kad_post_feature_position":"","_kad_post_header":false,"_kad_post_footer":false,"_kad_post_classname":"","footnotes":""},"class_list":["post-1018","page","type-page","status-publish","hentry"],"acf":[],"taxonomy_info":[],"featured_image_src_large":false,"author_info":{"display_name":"webto","author_link":"https:\/\/gisselfeld-kloster.dk.web06.webtohosting.dk\/en\/author\/webto\/"},"comment_info":0,"_links":{"self":[{"href":"https:\/\/gisselfeld-kloster.dk.web06.webtohosting.dk\/en\/wp-json\/wp\/v2\/pages\/1018","targetHints":{"allow":["GET"]}}],"collection":[{"href":"https:\/\/gisselfeld-kloster.dk.web06.webtohosting.dk\/en\/wp-json\/wp\/v2\/pages"}],"about":[{"href":"https:\/\/gisselfeld-kloster.dk.web06.webtohosting.dk\/en\/wp-json\/wp\/v2\/types\/page"}],"author":[{"embeddable":true,"href":"https:\/\/gisselfeld-kloster.dk.web06.webtohosting.dk\/en\/wp-json\/wp\/v2\/users\/1"}],"replies":[{"embeddable":true,"href":"https:\/\/gisselfeld-kloster.dk.web06.webtohosting.dk\/en\/wp-json\/wp\/v2\/comments?post=1018"}],"version-history":[{"count":2,"href":"https:\/\/gisselfeld-kloster.dk.web06.webtohosting.dk\/en\/wp-json\/wp\/v2\/pages\/1018\/revisions"}],"predecessor-version":[{"id":2341,"href":"https:\/\/gisselfeld-kloster.dk.web06.webtohosting.dk\/en\/wp-json\/wp\/v2\/pages\/1018\/revisions\/2341"}],"up":[{"embeddable":true,"href":"https:\/\/gisselfeld-kloster.dk.web06.webtohosting.dk\/en\/wp-json\/wp\/v2\/pages\/1017"}],"wp:attachment":[{"href":"https:\/\/gisselfeld-kloster.dk.web06.webtohosting.dk\/en\/wp-json\/wp\/v2\/media?parent=1018"}],"curies":[{"name":"wp","href":"https:\/\/api.w.org\/{rel}","templated":true}]}}