{"id":1017,"date":"2026-02-23T14:49:13","date_gmt":"2026-02-23T13:49:13","guid":{"rendered":"https:\/\/gisselfeld-kloster.dk.web06.webtohosting.dk\/kontakt\/"},"modified":"2026-03-25T19:02:41","modified_gmt":"2026-03-25T18:02:41","slug":"kontakt","status":"publish","type":"page","link":"https:\/\/gisselfeld-kloster.dk.web06.webtohosting.dk\/en\/kontakt\/","title":{"rendered":"Kontakt"},"content":{"rendered":"<style>.kb-row-layout-id1017_dbee52-82 > .kt-row-column-wrap{align-content:start;}:where(.kb-row-layout-id1017_dbee52-82 > .kt-row-column-wrap) > .wp-block-kadence-column{justify-content:start;}.kb-row-layout-id1017_dbee52-82 > .kt-row-column-wrap{column-gap:var(--global-kb-gap-lg, 4rem);row-gap:var(--global-kb-gap-lg, 4rem);max-width:var( --global-content-width, 1550px );padding-left:var(--global-content-edge-padding);padding-right:var(--global-content-edge-padding);padding-top:var(--global-kb-spacing-3xl, 6.5rem);padding-bottom:var(--global-kb-spacing-3xl, 6.5rem);grid-template-columns:repeat(2, minmax(0, 1fr));}.kb-row-layout-id1017_dbee52-82 > .kt-row-layout-overlay{opacity:0.30;}@media all and (max-width: 1024px){.kb-row-layout-id1017_dbee52-82 > .kt-row-column-wrap{column-gap:var(--global-kb-gap-md, 2rem);row-gap:var(--global-kb-gap-md, 2rem);padding-top:var(--global-kb-spacing-xl, 4rem);padding-bottom:var(--global-kb-spacing-xl, 4rem);grid-template-columns:repeat(2, minmax(0, 1fr));}}@media all and (max-width: 767px){.kb-row-layout-id1017_dbee52-82 > .kt-row-column-wrap{column-gap:var(--global-kb-gap-md, 2rem);row-gap:var(--global-kb-gap-md, 2rem);padding-top:var(--global-kb-spacing-lg, 3rem);padding-bottom:var(--global-kb-spacing-lg, 3rem);grid-template-columns:minmax(0, 1fr);}}<\/style><div class=\"kb-row-layout-wrap kb-row-layout-id1017_dbee52-82 alignnone wp-block-kadence-rowlayout\"><div class=\"kt-row-column-wrap kt-has-2-columns kt-row-layout-equal kt-tab-layout-inherit kt-mobile-layout-row kt-row-valign-top kb-theme-content-width\">\n<style>.kadence-column1017_51cd55-e6 > .kt-inside-inner-col,.kadence-column1017_51cd55-e6 > .kt-inside-inner-col:before{border-top-left-radius:0px;border-top-right-radius:0px;border-bottom-right-radius:0px;border-bottom-left-radius:0px;}.kadence-column1017_51cd55-e6 > .kt-inside-inner-col{column-gap:var(--global-kb-gap-sm, 1rem);}.kadence-column1017_51cd55-e6 > .kt-inside-inner-col{flex-direction:column;}.kadence-column1017_51cd55-e6 > .kt-inside-inner-col > .aligncenter{width:100%;}.kadence-column1017_51cd55-e6 > .kt-inside-inner-col:before{opacity:0.3;}.kadence-column1017_51cd55-e6{position:relative;}@media all and (max-width: 1024px){.kadence-column1017_51cd55-e6 > .kt-inside-inner-col{flex-direction:column;justify-content:center;}}@media all and (max-width: 767px){.kadence-column1017_51cd55-e6 > .kt-inside-inner-col{flex-direction:column;justify-content:center;}}<\/style>\n<div class=\"wp-block-kadence-column kadence-column1017_51cd55-e6\"><div class=\"kt-inside-inner-col\"><style>.wp-block-kadence-advancedheading.kt-adv-heading1017_dc4df8-7f, .wp-block-kadence-advancedheading.kt-adv-heading1017_dc4df8-7f[data-kb-block=\"kb-adv-heading1017_dc4df8-7f\"]{font-size:var(--global-kb-font-size-lg, 2rem);font-style:normal;}.wp-block-kadence-advancedheading.kt-adv-heading1017_dc4df8-7f mark.kt-highlight, .wp-block-kadence-advancedheading.kt-adv-heading1017_dc4df8-7f[data-kb-block=\"kb-adv-heading1017_dc4df8-7f\"] mark.kt-highlight{font-style:normal;color:#f76a0c;-webkit-box-decoration-break:clone;box-decoration-break:clone;padding-top:0px;padding-right:0px;padding-bottom:0px;padding-left:0px;}.wp-block-kadence-advancedheading.kt-adv-heading1017_dc4df8-7f img.kb-inline-image, .wp-block-kadence-advancedheading.kt-adv-heading1017_dc4df8-7f[data-kb-block=\"kb-adv-heading1017_dc4df8-7f\"] img.kb-inline-image{width:150px;vertical-align:baseline;}<\/style>\n<h2 class=\"kt-adv-heading1017_dc4df8-7f wp-block-kadence-advancedheading\" data-kb-block=\"kb-adv-heading1017_dc4df8-7f\">Godskontoret&nbsp;er \u00e5bent p\u00e5&nbsp;hverdage kl. 9-13 (tlf. \/ personligt)<\/h2>\n\n\n<style>.wp-block-kadence-advancedheading.kt-adv-heading1017_90e829-50, .wp-block-kadence-advancedheading.kt-adv-heading1017_90e829-50[data-kb-block=\"kb-adv-heading1017_90e829-50\"]{font-style:normal;}.wp-block-kadence-advancedheading.kt-adv-heading1017_90e829-50 mark.kt-highlight, .wp-block-kadence-advancedheading.kt-adv-heading1017_90e829-50[data-kb-block=\"kb-adv-heading1017_90e829-50\"] mark.kt-highlight{font-style:normal;color:#f76a0c;-webkit-box-decoration-break:clone;box-decoration-break:clone;padding-top:0px;padding-right:0px;padding-bottom:0px;padding-left:0px;}.wp-block-kadence-advancedheading.kt-adv-heading1017_90e829-50 img.kb-inline-image, .wp-block-kadence-advancedheading.kt-adv-heading1017_90e829-50[data-kb-block=\"kb-adv-heading1017_90e829-50\"] img.kb-inline-image{width:150px;vertical-align:baseline;}<\/style>\n<p class=\"kt-adv-heading1017_90e829-50 wp-block-kadence-advancedheading\" data-kb-block=\"kb-adv-heading1017_90e829-50\">Gisselfeld Kloster<br>Godskontoret<br>Gisselfeldvej 12 A<br>4690 Haslev<\/p>\n\n\n\n<p>Tlf.nr.\u00a0 \u00a05632 6032 <br>E-mail:\u00a0 mail@gisselfeld-kloster.dk <\/p>\n\n\n\n<p>NB: Slotsparkens adresse er:<br>Gisselfeldvej 5, 4690 Haslev<\/p>\n\n\n\n<p>CVR-nr. 52407915 \/ Gisselfeld Kloster er den dataansvarlige.<br>Vi er derfor ansvarlige for dine personlige oplysninger.<\/p>\n<\/div><\/div>\n\n\n<style>.kadence-column1017_4a21dc-e5 > .kt-inside-inner-col{padding-top:var(--global-kb-spacing-sm, 1.5rem);padding-right:var(--global-kb-spacing-sm, 1.5rem);padding-bottom:var(--global-kb-spacing-sm, 1.5rem);padding-left:var(--global-kb-spacing-sm, 1.5rem);}.kadence-column1017_4a21dc-e5 > .kt-inside-inner-col,.kadence-column1017_4a21dc-e5 > .kt-inside-inner-col:before{border-top-left-radius:0px;border-top-right-radius:0px;border-bottom-right-radius:0px;border-bottom-left-radius:0px;}.kadence-column1017_4a21dc-e5 > .kt-inside-inner-col{column-gap:var(--global-kb-gap-sm, 1rem);}.kadence-column1017_4a21dc-e5 > .kt-inside-inner-col{flex-direction:column;}.kadence-column1017_4a21dc-e5 > .kt-inside-inner-col > .aligncenter{width:100%;}.kadence-column1017_4a21dc-e5 > .kt-inside-inner-col{background-color:var(--global-palette8, #F7FAFC);}.kadence-column1017_4a21dc-e5 > .kt-inside-inner-col:before{opacity:0.3;}.kadence-column1017_4a21dc-e5{position:relative;}@media all and (max-width: 1024px){.kadence-column1017_4a21dc-e5 > .kt-inside-inner-col{flex-direction:column;justify-content:center;}}@media all and (max-width: 767px){.kadence-column1017_4a21dc-e5 > .kt-inside-inner-col{flex-direction:column;justify-content:center;}}<\/style>\n<div class=\"wp-block-kadence-column kadence-column1017_4a21dc-e5\"><div class=\"kt-inside-inner-col\"><style>.wp-block-kadence-advancedheading.kt-adv-heading1017_8bf7c2-74, .wp-block-kadence-advancedheading.kt-adv-heading1017_8bf7c2-74[data-kb-block=\"kb-adv-heading1017_8bf7c2-74\"]{font-style:normal;}.wp-block-kadence-advancedheading.kt-adv-heading1017_8bf7c2-74 mark.kt-highlight, .wp-block-kadence-advancedheading.kt-adv-heading1017_8bf7c2-74[data-kb-block=\"kb-adv-heading1017_8bf7c2-74\"] mark.kt-highlight{font-style:normal;color:#f76a0c;-webkit-box-decoration-break:clone;box-decoration-break:clone;padding-top:0px;padding-right:0px;padding-bottom:0px;padding-left:0px;}.wp-block-kadence-advancedheading.kt-adv-heading1017_8bf7c2-74 img.kb-inline-image, .wp-block-kadence-advancedheading.kt-adv-heading1017_8bf7c2-74[data-kb-block=\"kb-adv-heading1017_8bf7c2-74\"] img.kb-inline-image{width:150px;vertical-align:baseline;}<\/style>\n<h3 class=\"kt-adv-heading1017_8bf7c2-74 wp-block-kadence-advancedheading\" data-kb-block=\"kb-adv-heading1017_8bf7c2-74\">Lejere:<\/h3>\n\n\n\n<p>KUN i absolut akutte tilf\u00e6lde, skader m.v.<br>udenfor Godskontorets \u00e5bningstid, kontakt:<\/p>\n\n\n\n<p>T\u00f8mrermester Jeppe Naundrup Th\u00f8fner\u00a0p\u00e5\u00a0mobil\u00a029 34 27 66<br>Tr\u00e6ffes kun i telefontiden fra kl. 7:15-7:45 og kun i akutte tilf\u00e6lde udenfor dette tidsrum.<\/p>\n\n\n<style>.wp-block-kadence-advancedheading.kt-adv-heading1017_d32613-6b, .wp-block-kadence-advancedheading.kt-adv-heading1017_d32613-6b[data-kb-block=\"kb-adv-heading1017_d32613-6b\"]{font-style:normal;}.wp-block-kadence-advancedheading.kt-adv-heading1017_d32613-6b mark.kt-highlight, .wp-block-kadence-advancedheading.kt-adv-heading1017_d32613-6b[data-kb-block=\"kb-adv-heading1017_d32613-6b\"] mark.kt-highlight{font-style:normal;color:#f76a0c;-webkit-box-decoration-break:clone;box-decoration-break:clone;padding-top:0px;padding-right:0px;padding-bottom:0px;padding-left:0px;}.wp-block-kadence-advancedheading.kt-adv-heading1017_d32613-6b img.kb-inline-image, .wp-block-kadence-advancedheading.kt-adv-heading1017_d32613-6b[data-kb-block=\"kb-adv-heading1017_d32613-6b\"] img.kb-inline-image{width:150px;vertical-align:baseline;}<\/style>\n<h3 class=\"kt-adv-heading1017_d32613-6b wp-block-kadence-advancedheading\" data-kb-block=\"kb-adv-heading1017_d32613-6b\">P\u00e5k\u00f8rt vildt: <\/h3>\n\n\n\n<p>Kontakt jagtv\u00e6senet.<\/p>\n\n\n\n<p>Skovfoged S\u00f8ren Remmer Schmidt p\u00e5&nbsp;mobil&nbsp;29 29 71 25<br>Schweisshundef\u00f8rer Leif S. Nielsen p\u00e5 mobil 29 66 63 81<br>Skytte Peder Top p\u00e5 mobil&nbsp;29 40 16 94<\/p>\n\n\n<style>.wp-block-kadence-advancedheading.kt-adv-heading1017_7b61e7-0b, .wp-block-kadence-advancedheading.kt-adv-heading1017_7b61e7-0b[data-kb-block=\"kb-adv-heading1017_7b61e7-0b\"]{font-style:normal;}.wp-block-kadence-advancedheading.kt-adv-heading1017_7b61e7-0b mark.kt-highlight, .wp-block-kadence-advancedheading.kt-adv-heading1017_7b61e7-0b[data-kb-block=\"kb-adv-heading1017_7b61e7-0b\"] mark.kt-highlight{font-style:normal;color:#f76a0c;-webkit-box-decoration-break:clone;box-decoration-break:clone;padding-top:0px;padding-right:0px;padding-bottom:0px;padding-left:0px;}.wp-block-kadence-advancedheading.kt-adv-heading1017_7b61e7-0b img.kb-inline-image, .wp-block-kadence-advancedheading.kt-adv-heading1017_7b61e7-0b[data-kb-block=\"kb-adv-heading1017_7b61e7-0b\"] img.kb-inline-image{width:150px;vertical-align:baseline;}<\/style>\n<h3 class=\"kt-adv-heading1017_7b61e7-0b wp-block-kadence-advancedheading\" data-kb-block=\"kb-adv-heading1017_7b61e7-0b\">L\u00f8se husdyr<\/h3>\n\n\n\n<p>Gisselfeld har ingen egne bes\u00e6tninger.<br>S\u00e5fremt man m\u00f8der l\u00f8se husdyr p\u00e5 vejen i n\u00e6rheden af Gisselfelds enge:<br>Kontakt p\u00e5g\u00e6ldende dyreholder eller Haslev Politi p\u00e5 tlf. 56 31 14 48.<\/p>\n<\/div><\/div>\n\n<\/div><\/div>","protected":false},"excerpt":{"rendered":"<p>Godskontoret&nbsp;er \u00e5bent p\u00e5&nbsp;hverdage kl. 9-13 (tlf. \/ personligt) Gisselfeld KlosterGodskontoretGisselfeldvej 12 A4690 Haslev Tlf.nr.\u00a0 \u00a05632 6032 E-mail:\u00a0 mail@gisselfeld-kloster.dk NB: Slotsparkens adresse er:Gisselfeldvej 5, 4690 Haslev CVR-nr. 52407915 \/ Gisselfeld Kloster er den dataansvarlige.Vi er derfor ansvarlige for dine personlige oplysninger. Lejere: KUN i absolut akutte tilf\u00e6lde, skader m.v.udenfor Godskontorets \u00e5bningstid, kontakt: T\u00f8mrermester Jeppe Naundrup Th\u00f8fner\u00a0p\u00e5\u00a0mobil\u00a029&#8230;<\/p>","protected":false},"author":1,"featured_media":0,"parent":0,"menu_order":30,"comment_status":"closed","ping_status":"closed","template":"","meta":{"_acf_changed":false,"inline_featured_image":false,"_kad_blocks_custom_css":"","_kad_blocks_head_custom_js":"","_kad_blocks_body_custom_js":"","_kad_blocks_footer_custom_js":"","_kad_post_transparent":"","_kad_post_title":"","_kad_post_layout":"","_kad_post_sidebar_id":"","_kad_post_content_style":"","_kad_post_vertical_padding":"","_kad_post_feature":"","_kad_post_feature_position":"","_kad_post_header":false,"_kad_post_footer":false,"_kad_post_classname":"","footnotes":""},"class_list":["post-1017","page","type-page","status-publish","hentry"],"acf":[],"taxonomy_info":[],"featured_image_src_large":false,"author_info":{"display_name":"webto","author_link":"https:\/\/gisselfeld-kloster.dk.web06.webtohosting.dk\/en\/author\/webto\/"},"comment_info":0,"_links":{"self":[{"href":"https:\/\/gisselfeld-kloster.dk.web06.webtohosting.dk\/en\/wp-json\/wp\/v2\/pages\/1017","targetHints":{"allow":["GET"]}}],"collection":[{"href":"https:\/\/gisselfeld-kloster.dk.web06.webtohosting.dk\/en\/wp-json\/wp\/v2\/pages"}],"about":[{"href":"https:\/\/gisselfeld-kloster.dk.web06.webtohosting.dk\/en\/wp-json\/wp\/v2\/types\/page"}],"author":[{"embeddable":true,"href":"https:\/\/gisselfeld-kloster.dk.web06.webtohosting.dk\/en\/wp-json\/wp\/v2\/users\/1"}],"replies":[{"embeddable":true,"href":"https:\/\/gisselfeld-kloster.dk.web06.webtohosting.dk\/en\/wp-json\/wp\/v2\/comments?post=1017"}],"version-history":[{"count":3,"href":"https:\/\/gisselfeld-kloster.dk.web06.webtohosting.dk\/en\/wp-json\/wp\/v2\/pages\/1017\/revisions"}],"predecessor-version":[{"id":2374,"href":"https:\/\/gisselfeld-kloster.dk.web06.webtohosting.dk\/en\/wp-json\/wp\/v2\/pages\/1017\/revisions\/2374"}],"wp:attachment":[{"href":"https:\/\/gisselfeld-kloster.dk.web06.webtohosting.dk\/en\/wp-json\/wp\/v2\/media?parent=1017"}],"curies":[{"name":"wp","href":"https:\/\/api.w.org\/{rel}","templated":true}]}}