{"id":1015,"date":"2026-02-23T14:49:12","date_gmt":"2026-02-23T13:49:12","guid":{"rendered":"https:\/\/gisselfeld-kloster.dk.web06.webtohosting.dk\/lejeboliger\/moed-naboerne\/"},"modified":"2026-03-25T18:06:52","modified_gmt":"2026-03-25T17:06:52","slug":"moed-naboerne","status":"publish","type":"page","link":"https:\/\/gisselfeld-kloster.dk.web06.webtohosting.dk\/en\/lejeboliger\/moed-naboerne\/","title":{"rendered":"M\u00f8d naboerne"},"content":{"rendered":"<style>.kb-row-layout-id1015_c1bfa6-5f > .kt-row-column-wrap{align-content:start;}:where(.kb-row-layout-id1015_c1bfa6-5f > .kt-row-column-wrap) > .wp-block-kadence-column{justify-content:start;}.kb-row-layout-id1015_c1bfa6-5f > .kt-row-column-wrap{column-gap:var(--global-kb-gap-lg, 4rem);row-gap:var(--global-kb-gap-lg, 4rem);max-width:var( --global-content-width, 1550px );padding-left:var(--global-content-edge-padding);padding-right:var(--global-content-edge-padding);padding-top:var(--global-kb-spacing-3xl, 6.5rem);padding-bottom:var(--global-kb-spacing-3xl, 6.5rem);grid-template-columns:repeat(2, minmax(0, 1fr));}.kb-row-layout-id1015_c1bfa6-5f > .kt-row-layout-overlay{opacity:0.30;}@media all and (max-width: 1024px){.kb-row-layout-id1015_c1bfa6-5f > .kt-row-column-wrap{column-gap:var(--global-kb-gap-md, 2rem);row-gap:var(--global-kb-gap-md, 2rem);padding-top:var(--global-kb-spacing-xl, 4rem);padding-bottom:var(--global-kb-spacing-xl, 4rem);grid-template-columns:repeat(2, minmax(0, 1fr));}}@media all and (max-width: 767px){.kb-row-layout-id1015_c1bfa6-5f > .kt-row-column-wrap{column-gap:var(--global-kb-gap-md, 2rem);row-gap:var(--global-kb-gap-md, 2rem);padding-top:var(--global-kb-spacing-lg, 3rem);padding-bottom:var(--global-kb-spacing-lg, 3rem);grid-template-columns:minmax(0, 1fr);}}<\/style><div class=\"kb-row-layout-wrap kb-row-layout-id1015_c1bfa6-5f alignnone wp-block-kadence-rowlayout\"><div class=\"kt-row-column-wrap kt-has-2-columns kt-row-layout-equal kt-tab-layout-inherit kt-mobile-layout-row kt-row-valign-top kt-inner-column-height-full kb-theme-content-width\">\n<style>.kadence-column1015_dff1e5-de > .kt-inside-inner-col,.kadence-column1015_dff1e5-de > .kt-inside-inner-col:before{border-top-left-radius:0px;border-top-right-radius:0px;border-bottom-right-radius:0px;border-bottom-left-radius:0px;}.kadence-column1015_dff1e5-de > .kt-inside-inner-col{column-gap:var(--global-kb-gap-sm, 1rem);}.kadence-column1015_dff1e5-de > .kt-inside-inner-col{flex-direction:column;}.kadence-column1015_dff1e5-de > .kt-inside-inner-col > .aligncenter{width:100%;}.kadence-column1015_dff1e5-de > .kt-inside-inner-col:before{opacity:0.3;}.kadence-column1015_dff1e5-de{position:relative;}@media all and (max-width: 1024px){.kadence-column1015_dff1e5-de > .kt-inside-inner-col{flex-direction:column;justify-content:center;}}@media all and (max-width: 767px){.kadence-column1015_dff1e5-de > .kt-inside-inner-col{flex-direction:column;justify-content:center;}}<\/style>\n<div class=\"wp-block-kadence-column kadence-column1015_dff1e5-de\"><div class=\"kt-inside-inner-col\"><style>.wp-block-kadence-advancedheading.kt-adv-heading1015_6eebfb-16, .wp-block-kadence-advancedheading.kt-adv-heading1015_6eebfb-16[data-kb-block=\"kb-adv-heading1015_6eebfb-16\"]{font-size:var(--global-kb-font-size-xl, 3rem);font-style:normal;}.wp-block-kadence-advancedheading.kt-adv-heading1015_6eebfb-16 mark.kt-highlight, .wp-block-kadence-advancedheading.kt-adv-heading1015_6eebfb-16[data-kb-block=\"kb-adv-heading1015_6eebfb-16\"] mark.kt-highlight{font-style:normal;color:#f76a0c;-webkit-box-decoration-break:clone;box-decoration-break:clone;padding-top:0px;padding-right:0px;padding-bottom:0px;padding-left:0px;}.wp-block-kadence-advancedheading.kt-adv-heading1015_6eebfb-16 img.kb-inline-image, .wp-block-kadence-advancedheading.kt-adv-heading1015_6eebfb-16[data-kb-block=\"kb-adv-heading1015_6eebfb-16\"] img.kb-inline-image{width:150px;vertical-align:baseline;}<\/style>\n<h2 class=\"kt-adv-heading1015_6eebfb-16 wp-block-kadence-advancedheading\" data-kb-block=\"kb-adv-heading1015_6eebfb-16\">126 smukt beliggende ejendomme udlejes til private og erhverv<\/h2>\n\n\n\n<p>Kunne du t\u00e6nke dig at bo midt i den sk\u00f8nne sydsj\u00e6llandske natur, bare en times k\u00f8rsel fra K\u00f8benhavn?<\/p>\n\n\n\n<p>Find dr\u00f8mmehuset med unik beliggenhed i det fantastiske herreg\u00e5rdslandskab, i skoven, i landsbyen og med kulturarven som en del af hverdagen. Gisselfeld Kloster har 126 vidt forskellige lejem\u00e5l, der udlejes til private og erhverv.<\/p>\n\n\n\n<p>De fleste huse er fritliggende enfamilieshuse, og nogle enkelte dobbelthuse. Der er st\u00f8rre eller mindre haver til alle husene, og enkelte af ejendommene har mulighed for hestehold eller andet dyrehold. Fra 55 m\u00b2 op til 700 m\u00b2 sk\u00f8n idyl til lejere, som foretr\u00e6kker fredfyldte omgivelser.<\/p>\n\n\n\n<p>NB: RKI-s\u00f8gning vil blive foretaget p\u00e5 vores lejere.<\/p>\n<\/div><\/div>\n\n\n<style>.kadence-column1015_549673-6c > .kt-inside-inner-col,.kadence-column1015_549673-6c > .kt-inside-inner-col:before{border-top-left-radius:0px;border-top-right-radius:0px;border-bottom-right-radius:0px;border-bottom-left-radius:0px;}.kadence-column1015_549673-6c > .kt-inside-inner-col{column-gap:var(--global-kb-gap-sm, 1rem);}.kadence-column1015_549673-6c > .kt-inside-inner-col{flex-direction:column;}.kadence-column1015_549673-6c > .kt-inside-inner-col > .aligncenter{width:100%;}.kadence-column1015_549673-6c > .kt-inside-inner-col{background-image:url('https:\/\/gisselfeld-kloster.dk.web06.webtohosting.dk\/wp-content\/uploads\/Bulbro2.jpg');background-size:cover;background-position:center center;background-attachment:scroll;background-repeat:no-repeat;}.kadence-column1015_549673-6c > .kt-inside-inner-col:before{opacity:0.3;}.kadence-column1015_549673-6c{position:relative;}@media all and (max-width: 1024px){.kadence-column1015_549673-6c > .kt-inside-inner-col{flex-direction:column;justify-content:center;}}@media all and (max-width: 767px){.kadence-column1015_549673-6c > .kt-inside-inner-col{flex-direction:column;justify-content:center;}}<\/style>\n<div class=\"wp-block-kadence-column kadence-column1015_549673-6c\"><div class=\"kt-inside-inner-col\"><\/div><\/div>\n\n<\/div><\/div>\n\n<style>.kb-row-layout-id1015_645cb4-2d > .kt-row-column-wrap{align-content:start;}:where(.kb-row-layout-id1015_645cb4-2d > .kt-row-column-wrap) > .wp-block-kadence-column{justify-content:start;}.kb-row-layout-id1015_645cb4-2d > .kt-row-column-wrap{column-gap:var(--global-kb-gap-lg, 4rem);row-gap:var(--global-kb-gap-lg, 4rem);max-width:1200px;margin-left:auto;margin-right:auto;padding-top:var(--global-kb-spacing-3xl, 6.5rem);padding-bottom:var(--global-kb-spacing-3xl, 6.5rem);grid-template-columns:repeat(2, minmax(0, 1fr));}.kb-row-layout-id1015_645cb4-2d > .kt-row-layout-overlay{opacity:0.30;}@media all and (max-width: 1024px){.kb-row-layout-id1015_645cb4-2d > .kt-row-column-wrap{column-gap:var(--global-kb-gap-md, 2rem);row-gap:var(--global-kb-gap-md, 2rem);padding-top:var(--global-kb-spacing-xl, 4rem);padding-bottom:var(--global-kb-spacing-xl, 4rem);grid-template-columns:repeat(2, minmax(0, 1fr));}}@media all and (max-width: 767px){.kb-row-layout-id1015_645cb4-2d > .kt-row-column-wrap{column-gap:var(--global-kb-gap-md, 2rem);row-gap:var(--global-kb-gap-md, 2rem);padding-top:var(--global-kb-spacing-lg, 3rem);padding-bottom:var(--global-kb-spacing-lg, 3rem);grid-template-columns:minmax(0, 1fr);}}<\/style><div class=\"kb-row-layout-wrap kb-row-layout-id1015_645cb4-2d alignnone has-theme-palette8-background-color kt-row-has-bg wp-block-kadence-rowlayout\"><div class=\"kt-row-column-wrap kt-has-2-columns kt-row-layout-equal kt-tab-layout-inherit kt-mobile-layout-row kt-row-valign-top\">\n<style>.kadence-column1015_b0a86c-56 > .kt-inside-inner-col{padding-top:var(--global-kb-spacing-sm, 1.5rem);padding-right:var(--global-kb-spacing-sm, 1.5rem);padding-bottom:var(--global-kb-spacing-sm, 1.5rem);padding-left:var(--global-kb-spacing-sm, 1.5rem);}.kadence-column1015_b0a86c-56 > .kt-inside-inner-col,.kadence-column1015_b0a86c-56 > .kt-inside-inner-col:before{border-top-left-radius:0px;border-top-right-radius:0px;border-bottom-right-radius:0px;border-bottom-left-radius:0px;}.kadence-column1015_b0a86c-56 > .kt-inside-inner-col{column-gap:var(--global-kb-gap-sm, 1rem);}.kadence-column1015_b0a86c-56 > .kt-inside-inner-col{flex-direction:column;}.kadence-column1015_b0a86c-56 > .kt-inside-inner-col > .aligncenter{width:100%;}.kadence-column1015_b0a86c-56 > .kt-inside-inner-col{background-color:var(--global-palette9, #ffffff);}.kadence-column1015_b0a86c-56 > .kt-inside-inner-col:before{opacity:0.3;}.kadence-column1015_b0a86c-56{position:relative;}@media all and (max-width: 1024px){.kadence-column1015_b0a86c-56 > .kt-inside-inner-col{flex-direction:column;justify-content:center;}}@media all and (max-width: 767px){.kadence-column1015_b0a86c-56 > .kt-inside-inner-col{flex-direction:column;justify-content:center;}}<\/style>\n<div class=\"wp-block-kadence-column kadence-column1015_b0a86c-56\"><div class=\"kt-inside-inner-col\"><style>.kb-image1015_cb0df5-32 .kb-image-has-overlay:after{opacity:0.3;}<\/style>\n<figure class=\"wp-block-kadence-image kb-image1015_cb0df5-32 size-full\"><img loading=\"lazy\" decoding=\"async\" width=\"525\" height=\"350\" src=\"https:\/\/gisselfeld-kloster.dk.web06.webtohosting.dk\/wp-content\/uploads\/Nicolaj.jpg\" alt=\"\" class=\"kb-img wp-image-2173\" srcset=\"https:\/\/gisselfeld-kloster.dk.web06.webtohosting.dk\/wp-content\/uploads\/Nicolaj.jpg 525w, https:\/\/gisselfeld-kloster.dk.web06.webtohosting.dk\/wp-content\/uploads\/Nicolaj-300x200.jpg 300w, https:\/\/gisselfeld-kloster.dk.web06.webtohosting.dk\/wp-content\/uploads\/Nicolaj-18x12.jpg 18w\" sizes=\"auto, (max-width: 525px) 100vw, 525px\" \/><\/figure>\n\n\n<style>.wp-block-kadence-advancedheading.kt-adv-heading1015_62b05b-55, .wp-block-kadence-advancedheading.kt-adv-heading1015_62b05b-55[data-kb-block=\"kb-adv-heading1015_62b05b-55\"]{margin-top:var(--global-kb-spacing-md, 2rem);font-size:var(--global-kb-font-size-lg, 2rem);font-style:normal;}.wp-block-kadence-advancedheading.kt-adv-heading1015_62b05b-55 mark.kt-highlight, .wp-block-kadence-advancedheading.kt-adv-heading1015_62b05b-55[data-kb-block=\"kb-adv-heading1015_62b05b-55\"] mark.kt-highlight{font-style:normal;color:#f76a0c;-webkit-box-decoration-break:clone;box-decoration-break:clone;padding-top:0px;padding-right:0px;padding-bottom:0px;padding-left:0px;}.wp-block-kadence-advancedheading.kt-adv-heading1015_62b05b-55 img.kb-inline-image, .wp-block-kadence-advancedheading.kt-adv-heading1015_62b05b-55[data-kb-block=\"kb-adv-heading1015_62b05b-55\"] img.kb-inline-image{width:150px;vertical-align:baseline;}<\/style>\n<h2 class=\"kt-adv-heading1015_62b05b-55 wp-block-kadence-advancedheading\" data-kb-block=\"kb-adv-heading1015_62b05b-55\">Det er en gave at bo her<\/h2>\n\n\n\n<p>&#8220;Det er helt fantastisk at f\u00e5 lov til at bo i s\u00e5dan nogle sk\u00f8nne huse, som man normalt aldrig selv ville komme til at eje. Vi ser det som en gave at v\u00e6re s\u00e5 t\u00e6t p\u00e5 naturen. Vi har Sus\u00e5 l\u00f8bende for enden af vores have, og dyrelivet er en del af vores hverdag.<\/p>\n\n\n\n<p>Vi har boet her siden 2011 og har en god dialog med Godskontoret med en fornemmelse af, at huset er vores eget. Der er plads til selv at s\u00e6tte sit pr\u00e6g p\u00e5 haven og huset, hvilket vi s\u00e6tter stor pris p\u00e5. Vi oplever at v\u00e6re en del af det fantastiske herreg\u00e5rdslandskab, og det kan varmt anbefales. \u201d<\/p>\n\n\n\n<p>Nicolai Lund Jensen &#8211; lejer og indehaver \/ erhvervslejer af den fineste Livstilsbutik &#8220;Veras Verden&#8221; p\u00e5 Hesede sammen med sin mand, Jimmi. Butikken, som er opkaldt efter parrets datter, rummer et stort udvalg af l\u00e6kre produkter i stueetagen og kunstgalleri p\u00e5 1.-sal. Se butikkens \u00e5bningstider HER<\/p>\n<\/div><\/div>\n\n\n<style>.kadence-column1015_c97fea-ba > .kt-inside-inner-col,.kadence-column1015_c97fea-ba > .kt-inside-inner-col:before{border-top-left-radius:0px;border-top-right-radius:0px;border-bottom-right-radius:0px;border-bottom-left-radius:0px;}.kadence-column1015_c97fea-ba > .kt-inside-inner-col{column-gap:var(--global-kb-gap-sm, 1rem);}.kadence-column1015_c97fea-ba > .kt-inside-inner-col{flex-direction:column;}.kadence-column1015_c97fea-ba > .kt-inside-inner-col > .aligncenter{width:100%;}.kadence-column1015_c97fea-ba > .kt-inside-inner-col:before{opacity:0.3;}.kadence-column1015_c97fea-ba{position:relative;}@media all and (max-width: 1024px){.kadence-column1015_c97fea-ba > .kt-inside-inner-col{flex-direction:column;justify-content:center;}}@media all and (max-width: 767px){.kadence-column1015_c97fea-ba > .kt-inside-inner-col{flex-direction:column;justify-content:center;}}<\/style>\n<div class=\"wp-block-kadence-column kadence-column1015_c97fea-ba\"><div class=\"kt-inside-inner-col\"><style>.wp-block-kadence-advancedheading.kt-adv-heading1015_131cff-59, .wp-block-kadence-advancedheading.kt-adv-heading1015_131cff-59[data-kb-block=\"kb-adv-heading1015_131cff-59\"]{font-size:var(--global-kb-font-size-lg, 2rem);font-style:normal;}.wp-block-kadence-advancedheading.kt-adv-heading1015_131cff-59 mark.kt-highlight, .wp-block-kadence-advancedheading.kt-adv-heading1015_131cff-59[data-kb-block=\"kb-adv-heading1015_131cff-59\"] mark.kt-highlight{font-style:normal;color:#f76a0c;-webkit-box-decoration-break:clone;box-decoration-break:clone;padding-top:0px;padding-right:0px;padding-bottom:0px;padding-left:0px;}.wp-block-kadence-advancedheading.kt-adv-heading1015_131cff-59 img.kb-inline-image, .wp-block-kadence-advancedheading.kt-adv-heading1015_131cff-59[data-kb-block=\"kb-adv-heading1015_131cff-59\"] img.kb-inline-image{width:150px;vertical-align:baseline;}<\/style>\n<h2 class=\"kt-adv-heading1015_131cff-59 wp-block-kadence-advancedheading\" data-kb-block=\"kb-adv-heading1015_131cff-59\">Landidyl t\u00e6t p\u00e5 Haslev. Ledige lejem\u00e5l vil fremg\u00e5 her:<\/h2>\n\n\n\n<p>126 lejem\u00e5l med meget forskellig beliggenhed &#8211; helt inde i skoven, i landsbyerne, isoleret eller i klynger.<\/p>\n\n\n\n<p>Husene er fra 55 m\u00b2 op til 700 m\u00b2 og en del er opf\u00f8rt og\/eller restaureret i slutningen af 1800-tallet af de ber\u00f8mte arkitekter Martin Nyrup og Martin Borch.<\/p>\n\n\n\n<p>Der l\u00e6gges v\u00e6gt p\u00e5 at bevare denne s\u00e6rlige \u201dkulturarv\u201d, og der er derfor fastsat rammer for vedligeholdelse og farvevalg.<\/p>\n<\/div><\/div>\n\n<\/div><\/div>","protected":false},"excerpt":{"rendered":"<p>126 smukt beliggende ejendomme udlejes til private og erhverv Kunne du t\u00e6nke dig at bo midt i den sk\u00f8nne sydsj\u00e6llandske natur, bare en times k\u00f8rsel fra K\u00f8benhavn? Find dr\u00f8mmehuset med unik beliggenhed i det fantastiske herreg\u00e5rdslandskab, i skoven, i landsbyen og med kulturarven som en del af hverdagen. Gisselfeld Kloster har 126 vidt forskellige lejem\u00e5l,&#8230;<\/p>","protected":false},"author":1,"featured_media":0,"parent":1014,"menu_order":28,"comment_status":"closed","ping_status":"closed","template":"","meta":{"_acf_changed":false,"inline_featured_image":false,"_kad_blocks_custom_css":"","_kad_blocks_head_custom_js":"","_kad_blocks_body_custom_js":"","_kad_blocks_footer_custom_js":"","_kad_post_transparent":"","_kad_post_title":"","_kad_post_layout":"","_kad_post_sidebar_id":"","_kad_post_content_style":"","_kad_post_vertical_padding":"","_kad_post_feature":"","_kad_post_feature_position":"","_kad_post_header":false,"_kad_post_footer":false,"_kad_post_classname":"","footnotes":""},"class_list":["post-1015","page","type-page","status-publish","hentry"],"acf":[],"taxonomy_info":[],"featured_image_src_large":false,"author_info":{"display_name":"webto","author_link":"https:\/\/gisselfeld-kloster.dk.web06.webtohosting.dk\/en\/author\/webto\/"},"comment_info":0,"_links":{"self":[{"href":"https:\/\/gisselfeld-kloster.dk.web06.webtohosting.dk\/en\/wp-json\/wp\/v2\/pages\/1015","targetHints":{"allow":["GET"]}}],"collection":[{"href":"https:\/\/gisselfeld-kloster.dk.web06.webtohosting.dk\/en\/wp-json\/wp\/v2\/pages"}],"about":[{"href":"https:\/\/gisselfeld-kloster.dk.web06.webtohosting.dk\/en\/wp-json\/wp\/v2\/types\/page"}],"author":[{"embeddable":true,"href":"https:\/\/gisselfeld-kloster.dk.web06.webtohosting.dk\/en\/wp-json\/wp\/v2\/users\/1"}],"replies":[{"embeddable":true,"href":"https:\/\/gisselfeld-kloster.dk.web06.webtohosting.dk\/en\/wp-json\/wp\/v2\/comments?post=1015"}],"version-history":[{"count":7,"href":"https:\/\/gisselfeld-kloster.dk.web06.webtohosting.dk\/en\/wp-json\/wp\/v2\/pages\/1015\/revisions"}],"predecessor-version":[{"id":2349,"href":"https:\/\/gisselfeld-kloster.dk.web06.webtohosting.dk\/en\/wp-json\/wp\/v2\/pages\/1015\/revisions\/2349"}],"up":[{"embeddable":true,"href":"https:\/\/gisselfeld-kloster.dk.web06.webtohosting.dk\/en\/wp-json\/wp\/v2\/pages\/1014"}],"wp:attachment":[{"href":"https:\/\/gisselfeld-kloster.dk.web06.webtohosting.dk\/en\/wp-json\/wp\/v2\/media?parent=1015"}],"curies":[{"name":"wp","href":"https:\/\/api.w.org\/{rel}","templated":true}]}}