{"id":1014,"date":"2026-02-23T14:49:12","date_gmt":"2026-02-23T13:49:12","guid":{"rendered":"https:\/\/gisselfeld-kloster.dk.web06.webtohosting.dk\/lejeboliger\/"},"modified":"2026-03-25T17:51:10","modified_gmt":"2026-03-25T16:51:10","slug":"lejeboliger","status":"publish","type":"page","link":"https:\/\/gisselfeld-kloster.dk.web06.webtohosting.dk\/en\/lejeboliger\/","title":{"rendered":"Lejeboliger"},"content":{"rendered":"<style>.kb-row-layout-id1014_6a2e0a-74 > .kt-row-column-wrap{align-content:start;}:where(.kb-row-layout-id1014_6a2e0a-74 > .kt-row-column-wrap) > .wp-block-kadence-column{justify-content:start;}.kb-row-layout-id1014_6a2e0a-74 > .kt-row-column-wrap{column-gap:var(--global-kb-gap-lg, 4rem);row-gap:var(--global-kb-gap-lg, 4rem);max-width:var( --global-content-width, 1550px );padding-left:var(--global-content-edge-padding);padding-right:var(--global-content-edge-padding);padding-top:var(--global-kb-spacing-3xl, 6.5rem);padding-bottom:var(--global-kb-spacing-3xl, 6.5rem);grid-template-columns:repeat(2, minmax(0, 1fr));}.kb-row-layout-id1014_6a2e0a-74 > .kt-row-layout-overlay{opacity:0.30;}@media all and (max-width: 1024px){.kb-row-layout-id1014_6a2e0a-74 > .kt-row-column-wrap{column-gap:var(--global-kb-gap-md, 2rem);row-gap:var(--global-kb-gap-md, 2rem);padding-top:var(--global-kb-spacing-xl, 4rem);padding-bottom:var(--global-kb-spacing-xl, 4rem);grid-template-columns:repeat(2, minmax(0, 1fr));}}@media all and (max-width: 767px){.kb-row-layout-id1014_6a2e0a-74 > .kt-row-column-wrap{column-gap:var(--global-kb-gap-md, 2rem);row-gap:var(--global-kb-gap-md, 2rem);padding-top:var(--global-kb-spacing-lg, 3rem);padding-bottom:var(--global-kb-spacing-lg, 3rem);grid-template-columns:minmax(0, 1fr);}}<\/style><div class=\"kb-row-layout-wrap kb-row-layout-id1014_6a2e0a-74 alignnone wp-block-kadence-rowlayout\"><div class=\"kt-row-column-wrap kt-has-2-columns kt-row-layout-equal kt-tab-layout-inherit kt-mobile-layout-row kt-row-valign-top kt-inner-column-height-full kb-theme-content-width\">\n<style>.kadence-column1014_165ff7-e4 > .kt-inside-inner-col,.kadence-column1014_165ff7-e4 > .kt-inside-inner-col:before{border-top-left-radius:0px;border-top-right-radius:0px;border-bottom-right-radius:0px;border-bottom-left-radius:0px;}.kadence-column1014_165ff7-e4 > .kt-inside-inner-col{column-gap:var(--global-kb-gap-sm, 1rem);}.kadence-column1014_165ff7-e4 > .kt-inside-inner-col{flex-direction:column;}.kadence-column1014_165ff7-e4 > .kt-inside-inner-col > .aligncenter{width:100%;}.kadence-column1014_165ff7-e4 > .kt-inside-inner-col:before{opacity:0.3;}.kadence-column1014_165ff7-e4{position:relative;}@media all and (max-width: 1024px){.kadence-column1014_165ff7-e4 > .kt-inside-inner-col{flex-direction:column;justify-content:center;}}@media all and (max-width: 767px){.kadence-column1014_165ff7-e4 > .kt-inside-inner-col{flex-direction:column;justify-content:center;}}<\/style>\n<div class=\"wp-block-kadence-column kadence-column1014_165ff7-e4\"><div class=\"kt-inside-inner-col\"><style>.wp-block-kadence-advancedheading.kt-adv-heading1014_8f8402-82, .wp-block-kadence-advancedheading.kt-adv-heading1014_8f8402-82[data-kb-block=\"kb-adv-heading1014_8f8402-82\"]{font-size:var(--global-kb-font-size-xl, 3rem);font-style:normal;}.wp-block-kadence-advancedheading.kt-adv-heading1014_8f8402-82 mark.kt-highlight, .wp-block-kadence-advancedheading.kt-adv-heading1014_8f8402-82[data-kb-block=\"kb-adv-heading1014_8f8402-82\"] mark.kt-highlight{font-style:normal;color:#f76a0c;-webkit-box-decoration-break:clone;box-decoration-break:clone;padding-top:0px;padding-right:0px;padding-bottom:0px;padding-left:0px;}.wp-block-kadence-advancedheading.kt-adv-heading1014_8f8402-82 img.kb-inline-image, .wp-block-kadence-advancedheading.kt-adv-heading1014_8f8402-82[data-kb-block=\"kb-adv-heading1014_8f8402-82\"] img.kb-inline-image{width:150px;vertical-align:baseline;}<\/style>\n<h2 class=\"kt-adv-heading1014_8f8402-82 wp-block-kadence-advancedheading\" data-kb-block=\"kb-adv-heading1014_8f8402-82\">126 smukt beliggende ejendomme udlejes til private og erhverv<\/h2>\n\n\n\n<p>Kunne du t\u00e6nke dig at bo midt i den sk\u00f8nne sydsj\u00e6llandske natur &#8211; bare en times k\u00f8rsel fra K\u00f8benhavn? Find dr\u00f8mmehuset med unik beliggenhed i det fantastiske herreg\u00e5rdslandskab, i skoven, i landsbyen og med kulturarven som en del af hverdagen. Gisselfeld Kloster har 126 vidt forskellige lejem\u00e5l, der udlejes til private og erhverv.<\/p>\n\n\n\n<p>De fleste huse er fritliggende enfamilieshuse, og nogle enkelte dobbelthuse. Der er st\u00f8rre eller mindre haver til alle husene, og enkelte af ejendommene har mulighed for hestehold eller andet dyrehold. Fra 55 m\u00b2 op til 700 m\u00b2 sk\u00f8n idyl til lejere, som foretr\u00e6kker fredfyldte omgivelser. NB: RKI-s\u00f8gning vil blive foretaget p\u00e5 vores lejere.<\/p>\n<\/div><\/div>\n\n\n<style>.kadence-column1014_137850-6b > .kt-inside-inner-col,.kadence-column1014_137850-6b > .kt-inside-inner-col:before{border-top-left-radius:0px;border-top-right-radius:0px;border-bottom-right-radius:0px;border-bottom-left-radius:0px;}.kadence-column1014_137850-6b > .kt-inside-inner-col{column-gap:var(--global-kb-gap-sm, 1rem);}.kadence-column1014_137850-6b > .kt-inside-inner-col{flex-direction:column;}.kadence-column1014_137850-6b > .kt-inside-inner-col > .aligncenter{width:100%;}.kadence-column1014_137850-6b > .kt-inside-inner-col{background-image:url('https:\/\/gisselfeld-kloster.dk.web06.webtohosting.dk\/wp-content\/uploads\/2542.jpg');background-size:cover;background-position:center center;background-attachment:scroll;background-repeat:no-repeat;}.kadence-column1014_137850-6b > .kt-inside-inner-col:before{opacity:0.3;}.kadence-column1014_137850-6b{position:relative;}@media all and (max-width: 1024px){.kadence-column1014_137850-6b > .kt-inside-inner-col{flex-direction:column;justify-content:center;}}@media all and (max-width: 767px){.kadence-column1014_137850-6b > .kt-inside-inner-col{flex-direction:column;justify-content:center;}}<\/style>\n<div class=\"wp-block-kadence-column kadence-column1014_137850-6b\"><div class=\"kt-inside-inner-col\"><\/div><\/div>\n\n<\/div><\/div>\n\n<style>.kb-row-layout-id1014_0d953c-98 > .kt-row-column-wrap{align-content:start;}:where(.kb-row-layout-id1014_0d953c-98 > .kt-row-column-wrap) > .wp-block-kadence-column{justify-content:start;}.kb-row-layout-id1014_0d953c-98 > .kt-row-column-wrap{column-gap:var(--global-kb-gap-lg, 4rem);row-gap:var(--global-kb-gap-lg, 4rem);max-width:var( --global-content-width, 1550px );padding-left:var(--global-content-edge-padding);padding-right:var(--global-content-edge-padding);padding-top:var(--global-kb-spacing-3xl, 6.5rem);padding-bottom:var(--global-kb-spacing-3xl, 6.5rem);grid-template-columns:repeat(2, minmax(0, 1fr));}.kb-row-layout-id1014_0d953c-98 > .kt-row-layout-overlay{opacity:0.30;}@media all and (max-width: 1024px){.kb-row-layout-id1014_0d953c-98 > .kt-row-column-wrap{column-gap:var(--global-kb-gap-md, 2rem);row-gap:var(--global-kb-gap-md, 2rem);padding-top:var(--global-kb-spacing-xl, 4rem);padding-bottom:var(--global-kb-spacing-xl, 4rem);grid-template-columns:repeat(2, minmax(0, 1fr));}}@media all and (max-width: 767px){.kb-row-layout-id1014_0d953c-98 > .kt-row-column-wrap{column-gap:var(--global-kb-gap-md, 2rem);row-gap:var(--global-kb-gap-md, 2rem);padding-top:var(--global-kb-spacing-lg, 3rem);padding-bottom:var(--global-kb-spacing-lg, 3rem);grid-template-columns:minmax(0, 1fr);}}<\/style><div class=\"kb-row-layout-wrap kb-row-layout-id1014_0d953c-98 alignnone has-theme-palette8-background-color kt-row-has-bg wp-block-kadence-rowlayout\"><div class=\"kt-row-column-wrap kt-has-2-columns kt-row-layout-equal kt-tab-layout-inherit kt-mobile-layout-row kt-row-valign-top kb-theme-content-width\">\n<style>.kadence-column1014_a18fef-1b > .kt-inside-inner-col,.kadence-column1014_a18fef-1b > .kt-inside-inner-col:before{border-top-left-radius:0px;border-top-right-radius:0px;border-bottom-right-radius:0px;border-bottom-left-radius:0px;}.kadence-column1014_a18fef-1b > .kt-inside-inner-col{column-gap:var(--global-kb-gap-sm, 1rem);}.kadence-column1014_a18fef-1b > .kt-inside-inner-col{flex-direction:column;}.kadence-column1014_a18fef-1b > .kt-inside-inner-col > .aligncenter{width:100%;}.kadence-column1014_a18fef-1b > .kt-inside-inner-col:before{opacity:0.3;}.kadence-column1014_a18fef-1b{position:relative;}@media all and (max-width: 1024px){.kadence-column1014_a18fef-1b > .kt-inside-inner-col{flex-direction:column;justify-content:center;}}@media all and (max-width: 767px){.kadence-column1014_a18fef-1b > .kt-inside-inner-col{flex-direction:column;justify-content:center;}}<\/style>\n<div class=\"wp-block-kadence-column kadence-column1014_a18fef-1b\"><div class=\"kt-inside-inner-col\"><style>.wp-block-kadence-advancedheading.kt-adv-heading1014_9e42b2-94, .wp-block-kadence-advancedheading.kt-adv-heading1014_9e42b2-94[data-kb-block=\"kb-adv-heading1014_9e42b2-94\"]{font-size:var(--global-kb-font-size-lg, 2rem);font-style:normal;}.wp-block-kadence-advancedheading.kt-adv-heading1014_9e42b2-94 mark.kt-highlight, .wp-block-kadence-advancedheading.kt-adv-heading1014_9e42b2-94[data-kb-block=\"kb-adv-heading1014_9e42b2-94\"] mark.kt-highlight{font-style:normal;color:#f76a0c;-webkit-box-decoration-break:clone;box-decoration-break:clone;padding-top:0px;padding-right:0px;padding-bottom:0px;padding-left:0px;}.wp-block-kadence-advancedheading.kt-adv-heading1014_9e42b2-94 img.kb-inline-image, .wp-block-kadence-advancedheading.kt-adv-heading1014_9e42b2-94[data-kb-block=\"kb-adv-heading1014_9e42b2-94\"] img.kb-inline-image{width:150px;vertical-align:baseline;}<\/style>\n<h2 class=\"kt-adv-heading1014_9e42b2-94 wp-block-kadence-advancedheading\" data-kb-block=\"kb-adv-heading1014_9e42b2-94\">Landidyl t\u00e6t p\u00e5 Haslev. <br>Ledige lejem\u00e5l vil fremg\u00e5 her:<\/h2>\n\n\n\n<p>126 lejem\u00e5l med meget forskellige beliggenheder &#8211; helt inde i skoven, i landsbyerne, isoleret eller i klynger.<\/p>\n\n\n\n<p>Husene er fra 55 m\u00b2 op til 700 m\u00b2 og en del er opf\u00f8rt og\/eller restaureret i slutningen af 1800-tallet af de ber\u00f8mte arkitekter Martin Nyrup og Martin Borch.<\/p>\n\n\n\n<p>Der l\u00e6gges v\u00e6gt p\u00e5 at bevare denne s\u00e6rlige kulturarv, og der er derfor fastsat rammer for vedligeholdelse og farvevalg.<\/p>\n\n\n<style>.kadence-column1014_9498a4-dc > .kt-inside-inner-col{padding-top:var(--global-kb-spacing-sm, 1.5rem);padding-right:var(--global-kb-spacing-sm, 1.5rem);padding-bottom:var(--global-kb-spacing-sm, 1.5rem);padding-left:var(--global-kb-spacing-sm, 1.5rem);}.kadence-column1014_9498a4-dc > .kt-inside-inner-col,.kadence-column1014_9498a4-dc > .kt-inside-inner-col:before{border-top-left-radius:0px;border-top-right-radius:0px;border-bottom-right-radius:0px;border-bottom-left-radius:0px;}.kadence-column1014_9498a4-dc > .kt-inside-inner-col{column-gap:var(--global-kb-gap-sm, 1rem);}.kadence-column1014_9498a4-dc > .kt-inside-inner-col{flex-direction:column;}.kadence-column1014_9498a4-dc > .kt-inside-inner-col > .aligncenter{width:100%;}.kadence-column1014_9498a4-dc > .kt-inside-inner-col{background-color:var(--global-palette9, #ffffff);}.kadence-column1014_9498a4-dc > .kt-inside-inner-col:before{opacity:0.3;}.kadence-column1014_9498a4-dc{position:relative;}@media all and (max-width: 1024px){.kadence-column1014_9498a4-dc > .kt-inside-inner-col{flex-direction:column;justify-content:center;}}@media all and (max-width: 767px){.kadence-column1014_9498a4-dc > .kt-inside-inner-col{flex-direction:column;justify-content:center;}}<\/style>\n<div class=\"wp-block-kadence-column kadence-column1014_9498a4-dc\"><div class=\"kt-inside-inner-col\"><style>.wp-block-kadence-advancedheading.kt-adv-heading1014_9d471f-e8, .wp-block-kadence-advancedheading.kt-adv-heading1014_9d471f-e8[data-kb-block=\"kb-adv-heading1014_9d471f-e8\"]{font-style:normal;}.wp-block-kadence-advancedheading.kt-adv-heading1014_9d471f-e8 mark.kt-highlight, .wp-block-kadence-advancedheading.kt-adv-heading1014_9d471f-e8[data-kb-block=\"kb-adv-heading1014_9d471f-e8\"] mark.kt-highlight{font-style:normal;color:#f76a0c;-webkit-box-decoration-break:clone;box-decoration-break:clone;padding-top:0px;padding-right:0px;padding-bottom:0px;padding-left:0px;}.wp-block-kadence-advancedheading.kt-adv-heading1014_9d471f-e8 img.kb-inline-image, .wp-block-kadence-advancedheading.kt-adv-heading1014_9d471f-e8[data-kb-block=\"kb-adv-heading1014_9d471f-e8\"] img.kb-inline-image{width:150px;vertical-align:baseline;}<\/style>\n<p class=\"kt-adv-heading1014_9d471f-e8 wp-block-kadence-advancedheading\" data-kb-block=\"kb-adv-heading1014_9d471f-e8\">Al henvendelse herom kan rettes til godskontoret p\u00e5 tlf. 56 32 60 32<br>Tlf.tid kl 9-13 &#8211; Alle dage.<\/p>\n<\/div><\/div>\n<\/div><\/div>\n\n\n<style>.kadence-column1014_920ae2-a1 > .kt-inside-inner-col{padding-top:var(--global-kb-spacing-sm, 1.5rem);padding-right:var(--global-kb-spacing-sm, 1.5rem);padding-bottom:var(--global-kb-spacing-sm, 1.5rem);padding-left:var(--global-kb-spacing-sm, 1.5rem);}.kadence-column1014_920ae2-a1 > .kt-inside-inner-col,.kadence-column1014_920ae2-a1 > .kt-inside-inner-col:before{border-top-left-radius:0px;border-top-right-radius:0px;border-bottom-right-radius:0px;border-bottom-left-radius:0px;}.kadence-column1014_920ae2-a1 > .kt-inside-inner-col{column-gap:var(--global-kb-gap-sm, 1rem);}.kadence-column1014_920ae2-a1 > .kt-inside-inner-col{flex-direction:column;}.kadence-column1014_920ae2-a1 > .kt-inside-inner-col > .aligncenter{width:100%;}.kadence-column1014_920ae2-a1 > .kt-inside-inner-col{background-color:var(--global-palette9, #ffffff);}.kadence-column1014_920ae2-a1 > .kt-inside-inner-col:before{opacity:0.3;}.kadence-column1014_920ae2-a1{position:relative;}@media all and (max-width: 1024px){.kadence-column1014_920ae2-a1 > .kt-inside-inner-col{flex-direction:column;justify-content:center;}}@media all and (max-width: 767px){.kadence-column1014_920ae2-a1 > .kt-inside-inner-col{flex-direction:column;justify-content:center;}}<\/style>\n<div class=\"wp-block-kadence-column kadence-column1014_920ae2-a1\"><div class=\"kt-inside-inner-col\">\n<p><a href=\"\/wp-content\/uploads\/Kontorleje-dok-pdf.pdf\" target=\"_blank\" rel=\"noreferrer noopener\">NYHED: Kontor \/ Erhvervslokaler med lager udlejes i Faxe<\/a><\/p>\n\n\n\n<p><a href=\"https:\/\/gisselfeld-kloster.dk.web06.webtohosting.dk\/wp-content\/uploads\/Lagerbygning-udlejes-003-1.pdf\" target=\"_blank\" rel=\"noreferrer noopener\">MERE: Rummelig lagerbygning udlejes n\u00e6r R\u00f8nnede<\/a><\/p>\n<\/div><\/div>\n\n<\/div><\/div>","protected":false},"excerpt":{"rendered":"<p>126 smukt beliggende ejendomme udlejes til private og erhverv Kunne du t\u00e6nke dig at bo midt i den sk\u00f8nne sydsj\u00e6llandske natur &#8211; bare en times k\u00f8rsel fra K\u00f8benhavn? Find dr\u00f8mmehuset med unik beliggenhed i det fantastiske herreg\u00e5rdslandskab, i skoven, i landsbyen og med kulturarven som en del af hverdagen. Gisselfeld Kloster har 126 vidt forskellige&#8230;<\/p>","protected":false},"author":1,"featured_media":0,"parent":0,"menu_order":27,"comment_status":"closed","ping_status":"closed","template":"","meta":{"_acf_changed":false,"inline_featured_image":false,"_kad_blocks_custom_css":"","_kad_blocks_head_custom_js":"","_kad_blocks_body_custom_js":"","_kad_blocks_footer_custom_js":"","_kad_post_transparent":"","_kad_post_title":"","_kad_post_layout":"","_kad_post_sidebar_id":"","_kad_post_content_style":"","_kad_post_vertical_padding":"","_kad_post_feature":"","_kad_post_feature_position":"","_kad_post_header":false,"_kad_post_footer":false,"_kad_post_classname":"","footnotes":""},"class_list":["post-1014","page","type-page","status-publish","hentry"],"acf":[],"taxonomy_info":[],"featured_image_src_large":false,"author_info":{"display_name":"webto","author_link":"https:\/\/gisselfeld-kloster.dk.web06.webtohosting.dk\/en\/author\/webto\/"},"comment_info":0,"_links":{"self":[{"href":"https:\/\/gisselfeld-kloster.dk.web06.webtohosting.dk\/en\/wp-json\/wp\/v2\/pages\/1014","targetHints":{"allow":["GET"]}}],"collection":[{"href":"https:\/\/gisselfeld-kloster.dk.web06.webtohosting.dk\/en\/wp-json\/wp\/v2\/pages"}],"about":[{"href":"https:\/\/gisselfeld-kloster.dk.web06.webtohosting.dk\/en\/wp-json\/wp\/v2\/types\/page"}],"author":[{"embeddable":true,"href":"https:\/\/gisselfeld-kloster.dk.web06.webtohosting.dk\/en\/wp-json\/wp\/v2\/users\/1"}],"replies":[{"embeddable":true,"href":"https:\/\/gisselfeld-kloster.dk.web06.webtohosting.dk\/en\/wp-json\/wp\/v2\/comments?post=1014"}],"version-history":[{"count":2,"href":"https:\/\/gisselfeld-kloster.dk.web06.webtohosting.dk\/en\/wp-json\/wp\/v2\/pages\/1014\/revisions"}],"predecessor-version":[{"id":2331,"href":"https:\/\/gisselfeld-kloster.dk.web06.webtohosting.dk\/en\/wp-json\/wp\/v2\/pages\/1014\/revisions\/2331"}],"wp:attachment":[{"href":"https:\/\/gisselfeld-kloster.dk.web06.webtohosting.dk\/en\/wp-json\/wp\/v2\/media?parent=1014"}],"curies":[{"name":"wp","href":"https:\/\/api.w.org\/{rel}","templated":true}]}}