{"id":1013,"date":"2026-02-23T14:49:11","date_gmt":"2026-02-23T13:49:11","guid":{"rendered":"https:\/\/gisselfeld-kloster.dk.web06.webtohosting.dk\/land-skov\/salg-af-braende\/"},"modified":"2026-03-25T16:59:14","modified_gmt":"2026-03-25T15:59:14","slug":"salg-af-braende","status":"publish","type":"page","link":"https:\/\/gisselfeld-kloster.dk.web06.webtohosting.dk\/en\/land-skov\/salg-af-braende\/","title":{"rendered":"Salg af br\u00e6nde"},"content":{"rendered":"<style>.kb-row-layout-id1013_08bc7f-6c > .kt-row-column-wrap{align-content:start;}:where(.kb-row-layout-id1013_08bc7f-6c > .kt-row-column-wrap) > .wp-block-kadence-column{justify-content:start;}.kb-row-layout-id1013_08bc7f-6c > .kt-row-column-wrap{column-gap:var(--global-kb-gap-lg, 4rem);row-gap:var(--global-kb-gap-lg, 4rem);max-width:var( --global-content-width, 1550px );padding-left:var(--global-content-edge-padding);padding-right:var(--global-content-edge-padding);padding-top:var(--global-kb-spacing-3xl, 6.5rem);padding-bottom:var(--global-kb-spacing-3xl, 6.5rem);grid-template-columns:repeat(2, minmax(0, 1fr));}.kb-row-layout-id1013_08bc7f-6c > .kt-row-layout-overlay{opacity:0.30;}@media all and (max-width: 1024px){.kb-row-layout-id1013_08bc7f-6c > .kt-row-column-wrap{column-gap:var(--global-kb-gap-md, 2rem);row-gap:var(--global-kb-gap-md, 2rem);padding-top:var(--global-kb-spacing-xl, 4rem);padding-bottom:var(--global-kb-spacing-xl, 4rem);grid-template-columns:repeat(2, minmax(0, 1fr));}}@media all and (max-width: 767px){.kb-row-layout-id1013_08bc7f-6c > .kt-row-column-wrap{column-gap:var(--global-kb-gap-md, 2rem);row-gap:var(--global-kb-gap-md, 2rem);padding-top:var(--global-kb-spacing-lg, 3rem);padding-bottom:var(--global-kb-spacing-lg, 3rem);grid-template-columns:minmax(0, 1fr);}}<\/style><div class=\"kb-row-layout-wrap kb-row-layout-id1013_08bc7f-6c alignnone wp-block-kadence-rowlayout\"><div class=\"kt-row-column-wrap kt-has-2-columns kt-row-layout-equal kt-tab-layout-inherit kt-mobile-layout-row kt-row-valign-top kb-theme-content-width\">\n<style>.kadence-column1013_d535cb-2e > .kt-inside-inner-col,.kadence-column1013_d535cb-2e > .kt-inside-inner-col:before{border-top-left-radius:0px;border-top-right-radius:0px;border-bottom-right-radius:0px;border-bottom-left-radius:0px;}.kadence-column1013_d535cb-2e > .kt-inside-inner-col{column-gap:var(--global-kb-gap-sm, 1rem);}.kadence-column1013_d535cb-2e > .kt-inside-inner-col{flex-direction:column;}.kadence-column1013_d535cb-2e > .kt-inside-inner-col > .aligncenter{width:100%;}.kadence-column1013_d535cb-2e > .kt-inside-inner-col:before{opacity:0.3;}.kadence-column1013_d535cb-2e{position:relative;}@media all and (max-width: 1024px){.kadence-column1013_d535cb-2e > .kt-inside-inner-col{flex-direction:column;justify-content:center;}}@media all and (max-width: 767px){.kadence-column1013_d535cb-2e > .kt-inside-inner-col{flex-direction:column;justify-content:center;}}<\/style>\n<div class=\"wp-block-kadence-column kadence-column1013_d535cb-2e\"><div class=\"kt-inside-inner-col\"><style>.wp-block-kadence-advancedheading.kt-adv-heading1013_de99f9-78, .wp-block-kadence-advancedheading.kt-adv-heading1013_de99f9-78[data-kb-block=\"kb-adv-heading1013_de99f9-78\"]{font-size:var(--global-kb-font-size-xl, 3rem);font-style:normal;}.wp-block-kadence-advancedheading.kt-adv-heading1013_de99f9-78 mark.kt-highlight, .wp-block-kadence-advancedheading.kt-adv-heading1013_de99f9-78[data-kb-block=\"kb-adv-heading1013_de99f9-78\"] mark.kt-highlight{font-style:normal;color:#f76a0c;-webkit-box-decoration-break:clone;box-decoration-break:clone;padding-top:0px;padding-right:0px;padding-bottom:0px;padding-left:0px;}.wp-block-kadence-advancedheading.kt-adv-heading1013_de99f9-78 img.kb-inline-image, .wp-block-kadence-advancedheading.kt-adv-heading1013_de99f9-78[data-kb-block=\"kb-adv-heading1013_de99f9-78\"] img.kb-inline-image{width:150px;vertical-align:baseline;}<\/style>\n<h2 class=\"kt-adv-heading1013_de99f9-78 wp-block-kadence-advancedheading\" data-kb-block=\"kb-adv-heading1013_de99f9-78\">Salg af br\u00e6nde<\/h2>\n\n\n\n<p>Gisselfeld Skovdistrikt tilbyder tr\u00e6 til opvarmning. Der tilbydes 2,8 m stammer til oparbejdelse til br\u00e6nde.<\/p>\n\n\n\n<p>Gisselfeld Skovdistrikt tilbyder br\u00e6nde i b\u00f8g, eg, ask og andet l\u00f8vtr\u00e6.<\/p>\n\n\n\n<p>Tr\u00e6 til br\u00e6nde k\u00f8bes ved henvendelse til:<\/p>\n\n\n\n<p><a href=\"mailto:srs@gisselfeld-kloster.dk\">Skovfoged S\u00f8ren Remmer Schmidt (for e-mail adresse, klik her) ><\/a><br>Mobil 29 29 71 25 eller Godskontoret p\u00e5 tlf. 56 32 60 32<\/p>\n<\/div><\/div>\n\n\n<style>.kadence-column1013_40efdf-30 > .kt-inside-inner-col,.kadence-column1013_40efdf-30 > .kt-inside-inner-col:before{border-top-left-radius:0px;border-top-right-radius:0px;border-bottom-right-radius:0px;border-bottom-left-radius:0px;}.kadence-column1013_40efdf-30 > .kt-inside-inner-col{column-gap:var(--global-kb-gap-sm, 1rem);}.kadence-column1013_40efdf-30 > .kt-inside-inner-col{flex-direction:column;}.kadence-column1013_40efdf-30 > .kt-inside-inner-col > .aligncenter{width:100%;}.kadence-column1013_40efdf-30 > .kt-inside-inner-col:before{opacity:0.3;}.kadence-column1013_40efdf-30{position:relative;}@media all and (max-width: 1024px){.kadence-column1013_40efdf-30 > .kt-inside-inner-col{flex-direction:column;justify-content:center;}}@media all and (max-width: 767px){.kadence-column1013_40efdf-30 > .kt-inside-inner-col{flex-direction:column;justify-content:center;}}<\/style>\n<div class=\"wp-block-kadence-column kadence-column1013_40efdf-30\"><div class=\"kt-inside-inner-col\"><style>.kb-gallery-id-1013_71f5ba-7d .kadence-blocks-gallery-item .kb-gal-image-radius, .kb-gallery-id-1013_71f5ba-7d .kb-slide-item .kb-gal-image-radius img{border-radius:0px 0px 0px 0px;;}.kb-gallery-wrap-id-1013_71f5ba-7d .kb-gallery-ul.kb-gallery-type-mosaic .grid-pattern-container{grid-auto-rows:150px;grid-gap:10px;gap:10px;}<\/style><div class=\"kb-gallery-wrap-id-1013_71f5ba-7d alignnone wp-block-kadence-advancedgallery\"><div class=\"kb-gallery-ul kb-gallery-non-static kb-gallery-type-mosaic kb-gallery-id-1013_71f5ba-7d kb-gallery-caption-style-bottom-hover kb-gallery-filter-none\" data-image-filter=\"none\" data-lightbox-caption=\"true\"kb-mosaic-gallery grid-pattern-gallery\"><div class=\"grid-pattern-container\"><div class=\"kadence-blocks-gallery-item grid-item-wide\"><div class=\"kadence-blocks-gallery-item\" tabindex=\"0\"><div class=\"kadence-blocks-gallery-item-inner\"><figure class=\"kb-gallery-figure kadence-blocks-gallery-item-hide-caption\"><div class=\"kb-gal-image-radius\"><div class=\"kb-gallery-image-contain kadence-blocks-gallery-intrinsic\" ><img loading=\"lazy\" decoding=\"async\" src=\"https:\/\/gisselfeld-kloster.dk.web06.webtohosting.dk\/wp-content\/uploads\/Skov4-1024x487.jpg\" width=\"1024\" height=\"487\" alt=\"\" data-full-image=\"https:\/\/gisselfeld-kloster.dk.web06.webtohosting.dk\/wp-content\/uploads\/Skov4.jpg\" data-light-image=\"https:\/\/gisselfeld-kloster.dk.web06.webtohosting.dk\/wp-content\/uploads\/Skov4.jpg\" data-id=\"2133\" class=\"wp-image-2133\" srcset=\"https:\/\/gisselfeld-kloster.dk.web06.webtohosting.dk\/wp-content\/uploads\/Skov4-1024x487.jpg 1024w, https:\/\/gisselfeld-kloster.dk.web06.webtohosting.dk\/wp-content\/uploads\/Skov4-300x143.jpg 300w, https:\/\/gisselfeld-kloster.dk.web06.webtohosting.dk\/wp-content\/uploads\/Skov4-768x365.jpg 768w, https:\/\/gisselfeld-kloster.dk.web06.webtohosting.dk\/wp-content\/uploads\/Skov4-18x9.jpg 18w, https:\/\/gisselfeld-kloster.dk.web06.webtohosting.dk\/wp-content\/uploads\/Skov4.jpg 1207w\" sizes=\"auto, (max-width: 1024px) 100vw, 1024px\" \/><\/div><\/div><\/figure><\/div><\/div><\/div><div class=\"kadence-blocks-gallery-item grid-item-large\"><div class=\"kadence-blocks-gallery-item\" tabindex=\"0\"><div class=\"kadence-blocks-gallery-item-inner\"><figure class=\"kb-gallery-figure kadence-blocks-gallery-item-hide-caption\"><div class=\"kb-gal-image-radius\"><div class=\"kb-gallery-image-contain kadence-blocks-gallery-intrinsic\" ><img loading=\"lazy\" decoding=\"async\" src=\"https:\/\/gisselfeld-kloster.dk.web06.webtohosting.dk\/wp-content\/uploads\/Skov1-1024x487.jpg\" width=\"1024\" height=\"487\" alt=\"\" data-full-image=\"https:\/\/gisselfeld-kloster.dk.web06.webtohosting.dk\/wp-content\/uploads\/Skov1.jpg\" data-light-image=\"https:\/\/gisselfeld-kloster.dk.web06.webtohosting.dk\/wp-content\/uploads\/Skov1.jpg\" data-id=\"2134\" class=\"wp-image-2134\" srcset=\"https:\/\/gisselfeld-kloster.dk.web06.webtohosting.dk\/wp-content\/uploads\/Skov1-1024x487.jpg 1024w, https:\/\/gisselfeld-kloster.dk.web06.webtohosting.dk\/wp-content\/uploads\/Skov1-300x143.jpg 300w, https:\/\/gisselfeld-kloster.dk.web06.webtohosting.dk\/wp-content\/uploads\/Skov1-768x365.jpg 768w, https:\/\/gisselfeld-kloster.dk.web06.webtohosting.dk\/wp-content\/uploads\/Skov1-18x9.jpg 18w, https:\/\/gisselfeld-kloster.dk.web06.webtohosting.dk\/wp-content\/uploads\/Skov1.jpg 1207w\" sizes=\"auto, (max-width: 1024px) 100vw, 1024px\" \/><\/div><\/div><\/figure><\/div><\/div><\/div><div class=\"kadence-blocks-gallery-item grid-item-tall only-four\"><div class=\"kadence-blocks-gallery-item\" tabindex=\"0\"><div class=\"kadence-blocks-gallery-item-inner\"><figure class=\"kb-gallery-figure kadence-blocks-gallery-item-hide-caption\"><div class=\"kb-gal-image-radius\"><div class=\"kb-gallery-image-contain kadence-blocks-gallery-intrinsic\" ><img loading=\"lazy\" decoding=\"async\" src=\"https:\/\/gisselfeld-kloster.dk.web06.webtohosting.dk\/wp-content\/uploads\/Skov6-1024x487.jpg\" width=\"1024\" height=\"487\" alt=\"\" data-full-image=\"https:\/\/gisselfeld-kloster.dk.web06.webtohosting.dk\/wp-content\/uploads\/Skov6.jpg\" data-light-image=\"https:\/\/gisselfeld-kloster.dk.web06.webtohosting.dk\/wp-content\/uploads\/Skov6.jpg\" data-id=\"2136\" class=\"wp-image-2136\" srcset=\"https:\/\/gisselfeld-kloster.dk.web06.webtohosting.dk\/wp-content\/uploads\/Skov6-1024x487.jpg 1024w, https:\/\/gisselfeld-kloster.dk.web06.webtohosting.dk\/wp-content\/uploads\/Skov6-300x143.jpg 300w, https:\/\/gisselfeld-kloster.dk.web06.webtohosting.dk\/wp-content\/uploads\/Skov6-768x365.jpg 768w, https:\/\/gisselfeld-kloster.dk.web06.webtohosting.dk\/wp-content\/uploads\/Skov6-18x9.jpg 18w, https:\/\/gisselfeld-kloster.dk.web06.webtohosting.dk\/wp-content\/uploads\/Skov6.jpg 1207w\" sizes=\"auto, (max-width: 1024px) 100vw, 1024px\" \/><\/div><\/div><\/figure><\/div><\/div><\/div><div class=\"kadence-blocks-gallery-item grid-item-small\"><div class=\"kadence-blocks-gallery-item\" tabindex=\"0\"><div class=\"kadence-blocks-gallery-item-inner\"><figure class=\"kb-gallery-figure kadence-blocks-gallery-item-hide-caption\"><div class=\"kb-gal-image-radius\"><div class=\"kb-gallery-image-contain kadence-blocks-gallery-intrinsic\" ><img loading=\"lazy\" decoding=\"async\" src=\"https:\/\/gisselfeld-kloster.dk.web06.webtohosting.dk\/wp-content\/uploads\/Skov7-1024x487.jpg\" width=\"1024\" height=\"487\" alt=\"\" data-full-image=\"https:\/\/gisselfeld-kloster.dk.web06.webtohosting.dk\/wp-content\/uploads\/Skov7.jpg\" data-light-image=\"https:\/\/gisselfeld-kloster.dk.web06.webtohosting.dk\/wp-content\/uploads\/Skov7.jpg\" data-id=\"2137\" class=\"wp-image-2137\" srcset=\"https:\/\/gisselfeld-kloster.dk.web06.webtohosting.dk\/wp-content\/uploads\/Skov7-1024x487.jpg 1024w, https:\/\/gisselfeld-kloster.dk.web06.webtohosting.dk\/wp-content\/uploads\/Skov7-300x143.jpg 300w, https:\/\/gisselfeld-kloster.dk.web06.webtohosting.dk\/wp-content\/uploads\/Skov7-768x365.jpg 768w, https:\/\/gisselfeld-kloster.dk.web06.webtohosting.dk\/wp-content\/uploads\/Skov7-18x9.jpg 18w, https:\/\/gisselfeld-kloster.dk.web06.webtohosting.dk\/wp-content\/uploads\/Skov7.jpg 1207w\" sizes=\"auto, (max-width: 1024px) 100vw, 1024px\" \/><\/div><\/div><\/figure><\/div><\/div><\/div><\/div><\/div><\/div><\/div><\/div>\n\n<\/div><\/div>","protected":false},"excerpt":{"rendered":"<p>Salg af br\u00e6nde Gisselfeld Skovdistrikt tilbyder tr\u00e6 til opvarmning. Der tilbydes 2,8 m stammer til oparbejdelse til br\u00e6nde. Gisselfeld Skovdistrikt tilbyder br\u00e6nde i b\u00f8g, eg, ask og andet l\u00f8vtr\u00e6. Tr\u00e6 til br\u00e6nde k\u00f8bes ved henvendelse til: Skovfoged S\u00f8ren Remmer Schmidt (for e-mail adresse, klik her) >Mobil 29 29 71 25 eller Godskontoret p\u00e5 tlf. 56&#8230;<\/p>","protected":false},"author":1,"featured_media":0,"parent":1008,"menu_order":26,"comment_status":"closed","ping_status":"closed","template":"","meta":{"_acf_changed":false,"inline_featured_image":false,"_kad_blocks_custom_css":"","_kad_blocks_head_custom_js":"","_kad_blocks_body_custom_js":"","_kad_blocks_footer_custom_js":"","_kad_post_transparent":"","_kad_post_title":"","_kad_post_layout":"","_kad_post_sidebar_id":"","_kad_post_content_style":"","_kad_post_vertical_padding":"","_kad_post_feature":"","_kad_post_feature_position":"","_kad_post_header":false,"_kad_post_footer":false,"_kad_post_classname":"","footnotes":""},"class_list":["post-1013","page","type-page","status-publish","hentry"],"acf":[],"taxonomy_info":[],"featured_image_src_large":false,"author_info":{"display_name":"webto","author_link":"https:\/\/gisselfeld-kloster.dk.web06.webtohosting.dk\/en\/author\/webto\/"},"comment_info":0,"_links":{"self":[{"href":"https:\/\/gisselfeld-kloster.dk.web06.webtohosting.dk\/en\/wp-json\/wp\/v2\/pages\/1013","targetHints":{"allow":["GET"]}}],"collection":[{"href":"https:\/\/gisselfeld-kloster.dk.web06.webtohosting.dk\/en\/wp-json\/wp\/v2\/pages"}],"about":[{"href":"https:\/\/gisselfeld-kloster.dk.web06.webtohosting.dk\/en\/wp-json\/wp\/v2\/types\/page"}],"author":[{"embeddable":true,"href":"https:\/\/gisselfeld-kloster.dk.web06.webtohosting.dk\/en\/wp-json\/wp\/v2\/users\/1"}],"replies":[{"embeddable":true,"href":"https:\/\/gisselfeld-kloster.dk.web06.webtohosting.dk\/en\/wp-json\/wp\/v2\/comments?post=1013"}],"version-history":[{"count":2,"href":"https:\/\/gisselfeld-kloster.dk.web06.webtohosting.dk\/en\/wp-json\/wp\/v2\/pages\/1013\/revisions"}],"predecessor-version":[{"id":2313,"href":"https:\/\/gisselfeld-kloster.dk.web06.webtohosting.dk\/en\/wp-json\/wp\/v2\/pages\/1013\/revisions\/2313"}],"up":[{"embeddable":true,"href":"https:\/\/gisselfeld-kloster.dk.web06.webtohosting.dk\/en\/wp-json\/wp\/v2\/pages\/1008"}],"wp:attachment":[{"href":"https:\/\/gisselfeld-kloster.dk.web06.webtohosting.dk\/en\/wp-json\/wp\/v2\/media?parent=1013"}],"curies":[{"name":"wp","href":"https:\/\/api.w.org\/{rel}","templated":true}]}}