{"id":1008,"date":"2026-02-23T14:49:08","date_gmt":"2026-02-23T13:49:08","guid":{"rendered":"https:\/\/gisselfeld-kloster.dk.web06.webtohosting.dk\/land-skov\/"},"modified":"2026-03-25T16:52:18","modified_gmt":"2026-03-25T15:52:18","slug":"land-skov","status":"publish","type":"page","link":"https:\/\/gisselfeld-kloster.dk.web06.webtohosting.dk\/en\/land-skov\/","title":{"rendered":"Land &#038; Skov"},"content":{"rendered":"<style>.kb-row-layout-id1008_54af2a-41 > .kt-row-column-wrap{align-content:start;}:where(.kb-row-layout-id1008_54af2a-41 > .kt-row-column-wrap) > .wp-block-kadence-column{justify-content:start;}.kb-row-layout-id1008_54af2a-41 > .kt-row-column-wrap{column-gap:var(--global-kb-gap-lg, 4rem);row-gap:var(--global-kb-gap-lg, 4rem);max-width:var( --global-content-width, 1550px );padding-left:var(--global-content-edge-padding);padding-right:var(--global-content-edge-padding);padding-top:var(--global-kb-spacing-3xl, 6.5rem);padding-bottom:var(--global-kb-spacing-3xl, 6.5rem);grid-template-columns:repeat(2, minmax(0, 1fr));}.kb-row-layout-id1008_54af2a-41 > .kt-row-layout-overlay{opacity:0.30;}@media all and (max-width: 1024px){.kb-row-layout-id1008_54af2a-41 > .kt-row-column-wrap{column-gap:var(--global-kb-gap-md, 2rem);row-gap:var(--global-kb-gap-md, 2rem);padding-top:var(--global-kb-spacing-xl, 4rem);padding-bottom:var(--global-kb-spacing-xl, 4rem);grid-template-columns:repeat(2, minmax(0, 1fr));}}@media all and (max-width: 767px){.kb-row-layout-id1008_54af2a-41 > .kt-row-column-wrap{column-gap:var(--global-kb-gap-md, 2rem);row-gap:var(--global-kb-gap-md, 2rem);padding-top:var(--global-kb-spacing-lg, 3rem);padding-bottom:var(--global-kb-spacing-lg, 3rem);grid-template-columns:minmax(0, 1fr);}}<\/style><div class=\"kb-row-layout-wrap kb-row-layout-id1008_54af2a-41 alignnone wp-block-kadence-rowlayout\"><div class=\"kt-row-column-wrap kt-has-2-columns kt-row-layout-equal kt-tab-layout-inherit kt-mobile-layout-row kt-row-valign-top kt-inner-column-height-full kb-theme-content-width\">\n<style>.kadence-column1008_bff587-4a > .kt-inside-inner-col,.kadence-column1008_bff587-4a > .kt-inside-inner-col:before{border-top-left-radius:0px;border-top-right-radius:0px;border-bottom-right-radius:0px;border-bottom-left-radius:0px;}.kadence-column1008_bff587-4a > .kt-inside-inner-col{column-gap:var(--global-kb-gap-sm, 1rem);}.kadence-column1008_bff587-4a > .kt-inside-inner-col{flex-direction:column;}.kadence-column1008_bff587-4a > .kt-inside-inner-col > .aligncenter{width:100%;}.kadence-column1008_bff587-4a > .kt-inside-inner-col:before{opacity:0.3;}.kadence-column1008_bff587-4a{position:relative;}@media all and (max-width: 1024px){.kadence-column1008_bff587-4a > .kt-inside-inner-col{flex-direction:column;justify-content:center;}}@media all and (max-width: 767px){.kadence-column1008_bff587-4a > .kt-inside-inner-col{flex-direction:column;justify-content:center;}}<\/style>\n<div class=\"wp-block-kadence-column kadence-column1008_bff587-4a\"><div class=\"kt-inside-inner-col\"><style>.wp-block-kadence-advancedheading.kt-adv-heading1008_a03008-dd, .wp-block-kadence-advancedheading.kt-adv-heading1008_a03008-dd[data-kb-block=\"kb-adv-heading1008_a03008-dd\"]{font-size:var(--global-kb-font-size-xl, 3rem);font-style:normal;}.wp-block-kadence-advancedheading.kt-adv-heading1008_a03008-dd mark.kt-highlight, .wp-block-kadence-advancedheading.kt-adv-heading1008_a03008-dd[data-kb-block=\"kb-adv-heading1008_a03008-dd\"] mark.kt-highlight{font-style:normal;color:#f76a0c;-webkit-box-decoration-break:clone;box-decoration-break:clone;padding-top:0px;padding-right:0px;padding-bottom:0px;padding-left:0px;}.wp-block-kadence-advancedheading.kt-adv-heading1008_a03008-dd img.kb-inline-image, .wp-block-kadence-advancedheading.kt-adv-heading1008_a03008-dd[data-kb-block=\"kb-adv-heading1008_a03008-dd\"] img.kb-inline-image{width:150px;vertical-align:baseline;}<\/style>\n<h2 class=\"kt-adv-heading1008_a03008-dd wp-block-kadence-advancedheading\" data-kb-block=\"kb-adv-heading1008_a03008-dd\">Skov- og landbrug p\u00e5 Gisselfeld Kloster<\/h2>\n\n\n\n<p>En stor del af Gisselfeld Klosters indtjening stammer fra landbrug og skovdrift, fordelt p\u00e5 4000 hektar. Landbruget omfatter i dag 9 g\u00e5rde og r\u00e5der over 1450 hektar, der er udlagt som jordbrug, brak, vildtagre og enge.<\/p>\n\n\n\n<p>Skovdriften udg\u00f8r 2350 hektar inkl. s\u00f8er, moser, enge og veje &#8211; og fungerer som et traditionelt skovbrug med vedproduktion samt en v\u00e6sentlig produktion af juletr\u00e6er og pyntegr\u00f8nt. Gisselfeld Kloster tilbyder gr\u00e6sningsmuligheder for dyrehold p\u00e5 de tilh\u00f8rende<\/p>\n\n\n<style>.wp-block-kadence-advancedheading.kt-adv-heading1008_3e2dfa-dd, .wp-block-kadence-advancedheading.kt-adv-heading1008_3e2dfa-dd[data-kb-block=\"kb-adv-heading1008_3e2dfa-dd\"]{margin-bottom:var(--global-kb-spacing-xxs, 0.5rem);font-style:normal;}.wp-block-kadence-advancedheading.kt-adv-heading1008_3e2dfa-dd mark.kt-highlight, .wp-block-kadence-advancedheading.kt-adv-heading1008_3e2dfa-dd[data-kb-block=\"kb-adv-heading1008_3e2dfa-dd\"] mark.kt-highlight{font-style:normal;color:#f76a0c;-webkit-box-decoration-break:clone;box-decoration-break:clone;padding-top:0px;padding-right:0px;padding-bottom:0px;padding-left:0px;}.wp-block-kadence-advancedheading.kt-adv-heading1008_3e2dfa-dd img.kb-inline-image, .wp-block-kadence-advancedheading.kt-adv-heading1008_3e2dfa-dd[data-kb-block=\"kb-adv-heading1008_3e2dfa-dd\"] img.kb-inline-image{width:150px;vertical-align:baseline;}<\/style>\n<p class=\"kt-adv-heading1008_3e2dfa-dd wp-block-kadence-advancedheading\" data-kb-block=\"kb-adv-heading1008_3e2dfa-dd\"><a href=\"\/wp-content\/uploads\/Lagerbygning-udlejes-003.pdf\" target=\"_blank\" rel=\"noreferrer noopener\">NYT: Rummelig lagerbygning udlejes n\u00e6r R\u00f8nnede<\/a>:<\/p>\n\n\n<style>.wp-block-kadence-advancedbtn.kb-btns1008_c25a0e-eb{gap:var(--global-kb-gap-xs, 0.5rem );justify-content:flex-start;align-items:center;}.kt-btns1008_c25a0e-eb .kt-button{font-weight:normal;font-style:normal;}.kt-btns1008_c25a0e-eb .kt-btn-wrap-0{margin-right:5px;}.wp-block-kadence-advancedbtn.kt-btns1008_c25a0e-eb .kt-btn-wrap-0 .kt-button{color:#555555;border-color:#555555;}.wp-block-kadence-advancedbtn.kt-btns1008_c25a0e-eb .kt-btn-wrap-0 .kt-button:hover, .wp-block-kadence-advancedbtn.kt-btns1008_c25a0e-eb .kt-btn-wrap-0 .kt-button:focus{color:#ffffff;border-color:#444444;}.wp-block-kadence-advancedbtn.kt-btns1008_c25a0e-eb .kt-btn-wrap-0 .kt-button::before{display:none;}.wp-block-kadence-advancedbtn.kt-btns1008_c25a0e-eb .kt-btn-wrap-0 .kt-button:hover, .wp-block-kadence-advancedbtn.kt-btns1008_c25a0e-eb .kt-btn-wrap-0 .kt-button:focus{background:#444444;}<\/style>\n<div class=\"wp-block-kadence-advancedbtn kb-buttons-wrap kb-btns1008_c25a0e-eb\"><style>ul.menu .wp-block-kadence-advancedbtn .kb-btn1008_b6bdb3-b7.kb-button{width:initial;}<\/style><a class=\"kb-button kt-button button kb-btn1008_b6bdb3-b7 kt-btn-size-standard kt-btn-width-type-auto kb-btn-global-inherit  kt-btn-has-text-true kt-btn-has-svg-false  wp-block-button__link wp-block-kadence-singlebtn\" href=\"https:\/\/gisselfeld-kloster.dk.web06.webtohosting.dk\/wp-content\/uploads\/Lagerbygning-udlejes-003.pdf\" target=\"_blank\" rel=\"noreferrer noopener\"><span class=\"kt-btn-inner-text\">L\u00e6s mere her<\/span><\/a><\/div>\n<\/div><\/div>\n\n\n<style>.kadence-column1008_ba6fb4-e0 > .kt-inside-inner-col,.kadence-column1008_ba6fb4-e0 > .kt-inside-inner-col:before{border-top-left-radius:0px;border-top-right-radius:0px;border-bottom-right-radius:0px;border-bottom-left-radius:0px;}.kadence-column1008_ba6fb4-e0 > .kt-inside-inner-col{column-gap:var(--global-kb-gap-sm, 1rem);}.kadence-column1008_ba6fb4-e0 > .kt-inside-inner-col{flex-direction:column;}.kadence-column1008_ba6fb4-e0 > .kt-inside-inner-col > .aligncenter{width:100%;}.kadence-column1008_ba6fb4-e0 > .kt-inside-inner-col{background-image:url('https:\/\/gisselfeld-kloster.dk.web06.webtohosting.dk\/wp-content\/uploads\/Landbrug4.jpg');background-size:cover;background-position:center center;background-attachment:scroll;background-repeat:no-repeat;}.kadence-column1008_ba6fb4-e0 > .kt-inside-inner-col:before{opacity:0.3;}.kadence-column1008_ba6fb4-e0{position:relative;}@media all and (max-width: 1024px){.kadence-column1008_ba6fb4-e0 > .kt-inside-inner-col{flex-direction:column;justify-content:center;}}@media all and (max-width: 767px){.kadence-column1008_ba6fb4-e0 > .kt-inside-inner-col{flex-direction:column;justify-content:center;}}<\/style>\n<div class=\"wp-block-kadence-column kadence-column1008_ba6fb4-e0\"><div class=\"kt-inside-inner-col\"><\/div><\/div>\n\n<\/div><\/div>\n\n<style>.kb-row-layout-id1008_cc9f98-82 > .kt-row-column-wrap{align-content:start;}:where(.kb-row-layout-id1008_cc9f98-82 > .kt-row-column-wrap) > .wp-block-kadence-column{justify-content:start;}.kb-row-layout-id1008_cc9f98-82 > .kt-row-column-wrap{column-gap:var(--global-kb-gap-lg, 4rem);row-gap:var(--global-kb-gap-lg, 4rem);max-width:800px;margin-left:auto;margin-right:auto;padding-top:var(--global-kb-spacing-3xl, 6.5rem);padding-bottom:var(--global-kb-spacing-3xl, 6.5rem);grid-template-columns:minmax(0, 1fr);}.kb-row-layout-id1008_cc9f98-82 > .kt-row-layout-overlay{opacity:0.30;}@media all and (max-width: 1024px){.kb-row-layout-id1008_cc9f98-82 > .kt-row-column-wrap{column-gap:var(--global-kb-gap-md, 2rem);row-gap:var(--global-kb-gap-md, 2rem);padding-top:var(--global-kb-spacing-xl, 4rem);padding-bottom:var(--global-kb-spacing-xl, 4rem);grid-template-columns:minmax(0, 1fr);}}@media all and (max-width: 767px){.kb-row-layout-id1008_cc9f98-82 > .kt-row-column-wrap{column-gap:var(--global-kb-gap-md, 2rem);row-gap:var(--global-kb-gap-md, 2rem);padding-top:var(--global-kb-spacing-lg, 3rem);padding-bottom:var(--global-kb-spacing-lg, 3rem);grid-template-columns:minmax(0, 1fr);}}<\/style><div class=\"kb-row-layout-wrap kb-row-layout-id1008_cc9f98-82 alignnone has-theme-palette8-background-color kt-row-has-bg wp-block-kadence-rowlayout\"><div class=\"kt-row-column-wrap kt-has-1-columns kt-row-layout-equal kt-tab-layout-inherit kt-mobile-layout-row kt-row-valign-top\">\n<style>.kadence-column1008_f31c3c-76 > .kt-inside-inner-col,.kadence-column1008_f31c3c-76 > .kt-inside-inner-col:before{border-top-left-radius:0px;border-top-right-radius:0px;border-bottom-right-radius:0px;border-bottom-left-radius:0px;}.kadence-column1008_f31c3c-76 > .kt-inside-inner-col{column-gap:var(--global-kb-gap-sm, 1rem);}.kadence-column1008_f31c3c-76 > .kt-inside-inner-col{flex-direction:column;}.kadence-column1008_f31c3c-76 > .kt-inside-inner-col > .aligncenter{width:100%;}.kadence-column1008_f31c3c-76 > .kt-inside-inner-col:before{opacity:0.3;}.kadence-column1008_f31c3c-76{position:relative;}@media all and (max-width: 1024px){.kadence-column1008_f31c3c-76 > .kt-inside-inner-col{flex-direction:column;justify-content:center;}}@media all and (max-width: 767px){.kadence-column1008_f31c3c-76 > .kt-inside-inner-col{flex-direction:column;justify-content:center;}}<\/style>\n<div class=\"wp-block-kadence-column kadence-column1008_f31c3c-76\"><div class=\"kt-inside-inner-col\"><style>.wp-block-kadence-advancedheading.kt-adv-heading1008_eff9c3-2e, .wp-block-kadence-advancedheading.kt-adv-heading1008_eff9c3-2e[data-kb-block=\"kb-adv-heading1008_eff9c3-2e\"]{font-size:var(--global-kb-font-size-xl, 3rem);font-style:normal;}.wp-block-kadence-advancedheading.kt-adv-heading1008_eff9c3-2e mark.kt-highlight, .wp-block-kadence-advancedheading.kt-adv-heading1008_eff9c3-2e[data-kb-block=\"kb-adv-heading1008_eff9c3-2e\"] mark.kt-highlight{font-style:normal;color:#f76a0c;-webkit-box-decoration-break:clone;box-decoration-break:clone;padding-top:0px;padding-right:0px;padding-bottom:0px;padding-left:0px;}.wp-block-kadence-advancedheading.kt-adv-heading1008_eff9c3-2e img.kb-inline-image, .wp-block-kadence-advancedheading.kt-adv-heading1008_eff9c3-2e[data-kb-block=\"kb-adv-heading1008_eff9c3-2e\"] img.kb-inline-image{width:150px;vertical-align:baseline;}<\/style>\n<h2 class=\"kt-adv-heading1008_eff9c3-2e wp-block-kadence-advancedheading\" data-kb-block=\"kb-adv-heading1008_eff9c3-2e\">Certificeret skovdrift<\/h2>\n\n\n\n<p>Gisselfeld Skovdistrikt blev i 2004 certificeret PEFC &#8211; Programme for the Endorsement of Forest Cerfification schemes Danmark.<\/p>\n\n\n\n<p>Dette betyder, at skoven i dag dyrkes s\u00e5ledes, at b\u00e6redygtighed og sporbarhed er del af skovens m\u00e5ls\u00e6tning. Certificeringen indeb\u00e6rer ogs\u00e5, at der l\u00f8bende gennemf\u00f8res kontrol af eksterne kontroll\u00f8rer. Dette for at sikre, at disse normer overholdes.<\/p>\n\n\n\n<p>Ifm. certificeringen er der i visse dele af skoven udlagt omr\u00e5der, hvor skoven stort set ligger ur\u00f8rt for at underst\u00f8tte en stor bio-diversitet. Disse omr\u00e5der er is\u00e6r valgt ud fra steder med store naturv\u00e6rdier, f.eks. omkring s\u00f8er og vandl\u00f8b.<\/p>\n<\/div><\/div>\n\n<\/div><\/div>","protected":false},"excerpt":{"rendered":"<p>Skov- og landbrug p\u00e5 Gisselfeld Kloster En stor del af Gisselfeld Klosters indtjening stammer fra landbrug og skovdrift, fordelt p\u00e5 4000 hektar. Landbruget omfatter i dag 9 g\u00e5rde og r\u00e5der over 1450 hektar, der er udlagt som jordbrug, brak, vildtagre og enge. Skovdriften udg\u00f8r 2350 hektar inkl. s\u00f8er, moser, enge og veje &#8211; og fungerer&#8230;<\/p>","protected":false},"author":1,"featured_media":0,"parent":0,"menu_order":21,"comment_status":"closed","ping_status":"closed","template":"","meta":{"_acf_changed":false,"inline_featured_image":false,"_kad_blocks_custom_css":"","_kad_blocks_head_custom_js":"","_kad_blocks_body_custom_js":"","_kad_blocks_footer_custom_js":"","_kad_post_transparent":"","_kad_post_title":"","_kad_post_layout":"","_kad_post_sidebar_id":"","_kad_post_content_style":"","_kad_post_vertical_padding":"","_kad_post_feature":"","_kad_post_feature_position":"","_kad_post_header":false,"_kad_post_footer":false,"_kad_post_classname":"","footnotes":""},"class_list":["post-1008","page","type-page","status-publish","hentry"],"acf":[],"taxonomy_info":[],"featured_image_src_large":false,"author_info":{"display_name":"webto","author_link":"https:\/\/gisselfeld-kloster.dk.web06.webtohosting.dk\/en\/author\/webto\/"},"comment_info":0,"_links":{"self":[{"href":"https:\/\/gisselfeld-kloster.dk.web06.webtohosting.dk\/en\/wp-json\/wp\/v2\/pages\/1008","targetHints":{"allow":["GET"]}}],"collection":[{"href":"https:\/\/gisselfeld-kloster.dk.web06.webtohosting.dk\/en\/wp-json\/wp\/v2\/pages"}],"about":[{"href":"https:\/\/gisselfeld-kloster.dk.web06.webtohosting.dk\/en\/wp-json\/wp\/v2\/types\/page"}],"author":[{"embeddable":true,"href":"https:\/\/gisselfeld-kloster.dk.web06.webtohosting.dk\/en\/wp-json\/wp\/v2\/users\/1"}],"replies":[{"embeddable":true,"href":"https:\/\/gisselfeld-kloster.dk.web06.webtohosting.dk\/en\/wp-json\/wp\/v2\/comments?post=1008"}],"version-history":[{"count":2,"href":"https:\/\/gisselfeld-kloster.dk.web06.webtohosting.dk\/en\/wp-json\/wp\/v2\/pages\/1008\/revisions"}],"predecessor-version":[{"id":2307,"href":"https:\/\/gisselfeld-kloster.dk.web06.webtohosting.dk\/en\/wp-json\/wp\/v2\/pages\/1008\/revisions\/2307"}],"wp:attachment":[{"href":"https:\/\/gisselfeld-kloster.dk.web06.webtohosting.dk\/en\/wp-json\/wp\/v2\/media?parent=1008"}],"curies":[{"name":"wp","href":"https:\/\/api.w.org\/{rel}","templated":true}]}}