{"id":1007,"date":"2026-02-23T14:49:08","date_gmt":"2026-02-23T13:49:08","guid":{"rendered":"https:\/\/gisselfeld-kloster.dk.web06.webtohosting.dk\/jagt-fiskeri\/for-fiskeren\/ledigt-fiskevand\/"},"modified":"2026-03-25T16:49:59","modified_gmt":"2026-03-25T15:49:59","slug":"ledigt-fiskevand","status":"publish","type":"page","link":"https:\/\/gisselfeld-kloster.dk.web06.webtohosting.dk\/en\/jagt-fiskeri\/for-fiskeren\/ledigt-fiskevand\/","title":{"rendered":"Ledigt fiskevand"},"content":{"rendered":"<style>.kb-row-layout-id1007_f81ff7-ad > .kt-row-column-wrap{align-content:start;}:where(.kb-row-layout-id1007_f81ff7-ad > .kt-row-column-wrap) > .wp-block-kadence-column{justify-content:start;}.kb-row-layout-id1007_f81ff7-ad > .kt-row-column-wrap{column-gap:var(--global-kb-gap-lg, 4rem);row-gap:var(--global-kb-gap-lg, 4rem);max-width:var( --global-content-width, 1550px );padding-left:var(--global-content-edge-padding);padding-right:var(--global-content-edge-padding);padding-top:var(--global-kb-spacing-3xl, 6.5rem);padding-bottom:var(--global-kb-spacing-3xl, 6.5rem);grid-template-columns:repeat(2, minmax(0, 1fr));}.kb-row-layout-id1007_f81ff7-ad > .kt-row-layout-overlay{opacity:0.30;}@media all and (max-width: 1024px){.kb-row-layout-id1007_f81ff7-ad > .kt-row-column-wrap{column-gap:var(--global-kb-gap-md, 2rem);row-gap:var(--global-kb-gap-md, 2rem);padding-top:var(--global-kb-spacing-xl, 4rem);padding-bottom:var(--global-kb-spacing-xl, 4rem);grid-template-columns:repeat(2, minmax(0, 1fr));}}@media all and (max-width: 767px){.kb-row-layout-id1007_f81ff7-ad > .kt-row-column-wrap{column-gap:var(--global-kb-gap-md, 2rem);row-gap:var(--global-kb-gap-md, 2rem);padding-top:var(--global-kb-spacing-lg, 3rem);padding-bottom:var(--global-kb-spacing-lg, 3rem);grid-template-columns:minmax(0, 1fr);}}<\/style><div class=\"kb-row-layout-wrap kb-row-layout-id1007_f81ff7-ad alignnone wp-block-kadence-rowlayout\"><div class=\"kt-row-column-wrap kt-has-2-columns kt-row-layout-equal kt-tab-layout-inherit kt-mobile-layout-row kt-row-valign-top kt-inner-column-height-full kb-theme-content-width\">\n<style>.kadence-column1007_e84854-7c > .kt-inside-inner-col,.kadence-column1007_e84854-7c > .kt-inside-inner-col:before{border-top-left-radius:0px;border-top-right-radius:0px;border-bottom-right-radius:0px;border-bottom-left-radius:0px;}.kadence-column1007_e84854-7c > .kt-inside-inner-col{column-gap:var(--global-kb-gap-sm, 1rem);}.kadence-column1007_e84854-7c > .kt-inside-inner-col{flex-direction:column;}.kadence-column1007_e84854-7c > .kt-inside-inner-col > .aligncenter{width:100%;}.kadence-column1007_e84854-7c > .kt-inside-inner-col:before{opacity:0.3;}.kadence-column1007_e84854-7c{position:relative;}@media all and (max-width: 1024px){.kadence-column1007_e84854-7c > .kt-inside-inner-col{flex-direction:column;justify-content:center;}}@media all and (max-width: 767px){.kadence-column1007_e84854-7c > .kt-inside-inner-col{flex-direction:column;justify-content:center;}}<\/style>\n<div class=\"wp-block-kadence-column kadence-column1007_e84854-7c\"><div class=\"kt-inside-inner-col\"><style>.wp-block-kadence-advancedheading.kt-adv-heading1007_8da6ad-86, .wp-block-kadence-advancedheading.kt-adv-heading1007_8da6ad-86[data-kb-block=\"kb-adv-heading1007_8da6ad-86\"]{font-style:normal;}.wp-block-kadence-advancedheading.kt-adv-heading1007_8da6ad-86 mark.kt-highlight, .wp-block-kadence-advancedheading.kt-adv-heading1007_8da6ad-86[data-kb-block=\"kb-adv-heading1007_8da6ad-86\"] mark.kt-highlight{font-style:normal;color:#f76a0c;-webkit-box-decoration-break:clone;box-decoration-break:clone;padding-top:0px;padding-right:0px;padding-bottom:0px;padding-left:0px;}.wp-block-kadence-advancedheading.kt-adv-heading1007_8da6ad-86 img.kb-inline-image, .wp-block-kadence-advancedheading.kt-adv-heading1007_8da6ad-86[data-kb-block=\"kb-adv-heading1007_8da6ad-86\"] img.kb-inline-image{width:150px;vertical-align:baseline;}<\/style>\n<h2 class=\"kt-adv-heading1007_8da6ad-86 wp-block-kadence-advancedheading\" data-kb-block=\"kb-adv-heading1007_8da6ad-86\">S\u00f8torup S\u00f8<\/h2>\n\n\n\n<p>Vi\u00a0lejer b\u00e5dpladser ud for \u00f8jeblikket.<br>\u00a0<\/p>\n\n\n<style>.wp-block-kadence-advancedheading.kt-adv-heading1007_f6bdfd-ca, .wp-block-kadence-advancedheading.kt-adv-heading1007_f6bdfd-ca[data-kb-block=\"kb-adv-heading1007_f6bdfd-ca\"]{font-style:normal;}.wp-block-kadence-advancedheading.kt-adv-heading1007_f6bdfd-ca mark.kt-highlight, .wp-block-kadence-advancedheading.kt-adv-heading1007_f6bdfd-ca[data-kb-block=\"kb-adv-heading1007_f6bdfd-ca\"] mark.kt-highlight{font-style:normal;color:#f76a0c;-webkit-box-decoration-break:clone;box-decoration-break:clone;padding-top:0px;padding-right:0px;padding-bottom:0px;padding-left:0px;}.wp-block-kadence-advancedheading.kt-adv-heading1007_f6bdfd-ca img.kb-inline-image, .wp-block-kadence-advancedheading.kt-adv-heading1007_f6bdfd-ca[data-kb-block=\"kb-adv-heading1007_f6bdfd-ca\"] img.kb-inline-image{width:150px;vertical-align:baseline;}<\/style>\n<h2 class=\"kt-adv-heading1007_f6bdfd-ca wp-block-kadence-advancedheading\" data-kb-block=\"kb-adv-heading1007_f6bdfd-ca\">Karpedamme<\/h2>\n\n\n\n<h4 class=\"wp-block-heading\"><strong>Ingen ledige.&nbsp;<\/strong>Alt er udlejet for&nbsp;indev\u00e6rende s\u00e6son 2025-26<\/h4>\n\n\n\n<p><br>KUN seri\u00f8se henvendelser om pris m.v. rettes til:<br><br>Peder Top <a href=\"mailto:pt@gisselfeld-kloster.dk\">pr. mail her &gt;<\/a><br>Eller p\u00e5 mobil 29 40 16 94<\/p>\n<\/div><\/div>\n\n\n<style>.kadence-column1007_349176-66 > .kt-inside-inner-col,.kadence-column1007_349176-66 > .kt-inside-inner-col:before{border-top-left-radius:0px;border-top-right-radius:0px;border-bottom-right-radius:0px;border-bottom-left-radius:0px;}.kadence-column1007_349176-66 > .kt-inside-inner-col{column-gap:var(--global-kb-gap-sm, 1rem);}.kadence-column1007_349176-66 > .kt-inside-inner-col{flex-direction:column;}.kadence-column1007_349176-66 > .kt-inside-inner-col > .aligncenter{width:100%;}.kadence-column1007_349176-66 > .kt-inside-inner-col{background-image:url('https:\/\/gisselfeld-kloster.dk.web06.webtohosting.dk\/wp-content\/uploads\/main-1.jpg');background-size:cover;background-position:13% 64%;background-attachment:scroll;background-repeat:no-repeat;}.kadence-column1007_349176-66 > .kt-inside-inner-col:before{opacity:0.3;}.kadence-column1007_349176-66{position:relative;}@media all and (max-width: 1024px){.kadence-column1007_349176-66 > .kt-inside-inner-col{flex-direction:column;justify-content:center;}}@media all and (max-width: 767px){.kadence-column1007_349176-66 > .kt-inside-inner-col{flex-direction:column;justify-content:center;}}<\/style>\n<div class=\"wp-block-kadence-column kadence-column1007_349176-66\"><div class=\"kt-inside-inner-col\"><\/div><\/div>\n\n<\/div><\/div>","protected":false},"excerpt":{"rendered":"<p>S\u00f8torup S\u00f8 Vi\u00a0lejer b\u00e5dpladser ud for \u00f8jeblikket.\u00a0 Karpedamme Ingen ledige.&nbsp;Alt er udlejet for&nbsp;indev\u00e6rende s\u00e6son 2025-26 KUN seri\u00f8se henvendelser om pris m.v. rettes til: Peder Top pr. mail her &gt;Eller p\u00e5 mobil 29 40 16 94<\/p>","protected":false},"author":1,"featured_media":0,"parent":1006,"menu_order":20,"comment_status":"closed","ping_status":"closed","template":"","meta":{"_acf_changed":false,"inline_featured_image":false,"_kad_blocks_custom_css":"","_kad_blocks_head_custom_js":"","_kad_blocks_body_custom_js":"","_kad_blocks_footer_custom_js":"","_kad_post_transparent":"","_kad_post_title":"","_kad_post_layout":"","_kad_post_sidebar_id":"","_kad_post_content_style":"","_kad_post_vertical_padding":"","_kad_post_feature":"","_kad_post_feature_position":"","_kad_post_header":false,"_kad_post_footer":false,"_kad_post_classname":"","footnotes":""},"class_list":["post-1007","page","type-page","status-publish","hentry"],"acf":[],"taxonomy_info":[],"featured_image_src_large":false,"author_info":{"display_name":"webto","author_link":"https:\/\/gisselfeld-kloster.dk.web06.webtohosting.dk\/en\/author\/webto\/"},"comment_info":0,"_links":{"self":[{"href":"https:\/\/gisselfeld-kloster.dk.web06.webtohosting.dk\/en\/wp-json\/wp\/v2\/pages\/1007","targetHints":{"allow":["GET"]}}],"collection":[{"href":"https:\/\/gisselfeld-kloster.dk.web06.webtohosting.dk\/en\/wp-json\/wp\/v2\/pages"}],"about":[{"href":"https:\/\/gisselfeld-kloster.dk.web06.webtohosting.dk\/en\/wp-json\/wp\/v2\/types\/page"}],"author":[{"embeddable":true,"href":"https:\/\/gisselfeld-kloster.dk.web06.webtohosting.dk\/en\/wp-json\/wp\/v2\/users\/1"}],"replies":[{"embeddable":true,"href":"https:\/\/gisselfeld-kloster.dk.web06.webtohosting.dk\/en\/wp-json\/wp\/v2\/comments?post=1007"}],"version-history":[{"count":2,"href":"https:\/\/gisselfeld-kloster.dk.web06.webtohosting.dk\/en\/wp-json\/wp\/v2\/pages\/1007\/revisions"}],"predecessor-version":[{"id":2305,"href":"https:\/\/gisselfeld-kloster.dk.web06.webtohosting.dk\/en\/wp-json\/wp\/v2\/pages\/1007\/revisions\/2305"}],"up":[{"embeddable":true,"href":"https:\/\/gisselfeld-kloster.dk.web06.webtohosting.dk\/en\/wp-json\/wp\/v2\/pages\/1006"}],"wp:attachment":[{"href":"https:\/\/gisselfeld-kloster.dk.web06.webtohosting.dk\/en\/wp-json\/wp\/v2\/media?parent=1007"}],"curies":[{"name":"wp","href":"https:\/\/api.w.org\/{rel}","templated":true}]}}