{"id":1006,"date":"2026-02-23T14:49:08","date_gmt":"2026-02-23T13:49:08","guid":{"rendered":"https:\/\/gisselfeld-kloster.dk.web06.webtohosting.dk\/jagt-fiskeri\/for-fiskeren\/"},"modified":"2026-03-25T16:50:50","modified_gmt":"2026-03-25T15:50:50","slug":"for-fiskeren","status":"publish","type":"page","link":"https:\/\/gisselfeld-kloster.dk.web06.webtohosting.dk\/en\/jagt-fiskeri\/for-fiskeren\/","title":{"rendered":"For fiskeren"},"content":{"rendered":"<style>.kb-row-layout-id1006_2e67be-d4 > .kt-row-column-wrap{align-content:start;}:where(.kb-row-layout-id1006_2e67be-d4 > .kt-row-column-wrap) > .wp-block-kadence-column{justify-content:start;}.kb-row-layout-id1006_2e67be-d4 > .kt-row-column-wrap{column-gap:var(--global-kb-gap-lg, 4rem);row-gap:var(--global-kb-gap-lg, 4rem);max-width:var( --global-content-width, 1550px );padding-left:var(--global-content-edge-padding);padding-right:var(--global-content-edge-padding);padding-top:var(--global-kb-spacing-3xl, 6.5rem);padding-bottom:var(--global-kb-spacing-3xl, 6.5rem);grid-template-columns:repeat(2, minmax(0, 1fr));}.kb-row-layout-id1006_2e67be-d4 > .kt-row-layout-overlay{opacity:0.30;}@media all and (max-width: 1024px){.kb-row-layout-id1006_2e67be-d4 > .kt-row-column-wrap{column-gap:var(--global-kb-gap-md, 2rem);row-gap:var(--global-kb-gap-md, 2rem);padding-top:var(--global-kb-spacing-xl, 4rem);padding-bottom:var(--global-kb-spacing-xl, 4rem);grid-template-columns:repeat(2, minmax(0, 1fr));}}@media all and (max-width: 767px){.kb-row-layout-id1006_2e67be-d4 > .kt-row-column-wrap{column-gap:var(--global-kb-gap-md, 2rem);row-gap:var(--global-kb-gap-md, 2rem);padding-top:var(--global-kb-spacing-lg, 3rem);padding-bottom:var(--global-kb-spacing-lg, 3rem);grid-template-columns:minmax(0, 1fr);}}<\/style><div class=\"kb-row-layout-wrap kb-row-layout-id1006_2e67be-d4 alignnone wp-block-kadence-rowlayout\"><div class=\"kt-row-column-wrap kt-has-2-columns kt-row-layout-equal kt-tab-layout-inherit kt-mobile-layout-row kt-row-valign-top kt-inner-column-height-full kb-theme-content-width\">\n<style>.kadence-column1006_55f637-f8 > .kt-inside-inner-col,.kadence-column1006_55f637-f8 > .kt-inside-inner-col:before{border-top-left-radius:0px;border-top-right-radius:0px;border-bottom-right-radius:0px;border-bottom-left-radius:0px;}.kadence-column1006_55f637-f8 > .kt-inside-inner-col{column-gap:var(--global-kb-gap-sm, 1rem);}.kadence-column1006_55f637-f8 > .kt-inside-inner-col{flex-direction:column;}.kadence-column1006_55f637-f8 > .kt-inside-inner-col > .aligncenter{width:100%;}.kadence-column1006_55f637-f8 > .kt-inside-inner-col:before{opacity:0.3;}.kadence-column1006_55f637-f8{position:relative;}@media all and (max-width: 1024px){.kadence-column1006_55f637-f8 > .kt-inside-inner-col{flex-direction:column;justify-content:center;}}@media all and (max-width: 767px){.kadence-column1006_55f637-f8 > .kt-inside-inner-col{flex-direction:column;justify-content:center;}}<\/style>\n<div class=\"wp-block-kadence-column kadence-column1006_55f637-f8\"><div class=\"kt-inside-inner-col\"><style>.wp-block-kadence-advancedheading.kt-adv-heading1006_051bed-cf, .wp-block-kadence-advancedheading.kt-adv-heading1006_051bed-cf[data-kb-block=\"kb-adv-heading1006_051bed-cf\"]{font-size:var(--global-kb-font-size-xl, 3rem);font-style:normal;}.wp-block-kadence-advancedheading.kt-adv-heading1006_051bed-cf mark.kt-highlight, .wp-block-kadence-advancedheading.kt-adv-heading1006_051bed-cf[data-kb-block=\"kb-adv-heading1006_051bed-cf\"] mark.kt-highlight{font-style:normal;color:#f76a0c;-webkit-box-decoration-break:clone;box-decoration-break:clone;padding-top:0px;padding-right:0px;padding-bottom:0px;padding-left:0px;}.wp-block-kadence-advancedheading.kt-adv-heading1006_051bed-cf img.kb-inline-image, .wp-block-kadence-advancedheading.kt-adv-heading1006_051bed-cf[data-kb-block=\"kb-adv-heading1006_051bed-cf\"] img.kb-inline-image{width:150px;vertical-align:baseline;}<\/style>\n<h2 class=\"kt-adv-heading1006_051bed-cf wp-block-kadence-advancedheading\" data-kb-block=\"kb-adv-heading1006_051bed-cf\">Perfekt til naturn\u00f8rden<\/h2>\n\n\n\n<p>\u201dJeg er en rigtig naturn\u00f8rd, og derfor tror jeg heller ikke, at jeg kan finde et sk\u00f8nnere fiskeomr\u00e5de end s\u00f8erne ved Gisselfeld Kloster. Vi er fire, der lejer fiskeretten til en af Gisselfelds mange s\u00f8er, og her f\u00e5r vi mulighed for at g\u00e5 helt tilbage til basic i en eller flere dage, n\u00e5r vi sl\u00e5r lejr ved bredden og smider sn\u00f8rerne i vandet. Det er ren afslapning og fabelagtig idyl. I 8 \u00e5r har vi fisket her, og betragter det som Nordeuropas flotteste omr\u00e5de for lystfiskeri.<\/p>\n\n\n\n<p>Vi kan observere r\u00f8rh\u00f8gen, der jager, h\u00f8re lyden fra sp\u00e6tten eller v\u00e5gne om morgenen ved, at svanen kigger \u00e9n lige i \u00f8jnene, fordi man er p\u00e5 dens territorium. Samtidig har vi mystikken og historien fra Gisselfeld Kloster i baggrunden \u2013 det er intet mindre end fantastisk.&#8221;<\/p>\n\n\n<style>.wp-block-kadence-advancedheading.kt-adv-heading1006_3d1240-b5, .wp-block-kadence-advancedheading.kt-adv-heading1006_3d1240-b5[data-kb-block=\"kb-adv-heading1006_3d1240-b5\"]{font-style:normal;}.wp-block-kadence-advancedheading.kt-adv-heading1006_3d1240-b5 mark.kt-highlight, .wp-block-kadence-advancedheading.kt-adv-heading1006_3d1240-b5[data-kb-block=\"kb-adv-heading1006_3d1240-b5\"] mark.kt-highlight{font-style:normal;color:#f76a0c;-webkit-box-decoration-break:clone;box-decoration-break:clone;padding-top:0px;padding-right:0px;padding-bottom:0px;padding-left:0px;}.wp-block-kadence-advancedheading.kt-adv-heading1006_3d1240-b5 img.kb-inline-image, .wp-block-kadence-advancedheading.kt-adv-heading1006_3d1240-b5[data-kb-block=\"kb-adv-heading1006_3d1240-b5\"] img.kb-inline-image{width:150px;vertical-align:baseline;}<\/style>\n<p class=\"kt-adv-heading1006_3d1240-b5 wp-block-kadence-advancedheading\" data-kb-block=\"kb-adv-heading1006_3d1240-b5\"><strong>John Andersen &#8211; lystfisker<\/strong><\/p>\n\n\n<style>.wp-block-kadence-advancedbtn.kb-btns1006_128d76-be{gap:var(--global-kb-gap-xs, 0.5rem );justify-content:flex-start;align-items:center;}.kt-btns1006_128d76-be .kt-button{font-weight:normal;font-style:normal;}.kt-btns1006_128d76-be .kt-btn-wrap-0{margin-right:5px;}.wp-block-kadence-advancedbtn.kt-btns1006_128d76-be .kt-btn-wrap-0 .kt-button{color:#555555;border-color:#555555;}.wp-block-kadence-advancedbtn.kt-btns1006_128d76-be .kt-btn-wrap-0 .kt-button:hover, .wp-block-kadence-advancedbtn.kt-btns1006_128d76-be .kt-btn-wrap-0 .kt-button:focus{color:#ffffff;border-color:#444444;}.wp-block-kadence-advancedbtn.kt-btns1006_128d76-be .kt-btn-wrap-0 .kt-button::before{display:none;}.wp-block-kadence-advancedbtn.kt-btns1006_128d76-be .kt-btn-wrap-0 .kt-button:hover, .wp-block-kadence-advancedbtn.kt-btns1006_128d76-be .kt-btn-wrap-0 .kt-button:focus{background:#444444;}<\/style>\n<div class=\"wp-block-kadence-advancedbtn kb-buttons-wrap kb-btns1006_128d76-be\"><style>ul.menu .wp-block-kadence-advancedbtn .kb-btn1006_b296d5-6c.kb-button{width:initial;}<\/style><a class=\"kb-button kt-button button kb-btn1006_b296d5-6c kt-btn-size-standard kt-btn-width-type-auto kb-btn-global-inherit  kt-btn-has-text-true kt-btn-has-svg-false  wp-block-button__link wp-block-kadence-singlebtn\" href=\"\/jagt-fiskeri\/for-fiskeren\/ledigt-fiskevand\/\"><span class=\"kt-btn-inner-text\">Ledigt fiskevand<\/span><\/a><\/div>\n<\/div><\/div>\n\n\n<style>.kadence-column1006_c3e6eb-49 > .kt-inside-inner-col,.kadence-column1006_c3e6eb-49 > .kt-inside-inner-col:before{border-top-left-radius:0px;border-top-right-radius:0px;border-bottom-right-radius:0px;border-bottom-left-radius:0px;}.kadence-column1006_c3e6eb-49 > .kt-inside-inner-col{column-gap:var(--global-kb-gap-sm, 1rem);}.kadence-column1006_c3e6eb-49 > .kt-inside-inner-col{flex-direction:column;}.kadence-column1006_c3e6eb-49 > .kt-inside-inner-col > .aligncenter{width:100%;}.kadence-column1006_c3e6eb-49 > .kt-inside-inner-col{background-image:url('https:\/\/gisselfeld-kloster.dk.web06.webtohosting.dk\/wp-content\/uploads\/main-1.jpg');background-size:cover;background-position:13% 64%;background-attachment:scroll;background-repeat:no-repeat;}.kadence-column1006_c3e6eb-49 > .kt-inside-inner-col:before{opacity:0.3;}.kadence-column1006_c3e6eb-49{position:relative;}@media all and (max-width: 1024px){.kadence-column1006_c3e6eb-49 > .kt-inside-inner-col{flex-direction:column;justify-content:center;}}@media all and (max-width: 767px){.kadence-column1006_c3e6eb-49 > .kt-inside-inner-col{flex-direction:column;justify-content:center;}}<\/style>\n<div class=\"wp-block-kadence-column kadence-column1006_c3e6eb-49\"><div class=\"kt-inside-inner-col\"><\/div><\/div>\n\n<\/div><\/div>\n\n<style>.kb-row-layout-id1006_abb48a-f3 > .kt-row-column-wrap{align-content:start;}:where(.kb-row-layout-id1006_abb48a-f3 > .kt-row-column-wrap) > .wp-block-kadence-column{justify-content:start;}.kb-row-layout-id1006_abb48a-f3 > .kt-row-column-wrap{column-gap:var(--global-kb-gap-lg, 4rem);row-gap:var(--global-kb-gap-lg, 4rem);max-width:var( --global-content-width, 1550px );padding-left:var(--global-content-edge-padding);padding-right:var(--global-content-edge-padding);padding-top:var(--global-kb-spacing-3xl, 6.5rem);padding-bottom:var(--global-kb-spacing-3xl, 6.5rem);grid-template-columns:repeat(2, minmax(0, 1fr));}.kb-row-layout-id1006_abb48a-f3 > .kt-row-layout-overlay{opacity:0.30;}@media all and (max-width: 1024px){.kb-row-layout-id1006_abb48a-f3 > .kt-row-column-wrap{column-gap:var(--global-kb-gap-md, 2rem);row-gap:var(--global-kb-gap-md, 2rem);padding-top:var(--global-kb-spacing-xl, 4rem);padding-bottom:var(--global-kb-spacing-xl, 4rem);grid-template-columns:repeat(2, minmax(0, 1fr));}}@media all and (max-width: 767px){.kb-row-layout-id1006_abb48a-f3 > .kt-row-column-wrap{column-gap:var(--global-kb-gap-md, 2rem);row-gap:var(--global-kb-gap-md, 2rem);padding-top:var(--global-kb-spacing-lg, 3rem);padding-bottom:var(--global-kb-spacing-lg, 3rem);grid-template-columns:minmax(0, 1fr);}}<\/style><div class=\"kb-row-layout-wrap kb-row-layout-id1006_abb48a-f3 alignnone has-theme-palette8-background-color kt-row-has-bg wp-block-kadence-rowlayout\"><div class=\"kt-row-column-wrap kt-has-2-columns kt-row-layout-equal kt-tab-layout-inherit kt-mobile-layout-row kt-row-valign-top kb-theme-content-width\">\n<style>.kadence-column1006_05d2d6-16 > .kt-inside-inner-col,.kadence-column1006_05d2d6-16 > .kt-inside-inner-col:before{border-top-left-radius:0px;border-top-right-radius:0px;border-bottom-right-radius:0px;border-bottom-left-radius:0px;}.kadence-column1006_05d2d6-16 > .kt-inside-inner-col{column-gap:var(--global-kb-gap-sm, 1rem);}.kadence-column1006_05d2d6-16 > .kt-inside-inner-col{flex-direction:column;}.kadence-column1006_05d2d6-16 > .kt-inside-inner-col > .aligncenter{width:100%;}.kadence-column1006_05d2d6-16 > .kt-inside-inner-col:before{opacity:0.3;}.kadence-column1006_05d2d6-16{position:relative;}@media all and (max-width: 1024px){.kadence-column1006_05d2d6-16 > .kt-inside-inner-col{flex-direction:column;justify-content:center;}}@media all and (max-width: 767px){.kadence-column1006_05d2d6-16 > .kt-inside-inner-col{flex-direction:column;justify-content:center;}}<\/style>\n<div class=\"wp-block-kadence-column kadence-column1006_05d2d6-16\"><div class=\"kt-inside-inner-col\"><style>.wp-block-kadence-advancedheading.kt-adv-heading1006_796a4d-27, .wp-block-kadence-advancedheading.kt-adv-heading1006_796a4d-27[data-kb-block=\"kb-adv-heading1006_796a4d-27\"]{font-size:var(--global-kb-font-size-xl, 3rem);font-style:normal;}.wp-block-kadence-advancedheading.kt-adv-heading1006_796a4d-27 mark.kt-highlight, .wp-block-kadence-advancedheading.kt-adv-heading1006_796a4d-27[data-kb-block=\"kb-adv-heading1006_796a4d-27\"] mark.kt-highlight{font-style:normal;color:#f76a0c;-webkit-box-decoration-break:clone;box-decoration-break:clone;padding-top:0px;padding-right:0px;padding-bottom:0px;padding-left:0px;}.wp-block-kadence-advancedheading.kt-adv-heading1006_796a4d-27 img.kb-inline-image, .wp-block-kadence-advancedheading.kt-adv-heading1006_796a4d-27[data-kb-block=\"kb-adv-heading1006_796a4d-27\"] img.kb-inline-image{width:150px;vertical-align:baseline;}<\/style>\n<h2 class=\"kt-adv-heading1006_796a4d-27 wp-block-kadence-advancedheading\" data-kb-block=\"kb-adv-heading1006_796a4d-27\">Beriget af naturen med ideelle muligheder for fritidsfiskeren<\/h2>\n\n\n\n<p>Gisselfeld Kloster er beriget med en natur, der g\u00f8r det ekstra attraktivt at fiske og bare nyde nuet. De mange s\u00f8er og vandl\u00f8b giver optimale muligheder for fiskeri i fantastisk sk\u00f8nne omgivelser. Karpefiskeriet kom til Gisselfeld allerede i 1500-tallet, og en stor del af s\u00f8erne er derfor kunstigt skabt. Igennem de sidste 15 \u00e5r er alle 23 karpedamme igen besat med karper, ligesom s\u00f8er og vandl\u00f8b er rige p\u00e5 fiskearter som gedde, sandart, aborre, suder og b\u00e6k\u00f8rred\u2026<\/p>\n\n\n\n<p>P\u00e5 hovedparten af arealerne er jagt, f\u00e6rdsel og fiskerettigheder udlejet, og der er i den forbindelse istandsat huse og hytter til brug for de mange g\u00e6ster, der benytter naturen. Gisselfeld Kloster har j\u00e6vnligt ledige fiskevande til leje, s\u00e5 du kan f\u00e5 adgang til de helt unikke muligheder for fiskeri p\u00e5 stedet.<\/p>\n\n\n\n<p><strong>Kontakt Gisselfeld Kloster for at h\u00f8re mere om ledige fiskevande &#8211; kun seri\u00f8se henvendelser<\/strong><\/p>\n<\/div><\/div>\n\n\n<style>.kadence-column1006_5606e6-91 > .kt-inside-inner-col{padding-top:var(--global-kb-spacing-md, 2rem);padding-right:var(--global-kb-spacing-md, 2rem);padding-bottom:var(--global-kb-spacing-md, 2rem);padding-left:var(--global-kb-spacing-md, 2rem);}.kadence-column1006_5606e6-91 > .kt-inside-inner-col,.kadence-column1006_5606e6-91 > .kt-inside-inner-col:before{border-top-left-radius:0px;border-top-right-radius:0px;border-bottom-right-radius:0px;border-bottom-left-radius:0px;}.kadence-column1006_5606e6-91 > .kt-inside-inner-col{column-gap:var(--global-kb-gap-sm, 1rem);}.kadence-column1006_5606e6-91 > .kt-inside-inner-col{flex-direction:column;}.kadence-column1006_5606e6-91 > .kt-inside-inner-col > .aligncenter{width:100%;}.kadence-column1006_5606e6-91 > .kt-inside-inner-col{background-color:var(--global-palette9, #ffffff);}.kadence-column1006_5606e6-91 > .kt-inside-inner-col:before{opacity:0.3;}.kadence-column1006_5606e6-91{position:relative;}@media all and (max-width: 1024px){.kadence-column1006_5606e6-91 > .kt-inside-inner-col{flex-direction:column;justify-content:center;}}@media all and (max-width: 767px){.kadence-column1006_5606e6-91 > .kt-inside-inner-col{flex-direction:column;justify-content:center;}}<\/style>\n<div class=\"wp-block-kadence-column kadence-column1006_5606e6-91\"><div class=\"kt-inside-inner-col\"><style>.wp-block-kadence-advancedheading.kt-adv-heading1006_d7a755-76, .wp-block-kadence-advancedheading.kt-adv-heading1006_d7a755-76[data-kb-block=\"kb-adv-heading1006_d7a755-76\"]{font-style:normal;}.wp-block-kadence-advancedheading.kt-adv-heading1006_d7a755-76 mark.kt-highlight, .wp-block-kadence-advancedheading.kt-adv-heading1006_d7a755-76[data-kb-block=\"kb-adv-heading1006_d7a755-76\"] mark.kt-highlight{font-style:normal;color:#f76a0c;-webkit-box-decoration-break:clone;box-decoration-break:clone;padding-top:0px;padding-right:0px;padding-bottom:0px;padding-left:0px;}.wp-block-kadence-advancedheading.kt-adv-heading1006_d7a755-76 img.kb-inline-image, .wp-block-kadence-advancedheading.kt-adv-heading1006_d7a755-76[data-kb-block=\"kb-adv-heading1006_d7a755-76\"] img.kb-inline-image{width:150px;vertical-align:baseline;}<\/style>\n<h3 class=\"kt-adv-heading1006_d7a755-76 wp-block-kadence-advancedheading\" data-kb-block=\"kb-adv-heading1006_d7a755-76\">S\u00f8torup S\u00f8<\/h3>\n\n\n\n<p>Vi lejer b\u00e5dpladser ud for \u00f8jeblikket.<\/p>\n\n\n<style>.wp-block-kadence-advancedheading.kt-adv-heading1006_67bdd6-6d, .wp-block-kadence-advancedheading.kt-adv-heading1006_67bdd6-6d[data-kb-block=\"kb-adv-heading1006_67bdd6-6d\"]{font-style:normal;}.wp-block-kadence-advancedheading.kt-adv-heading1006_67bdd6-6d mark.kt-highlight, .wp-block-kadence-advancedheading.kt-adv-heading1006_67bdd6-6d[data-kb-block=\"kb-adv-heading1006_67bdd6-6d\"] mark.kt-highlight{font-style:normal;color:#f76a0c;-webkit-box-decoration-break:clone;box-decoration-break:clone;padding-top:0px;padding-right:0px;padding-bottom:0px;padding-left:0px;}.wp-block-kadence-advancedheading.kt-adv-heading1006_67bdd6-6d img.kb-inline-image, .wp-block-kadence-advancedheading.kt-adv-heading1006_67bdd6-6d[data-kb-block=\"kb-adv-heading1006_67bdd6-6d\"] img.kb-inline-image{width:150px;vertical-align:baseline;}<\/style>\n<h3 class=\"kt-adv-heading1006_67bdd6-6d wp-block-kadence-advancedheading\" data-kb-block=\"kb-adv-heading1006_67bdd6-6d\">Karpedamme<\/h3>\n\n\n\n<p>Ingen ledige. Alt er udlejet for indev\u00e6rende s\u00e6son 2025-26<br>KUN seri\u00f8se henvendelser om pris m.v. rettes til:<\/p>\n\n\n\n<p>Peder Top pr. <a href=\"pt@gisselfeld-kloster.dk\">mail her &gt;<\/a><br>Eller p\u00e5 mobil <a href=\"tel:29401694\">29 40 16 94<\/a><\/p>\n<\/div><\/div>\n\n<\/div><\/div>","protected":false},"excerpt":{"rendered":"<p>Perfekt til naturn\u00f8rden \u201dJeg er en rigtig naturn\u00f8rd, og derfor tror jeg heller ikke, at jeg kan finde et sk\u00f8nnere fiskeomr\u00e5de end s\u00f8erne ved Gisselfeld Kloster. Vi er fire, der lejer fiskeretten til en af Gisselfelds mange s\u00f8er, og her f\u00e5r vi mulighed for at g\u00e5 helt tilbage til basic i en eller flere dage,&#8230;<\/p>","protected":false},"author":1,"featured_media":0,"parent":1004,"menu_order":19,"comment_status":"closed","ping_status":"closed","template":"","meta":{"_acf_changed":false,"inline_featured_image":false,"_kad_blocks_custom_css":"","_kad_blocks_head_custom_js":"","_kad_blocks_body_custom_js":"","_kad_blocks_footer_custom_js":"","_kad_post_transparent":"","_kad_post_title":"","_kad_post_layout":"","_kad_post_sidebar_id":"","_kad_post_content_style":"","_kad_post_vertical_padding":"","_kad_post_feature":"","_kad_post_feature_position":"","_kad_post_header":false,"_kad_post_footer":false,"_kad_post_classname":"","footnotes":""},"class_list":["post-1006","page","type-page","status-publish","hentry"],"acf":[],"taxonomy_info":[],"featured_image_src_large":false,"author_info":{"display_name":"webto","author_link":"https:\/\/gisselfeld-kloster.dk.web06.webtohosting.dk\/en\/author\/webto\/"},"comment_info":0,"_links":{"self":[{"href":"https:\/\/gisselfeld-kloster.dk.web06.webtohosting.dk\/en\/wp-json\/wp\/v2\/pages\/1006","targetHints":{"allow":["GET"]}}],"collection":[{"href":"https:\/\/gisselfeld-kloster.dk.web06.webtohosting.dk\/en\/wp-json\/wp\/v2\/pages"}],"about":[{"href":"https:\/\/gisselfeld-kloster.dk.web06.webtohosting.dk\/en\/wp-json\/wp\/v2\/types\/page"}],"author":[{"embeddable":true,"href":"https:\/\/gisselfeld-kloster.dk.web06.webtohosting.dk\/en\/wp-json\/wp\/v2\/users\/1"}],"replies":[{"embeddable":true,"href":"https:\/\/gisselfeld-kloster.dk.web06.webtohosting.dk\/en\/wp-json\/wp\/v2\/comments?post=1006"}],"version-history":[{"count":5,"href":"https:\/\/gisselfeld-kloster.dk.web06.webtohosting.dk\/en\/wp-json\/wp\/v2\/pages\/1006\/revisions"}],"predecessor-version":[{"id":2304,"href":"https:\/\/gisselfeld-kloster.dk.web06.webtohosting.dk\/en\/wp-json\/wp\/v2\/pages\/1006\/revisions\/2304"}],"up":[{"embeddable":true,"href":"https:\/\/gisselfeld-kloster.dk.web06.webtohosting.dk\/en\/wp-json\/wp\/v2\/pages\/1004"}],"wp:attachment":[{"href":"https:\/\/gisselfeld-kloster.dk.web06.webtohosting.dk\/en\/wp-json\/wp\/v2\/media?parent=1006"}],"curies":[{"name":"wp","href":"https:\/\/api.w.org\/{rel}","templated":true}]}}