{"id":1005,"date":"2026-02-23T14:49:07","date_gmt":"2026-02-23T13:49:07","guid":{"rendered":"https:\/\/gisselfeld-kloster.dk.web06.webtohosting.dk\/jagt-fiskeri\/for-jageren\/"},"modified":"2026-03-25T16:45:23","modified_gmt":"2026-03-25T15:45:23","slug":"for-jageren","status":"publish","type":"page","link":"https:\/\/gisselfeld-kloster.dk.web06.webtohosting.dk\/en\/jagt-fiskeri\/for-jageren\/","title":{"rendered":"For jageren"},"content":{"rendered":"<style>.kb-row-layout-id1005_932b52-14 > .kt-row-column-wrap{align-content:start;}:where(.kb-row-layout-id1005_932b52-14 > .kt-row-column-wrap) > .wp-block-kadence-column{justify-content:start;}.kb-row-layout-id1005_932b52-14 > .kt-row-column-wrap{column-gap:var(--global-kb-gap-lg, 4rem);row-gap:var(--global-kb-gap-lg, 4rem);max-width:var( --global-content-width, 1550px );padding-left:var(--global-content-edge-padding);padding-right:var(--global-content-edge-padding);padding-top:var(--global-kb-spacing-3xl, 6.5rem);padding-bottom:var(--global-kb-spacing-3xl, 6.5rem);grid-template-columns:repeat(2, minmax(0, 1fr));}.kb-row-layout-id1005_932b52-14 > .kt-row-layout-overlay{opacity:0.30;}@media all and (max-width: 1024px){.kb-row-layout-id1005_932b52-14 > .kt-row-column-wrap{column-gap:var(--global-kb-gap-md, 2rem);row-gap:var(--global-kb-gap-md, 2rem);padding-top:var(--global-kb-spacing-xl, 4rem);padding-bottom:var(--global-kb-spacing-xl, 4rem);grid-template-columns:repeat(2, minmax(0, 1fr));}}@media all and (max-width: 767px){.kb-row-layout-id1005_932b52-14 > .kt-row-column-wrap{column-gap:var(--global-kb-gap-md, 2rem);row-gap:var(--global-kb-gap-md, 2rem);padding-top:var(--global-kb-spacing-lg, 3rem);padding-bottom:var(--global-kb-spacing-lg, 3rem);grid-template-columns:minmax(0, 1fr);}}<\/style><div class=\"kb-row-layout-wrap kb-row-layout-id1005_932b52-14 alignnone wp-block-kadence-rowlayout\"><div class=\"kt-row-column-wrap kt-has-2-columns kt-row-layout-equal kt-tab-layout-inherit kt-mobile-layout-row kt-row-valign-top kt-inner-column-height-full kb-theme-content-width\">\n<style>.kadence-column1005_310078-c4 > .kt-inside-inner-col,.kadence-column1005_310078-c4 > .kt-inside-inner-col:before{border-top-left-radius:0px;border-top-right-radius:0px;border-bottom-right-radius:0px;border-bottom-left-radius:0px;}.kadence-column1005_310078-c4 > .kt-inside-inner-col{column-gap:var(--global-kb-gap-sm, 1rem);}.kadence-column1005_310078-c4 > .kt-inside-inner-col{flex-direction:column;}.kadence-column1005_310078-c4 > .kt-inside-inner-col > .aligncenter{width:100%;}.kadence-column1005_310078-c4 > .kt-inside-inner-col:before{opacity:0.3;}.kadence-column1005_310078-c4{position:relative;}@media all and (max-width: 1024px){.kadence-column1005_310078-c4 > .kt-inside-inner-col{flex-direction:column;justify-content:center;}}@media all and (max-width: 767px){.kadence-column1005_310078-c4 > .kt-inside-inner-col{flex-direction:column;justify-content:center;}}<\/style>\n<div class=\"wp-block-kadence-column kadence-column1005_310078-c4\"><div class=\"kt-inside-inner-col\"><style>.wp-block-kadence-advancedheading.kt-adv-heading1005_e0e8ea-0e, .wp-block-kadence-advancedheading.kt-adv-heading1005_e0e8ea-0e[data-kb-block=\"kb-adv-heading1005_e0e8ea-0e\"]{font-size:var(--global-kb-font-size-xl, 3rem);font-style:normal;}.wp-block-kadence-advancedheading.kt-adv-heading1005_e0e8ea-0e mark.kt-highlight, .wp-block-kadence-advancedheading.kt-adv-heading1005_e0e8ea-0e[data-kb-block=\"kb-adv-heading1005_e0e8ea-0e\"] mark.kt-highlight{font-style:normal;color:#f76a0c;-webkit-box-decoration-break:clone;box-decoration-break:clone;padding-top:0px;padding-right:0px;padding-bottom:0px;padding-left:0px;}.wp-block-kadence-advancedheading.kt-adv-heading1005_e0e8ea-0e img.kb-inline-image, .wp-block-kadence-advancedheading.kt-adv-heading1005_e0e8ea-0e[data-kb-block=\"kb-adv-heading1005_e0e8ea-0e\"] img.kb-inline-image{width:150px;vertical-align:baseline;}<\/style>\n<h2 class=\"kt-adv-heading1005_e0e8ea-0e wp-block-kadence-advancedheading\" data-kb-block=\"kb-adv-heading1005_e0e8ea-0e\">For den passionerede j\u00e6ger<\/h2>\n\n\n\n<p>\u201dAt v\u00e6re j\u00e6ger p\u00e5 Gisselfelds omr\u00e5de er meget andet end selve jagten. Naturen og vildtplejen er en vigtig del af den samlede oplevelse, og som j\u00e6ger er der masser af udfordringer. Det kuperede terr\u00e6n, muligheden for at skyde d\u00e5vildt under kontrollerede forhold, hvor der kun m\u00e5 skydes dyr af den kvote, Gisselfeld \u00e5rligt tildeler, g\u00f8r det til et attraktivt omr\u00e5de for den passionerede j\u00e6ger.<\/p>\n\n\n\n<p>Jeg er jagtlejer af tre konsortier under Gisselfeld Kloster, og det fungerer i perfekt samarbejde med Klostret. At leje jagt p\u00e5 Gisselfelds omr\u00e5der er tiltr\u00e6kkende for j\u00e6gere, idet stort set alle vildtarter forekommer.&#8221;<\/p>\n\n\n<style>.wp-block-kadence-advancedheading.kt-adv-heading1005_953238-6d, .wp-block-kadence-advancedheading.kt-adv-heading1005_953238-6d[data-kb-block=\"kb-adv-heading1005_953238-6d\"]{font-style:normal;}.wp-block-kadence-advancedheading.kt-adv-heading1005_953238-6d mark.kt-highlight, .wp-block-kadence-advancedheading.kt-adv-heading1005_953238-6d[data-kb-block=\"kb-adv-heading1005_953238-6d\"] mark.kt-highlight{font-style:normal;color:#f76a0c;-webkit-box-decoration-break:clone;box-decoration-break:clone;padding-top:0px;padding-right:0px;padding-bottom:0px;padding-left:0px;}.wp-block-kadence-advancedheading.kt-adv-heading1005_953238-6d img.kb-inline-image, .wp-block-kadence-advancedheading.kt-adv-heading1005_953238-6d[data-kb-block=\"kb-adv-heading1005_953238-6d\"] img.kb-inline-image{width:150px;vertical-align:baseline;}<\/style>\n<p class=\"kt-adv-heading1005_953238-6d wp-block-kadence-advancedheading\" data-kb-block=\"kb-adv-heading1005_953238-6d\"><strong>Niels Skovgaard &#8211; J\u00e6ger og jagtlejer<\/strong><\/p>\n\n\n\n<p>Vi har p.t. ingen ledige jagter.<\/p>\n<\/div><\/div>\n\n\n<style>.kadence-column1005_d56c25-44 > .kt-inside-inner-col,.kadence-column1005_d56c25-44 > .kt-inside-inner-col:before{border-top-left-radius:0px;border-top-right-radius:0px;border-bottom-right-radius:0px;border-bottom-left-radius:0px;}.kadence-column1005_d56c25-44 > .kt-inside-inner-col{column-gap:var(--global-kb-gap-sm, 1rem);}.kadence-column1005_d56c25-44 > .kt-inside-inner-col{flex-direction:column;}.kadence-column1005_d56c25-44 > .kt-inside-inner-col > .aligncenter{width:100%;}.kadence-column1005_d56c25-44 > .kt-inside-inner-col{background-image:url('https:\/\/gisselfeld-kloster.dk.web06.webtohosting.dk\/wp-content\/uploads\/Jagt.jpg');background-size:cover;background-position:100% 100%;background-attachment:scroll;background-repeat:no-repeat;}.kadence-column1005_d56c25-44 > .kt-inside-inner-col:before{opacity:0.3;}.kadence-column1005_d56c25-44{position:relative;}@media all and (max-width: 1024px){.kadence-column1005_d56c25-44 > .kt-inside-inner-col{flex-direction:column;justify-content:center;}}@media all and (max-width: 767px){.kadence-column1005_d56c25-44 > .kt-inside-inner-col{flex-direction:column;justify-content:center;}}<\/style>\n<div class=\"wp-block-kadence-column kadence-column1005_d56c25-44\"><div class=\"kt-inside-inner-col\"><\/div><\/div>\n\n<\/div><\/div>\n\n<style>.kb-row-layout-id1005_030f5f-06 > .kt-row-column-wrap{align-content:start;}:where(.kb-row-layout-id1005_030f5f-06 > .kt-row-column-wrap) > .wp-block-kadence-column{justify-content:start;}.kb-row-layout-id1005_030f5f-06 > .kt-row-column-wrap{column-gap:var(--global-kb-gap-lg, 4rem);row-gap:var(--global-kb-gap-lg, 4rem);max-width:800px;margin-left:auto;margin-right:auto;padding-top:var(--global-kb-spacing-3xl, 6.5rem);padding-bottom:var(--global-kb-spacing-3xl, 6.5rem);grid-template-columns:minmax(0, 1fr);}.kb-row-layout-id1005_030f5f-06 > .kt-row-layout-overlay{opacity:0.30;}@media all and (max-width: 1024px){.kb-row-layout-id1005_030f5f-06 > .kt-row-column-wrap{column-gap:var(--global-kb-gap-md, 2rem);row-gap:var(--global-kb-gap-md, 2rem);padding-top:var(--global-kb-spacing-xl, 4rem);padding-bottom:var(--global-kb-spacing-xl, 4rem);grid-template-columns:minmax(0, 1fr);}}@media all and (max-width: 767px){.kb-row-layout-id1005_030f5f-06 > .kt-row-column-wrap{column-gap:var(--global-kb-gap-md, 2rem);row-gap:var(--global-kb-gap-md, 2rem);padding-top:var(--global-kb-spacing-lg, 3rem);padding-bottom:var(--global-kb-spacing-lg, 3rem);grid-template-columns:minmax(0, 1fr);}}<\/style><div class=\"kb-row-layout-wrap kb-row-layout-id1005_030f5f-06 alignnone has-theme-palette8-background-color kt-row-has-bg wp-block-kadence-rowlayout\"><div class=\"kt-row-column-wrap kt-has-1-columns kt-row-layout-equal kt-tab-layout-inherit kt-mobile-layout-row kt-row-valign-top\">\n<style>.kadence-column1005_650432-a4 > .kt-inside-inner-col,.kadence-column1005_650432-a4 > .kt-inside-inner-col:before{border-top-left-radius:0px;border-top-right-radius:0px;border-bottom-right-radius:0px;border-bottom-left-radius:0px;}.kadence-column1005_650432-a4 > .kt-inside-inner-col{column-gap:var(--global-kb-gap-sm, 1rem);}.kadence-column1005_650432-a4 > .kt-inside-inner-col{flex-direction:column;}.kadence-column1005_650432-a4 > .kt-inside-inner-col > .aligncenter{width:100%;}.kadence-column1005_650432-a4 > .kt-inside-inner-col:before{opacity:0.3;}.kadence-column1005_650432-a4{position:relative;}@media all and (max-width: 1024px){.kadence-column1005_650432-a4 > .kt-inside-inner-col{flex-direction:column;justify-content:center;}}@media all and (max-width: 767px){.kadence-column1005_650432-a4 > .kt-inside-inner-col{flex-direction:column;justify-content:center;}}<\/style>\n<div class=\"wp-block-kadence-column kadence-column1005_650432-a4\"><div class=\"kt-inside-inner-col\"><style>.wp-block-kadence-advancedheading.kt-adv-heading1005_3894f0-38, .wp-block-kadence-advancedheading.kt-adv-heading1005_3894f0-38[data-kb-block=\"kb-adv-heading1005_3894f0-38\"]{font-size:var(--global-kb-font-size-xl, 3rem);font-style:normal;}.wp-block-kadence-advancedheading.kt-adv-heading1005_3894f0-38 mark.kt-highlight, .wp-block-kadence-advancedheading.kt-adv-heading1005_3894f0-38[data-kb-block=\"kb-adv-heading1005_3894f0-38\"] mark.kt-highlight{font-style:normal;color:#f76a0c;-webkit-box-decoration-break:clone;box-decoration-break:clone;padding-top:0px;padding-right:0px;padding-bottom:0px;padding-left:0px;}.wp-block-kadence-advancedheading.kt-adv-heading1005_3894f0-38 img.kb-inline-image, .wp-block-kadence-advancedheading.kt-adv-heading1005_3894f0-38[data-kb-block=\"kb-adv-heading1005_3894f0-38\"] img.kb-inline-image{width:150px;vertical-align:baseline;}<\/style>\n<h2 class=\"kt-adv-heading1005_3894f0-38 wp-block-kadence-advancedheading\" data-kb-block=\"kb-adv-heading1005_3894f0-38\">Vidunderlige jagtoplevelser i varieret natur<\/h2>\n\n\n\n<p>Gisselfeld Kloster r\u00e5der over 3880 hektar jord, ideelt fordelt mellem skov, landbrug, eng, s\u00f8er og mose, heraf et kerneomr\u00e5de omkring slottet p\u00e5 mere end 3000 hektar. Der l\u00e6gges stor v\u00e6gt p\u00e5 at forholdene for vildt og natur er optimale, og der plantes l\u00f8bende nye sm\u00e5 biotoper og etableres levende hegn, ligesom det eksisterende plejes med stor dedikation.<\/p>\n\n\n\n<p>P\u00e5 Gisselfelds jorder lever der mange jagtbare dyr, og is\u00e6r bestandene af kronvildt og d\u00e5vildt er blandt stedets stoltheder. Kronvildtbestanden udg\u00f8r i dag cirka 75-100 dyr, og er udsprunget af en uds\u00e6tning p\u00e5 14 dyr tilbage i 2008. D\u00e5vildt-stammen er p\u00e5 600-700 dyr, og har siden 1993 v\u00e6ret forvaltet igennem en stramt styret afskydningspolitik. R\u00e5vildtbestanden er st\u00e6rk og vidt udbredt, og findes p\u00e5 alle godsets arealer \u2013 og den generelle bestand af sm\u00e5vildt plejes l\u00f8bende, s\u00e5 der altid er jagtmuligheder i s\u00e6sonen.<\/p>\n\n\n\n<p>Gisselfeld Klosters store og m\u00e5lrettede arbejde i forhold til biotop- og vildtpleje, er medvirkende til at jagter under Gisselfeld Kloster er eftertragtede, og al jagtudlejning foreg\u00e5r af arealudlejning af st\u00f8rre eller mindre arealer p\u00e5 kontrakt over l\u00e6ngere perioder.<\/p>\n\n\n\n<p>KUN seri\u00f8se henvendelser.<\/p>\n<\/div><\/div>\n\n<\/div><\/div>","protected":false},"excerpt":{"rendered":"<p>For den passionerede j\u00e6ger \u201dAt v\u00e6re j\u00e6ger p\u00e5 Gisselfelds omr\u00e5de er meget andet end selve jagten. Naturen og vildtplejen er en vigtig del af den samlede oplevelse, og som j\u00e6ger er der masser af udfordringer. Det kuperede terr\u00e6n, muligheden for at skyde d\u00e5vildt under kontrollerede forhold, hvor der kun m\u00e5 skydes dyr af den kvote,&#8230;<\/p>","protected":false},"author":1,"featured_media":0,"parent":1004,"menu_order":18,"comment_status":"closed","ping_status":"closed","template":"","meta":{"_acf_changed":false,"inline_featured_image":false,"_kad_blocks_custom_css":"","_kad_blocks_head_custom_js":"","_kad_blocks_body_custom_js":"","_kad_blocks_footer_custom_js":"","_kad_post_transparent":"","_kad_post_title":"","_kad_post_layout":"","_kad_post_sidebar_id":"","_kad_post_content_style":"","_kad_post_vertical_padding":"","_kad_post_feature":"","_kad_post_feature_position":"","_kad_post_header":false,"_kad_post_footer":false,"_kad_post_classname":"","footnotes":""},"class_list":["post-1005","page","type-page","status-publish","hentry"],"acf":[],"taxonomy_info":[],"featured_image_src_large":false,"author_info":{"display_name":"webto","author_link":"https:\/\/gisselfeld-kloster.dk.web06.webtohosting.dk\/en\/author\/webto\/"},"comment_info":0,"_links":{"self":[{"href":"https:\/\/gisselfeld-kloster.dk.web06.webtohosting.dk\/en\/wp-json\/wp\/v2\/pages\/1005","targetHints":{"allow":["GET"]}}],"collection":[{"href":"https:\/\/gisselfeld-kloster.dk.web06.webtohosting.dk\/en\/wp-json\/wp\/v2\/pages"}],"about":[{"href":"https:\/\/gisselfeld-kloster.dk.web06.webtohosting.dk\/en\/wp-json\/wp\/v2\/types\/page"}],"author":[{"embeddable":true,"href":"https:\/\/gisselfeld-kloster.dk.web06.webtohosting.dk\/en\/wp-json\/wp\/v2\/users\/1"}],"replies":[{"embeddable":true,"href":"https:\/\/gisselfeld-kloster.dk.web06.webtohosting.dk\/en\/wp-json\/wp\/v2\/comments?post=1005"}],"version-history":[{"count":4,"href":"https:\/\/gisselfeld-kloster.dk.web06.webtohosting.dk\/en\/wp-json\/wp\/v2\/pages\/1005\/revisions"}],"predecessor-version":[{"id":2299,"href":"https:\/\/gisselfeld-kloster.dk.web06.webtohosting.dk\/en\/wp-json\/wp\/v2\/pages\/1005\/revisions\/2299"}],"up":[{"embeddable":true,"href":"https:\/\/gisselfeld-kloster.dk.web06.webtohosting.dk\/en\/wp-json\/wp\/v2\/pages\/1004"}],"wp:attachment":[{"href":"https:\/\/gisselfeld-kloster.dk.web06.webtohosting.dk\/en\/wp-json\/wp\/v2\/media?parent=1005"}],"curies":[{"name":"wp","href":"https:\/\/api.w.org\/{rel}","templated":true}]}}