{"id":1003,"date":"2026-02-23T14:49:06","date_gmt":"2026-02-23T13:49:06","guid":{"rendered":"https:\/\/gisselfeld-kloster.dk.web06.webtohosting.dk\/park-slot\/villa-gallina\/"},"modified":"2026-03-25T16:33:24","modified_gmt":"2026-03-25T15:33:24","slug":"villa-gallina","status":"publish","type":"page","link":"https:\/\/gisselfeld-kloster.dk.web06.webtohosting.dk\/en\/park-slot\/villa-gallina\/","title":{"rendered":"Villa Gallina"},"content":{"rendered":"<style>.kb-row-layout-id1003_1ff22a-4d > .kt-row-column-wrap{align-content:start;}:where(.kb-row-layout-id1003_1ff22a-4d > .kt-row-column-wrap) > .wp-block-kadence-column{justify-content:start;}.kb-row-layout-id1003_1ff22a-4d > .kt-row-column-wrap{column-gap:var(--global-kb-gap-lg, 4rem);row-gap:var(--global-kb-gap-lg, 4rem);max-width:var( --global-content-width, 1550px );padding-left:var(--global-content-edge-padding);padding-right:var(--global-content-edge-padding);padding-top:var(--global-kb-spacing-3xl, 6.5rem);padding-bottom:var(--global-kb-spacing-3xl, 6.5rem);grid-template-columns:repeat(2, minmax(0, 1fr));}.kb-row-layout-id1003_1ff22a-4d > .kt-row-layout-overlay{opacity:0.30;}@media all and (max-width: 1024px){.kb-row-layout-id1003_1ff22a-4d > .kt-row-column-wrap{column-gap:var(--global-kb-gap-md, 2rem);row-gap:var(--global-kb-gap-md, 2rem);padding-top:var(--global-kb-spacing-xl, 4rem);padding-bottom:var(--global-kb-spacing-xl, 4rem);grid-template-columns:repeat(2, minmax(0, 1fr));}}@media all and (max-width: 767px){.kb-row-layout-id1003_1ff22a-4d > .kt-row-column-wrap{column-gap:var(--global-kb-gap-md, 2rem);row-gap:var(--global-kb-gap-md, 2rem);padding-top:var(--global-kb-spacing-lg, 3rem);padding-bottom:var(--global-kb-spacing-lg, 3rem);grid-template-columns:minmax(0, 1fr);}}<\/style><div class=\"kb-row-layout-wrap kb-row-layout-id1003_1ff22a-4d alignnone wp-block-kadence-rowlayout\"><div class=\"kt-row-column-wrap kt-has-2-columns kt-row-layout-equal kt-tab-layout-inherit kt-mobile-layout-row kt-row-valign-top kb-theme-content-width\">\n<style>.kadence-column1003_e6e925-e9 > .kt-inside-inner-col,.kadence-column1003_e6e925-e9 > .kt-inside-inner-col:before{border-top-left-radius:0px;border-top-right-radius:0px;border-bottom-right-radius:0px;border-bottom-left-radius:0px;}.kadence-column1003_e6e925-e9 > .kt-inside-inner-col{column-gap:var(--global-kb-gap-sm, 1rem);}.kadence-column1003_e6e925-e9 > .kt-inside-inner-col{flex-direction:column;}.kadence-column1003_e6e925-e9 > .kt-inside-inner-col > .aligncenter{width:100%;}.kadence-column1003_e6e925-e9 > .kt-inside-inner-col:before{opacity:0.3;}.kadence-column1003_e6e925-e9{position:relative;}@media all and (max-width: 1024px){.kadence-column1003_e6e925-e9 > .kt-inside-inner-col{flex-direction:column;justify-content:center;}}@media all and (max-width: 767px){.kadence-column1003_e6e925-e9 > .kt-inside-inner-col{flex-direction:column;justify-content:center;}}<\/style>\n<div class=\"wp-block-kadence-column kadence-column1003_e6e925-e9\"><div class=\"kt-inside-inner-col\"><style>.wp-block-kadence-advancedheading.kt-adv-heading1003_bc4222-60, .wp-block-kadence-advancedheading.kt-adv-heading1003_bc4222-60[data-kb-block=\"kb-adv-heading1003_bc4222-60\"]{font-size:var(--global-kb-font-size-xl, 3rem);font-style:normal;}.wp-block-kadence-advancedheading.kt-adv-heading1003_bc4222-60 mark.kt-highlight, .wp-block-kadence-advancedheading.kt-adv-heading1003_bc4222-60[data-kb-block=\"kb-adv-heading1003_bc4222-60\"] mark.kt-highlight{font-style:normal;color:#f76a0c;-webkit-box-decoration-break:clone;box-decoration-break:clone;padding-top:0px;padding-right:0px;padding-bottom:0px;padding-left:0px;}.wp-block-kadence-advancedheading.kt-adv-heading1003_bc4222-60 img.kb-inline-image, .wp-block-kadence-advancedheading.kt-adv-heading1003_bc4222-60[data-kb-block=\"kb-adv-heading1003_bc4222-60\"] img.kb-inline-image{width:150px;vertical-align:baseline;}<\/style>\n<h2 class=\"kt-adv-heading1003_bc4222-60 wp-block-kadence-advancedheading\" data-kb-block=\"kb-adv-heading1003_bc4222-60\">Restaurant Villa Gallina<\/h2>\n\n\n\n<p>For bordbestilling: Villa Gallinavej 3, Hesede Skov, 4690 Haslev, Tlf: 56 32 62 16, Email: villagallina@c.dk<\/p>\n\n\n\n<p>\u00c5bningstider:<br>Jan. og feb.: Selskaber modt. (min. 15 pers.)<br>Marts og april: Weekend\u00e5bent kl. 12-16<br>Hele P\u00e5sken (fra Sk\u00e6rtorsdag &#8211; 2. P\u00e5skedag)<br>Maj til aug.: Onsdag til s\u00f8ndag kl. 12-16<br>Sept. til dec.: L\u00f8rdag og s\u00f8ndag kl. 12-16<br>2. pinsedag, Skt. Hans + Mortens aften kl. 12-16<br>Julebuffet fra 22\/11 + 2. Juledag kl. 12-16<\/p>\n\n\n<style>.wp-block-kadence-advancedbtn.kb-btns1003_dd18be-ff{gap:var(--global-kb-gap-xs, 0.5rem );justify-content:flex-start;align-items:center;}.kt-btns1003_dd18be-ff .kt-button{font-weight:normal;font-style:normal;}.kt-btns1003_dd18be-ff .kt-btn-wrap-0{margin-right:5px;}.wp-block-kadence-advancedbtn.kt-btns1003_dd18be-ff .kt-btn-wrap-0 .kt-button{color:#555555;border-color:#555555;}.wp-block-kadence-advancedbtn.kt-btns1003_dd18be-ff .kt-btn-wrap-0 .kt-button:hover, .wp-block-kadence-advancedbtn.kt-btns1003_dd18be-ff .kt-btn-wrap-0 .kt-button:focus{color:#ffffff;border-color:#444444;}.wp-block-kadence-advancedbtn.kt-btns1003_dd18be-ff .kt-btn-wrap-0 .kt-button::before{display:none;}.wp-block-kadence-advancedbtn.kt-btns1003_dd18be-ff .kt-btn-wrap-0 .kt-button:hover, .wp-block-kadence-advancedbtn.kt-btns1003_dd18be-ff .kt-btn-wrap-0 .kt-button:focus{background:#444444;}<\/style>\n<div class=\"wp-block-kadence-advancedbtn kb-buttons-wrap kb-btns1003_dd18be-ff\"><style>ul.menu .wp-block-kadence-advancedbtn .kb-btn1003_c3c6bd-81.kb-button{width:initial;}<\/style><a class=\"kb-button kt-button button kb-btn1003_c3c6bd-81 kt-btn-size-standard kt-btn-width-type-auto kb-btn-global-inherit  kt-btn-has-text-true kt-btn-has-svg-false  wp-block-button__link wp-block-kadence-singlebtn\" href=\"\/se-aabningstider\/\"><span class=\"kt-btn-inner-text\">Se Parkens \u00e5bningstider her <\/span><\/a><\/div>\n<\/div><\/div>\n\n\n<style>.kadence-column1003_04a552-1f > .kt-inside-inner-col,.kadence-column1003_04a552-1f > .kt-inside-inner-col:before{border-top-left-radius:0px;border-top-right-radius:0px;border-bottom-right-radius:0px;border-bottom-left-radius:0px;}.kadence-column1003_04a552-1f > .kt-inside-inner-col{column-gap:var(--global-kb-gap-sm, 1rem);}.kadence-column1003_04a552-1f > .kt-inside-inner-col{flex-direction:column;}.kadence-column1003_04a552-1f > .kt-inside-inner-col > .aligncenter{width:100%;}.kadence-column1003_04a552-1f > .kt-inside-inner-col:before{opacity:0.3;}.kadence-column1003_04a552-1f{position:relative;}@media all and (max-width: 1024px){.kadence-column1003_04a552-1f > .kt-inside-inner-col{flex-direction:column;justify-content:center;}}@media all and (max-width: 767px){.kadence-column1003_04a552-1f > .kt-inside-inner-col{flex-direction:column;justify-content:center;}}<\/style>\n<div class=\"wp-block-kadence-column kadence-column1003_04a552-1f\"><div class=\"kt-inside-inner-col\"><style>.wp-block-kadence-advancedgallery .kb-gallery-type-tiles.kb-gallery-id-1003_59ce6a-ef{margin:-5px;}.kb-gallery-type-tiles.kb-gallery-id-1003_59ce6a-ef .kadence-blocks-gallery-item{padding:5px;}.kb-gallery-id-1003_59ce6a-ef.kb-gallery-ul.kb-gallery-type-tiles .kadence-blocks-gallery-item .kadence-blocks-gallery-item-inner img, .kb-gallery-id-1003_59ce6a-ef.kb-gallery-ul.kb-gallery-type-tiles > .kadence-blocks-gallery-item{height:300px;}.kb-gallery-id-1003_59ce6a-ef .kadence-blocks-gallery-item .kb-gal-image-radius, .kb-gallery-id-1003_59ce6a-ef .kb-slide-item .kb-gal-image-radius img{border-radius:0px 0px 0px 0px;;}<\/style><div class=\"kb-gallery-wrap-id-1003_59ce6a-ef alignnone wp-block-kadence-advancedgallery\"><ul class=\"kb-gallery-ul kb-gallery-non-static kb-gallery-type-tiles kb-gallery-id-1003_59ce6a-ef kb-gallery-caption-style-bottom-hover kb-gallery-filter-none\" data-image-filter=\"none\" data-lightbox-caption=\"true\"><li class=\"kadence-blocks-gallery-item\" tabindex=\"0\"><div class=\"kadence-blocks-gallery-item-inner\"><figure class=\"kb-gallery-figure kadence-blocks-gallery-item-hide-caption\"><div class=\"kb-gal-image-radius\"><div class=\"kb-gallery-image-contain\" ><img loading=\"lazy\" decoding=\"async\" src=\"https:\/\/gisselfeld-kloster.dk.web06.webtohosting.dk\/wp-content\/uploads\/VillaGallina-1024x487.jpg\" width=\"1024\" height=\"487\" alt=\"\" data-full-image=\"https:\/\/gisselfeld-kloster.dk.web06.webtohosting.dk\/wp-content\/uploads\/VillaGallina.jpg\" data-light-image=\"https:\/\/gisselfeld-kloster.dk.web06.webtohosting.dk\/wp-content\/uploads\/VillaGallina.jpg\" data-id=\"2047\" class=\"wp-image-2047\" srcset=\"https:\/\/gisselfeld-kloster.dk.web06.webtohosting.dk\/wp-content\/uploads\/VillaGallina-1024x487.jpg 1024w, https:\/\/gisselfeld-kloster.dk.web06.webtohosting.dk\/wp-content\/uploads\/VillaGallina-300x143.jpg 300w, https:\/\/gisselfeld-kloster.dk.web06.webtohosting.dk\/wp-content\/uploads\/VillaGallina-768x365.jpg 768w, https:\/\/gisselfeld-kloster.dk.web06.webtohosting.dk\/wp-content\/uploads\/VillaGallina-18x9.jpg 18w, https:\/\/gisselfeld-kloster.dk.web06.webtohosting.dk\/wp-content\/uploads\/VillaGallina.jpg 1207w\" sizes=\"auto, (max-width: 1024px) 100vw, 1024px\" \/><\/div><\/div><\/figure><\/div><\/li><li class=\"kadence-blocks-gallery-item\" tabindex=\"0\"><div class=\"kadence-blocks-gallery-item-inner\"><figure class=\"kb-gallery-figure kadence-blocks-gallery-item-hide-caption\"><div class=\"kb-gal-image-radius\"><div class=\"kb-gallery-image-contain\" ><img loading=\"lazy\" decoding=\"async\" src=\"https:\/\/gisselfeld-kloster.dk.web06.webtohosting.dk\/wp-content\/uploads\/VillaGallina_1-1024x487.jpg\" width=\"1024\" height=\"487\" alt=\"\" data-full-image=\"https:\/\/gisselfeld-kloster.dk.web06.webtohosting.dk\/wp-content\/uploads\/VillaGallina_1.jpg\" data-light-image=\"https:\/\/gisselfeld-kloster.dk.web06.webtohosting.dk\/wp-content\/uploads\/VillaGallina_1.jpg\" data-id=\"2048\" class=\"wp-image-2048\" srcset=\"https:\/\/gisselfeld-kloster.dk.web06.webtohosting.dk\/wp-content\/uploads\/VillaGallina_1-1024x487.jpg 1024w, https:\/\/gisselfeld-kloster.dk.web06.webtohosting.dk\/wp-content\/uploads\/VillaGallina_1-300x143.jpg 300w, https:\/\/gisselfeld-kloster.dk.web06.webtohosting.dk\/wp-content\/uploads\/VillaGallina_1-768x365.jpg 768w, https:\/\/gisselfeld-kloster.dk.web06.webtohosting.dk\/wp-content\/uploads\/VillaGallina_1-18x9.jpg 18w, https:\/\/gisselfeld-kloster.dk.web06.webtohosting.dk\/wp-content\/uploads\/VillaGallina_1.jpg 1207w\" sizes=\"auto, (max-width: 1024px) 100vw, 1024px\" \/><\/div><\/div><\/figure><\/div><\/li><\/ul><\/div><\/div><\/div>\n\n<\/div><\/div>\n\n<style>.kb-row-layout-id1003_3fdb7c-06 > .kt-row-column-wrap{align-content:start;}:where(.kb-row-layout-id1003_3fdb7c-06 > .kt-row-column-wrap) > .wp-block-kadence-column{justify-content:start;}.kb-row-layout-id1003_3fdb7c-06 > .kt-row-column-wrap{column-gap:var(--global-kb-gap-lg, 4rem);row-gap:var(--global-kb-gap-lg, 4rem);max-width:800px;margin-left:auto;margin-right:auto;padding-top:var(--global-kb-spacing-3xl, 6.5rem);padding-bottom:var(--global-kb-spacing-3xl, 6.5rem);grid-template-columns:minmax(0, 1fr);}.kb-row-layout-id1003_3fdb7c-06 > .kt-row-layout-overlay{opacity:0.30;}@media all and (max-width: 1024px){.kb-row-layout-id1003_3fdb7c-06 > .kt-row-column-wrap{column-gap:var(--global-kb-gap-md, 2rem);row-gap:var(--global-kb-gap-md, 2rem);padding-top:var(--global-kb-spacing-xl, 4rem);padding-bottom:var(--global-kb-spacing-xl, 4rem);grid-template-columns:minmax(0, 1fr);}}@media all and (max-width: 767px){.kb-row-layout-id1003_3fdb7c-06 > .kt-row-column-wrap{column-gap:var(--global-kb-gap-md, 2rem);row-gap:var(--global-kb-gap-md, 2rem);padding-top:var(--global-kb-spacing-lg, 3rem);padding-bottom:var(--global-kb-spacing-lg, 3rem);grid-template-columns:minmax(0, 1fr);}}<\/style><div class=\"kb-row-layout-wrap kb-row-layout-id1003_3fdb7c-06 alignnone has-theme-palette8-background-color kt-row-has-bg wp-block-kadence-rowlayout\"><div class=\"kt-row-column-wrap kt-has-1-columns kt-row-layout-equal kt-tab-layout-inherit kt-mobile-layout-row kt-row-valign-top\">\n<style>.kadence-column1003_a8aec9-72 > .kt-inside-inner-col,.kadence-column1003_a8aec9-72 > .kt-inside-inner-col:before{border-top-left-radius:0px;border-top-right-radius:0px;border-bottom-right-radius:0px;border-bottom-left-radius:0px;}.kadence-column1003_a8aec9-72 > .kt-inside-inner-col{column-gap:var(--global-kb-gap-sm, 1rem);}.kadence-column1003_a8aec9-72 > .kt-inside-inner-col{flex-direction:column;}.kadence-column1003_a8aec9-72 > .kt-inside-inner-col > .aligncenter{width:100%;}.kadence-column1003_a8aec9-72 > .kt-inside-inner-col:before{opacity:0.3;}.kadence-column1003_a8aec9-72{position:relative;}@media all and (max-width: 1024px){.kadence-column1003_a8aec9-72 > .kt-inside-inner-col{flex-direction:column;justify-content:center;}}@media all and (max-width: 767px){.kadence-column1003_a8aec9-72 > .kt-inside-inner-col{flex-direction:column;justify-content:center;}}<\/style>\n<div class=\"wp-block-kadence-column kadence-column1003_a8aec9-72\"><div class=\"kt-inside-inner-col\"><style>.wp-block-kadence-advancedheading.kt-adv-heading1003_acb215-e3, .wp-block-kadence-advancedheading.kt-adv-heading1003_acb215-e3[data-kb-block=\"kb-adv-heading1003_acb215-e3\"]{font-size:var(--global-kb-font-size-xl, 3rem);font-style:normal;}.wp-block-kadence-advancedheading.kt-adv-heading1003_acb215-e3 mark.kt-highlight, .wp-block-kadence-advancedheading.kt-adv-heading1003_acb215-e3[data-kb-block=\"kb-adv-heading1003_acb215-e3\"] mark.kt-highlight{font-style:normal;color:#f76a0c;-webkit-box-decoration-break:clone;box-decoration-break:clone;padding-top:0px;padding-right:0px;padding-bottom:0px;padding-left:0px;}.wp-block-kadence-advancedheading.kt-adv-heading1003_acb215-e3 img.kb-inline-image, .wp-block-kadence-advancedheading.kt-adv-heading1003_acb215-e3[data-kb-block=\"kb-adv-heading1003_acb215-e3\"] img.kb-inline-image{width:150px;vertical-align:baseline;}<\/style>\n<h2 class=\"kt-adv-heading1003_acb215-e3 wp-block-kadence-advancedheading\" data-kb-block=\"kb-adv-heading1003_acb215-e3\">Det gamle trakt\u00f8rsted<\/h2>\n\n\n\n<p>En st\u00e6rk historie, en utrolig beliggenhed og mad af h\u00f8jeste kvalitet. Villa Gallina har det hele, og er bestemt et bes\u00f8g v\u00e6rd. Restauranten er bygget i 1852 som &#8220;bekvemmelighedssted og trakt\u00f8rsted&#8221;, og betjente dengang egnens beboere og rejsende p\u00e5 den gamle landevej fra K\u00f8benhavn til N\u00e6stved.<\/p>\n\n\n\n<p>I dag er stedet b\u00e5de \u00e1 la carte og selskabsrestaurant, og kan prale af en af Danmarks sk\u00f8nneste beliggenheder. Fra den store terrasse foran det fantastiske bindingsv\u00e6rkshus kan du nyde udsigten til den smukke s\u00f8 og omkringliggende skov. Villa Gallina forpagtes ud til \u00e6gteparret Lise og Nicholas Dark, der serverer kvalitetsmad med inspiration fra b\u00e5de det traditionelle danske, italienske og franske k\u00f8kken.<\/p>\n\n\n<style>.wp-block-kadence-advancedbtn.kb-btns1003_ee17f5-b9{gap:var(--global-kb-gap-xs, 0.5rem );justify-content:flex-start;align-items:center;}.kt-btns1003_ee17f5-b9 .kt-button{font-weight:normal;font-style:normal;}.kt-btns1003_ee17f5-b9 .kt-btn-wrap-0{margin-right:5px;}.wp-block-kadence-advancedbtn.kt-btns1003_ee17f5-b9 .kt-btn-wrap-0 .kt-button{color:#555555;border-color:#555555;}.wp-block-kadence-advancedbtn.kt-btns1003_ee17f5-b9 .kt-btn-wrap-0 .kt-button:hover, .wp-block-kadence-advancedbtn.kt-btns1003_ee17f5-b9 .kt-btn-wrap-0 .kt-button:focus{color:#ffffff;border-color:#444444;}.wp-block-kadence-advancedbtn.kt-btns1003_ee17f5-b9 .kt-btn-wrap-0 .kt-button::before{display:none;}.wp-block-kadence-advancedbtn.kt-btns1003_ee17f5-b9 .kt-btn-wrap-0 .kt-button:hover, .wp-block-kadence-advancedbtn.kt-btns1003_ee17f5-b9 .kt-btn-wrap-0 .kt-button:focus{background:#444444;}<\/style>\n<div class=\"wp-block-kadence-advancedbtn kb-buttons-wrap kb-btns1003_ee17f5-b9\"><style>ul.menu .wp-block-kadence-advancedbtn .kb-btn1003_9e98ad-95.kb-button{width:initial;}<\/style><a class=\"kb-button kt-button button kb-btn1003_9e98ad-95 kt-btn-size-standard kt-btn-width-type-auto kb-btn-global-inherit  kt-btn-has-text-true kt-btn-has-svg-false  wp-block-button__link wp-block-kadence-singlebtn\" href=\"https:\/\/villa-gallina.dk\/\" target=\"_blank\" rel=\"noreferrer noopener\"><span class=\"kt-btn-inner-text\">L\u00e6s mere om Villa Gallina her<\/span><\/a><\/div>\n<\/div><\/div>\n\n<\/div><\/div>","protected":false},"excerpt":{"rendered":"<p>Restaurant Villa Gallina For bordbestilling: Villa Gallinavej 3, Hesede Skov, 4690 Haslev, Tlf: 56 32 62 16, Email: villagallina@c.dk \u00c5bningstider:Jan. og feb.: Selskaber modt. (min. 15 pers.)Marts og april: Weekend\u00e5bent kl. 12-16Hele P\u00e5sken (fra Sk\u00e6rtorsdag &#8211; 2. P\u00e5skedag)Maj til aug.: Onsdag til s\u00f8ndag kl. 12-16Sept. til dec.: L\u00f8rdag og s\u00f8ndag kl. 12-162. pinsedag, Skt. Hans&#8230;<\/p>","protected":false},"author":1,"featured_media":0,"parent":998,"menu_order":16,"comment_status":"closed","ping_status":"closed","template":"","meta":{"_acf_changed":false,"inline_featured_image":false,"_kad_blocks_custom_css":"","_kad_blocks_head_custom_js":"","_kad_blocks_body_custom_js":"","_kad_blocks_footer_custom_js":"","_kad_post_transparent":"","_kad_post_title":"","_kad_post_layout":"","_kad_post_sidebar_id":"","_kad_post_content_style":"","_kad_post_vertical_padding":"","_kad_post_feature":"","_kad_post_feature_position":"","_kad_post_header":false,"_kad_post_footer":false,"_kad_post_classname":"","footnotes":""},"class_list":["post-1003","page","type-page","status-publish","hentry"],"acf":[],"taxonomy_info":[],"featured_image_src_large":false,"author_info":{"display_name":"webto","author_link":"https:\/\/gisselfeld-kloster.dk.web06.webtohosting.dk\/en\/author\/webto\/"},"comment_info":0,"_links":{"self":[{"href":"https:\/\/gisselfeld-kloster.dk.web06.webtohosting.dk\/en\/wp-json\/wp\/v2\/pages\/1003","targetHints":{"allow":["GET"]}}],"collection":[{"href":"https:\/\/gisselfeld-kloster.dk.web06.webtohosting.dk\/en\/wp-json\/wp\/v2\/pages"}],"about":[{"href":"https:\/\/gisselfeld-kloster.dk.web06.webtohosting.dk\/en\/wp-json\/wp\/v2\/types\/page"}],"author":[{"embeddable":true,"href":"https:\/\/gisselfeld-kloster.dk.web06.webtohosting.dk\/en\/wp-json\/wp\/v2\/users\/1"}],"replies":[{"embeddable":true,"href":"https:\/\/gisselfeld-kloster.dk.web06.webtohosting.dk\/en\/wp-json\/wp\/v2\/comments?post=1003"}],"version-history":[{"count":2,"href":"https:\/\/gisselfeld-kloster.dk.web06.webtohosting.dk\/en\/wp-json\/wp\/v2\/pages\/1003\/revisions"}],"predecessor-version":[{"id":2283,"href":"https:\/\/gisselfeld-kloster.dk.web06.webtohosting.dk\/en\/wp-json\/wp\/v2\/pages\/1003\/revisions\/2283"}],"up":[{"embeddable":true,"href":"https:\/\/gisselfeld-kloster.dk.web06.webtohosting.dk\/en\/wp-json\/wp\/v2\/pages\/998"}],"wp:attachment":[{"href":"https:\/\/gisselfeld-kloster.dk.web06.webtohosting.dk\/en\/wp-json\/wp\/v2\/media?parent=1003"}],"curies":[{"name":"wp","href":"https:\/\/api.w.org\/{rel}","templated":true}]}}