{"id":1002,"date":"2026-02-23T14:49:06","date_gmt":"2026-02-23T13:49:06","guid":{"rendered":"https:\/\/gisselfeld-kloster.dk.web06.webtohosting.dk\/park-slot\/slottet\/"},"modified":"2026-03-25T16:21:48","modified_gmt":"2026-03-25T15:21:48","slug":"slottet","status":"publish","type":"page","link":"https:\/\/gisselfeld-kloster.dk.web06.webtohosting.dk\/en\/park-slot\/slottet\/","title":{"rendered":"Slottet"},"content":{"rendered":"<style>.kb-row-layout-id1002_3abd51-44 > .kt-row-column-wrap{align-content:center;}:where(.kb-row-layout-id1002_3abd51-44 > .kt-row-column-wrap) > .wp-block-kadence-column{justify-content:center;}.kb-row-layout-id1002_3abd51-44 > .kt-row-column-wrap{column-gap:var(--global-kb-gap-lg, 4rem);row-gap:var(--global-kb-gap-lg, 4rem);max-width:var( --global-content-width, 1550px );padding-left:var(--global-content-edge-padding);padding-right:var(--global-content-edge-padding);padding-top:var(--global-kb-spacing-3xl, 6.5rem);padding-bottom:var(--global-kb-spacing-3xl, 6.5rem);grid-template-columns:repeat(2, minmax(0, 1fr));}.kb-row-layout-id1002_3abd51-44 > .kt-row-layout-overlay{opacity:0.30;}@media all and (max-width: 1024px){.kb-row-layout-id1002_3abd51-44 > .kt-row-column-wrap{column-gap:var(--global-kb-gap-md, 2rem);row-gap:var(--global-kb-gap-md, 2rem);padding-top:var(--global-kb-spacing-xl, 4rem);padding-bottom:var(--global-kb-spacing-xl, 4rem);grid-template-columns:repeat(2, minmax(0, 1fr));}}@media all and (max-width: 767px){.kb-row-layout-id1002_3abd51-44 > .kt-row-column-wrap{column-gap:var(--global-kb-gap-md, 2rem);row-gap:var(--global-kb-gap-md, 2rem);padding-top:var(--global-kb-spacing-lg, 3rem);padding-bottom:var(--global-kb-spacing-lg, 3rem);grid-template-columns:minmax(0, 1fr);}}<\/style><div class=\"kb-row-layout-wrap kb-row-layout-id1002_3abd51-44 alignnone wp-block-kadence-rowlayout\"><div class=\"kt-row-column-wrap kt-has-2-columns kt-row-layout-equal kt-tab-layout-inherit kt-mobile-layout-row kt-row-valign-middle kb-theme-content-width\">\n<style>.kadence-column1002_407e15-b7 > .kt-inside-inner-col,.kadence-column1002_407e15-b7 > .kt-inside-inner-col:before{border-top-left-radius:0px;border-top-right-radius:0px;border-bottom-right-radius:0px;border-bottom-left-radius:0px;}.kadence-column1002_407e15-b7 > .kt-inside-inner-col{column-gap:var(--global-kb-gap-sm, 1rem);}.kadence-column1002_407e15-b7 > .kt-inside-inner-col{flex-direction:column;}.kadence-column1002_407e15-b7 > .kt-inside-inner-col > .aligncenter{width:100%;}.kadence-column1002_407e15-b7 > .kt-inside-inner-col:before{opacity:0.3;}.kadence-column1002_407e15-b7{position:relative;}@media all and (max-width: 1024px){.kadence-column1002_407e15-b7 > .kt-inside-inner-col{flex-direction:column;justify-content:center;}}@media all and (max-width: 767px){.kadence-column1002_407e15-b7 > .kt-inside-inner-col{flex-direction:column;justify-content:center;}}<\/style>\n<div class=\"wp-block-kadence-column kadence-column1002_407e15-b7\"><div class=\"kt-inside-inner-col\"><style>.wp-block-kadence-advancedheading.kt-adv-heading1002_fa991b-8d, .wp-block-kadence-advancedheading.kt-adv-heading1002_fa991b-8d[data-kb-block=\"kb-adv-heading1002_fa991b-8d\"]{font-size:var(--global-kb-font-size-xl, 3rem);font-style:normal;}.wp-block-kadence-advancedheading.kt-adv-heading1002_fa991b-8d mark.kt-highlight, .wp-block-kadence-advancedheading.kt-adv-heading1002_fa991b-8d[data-kb-block=\"kb-adv-heading1002_fa991b-8d\"] mark.kt-highlight{font-style:normal;color:#f76a0c;-webkit-box-decoration-break:clone;box-decoration-break:clone;padding-top:0px;padding-right:0px;padding-bottom:0px;padding-left:0px;}.wp-block-kadence-advancedheading.kt-adv-heading1002_fa991b-8d img.kb-inline-image, .wp-block-kadence-advancedheading.kt-adv-heading1002_fa991b-8d[data-kb-block=\"kb-adv-heading1002_fa991b-8d\"] img.kb-inline-image{width:150px;vertical-align:baseline;}<\/style>\n<h2 class=\"kt-adv-heading1002_fa991b-8d wp-block-kadence-advancedheading\" data-kb-block=\"kb-adv-heading1002_fa991b-8d\">Klostret uden nonner<\/h2>\n\n\n\n<p>I et af Sj\u00e6llands smukkeste landskaber &#8211; ligger Gisselfeld Kloster, en af Danmarks \u00e6ldste og bedst bevarede ren\u00e6ssanceborge. Navnet kan f\u00f8res helt tilbage til \u00e5r 1370, men Gisselfeld blev i sin nuv\u00e6rende form grundlagt af Peder Oxe, der byggede borgen i perioden 1547-1575.<\/p>\n\n\n\n<p>I 1701 bestemte Christian Gyldenl\u00f8ve, s\u00f8n af Christian den 5., at Gisselfeld skulle g\u00f8res til et kloster, hvor adelige jomfruer og en abbedisse skulle tilknyttes klosteret. Disse planer blev dog aldrig f\u00f8rt ud i livet, men navnet &#8211; Gisselfeld Kloster &#8211; er h\u00e6ngt ved lige siden.<\/p>\n\n\n\n<p>I dag er en del af Slottet privat beboet af Overdirekt\u00f8r Helene Danneskiold-Sams\u00f8e, mens andre dele af hovedbygningen kan bes\u00f8ges af offentligheden i forbindelse med de guidede rundvisninger.<\/p>\n\n\n<style>.wp-block-kadence-advancedbtn.kb-btns1002_954eb5-ec{gap:var(--global-kb-gap-xs, 0.5rem );justify-content:flex-start;align-items:center;}.kt-btns1002_954eb5-ec .kt-button{font-weight:normal;font-style:normal;}.kt-btns1002_954eb5-ec .kt-btn-wrap-0{margin-right:5px;}.wp-block-kadence-advancedbtn.kt-btns1002_954eb5-ec .kt-btn-wrap-0 .kt-button{color:#555555;border-color:#555555;}.wp-block-kadence-advancedbtn.kt-btns1002_954eb5-ec .kt-btn-wrap-0 .kt-button:hover, .wp-block-kadence-advancedbtn.kt-btns1002_954eb5-ec .kt-btn-wrap-0 .kt-button:focus{color:#ffffff;border-color:#444444;}.wp-block-kadence-advancedbtn.kt-btns1002_954eb5-ec .kt-btn-wrap-0 .kt-button::before{display:none;}.wp-block-kadence-advancedbtn.kt-btns1002_954eb5-ec .kt-btn-wrap-0 .kt-button:hover, .wp-block-kadence-advancedbtn.kt-btns1002_954eb5-ec .kt-btn-wrap-0 .kt-button:focus{background:#444444;}<\/style>\n<div class=\"wp-block-kadence-advancedbtn kb-buttons-wrap kb-btns1002_954eb5-ec\"><style>ul.menu .wp-block-kadence-advancedbtn .kb-btn1002_c832ef-0f.kb-button{width:initial;}<\/style><span class=\"kb-button kt-button button kb-btn1002_c832ef-0f kt-btn-size-standard kt-btn-width-type-auto kb-btn-global-inherit  kt-btn-has-text-true kt-btn-has-svg-false  wp-block-button__link wp-block-kadence-singlebtn\"><span class=\"kt-btn-inner-text\">Se mere om omvisninger p\u00e5 Slottet her<\/span><\/span><\/div>\n<\/div><\/div>\n\n\n<style>.kadence-column1002_10ff60-4b > .kt-inside-inner-col,.kadence-column1002_10ff60-4b > .kt-inside-inner-col:before{border-top-left-radius:0px;border-top-right-radius:0px;border-bottom-right-radius:0px;border-bottom-left-radius:0px;}.kadence-column1002_10ff60-4b > .kt-inside-inner-col{column-gap:var(--global-kb-gap-sm, 1rem);}.kadence-column1002_10ff60-4b > .kt-inside-inner-col{flex-direction:column;}.kadence-column1002_10ff60-4b > .kt-inside-inner-col > .aligncenter{width:100%;}.kadence-column1002_10ff60-4b > .kt-inside-inner-col:before{opacity:0.3;}.kadence-column1002_10ff60-4b{position:relative;}@media all and (max-width: 1024px){.kadence-column1002_10ff60-4b > .kt-inside-inner-col{flex-direction:column;justify-content:center;}}@media all and (max-width: 767px){.kadence-column1002_10ff60-4b > .kt-inside-inner-col{flex-direction:column;justify-content:center;}}<\/style>\n<div class=\"wp-block-kadence-column kadence-column1002_10ff60-4b\"><div class=\"kt-inside-inner-col\"><style>.kb-gallery-id-1002_932daf-5d .kadence-blocks-gallery-item .kb-gal-image-radius, .kb-gallery-id-1002_932daf-5d .kb-slide-item .kb-gal-image-radius img{border-radius:0px 0px 0px 0px;;}.kb-gallery-wrap-id-1002_932daf-5d .kb-gallery-ul.kb-gallery-type-mosaic .grid-pattern-container{grid-auto-rows:150px;grid-gap:10px;gap:10px;}<\/style><div class=\"kb-gallery-wrap-id-1002_932daf-5d alignnone wp-block-kadence-advancedgallery\"><div class=\"kb-gallery-ul kb-gallery-non-static kb-gallery-type-mosaic kb-gallery-id-1002_932daf-5d kb-gallery-caption-style-bottom-hover kb-gallery-filter-none\" data-image-filter=\"none\" data-lightbox-caption=\"true\"kb-mosaic-gallery grid-pattern-gallery\"><div class=\"grid-pattern-container\"><div class=\"kadence-blocks-gallery-item grid-item-wide\"><div class=\"kadence-blocks-gallery-item\" tabindex=\"0\"><div class=\"kadence-blocks-gallery-item-inner\"><figure class=\"kb-gallery-figure kadence-blocks-gallery-item-hide-caption\"><div class=\"kb-gal-image-radius\"><div class=\"kb-gallery-image-contain kadence-blocks-gallery-intrinsic\" ><img loading=\"lazy\" decoding=\"async\" src=\"https:\/\/gisselfeld-kloster.dk.web06.webtohosting.dk\/wp-content\/uploads\/Gisselfeld-fra-luften-1024x487.jpg\" width=\"1024\" height=\"487\" alt=\"\" data-full-image=\"https:\/\/gisselfeld-kloster.dk.web06.webtohosting.dk\/wp-content\/uploads\/Gisselfeld-fra-luften.jpg\" data-light-image=\"https:\/\/gisselfeld-kloster.dk.web06.webtohosting.dk\/wp-content\/uploads\/Gisselfeld-fra-luften.jpg\" data-id=\"2039\" class=\"wp-image-2039\" srcset=\"https:\/\/gisselfeld-kloster.dk.web06.webtohosting.dk\/wp-content\/uploads\/Gisselfeld-fra-luften-1024x487.jpg 1024w, https:\/\/gisselfeld-kloster.dk.web06.webtohosting.dk\/wp-content\/uploads\/Gisselfeld-fra-luften-300x143.jpg 300w, https:\/\/gisselfeld-kloster.dk.web06.webtohosting.dk\/wp-content\/uploads\/Gisselfeld-fra-luften-768x365.jpg 768w, https:\/\/gisselfeld-kloster.dk.web06.webtohosting.dk\/wp-content\/uploads\/Gisselfeld-fra-luften-18x9.jpg 18w, https:\/\/gisselfeld-kloster.dk.web06.webtohosting.dk\/wp-content\/uploads\/Gisselfeld-fra-luften.jpg 1207w\" sizes=\"auto, (max-width: 1024px) 100vw, 1024px\" \/><\/div><\/div><\/figure><\/div><\/div><\/div><div class=\"kadence-blocks-gallery-item grid-item-large\"><div class=\"kadence-blocks-gallery-item\" tabindex=\"0\"><div class=\"kadence-blocks-gallery-item-inner\"><figure class=\"kb-gallery-figure kadence-blocks-gallery-item-hide-caption\"><div class=\"kb-gal-image-radius\"><div class=\"kb-gallery-image-contain kadence-blocks-gallery-intrinsic\" ><img loading=\"lazy\" decoding=\"async\" src=\"https:\/\/gisselfeld-kloster.dk.web06.webtohosting.dk\/wp-content\/uploads\/Bro-med-svaner-1024x487.jpg\" width=\"1024\" height=\"487\" alt=\"\" data-full-image=\"https:\/\/gisselfeld-kloster.dk.web06.webtohosting.dk\/wp-content\/uploads\/Bro-med-svaner.jpg\" data-light-image=\"https:\/\/gisselfeld-kloster.dk.web06.webtohosting.dk\/wp-content\/uploads\/Bro-med-svaner.jpg\" data-id=\"2040\" class=\"wp-image-2040\" srcset=\"https:\/\/gisselfeld-kloster.dk.web06.webtohosting.dk\/wp-content\/uploads\/Bro-med-svaner-1024x487.jpg 1024w, https:\/\/gisselfeld-kloster.dk.web06.webtohosting.dk\/wp-content\/uploads\/Bro-med-svaner-300x143.jpg 300w, https:\/\/gisselfeld-kloster.dk.web06.webtohosting.dk\/wp-content\/uploads\/Bro-med-svaner-768x365.jpg 768w, https:\/\/gisselfeld-kloster.dk.web06.webtohosting.dk\/wp-content\/uploads\/Bro-med-svaner-18x9.jpg 18w, https:\/\/gisselfeld-kloster.dk.web06.webtohosting.dk\/wp-content\/uploads\/Bro-med-svaner.jpg 1207w\" sizes=\"auto, (max-width: 1024px) 100vw, 1024px\" \/><\/div><\/div><\/figure><\/div><\/div><\/div><div class=\"kadence-blocks-gallery-item grid-item-tall\"><div class=\"kadence-blocks-gallery-item\" tabindex=\"0\"><div class=\"kadence-blocks-gallery-item-inner\"><figure class=\"kb-gallery-figure kadence-blocks-gallery-item-hide-caption\"><div class=\"kb-gal-image-radius\"><div class=\"kb-gallery-image-contain kadence-blocks-gallery-intrinsic\" ><img loading=\"lazy\" decoding=\"async\" src=\"https:\/\/gisselfeld-kloster.dk.web06.webtohosting.dk\/wp-content\/uploads\/Slottet-udefra-1024x487.jpg\" width=\"1024\" height=\"487\" alt=\"\" data-full-image=\"https:\/\/gisselfeld-kloster.dk.web06.webtohosting.dk\/wp-content\/uploads\/Slottet-udefra.jpg\" data-light-image=\"https:\/\/gisselfeld-kloster.dk.web06.webtohosting.dk\/wp-content\/uploads\/Slottet-udefra.jpg\" data-id=\"2041\" class=\"wp-image-2041\" srcset=\"https:\/\/gisselfeld-kloster.dk.web06.webtohosting.dk\/wp-content\/uploads\/Slottet-udefra-1024x487.jpg 1024w, https:\/\/gisselfeld-kloster.dk.web06.webtohosting.dk\/wp-content\/uploads\/Slottet-udefra-300x143.jpg 300w, https:\/\/gisselfeld-kloster.dk.web06.webtohosting.dk\/wp-content\/uploads\/Slottet-udefra-768x365.jpg 768w, https:\/\/gisselfeld-kloster.dk.web06.webtohosting.dk\/wp-content\/uploads\/Slottet-udefra-18x9.jpg 18w, https:\/\/gisselfeld-kloster.dk.web06.webtohosting.dk\/wp-content\/uploads\/Slottet-udefra.jpg 1207w\" sizes=\"auto, (max-width: 1024px) 100vw, 1024px\" \/><\/div><\/div><\/figure><\/div><\/div><\/div><div class=\"kadence-blocks-gallery-item grid-item-small\"><div class=\"kadence-blocks-gallery-item\" tabindex=\"0\"><div class=\"kadence-blocks-gallery-item-inner\"><figure class=\"kb-gallery-figure kadence-blocks-gallery-item-hide-caption\"><div class=\"kb-gal-image-radius\"><div class=\"kb-gallery-image-contain kadence-blocks-gallery-intrinsic\" ><img loading=\"lazy\" decoding=\"async\" src=\"https:\/\/gisselfeld-kloster.dk.web06.webtohosting.dk\/wp-content\/uploads\/Vinter16-A-1024x487.jpg\" width=\"1024\" height=\"487\" alt=\"\" data-full-image=\"https:\/\/gisselfeld-kloster.dk.web06.webtohosting.dk\/wp-content\/uploads\/Vinter16-A.jpg\" data-light-image=\"https:\/\/gisselfeld-kloster.dk.web06.webtohosting.dk\/wp-content\/uploads\/Vinter16-A.jpg\" data-id=\"2042\" class=\"wp-image-2042\" srcset=\"https:\/\/gisselfeld-kloster.dk.web06.webtohosting.dk\/wp-content\/uploads\/Vinter16-A-1024x487.jpg 1024w, https:\/\/gisselfeld-kloster.dk.web06.webtohosting.dk\/wp-content\/uploads\/Vinter16-A-300x143.jpg 300w, https:\/\/gisselfeld-kloster.dk.web06.webtohosting.dk\/wp-content\/uploads\/Vinter16-A-768x365.jpg 768w, https:\/\/gisselfeld-kloster.dk.web06.webtohosting.dk\/wp-content\/uploads\/Vinter16-A-18x9.jpg 18w, https:\/\/gisselfeld-kloster.dk.web06.webtohosting.dk\/wp-content\/uploads\/Vinter16-A.jpg 1207w\" sizes=\"auto, (max-width: 1024px) 100vw, 1024px\" \/><\/div><\/div><\/figure><\/div><\/div><\/div><div class=\"kadence-blocks-gallery-item grid-item-large only-six\"><div class=\"kadence-blocks-gallery-item\" tabindex=\"0\"><div class=\"kadence-blocks-gallery-item-inner\"><figure class=\"kb-gallery-figure kadence-blocks-gallery-item-hide-caption\"><div class=\"kb-gal-image-radius\"><div class=\"kb-gallery-image-contain kadence-blocks-gallery-intrinsic\" ><img loading=\"lazy\" decoding=\"async\" src=\"https:\/\/gisselfeld-kloster.dk.web06.webtohosting.dk\/wp-content\/uploads\/Kronemellem-1024x487.png\" width=\"1024\" height=\"487\" alt=\"\" data-full-image=\"https:\/\/gisselfeld-kloster.dk.web06.webtohosting.dk\/wp-content\/uploads\/Kronemellem.png\" data-light-image=\"https:\/\/gisselfeld-kloster.dk.web06.webtohosting.dk\/wp-content\/uploads\/Kronemellem.png\" data-id=\"2043\" class=\"wp-image-2043\" srcset=\"https:\/\/gisselfeld-kloster.dk.web06.webtohosting.dk\/wp-content\/uploads\/Kronemellem-1024x487.png 1024w, https:\/\/gisselfeld-kloster.dk.web06.webtohosting.dk\/wp-content\/uploads\/Kronemellem-300x143.png 300w, https:\/\/gisselfeld-kloster.dk.web06.webtohosting.dk\/wp-content\/uploads\/Kronemellem-768x365.png 768w, https:\/\/gisselfeld-kloster.dk.web06.webtohosting.dk\/wp-content\/uploads\/Kronemellem-18x9.png 18w, https:\/\/gisselfeld-kloster.dk.web06.webtohosting.dk\/wp-content\/uploads\/Kronemellem.png 1207w\" sizes=\"auto, (max-width: 1024px) 100vw, 1024px\" \/><\/div><\/div><\/figure><\/div><\/div><\/div><div class=\"kadence-blocks-gallery-item grid-item-small\"><div class=\"kadence-blocks-gallery-item\" tabindex=\"0\"><div class=\"kadence-blocks-gallery-item-inner\"><figure class=\"kb-gallery-figure kadence-blocks-gallery-item-hide-caption\"><div class=\"kb-gal-image-radius\"><div class=\"kb-gallery-image-contain kadence-blocks-gallery-intrinsic\" ><img loading=\"lazy\" decoding=\"async\" src=\"https:\/\/gisselfeld-kloster.dk.web06.webtohosting.dk\/wp-content\/uploads\/morgensol-1024x487.jpg\" width=\"1024\" height=\"487\" alt=\"\" data-full-image=\"https:\/\/gisselfeld-kloster.dk.web06.webtohosting.dk\/wp-content\/uploads\/morgensol.jpg\" data-light-image=\"https:\/\/gisselfeld-kloster.dk.web06.webtohosting.dk\/wp-content\/uploads\/morgensol.jpg\" data-id=\"2044\" class=\"wp-image-2044\" srcset=\"https:\/\/gisselfeld-kloster.dk.web06.webtohosting.dk\/wp-content\/uploads\/morgensol-1024x487.jpg 1024w, https:\/\/gisselfeld-kloster.dk.web06.webtohosting.dk\/wp-content\/uploads\/morgensol-300x143.jpg 300w, https:\/\/gisselfeld-kloster.dk.web06.webtohosting.dk\/wp-content\/uploads\/morgensol-768x365.jpg 768w, https:\/\/gisselfeld-kloster.dk.web06.webtohosting.dk\/wp-content\/uploads\/morgensol-18x9.jpg 18w, https:\/\/gisselfeld-kloster.dk.web06.webtohosting.dk\/wp-content\/uploads\/morgensol.jpg 1207w\" sizes=\"auto, (max-width: 1024px) 100vw, 1024px\" \/><\/div><\/div><\/figure><\/div><\/div><\/div><\/div><\/div><\/div><\/div><\/div>\n\n<\/div><\/div>\n\n<style>.kb-row-layout-id1002_8fe433-f6 > .kt-row-column-wrap{align-content:start;}:where(.kb-row-layout-id1002_8fe433-f6 > .kt-row-column-wrap) > .wp-block-kadence-column{justify-content:start;}.kb-row-layout-id1002_8fe433-f6 > .kt-row-column-wrap{column-gap:var(--global-kb-gap-lg, 4rem);row-gap:var(--global-kb-gap-lg, 4rem);max-width:800px;margin-left:auto;margin-right:auto;padding-top:var(--global-kb-spacing-3xl, 6.5rem);padding-bottom:var(--global-kb-spacing-3xl, 6.5rem);grid-template-columns:minmax(0, 1fr);}.kb-row-layout-id1002_8fe433-f6 > .kt-row-layout-overlay{opacity:0.30;}@media all and (max-width: 1024px){.kb-row-layout-id1002_8fe433-f6 > .kt-row-column-wrap{column-gap:var(--global-kb-gap-md, 2rem);row-gap:var(--global-kb-gap-md, 2rem);padding-top:var(--global-kb-spacing-xl, 4rem);padding-bottom:var(--global-kb-spacing-xl, 4rem);grid-template-columns:minmax(0, 1fr);}}@media all and (max-width: 767px){.kb-row-layout-id1002_8fe433-f6 > .kt-row-column-wrap{column-gap:var(--global-kb-gap-md, 2rem);row-gap:var(--global-kb-gap-md, 2rem);padding-top:var(--global-kb-spacing-lg, 3rem);padding-bottom:var(--global-kb-spacing-lg, 3rem);grid-template-columns:minmax(0, 1fr);}}<\/style><div class=\"kb-row-layout-wrap kb-row-layout-id1002_8fe433-f6 alignnone has-theme-palette8-background-color kt-row-has-bg wp-block-kadence-rowlayout\"><div class=\"kt-row-column-wrap kt-has-1-columns kt-row-layout-equal kt-tab-layout-inherit kt-mobile-layout-row kt-row-valign-top\">\n<style>.kadence-column1002_90756d-d2 > .kt-inside-inner-col,.kadence-column1002_90756d-d2 > .kt-inside-inner-col:before{border-top-left-radius:0px;border-top-right-radius:0px;border-bottom-right-radius:0px;border-bottom-left-radius:0px;}.kadence-column1002_90756d-d2 > .kt-inside-inner-col{column-gap:var(--global-kb-gap-sm, 1rem);}.kadence-column1002_90756d-d2 > .kt-inside-inner-col{flex-direction:column;}.kadence-column1002_90756d-d2 > .kt-inside-inner-col > .aligncenter{width:100%;}.kadence-column1002_90756d-d2 > .kt-inside-inner-col:before{opacity:0.3;}.kadence-column1002_90756d-d2{position:relative;}@media all and (max-width: 1024px){.kadence-column1002_90756d-d2 > .kt-inside-inner-col{flex-direction:column;justify-content:center;}}@media all and (max-width: 767px){.kadence-column1002_90756d-d2 > .kt-inside-inner-col{flex-direction:column;justify-content:center;}}<\/style>\n<div class=\"wp-block-kadence-column kadence-column1002_90756d-d2\"><div class=\"kt-inside-inner-col\"><style>.wp-block-kadence-advancedheading.kt-adv-heading1002_067944-8e, .wp-block-kadence-advancedheading.kt-adv-heading1002_067944-8e[data-kb-block=\"kb-adv-heading1002_067944-8e\"]{font-size:var(--global-kb-font-size-xl, 3rem);font-style:normal;}.wp-block-kadence-advancedheading.kt-adv-heading1002_067944-8e mark.kt-highlight, .wp-block-kadence-advancedheading.kt-adv-heading1002_067944-8e[data-kb-block=\"kb-adv-heading1002_067944-8e\"] mark.kt-highlight{font-style:normal;color:#f76a0c;-webkit-box-decoration-break:clone;box-decoration-break:clone;padding-top:0px;padding-right:0px;padding-bottom:0px;padding-left:0px;}.wp-block-kadence-advancedheading.kt-adv-heading1002_067944-8e img.kb-inline-image, .wp-block-kadence-advancedheading.kt-adv-heading1002_067944-8e[data-kb-block=\"kb-adv-heading1002_067944-8e\"] img.kb-inline-image{width:150px;vertical-align:baseline;}<\/style>\n<h2 class=\"kt-adv-heading1002_067944-8e wp-block-kadence-advancedheading\" data-kb-block=\"kb-adv-heading1002_067944-8e\">Et historisk forsvarsanl\u00e6g<\/h2>\n\n\n\n<p>Grundet de urolige tider omkring Grevens Fejde i 1534 blev Gisselfeld bygget som et forsvarsanl\u00e6g med ringmur, vindebroer, skydesk\u00e5r, skoldehuller og voldgrav.<\/p>\n\n\n\n<p>Gisselfeld var p\u00e5 de tre sider omgivet af voldgrave p\u00e5 nordsiden af den s\u00e5kaldte G\u00e5rds\u00f8. I en periode &#8211; i starten af 1800-tallet &#8211; har Gisselfeld v\u00e6ret pudset op og kalket hvidt, inden det igen &#8211; imellem 1869 og 1874 &#8211; fik sit oprindelige r\u00f8de murv\u00e6rk tilbage.<\/p>\n\n\n\n<p>Fra et af v\u00e6relserne i venstre fl\u00f8j f\u00f8rte en hemmelig trappe efter sigende til et k\u00e6lderrum, hvor Peder Oxe skulle have holdt sig skjult, f\u00f8r han &#8211; efter at v\u00e6re faldet i un\u00e5de &#8211; rejste til udlandet.<\/p>\n<\/div><\/div>\n\n<\/div><\/div>","protected":false},"excerpt":{"rendered":"<p>Klostret uden nonner I et af Sj\u00e6llands smukkeste landskaber &#8211; ligger Gisselfeld Kloster, en af Danmarks \u00e6ldste og bedst bevarede ren\u00e6ssanceborge. Navnet kan f\u00f8res helt tilbage til \u00e5r 1370, men Gisselfeld blev i sin nuv\u00e6rende form grundlagt af Peder Oxe, der byggede borgen i perioden 1547-1575. I 1701 bestemte Christian Gyldenl\u00f8ve, s\u00f8n af Christian den&#8230;<\/p>","protected":false},"author":1,"featured_media":0,"parent":998,"menu_order":15,"comment_status":"closed","ping_status":"closed","template":"","meta":{"_acf_changed":false,"inline_featured_image":false,"_kad_blocks_custom_css":"","_kad_blocks_head_custom_js":"","_kad_blocks_body_custom_js":"","_kad_blocks_footer_custom_js":"","_kad_post_transparent":"","_kad_post_title":"","_kad_post_layout":"","_kad_post_sidebar_id":"","_kad_post_content_style":"","_kad_post_vertical_padding":"","_kad_post_feature":"","_kad_post_feature_position":"","_kad_post_header":false,"_kad_post_footer":false,"_kad_post_classname":"","footnotes":""},"class_list":["post-1002","page","type-page","status-publish","hentry"],"acf":[],"taxonomy_info":[],"featured_image_src_large":false,"author_info":{"display_name":"webto","author_link":"https:\/\/gisselfeld-kloster.dk.web06.webtohosting.dk\/en\/author\/webto\/"},"comment_info":0,"_links":{"self":[{"href":"https:\/\/gisselfeld-kloster.dk.web06.webtohosting.dk\/en\/wp-json\/wp\/v2\/pages\/1002","targetHints":{"allow":["GET"]}}],"collection":[{"href":"https:\/\/gisselfeld-kloster.dk.web06.webtohosting.dk\/en\/wp-json\/wp\/v2\/pages"}],"about":[{"href":"https:\/\/gisselfeld-kloster.dk.web06.webtohosting.dk\/en\/wp-json\/wp\/v2\/types\/page"}],"author":[{"embeddable":true,"href":"https:\/\/gisselfeld-kloster.dk.web06.webtohosting.dk\/en\/wp-json\/wp\/v2\/users\/1"}],"replies":[{"embeddable":true,"href":"https:\/\/gisselfeld-kloster.dk.web06.webtohosting.dk\/en\/wp-json\/wp\/v2\/comments?post=1002"}],"version-history":[{"count":2,"href":"https:\/\/gisselfeld-kloster.dk.web06.webtohosting.dk\/en\/wp-json\/wp\/v2\/pages\/1002\/revisions"}],"predecessor-version":[{"id":2281,"href":"https:\/\/gisselfeld-kloster.dk.web06.webtohosting.dk\/en\/wp-json\/wp\/v2\/pages\/1002\/revisions\/2281"}],"up":[{"embeddable":true,"href":"https:\/\/gisselfeld-kloster.dk.web06.webtohosting.dk\/en\/wp-json\/wp\/v2\/pages\/998"}],"wp:attachment":[{"href":"https:\/\/gisselfeld-kloster.dk.web06.webtohosting.dk\/en\/wp-json\/wp\/v2\/media?parent=1002"}],"curies":[{"name":"wp","href":"https:\/\/api.w.org\/{rel}","templated":true}]}}