{"id":1001,"date":"2026-02-23T14:49:05","date_gmt":"2026-02-23T13:49:05","guid":{"rendered":"https:\/\/gisselfeld-kloster.dk.web06.webtohosting.dk\/park-slot\/paradishaven\/"},"modified":"2026-03-25T16:20:42","modified_gmt":"2026-03-25T15:20:42","slug":"paradishaven","status":"publish","type":"page","link":"https:\/\/gisselfeld-kloster.dk.web06.webtohosting.dk\/en\/park-slot\/paradishaven\/","title":{"rendered":"Paradishaven"},"content":{"rendered":"<style>.kb-row-layout-id1001_f5bf30-18 > .kt-row-column-wrap{align-content:center;}:where(.kb-row-layout-id1001_f5bf30-18 > .kt-row-column-wrap) > .wp-block-kadence-column{justify-content:center;}.kb-row-layout-id1001_f5bf30-18 > .kt-row-column-wrap{column-gap:var(--global-kb-gap-lg, 4rem);row-gap:var(--global-kb-gap-lg, 4rem);max-width:var( --global-content-width, 1550px );padding-left:var(--global-content-edge-padding);padding-right:var(--global-content-edge-padding);padding-top:var(--global-kb-spacing-3xl, 6.5rem);padding-bottom:var(--global-kb-spacing-3xl, 6.5rem);grid-template-columns:minmax(0, calc(50% - ((var(--global-kb-gap-lg, 4rem) * 1 )\/2)))minmax(0, calc(50% - ((var(--global-kb-gap-lg, 4rem) * 1 )\/2)));}.kb-row-layout-id1001_f5bf30-18 > .kt-row-layout-overlay{opacity:0.30;}@media all and (max-width: 1024px){.kb-row-layout-id1001_f5bf30-18 > .kt-row-column-wrap{column-gap:var(--global-kb-gap-md, 2rem);row-gap:var(--global-kb-gap-md, 2rem);padding-top:var(--global-kb-spacing-xl, 4rem);padding-bottom:var(--global-kb-spacing-xl, 4rem);grid-template-columns:repeat(2, minmax(0, 1fr));}}@media all and (max-width: 767px){.kb-row-layout-id1001_f5bf30-18 > .kt-row-column-wrap{column-gap:var(--global-kb-gap-md, 2rem);row-gap:var(--global-kb-gap-md, 2rem);padding-top:var(--global-kb-spacing-lg, 3rem);padding-bottom:var(--global-kb-spacing-lg, 3rem);grid-template-columns:minmax(0, 1fr);}}<\/style><div class=\"kb-row-layout-wrap kb-row-layout-id1001_f5bf30-18 alignnone wp-block-kadence-rowlayout\"><div class=\"kt-row-column-wrap kt-has-2-columns kt-row-layout-equal kt-tab-layout-inherit kt-mobile-layout-row kt-row-valign-middle kt-inner-column-height-full kb-theme-content-width\">\n<style>.kadence-column1001_07f544-ae > .kt-inside-inner-col,.kadence-column1001_07f544-ae > .kt-inside-inner-col:before{border-top-left-radius:0px;border-top-right-radius:0px;border-bottom-right-radius:0px;border-bottom-left-radius:0px;}.kadence-column1001_07f544-ae > .kt-inside-inner-col{column-gap:var(--global-kb-gap-sm, 1rem);}.kadence-column1001_07f544-ae > .kt-inside-inner-col{flex-direction:column;}.kadence-column1001_07f544-ae > .kt-inside-inner-col > .aligncenter{width:100%;}.kadence-column1001_07f544-ae > .kt-inside-inner-col:before{opacity:0.3;}.kadence-column1001_07f544-ae{position:relative;}@media all and (max-width: 1024px){.kadence-column1001_07f544-ae > .kt-inside-inner-col{flex-direction:column;justify-content:center;}}@media all and (max-width: 767px){.kadence-column1001_07f544-ae > .kt-inside-inner-col{flex-direction:column;justify-content:center;}}<\/style>\n<div class=\"wp-block-kadence-column kadence-column1001_07f544-ae\"><div class=\"kt-inside-inner-col\"><style>.wp-block-kadence-advancedheading.kt-adv-heading1001_0d37ef-6a, .wp-block-kadence-advancedheading.kt-adv-heading1001_0d37ef-6a[data-kb-block=\"kb-adv-heading1001_0d37ef-6a\"]{max-width:660px;font-size:var(--global-kb-font-size-xl, 3rem);font-style:normal;}.wp-block-kadence-advancedheading.kt-adv-heading1001_0d37ef-6a mark.kt-highlight, .wp-block-kadence-advancedheading.kt-adv-heading1001_0d37ef-6a[data-kb-block=\"kb-adv-heading1001_0d37ef-6a\"] mark.kt-highlight{font-style:normal;color:#f76a0c;-webkit-box-decoration-break:clone;box-decoration-break:clone;padding-top:0px;padding-right:0px;padding-bottom:0px;padding-left:0px;}.wp-block-kadence-advancedheading.kt-adv-heading1001_0d37ef-6a img.kb-inline-image, .wp-block-kadence-advancedheading.kt-adv-heading1001_0d37ef-6a[data-kb-block=\"kb-adv-heading1001_0d37ef-6a\"] img.kb-inline-image{width:150px;vertical-align:baseline;}<\/style>\n<h2 class=\"kt-adv-heading1001_0d37ef-6a wp-block-kadence-advancedheading\" data-kb-block=\"kb-adv-heading1001_0d37ef-6a\">Paradishaven i Hesede skov<\/h2>\n\n\n\n<p>Paradishaven finder du i Hesede Skov. <br>Fra N\u00e6stved &#8211; R\u00f8nnede landevejen, rute 54, k\u00f8res ad Villa Gallina vej gennem Hesede Skov.<br>Parkering ved p-pladsen med skiltning til Paradishaven og Svenske-kl\u00f8ften.<\/p>\n\n\n\n<p><strong>Fri entr\u00e9.<\/strong><\/p>\n<\/div><\/div>\n\n\n<style>.kadence-column1001_f28a12-49 > .kt-inside-inner-col,.kadence-column1001_f28a12-49 > .kt-inside-inner-col:before{border-top-left-radius:0px;border-top-right-radius:0px;border-bottom-right-radius:0px;border-bottom-left-radius:0px;}.kadence-column1001_f28a12-49 > .kt-inside-inner-col{column-gap:var(--global-kb-gap-sm, 1rem);}.kadence-column1001_f28a12-49 > .kt-inside-inner-col{flex-direction:column;}.kadence-column1001_f28a12-49 > .kt-inside-inner-col > .aligncenter{width:100%;}.kadence-column1001_f28a12-49 > .kt-inside-inner-col:before{opacity:0.3;}.kadence-column1001_f28a12-49{position:relative;}@media all and (max-width: 1024px){.kadence-column1001_f28a12-49 > .kt-inside-inner-col{flex-direction:column;justify-content:center;}}@media all and (max-width: 767px){.kadence-column1001_f28a12-49 > .kt-inside-inner-col{flex-direction:column;justify-content:center;}}<\/style>\n<div class=\"wp-block-kadence-column kadence-column1001_f28a12-49\"><div class=\"kt-inside-inner-col\"><style>.kb-gallery-id-1001_7cb339-18 .kadence-blocks-gallery-item .kb-gal-image-radius, .kb-gallery-id-1001_7cb339-18 .kb-slide-item .kb-gal-image-radius img{border-radius:0px 0px 0px 0px;;}.kb-gallery-wrap-id-1001_7cb339-18 .kb-gallery-ul.kb-gallery-type-mosaic .grid-pattern-container{grid-auto-rows:150px;grid-gap:10px;gap:10px;}<\/style><div class=\"kb-gallery-wrap-id-1001_7cb339-18 alignnone wp-block-kadence-advancedgallery\"><div class=\"kb-gallery-ul kb-gallery-non-static kb-gallery-type-mosaic kb-gallery-id-1001_7cb339-18 kb-gallery-caption-style-bottom-hover kb-gallery-filter-none\" data-image-filter=\"none\" data-lightbox-caption=\"true\"kb-mosaic-gallery grid-pattern-gallery\"><div class=\"grid-pattern-container\"><div class=\"kadence-blocks-gallery-item grid-item-wide\"><div class=\"kadence-blocks-gallery-item\" tabindex=\"0\"><div class=\"kadence-blocks-gallery-item-inner\"><figure class=\"kb-gallery-figure kadence-blocks-gallery-item-hide-caption\"><div class=\"kb-gal-image-radius\"><div class=\"kb-gallery-image-contain kadence-blocks-gallery-intrinsic\" ><img loading=\"lazy\" decoding=\"async\" src=\"https:\/\/gisselfeld-kloster.dk.web06.webtohosting.dk\/wp-content\/uploads\/Paradishaven1-1024x437.jpg\" width=\"1024\" height=\"437\" alt=\"\" data-full-image=\"https:\/\/gisselfeld-kloster.dk.web06.webtohosting.dk\/wp-content\/uploads\/Paradishaven1.jpg\" data-light-image=\"https:\/\/gisselfeld-kloster.dk.web06.webtohosting.dk\/wp-content\/uploads\/Paradishaven1.jpg\" data-id=\"2033\" class=\"wp-image-2033\" srcset=\"https:\/\/gisselfeld-kloster.dk.web06.webtohosting.dk\/wp-content\/uploads\/Paradishaven1-1024x437.jpg 1024w, https:\/\/gisselfeld-kloster.dk.web06.webtohosting.dk\/wp-content\/uploads\/Paradishaven1-300x128.jpg 300w, https:\/\/gisselfeld-kloster.dk.web06.webtohosting.dk\/wp-content\/uploads\/Paradishaven1-768x328.jpg 768w, https:\/\/gisselfeld-kloster.dk.web06.webtohosting.dk\/wp-content\/uploads\/Paradishaven1-18x8.jpg 18w, https:\/\/gisselfeld-kloster.dk.web06.webtohosting.dk\/wp-content\/uploads\/Paradishaven1.jpg 1346w\" sizes=\"auto, (max-width: 1024px) 100vw, 1024px\" \/><\/div><\/div><\/figure><\/div><\/div><\/div><div class=\"kadence-blocks-gallery-item grid-item-large\"><div class=\"kadence-blocks-gallery-item\" tabindex=\"0\"><div class=\"kadence-blocks-gallery-item-inner\"><figure class=\"kb-gallery-figure kadence-blocks-gallery-item-hide-caption\"><div class=\"kb-gal-image-radius\"><div class=\"kb-gallery-image-contain kadence-blocks-gallery-intrinsic\" ><img loading=\"lazy\" decoding=\"async\" src=\"https:\/\/gisselfeld-kloster.dk.web06.webtohosting.dk\/wp-content\/uploads\/Paradishaven2-1024x437.jpg\" width=\"1024\" height=\"437\" alt=\"\" data-full-image=\"https:\/\/gisselfeld-kloster.dk.web06.webtohosting.dk\/wp-content\/uploads\/Paradishaven2.jpg\" data-light-image=\"https:\/\/gisselfeld-kloster.dk.web06.webtohosting.dk\/wp-content\/uploads\/Paradishaven2.jpg\" data-id=\"2034\" class=\"wp-image-2034\" srcset=\"https:\/\/gisselfeld-kloster.dk.web06.webtohosting.dk\/wp-content\/uploads\/Paradishaven2-1024x437.jpg 1024w, https:\/\/gisselfeld-kloster.dk.web06.webtohosting.dk\/wp-content\/uploads\/Paradishaven2-300x128.jpg 300w, https:\/\/gisselfeld-kloster.dk.web06.webtohosting.dk\/wp-content\/uploads\/Paradishaven2-768x328.jpg 768w, https:\/\/gisselfeld-kloster.dk.web06.webtohosting.dk\/wp-content\/uploads\/Paradishaven2-18x8.jpg 18w, https:\/\/gisselfeld-kloster.dk.web06.webtohosting.dk\/wp-content\/uploads\/Paradishaven2.jpg 1346w\" sizes=\"auto, (max-width: 1024px) 100vw, 1024px\" \/><\/div><\/div><\/figure><\/div><\/div><\/div><div class=\"kadence-blocks-gallery-item grid-item-tall only-four\"><div class=\"kadence-blocks-gallery-item\" tabindex=\"0\"><div class=\"kadence-blocks-gallery-item-inner\"><figure class=\"kb-gallery-figure kadence-blocks-gallery-item-hide-caption\"><div class=\"kb-gal-image-radius\"><div class=\"kb-gallery-image-contain kadence-blocks-gallery-intrinsic\" ><img loading=\"lazy\" decoding=\"async\" src=\"https:\/\/gisselfeld-kloster.dk.web06.webtohosting.dk\/wp-content\/uploads\/Paradishaven3-1024x437.jpg\" width=\"1024\" height=\"437\" alt=\"\" data-full-image=\"https:\/\/gisselfeld-kloster.dk.web06.webtohosting.dk\/wp-content\/uploads\/Paradishaven3.jpg\" data-light-image=\"https:\/\/gisselfeld-kloster.dk.web06.webtohosting.dk\/wp-content\/uploads\/Paradishaven3.jpg\" data-id=\"2036\" class=\"wp-image-2036\" srcset=\"https:\/\/gisselfeld-kloster.dk.web06.webtohosting.dk\/wp-content\/uploads\/Paradishaven3-1024x437.jpg 1024w, https:\/\/gisselfeld-kloster.dk.web06.webtohosting.dk\/wp-content\/uploads\/Paradishaven3-300x128.jpg 300w, https:\/\/gisselfeld-kloster.dk.web06.webtohosting.dk\/wp-content\/uploads\/Paradishaven3-768x328.jpg 768w, https:\/\/gisselfeld-kloster.dk.web06.webtohosting.dk\/wp-content\/uploads\/Paradishaven3-18x8.jpg 18w, https:\/\/gisselfeld-kloster.dk.web06.webtohosting.dk\/wp-content\/uploads\/Paradishaven3.jpg 1346w\" sizes=\"auto, (max-width: 1024px) 100vw, 1024px\" \/><\/div><\/div><\/figure><\/div><\/div><\/div><div class=\"kadence-blocks-gallery-item grid-item-small\"><div class=\"kadence-blocks-gallery-item\" tabindex=\"0\"><div class=\"kadence-blocks-gallery-item-inner\"><figure class=\"kb-gallery-figure kadence-blocks-gallery-item-hide-caption\"><div class=\"kb-gal-image-radius\"><div class=\"kb-gallery-image-contain kadence-blocks-gallery-intrinsic\" ><img loading=\"lazy\" decoding=\"async\" src=\"https:\/\/gisselfeld-kloster.dk.web06.webtohosting.dk\/wp-content\/uploads\/Paradishaven4-1024x437.jpg\" width=\"1024\" height=\"437\" alt=\"\" data-full-image=\"https:\/\/gisselfeld-kloster.dk.web06.webtohosting.dk\/wp-content\/uploads\/Paradishaven4.jpg\" data-light-image=\"https:\/\/gisselfeld-kloster.dk.web06.webtohosting.dk\/wp-content\/uploads\/Paradishaven4.jpg\" data-id=\"2037\" class=\"wp-image-2037\" srcset=\"https:\/\/gisselfeld-kloster.dk.web06.webtohosting.dk\/wp-content\/uploads\/Paradishaven4-1024x437.jpg 1024w, https:\/\/gisselfeld-kloster.dk.web06.webtohosting.dk\/wp-content\/uploads\/Paradishaven4-300x128.jpg 300w, https:\/\/gisselfeld-kloster.dk.web06.webtohosting.dk\/wp-content\/uploads\/Paradishaven4-768x328.jpg 768w, https:\/\/gisselfeld-kloster.dk.web06.webtohosting.dk\/wp-content\/uploads\/Paradishaven4-18x8.jpg 18w, https:\/\/gisselfeld-kloster.dk.web06.webtohosting.dk\/wp-content\/uploads\/Paradishaven4.jpg 1346w\" sizes=\"auto, (max-width: 1024px) 100vw, 1024px\" \/><\/div><\/div><\/figure><\/div><\/div><\/div><\/div><\/div><\/div><\/div><\/div>\n\n<\/div><\/div>\n\n<style>.kb-row-layout-id1001_508613-0b > .kt-row-column-wrap{align-content:start;}:where(.kb-row-layout-id1001_508613-0b > .kt-row-column-wrap) > .wp-block-kadence-column{justify-content:start;}.kb-row-layout-id1001_508613-0b > .kt-row-column-wrap{column-gap:var(--global-kb-gap-lg, 4rem);row-gap:var(--global-kb-gap-lg, 4rem);max-width:800px;margin-left:auto;margin-right:auto;padding-top:var(--global-kb-spacing-3xl, 6.5rem);padding-bottom:var(--global-kb-spacing-3xl, 6.5rem);grid-template-columns:minmax(0, 1fr);}.kb-row-layout-id1001_508613-0b > .kt-row-layout-overlay{opacity:0.30;}@media all and (max-width: 1024px){.kb-row-layout-id1001_508613-0b > .kt-row-column-wrap{column-gap:var(--global-kb-gap-md, 2rem);row-gap:var(--global-kb-gap-md, 2rem);padding-top:var(--global-kb-spacing-xl, 4rem);padding-bottom:var(--global-kb-spacing-xl, 4rem);grid-template-columns:minmax(0, 1fr);}}@media all and (max-width: 767px){.kb-row-layout-id1001_508613-0b > .kt-row-column-wrap{column-gap:var(--global-kb-gap-md, 2rem);row-gap:var(--global-kb-gap-md, 2rem);padding-top:var(--global-kb-spacing-lg, 3rem);padding-bottom:var(--global-kb-spacing-lg, 3rem);grid-template-columns:minmax(0, 1fr);}}<\/style><div class=\"kb-row-layout-wrap kb-row-layout-id1001_508613-0b alignnone has-theme-palette8-background-color kt-row-has-bg wp-block-kadence-rowlayout\"><div class=\"kt-row-column-wrap kt-has-1-columns kt-row-layout-equal kt-tab-layout-inherit kt-mobile-layout-row kt-row-valign-top\">\n<style>.kadence-column1001_bb899d-e6 > .kt-inside-inner-col,.kadence-column1001_bb899d-e6 > .kt-inside-inner-col:before{border-top-left-radius:0px;border-top-right-radius:0px;border-bottom-right-radius:0px;border-bottom-left-radius:0px;}.kadence-column1001_bb899d-e6 > .kt-inside-inner-col{column-gap:var(--global-kb-gap-sm, 1rem);}.kadence-column1001_bb899d-e6 > .kt-inside-inner-col{flex-direction:column;}.kadence-column1001_bb899d-e6 > .kt-inside-inner-col > .aligncenter{width:100%;}.kadence-column1001_bb899d-e6 > .kt-inside-inner-col:before{opacity:0.3;}.kadence-column1001_bb899d-e6{position:relative;}@media all and (max-width: 1024px){.kadence-column1001_bb899d-e6 > .kt-inside-inner-col{flex-direction:column;justify-content:center;}}@media all and (max-width: 767px){.kadence-column1001_bb899d-e6 > .kt-inside-inner-col{flex-direction:column;justify-content:center;}}<\/style>\n<div class=\"wp-block-kadence-column kadence-column1001_bb899d-e6\"><div class=\"kt-inside-inner-col\"><style>.wp-block-kadence-advancedheading.kt-adv-heading1001_a4e4f6-e3, .wp-block-kadence-advancedheading.kt-adv-heading1001_a4e4f6-e3[data-kb-block=\"kb-adv-heading1001_a4e4f6-e3\"]{font-size:var(--global-kb-font-size-xl, 3rem);font-style:normal;}.wp-block-kadence-advancedheading.kt-adv-heading1001_a4e4f6-e3 mark.kt-highlight, .wp-block-kadence-advancedheading.kt-adv-heading1001_a4e4f6-e3[data-kb-block=\"kb-adv-heading1001_a4e4f6-e3\"] mark.kt-highlight{font-style:normal;color:#f76a0c;-webkit-box-decoration-break:clone;box-decoration-break:clone;padding-top:0px;padding-right:0px;padding-bottom:0px;padding-left:0px;}.wp-block-kadence-advancedheading.kt-adv-heading1001_a4e4f6-e3 img.kb-inline-image, .wp-block-kadence-advancedheading.kt-adv-heading1001_a4e4f6-e3[data-kb-block=\"kb-adv-heading1001_a4e4f6-e3\"] img.kb-inline-image{width:150px;vertical-align:baseline;}<\/style>\n<h2 class=\"kt-adv-heading1001_a4e4f6-e3 wp-block-kadence-advancedheading\" data-kb-block=\"kb-adv-heading1001_a4e4f6-e3\">En tur i paradis<\/h2>\n\n\n\n<p>Oplev paradis blandt en rigdom af sj\u00e6ldne og fremmedartede tr\u00e6er og planter. Paradishaven eller Hesede Planteskole er et arboretet i Hesede Skov mellem Haslev og N\u00e6stved.<\/p>\n\n\n\n<p>Historien bag Paradishaven g\u00e5r 200 \u00e5r tilbage, hvor Hesede Planteskole blev etableret af Gisselfeld Kloster i 1813. Planteskolen lukkede i 1925, men de eksotiske v\u00e6kster, der var plantet, voksede videre og udg\u00f8r i dag en helt enest\u00e5ende samling af sj\u00e6ldne stedsegr\u00f8nne og l\u00f8vf\u00e6ldende tr\u00e6er. Senere blev Paradishaven til en forstbotanisk have, som igennem tiden har p\u00e5kaldt sig stor interesse fra b\u00e5de fagfolk og almindelige skovg\u00e6ster.<\/p>\n\n\n\n<p>I 2009 har Paradishaven gennemg\u00e5et en st\u00f8rre renovering, og et lille informationshus er indrettet i en tidligere stald.<\/p>\n<\/div><\/div>\n\n<\/div><\/div>","protected":false},"excerpt":{"rendered":"<p>Paradishaven i Hesede skov Paradishaven finder du i Hesede Skov. Fra N\u00e6stved &#8211; R\u00f8nnede landevejen, rute 54, k\u00f8res ad Villa Gallina vej gennem Hesede Skov.Parkering ved p-pladsen med skiltning til Paradishaven og Svenske-kl\u00f8ften. Fri entr\u00e9. En tur i paradis Oplev paradis blandt en rigdom af sj\u00e6ldne og fremmedartede tr\u00e6er og planter. Paradishaven eller Hesede Planteskole&#8230;<\/p>","protected":false},"author":1,"featured_media":0,"parent":998,"menu_order":14,"comment_status":"closed","ping_status":"closed","template":"","meta":{"_acf_changed":false,"inline_featured_image":false,"_kad_blocks_custom_css":"","_kad_blocks_head_custom_js":"","_kad_blocks_body_custom_js":"","_kad_blocks_footer_custom_js":"","_kad_post_transparent":"","_kad_post_title":"","_kad_post_layout":"","_kad_post_sidebar_id":"","_kad_post_content_style":"","_kad_post_vertical_padding":"","_kad_post_feature":"","_kad_post_feature_position":"","_kad_post_header":false,"_kad_post_footer":false,"_kad_post_classname":"","footnotes":""},"class_list":["post-1001","page","type-page","status-publish","hentry"],"acf":[],"taxonomy_info":[],"featured_image_src_large":false,"author_info":{"display_name":"webto","author_link":"https:\/\/gisselfeld-kloster.dk.web06.webtohosting.dk\/en\/author\/webto\/"},"comment_info":0,"_links":{"self":[{"href":"https:\/\/gisselfeld-kloster.dk.web06.webtohosting.dk\/en\/wp-json\/wp\/v2\/pages\/1001","targetHints":{"allow":["GET"]}}],"collection":[{"href":"https:\/\/gisselfeld-kloster.dk.web06.webtohosting.dk\/en\/wp-json\/wp\/v2\/pages"}],"about":[{"href":"https:\/\/gisselfeld-kloster.dk.web06.webtohosting.dk\/en\/wp-json\/wp\/v2\/types\/page"}],"author":[{"embeddable":true,"href":"https:\/\/gisselfeld-kloster.dk.web06.webtohosting.dk\/en\/wp-json\/wp\/v2\/users\/1"}],"replies":[{"embeddable":true,"href":"https:\/\/gisselfeld-kloster.dk.web06.webtohosting.dk\/en\/wp-json\/wp\/v2\/comments?post=1001"}],"version-history":[{"count":2,"href":"https:\/\/gisselfeld-kloster.dk.web06.webtohosting.dk\/en\/wp-json\/wp\/v2\/pages\/1001\/revisions"}],"predecessor-version":[{"id":2280,"href":"https:\/\/gisselfeld-kloster.dk.web06.webtohosting.dk\/en\/wp-json\/wp\/v2\/pages\/1001\/revisions\/2280"}],"up":[{"embeddable":true,"href":"https:\/\/gisselfeld-kloster.dk.web06.webtohosting.dk\/en\/wp-json\/wp\/v2\/pages\/998"}],"wp:attachment":[{"href":"https:\/\/gisselfeld-kloster.dk.web06.webtohosting.dk\/en\/wp-json\/wp\/v2\/media?parent=1001"}],"curies":[{"name":"wp","href":"https:\/\/api.w.org\/{rel}","templated":true}]}}